{"id":100539,"date":"2018-06-04T22:53:02","date_gmt":"2018-06-04T22:53:02","guid":{"rendered":"http:\/\/preiser.com\/?page_id=100539"},"modified":"2022-11-17T22:33:02","modified_gmt":"2022-11-17T22:33:02","slug":"hornos-de-secado-al-aire","status":"publish","type":"page","link":"https:\/\/preiser.com\/es-es\/productos\/preparacin\/hornos-de-secado-al-aire\/","title":{"rendered":"Hornos de secado al aire"},"content":{"rendered":"<p>El horno de secado al aire Preiser realiza el secado parcial del carb\u00f3n para llevarlo a un punto de equilibrio cercano a la temperatura ambiente antes de ser reducido y dividido a\u00fan m\u00e1s seg\u00fan la norma ASTM D3302. El horno frecuentemente se usa para secar muestras para pruebas de separaci\u00f3n por l\u00edquidos de densidad intermedia.<\/p>\n<ul>\n<li>Horno mec\u00e1nico de convecci\u00f3n de gran tama\u00f1o y espacioso que contiene 6 estantes.<\/li>\n<li>Panel de control con control digital de estado s\u00f3lido de temperatura, que mantiene la temperatura uniforme en el horno mediante el uso de dos temporizadores con intervalos de 24 horas para operar los elementos de calentamiento y el motor del ventilador.<\/li>\n<li>Rango de temperatura de 0\u00b0F a 105\u00b0F. (-17.78\u00b0C a 40.50\u00b0C)<\/li>\n<li>Dimensiones: 78-1\/2\u2033 (199.39 cm) (altura) x 35\u201d (88.90 cm) (ancho) x 29-1\/2\u2033 (74.93 cm) (profundidad); Peso de env\u00edo: 623 lbs (282.59 kg)<\/li>\n<\/ul>\n<table>\n<tbody>\n<tr>\n<th>Cat\u00e1logo No.<\/th>\n<th>Descripci\u00f3n<\/th>\n<th>Tensi\u00f3n \/ Fase \/ Hz<\/th>\n<\/tr>\n<tr>\n<td>Z91-2290-81<\/td>\n<td>Horno de secado al aire<\/td>\n<td>230V \/ 1 fase \/ 50Hz<\/td>\n<\/tr>\n<tr>\n<td>Z91-2290-82<\/td>\n<td>Horno de secado al aire<\/td>\n<td>230V \/ 1 fase \/ 60Hz<\/td>\n<\/tr>\n<tr>\n<td>Z91-2290-83<\/td>\n<td>Horno de secado al aire<\/td>\n<td>120V \/ 1 fase \/ 60Hz<\/td>\n<\/tr>\n<\/tbody>\n<\/table>\n","protected":false},"excerpt":{"rendered":"<p>El horno de secado al aire Preiser realiza el secado parcial del carb\u00f3n para llevarlo a un punto de equilibrio cercano a la temperatura ambiente antes de ser reducido y dividido a\u00fan m\u00e1s seg\u00fan la norma ASTM D3302. El horno frecuentemente se usa para secar muestras para pruebas de separaci\u00f3n por l\u00edquidos de densidad intermedia. [&hellip;]<\/p>\n","protected":false},"author":1,"featured_media":100720,"parent":100541,"menu_order":0,"comment_status":"closed","ping_status":"closed","template":"product.php","meta":{"_et_pb_use_builder":"","_et_pb_old_content":"","_et_gb_content_width":""},"acf":[],"_links":{"self":[{"href":"https:\/\/preiser.com\/es-es\/wp-json\/wp\/v2\/pages\/100539"}],"collection":[{"href":"https:\/\/preiser.com\/es-es\/wp-json\/wp\/v2\/pages"}],"about":[{"href":"https:\/\/preiser.com\/es-es\/wp-json\/wp\/v2\/types\/page"}],"author":[{"embeddable":true,"href":"https:\/\/preiser.com\/es-es\/wp-json\/wp\/v2\/users\/1"}],"replies":[{"embeddable":true,"href":"https:\/\/preiser.com\/es-es\/wp-json\/wp\/v2\/comments?post=100539"}],"version-history":[{"count":1,"href":"https:\/\/preiser.com\/es-es\/wp-json\/wp\/v2\/pages\/100539\/revisions"}],"predecessor-version":[{"id":100721,"href":"https:\/\/preiser.com\/es-es\/wp-json\/wp\/v2\/pages\/100539\/revisions\/100721"}],"up":[{"embeddable":true,"href":"https:\/\/preiser.com\/es-es\/wp-json\/wp\/v2\/pages\/100541"}],"wp:featuredmedia":[{"embeddable":true,"href":"https:\/\/preiser.com\/es-es\/wp-json\/wp\/v2\/media\/100720"}],"wp:attachment":[{"href":"https:\/\/preiser.com\/es-es\/wp-json\/wp\/v2\/media?parent=100539"}],"curies":[{"name":"wp","href":"https:\/\/api.w.org\/{rel}","templated":true}]}}