{"id":100546,"date":"2018-06-04T23:02:08","date_gmt":"2018-06-04T23:02:08","guid":{"rendered":"http:\/\/preiser.com\/?page_id=100546"},"modified":"2022-11-17T22:33:03","modified_gmt":"2022-11-17T22:33:03","slug":"trituradoras-de-carbn","status":"publish","type":"page","link":"https:\/\/preiser.com\/es-es\/productos\/preparacin\/trituradoras-de-carbn\/","title":{"rendered":"Trituradoras de carb\u00f3n"},"content":{"rendered":"<h2>Trituradora Holmes modelo 401XL<\/h2>\n<p>La trituradora Holmes modelo 401XL tiene una capacidad de 4,000 libras (1,814.37 kg) por hora, usando una placa de tamizado con perforaciones de 3\/8\u201d (0.95 cm) de di\u00e1metro; 2,500 libras (1,133.98 kg) usando una placa de tamizado con perforaciones de 3\/16\u201d (0.48 cm) de di\u00e1metro. Se recomienda su uso para triturar material de 6 pulg. (15.24 cm) o menor para llevarlo a un tama\u00f1o de malla -4 (4,760&nbsp;\u03bc). Tenemos disponibles m\u00e1quinas para diferentes especificaciones el\u00e9ctricas y para zonas peligrosas.<\/p>\n<ul>\n<li>La tolva de alimentaci\u00f3n cubierta, con capacidad de 1.6 pies c\u00fabicos (45.31 l) (70 lb (31.75 kg)) tiene una entrada de control con alimentaci\u00f3n manual.<\/li>\n<li>Para resaltar la seguridad de la operaci\u00f3n, el sensor que detecta si el seguro est\u00e1 abierto, corta totalmente el suministro de energ\u00eda. Es necesario activar el bot\u00f3n de reinicio antes de arrancar de nuevo la m\u00e1quina.<\/li>\n<li>Los martillos de oscilaci\u00f3n del rotor y todas las placas de tamizado de 3\/16\u201d (0.48 cm) de espesor han sido sometidos a tratamiento t\u00e9rmico y endurecidos.<\/li>\n<li>Las placas de tamizado tienen perforaciones de agujeros redondos. Los di\u00e1metros disponibles para las perforaciones son (en pulgadas): 1\/8, 3\/16, 1\/4, 5\/16, 3\/8, 1\/2, 3\/4, y 1 (0.32, 0.48, 0.64, 0.79, 0.95, 1.27, 1.91, y 2.54 cm). Con la compra del equipo se incluyen dos placas de tamizado, normalmente de 3\/16 (0.48 cm) y 3\/8 (0.95 cm), a menos que se especifique algo diferente al momento de hacer el pedido.<\/li>\n<li>El arrancador magn\u00e9tico Nema-12 provee un circuito de control y protecci\u00f3n de sobrecarga para el motor de 7-1\/2 HP (5.6 kW), TEFC.<\/li>\n<li>La velocidad del rotor es 1,260 rpm; con poleas de intercambio en \u201cV\u201d, 2,360 rpm.<\/li>\n<li>Dimensiones: 56\u2033 (142.24 cm) (altura) x 36\u201d (91.44 cm) (ancho) x 39-1\/2\u2033 (100.33 cm) (profundidad); Peso de env\u00edo: 1,040 lbs (471.74 kg)<\/li>\n<\/ul>\n<table>\n<tbody>\n<tr>\n<th>Cat\u00e1logo No.<\/th>\n<th>Descripci\u00f3n<\/th>\n<th>Tensi\u00f3n \/ Fase \/ Hz<\/th>\n<\/tr>\n<tr>\n<td>91-6830-01<\/td>\n<td>Trituradora 401XL<\/td>\n<td>230V \/ 3 fases \/ 60Hz<\/td>\n<\/tr>\n<tr>\n<td>91-6830-02<\/td>\n<td>Trituradora 401XL<\/td>\n<td>230V \/ 1 fase \/ 50Hz<\/td>\n<\/tr>\n<tr>\n<td>91-6830-05<\/td>\n<td>Trituradora 401XL<\/td>\n<td>230V \/ 1 fase \/ 60Hz<\/td>\n<\/tr>\n<tr>\n<td>91-6830-07<\/td>\n<td>Trituradora 401XL<\/td>\n<td>380V \/ 3 fases \/ 50Hz<\/td>\n<\/tr>\n<tr>\n<td>91-6830-15<\/td>\n<td>Trituradora 401XL<\/td>\n<td>460V \/ 3 fases \/ 60Hz<\/td>\n<\/tr>\n<\/tbody>\n<\/table>\n<p class=\"footnote\"><strong>NOTA:<\/strong> Otros voltajes disponibles<\/p>\n<p><strong>Placas de tamizado perforadas para la trituradora 401XL<\/strong><\/p>\n<table>\n<tbody>\n<tr>\n<th>Cat\u00e1logo No.<\/th>\n<th>Di\u00e1metro, pulgadas<\/th>\n<\/tr>\n<tr>\n<td>91-6850-16<\/td>\n<td>Placa de tamizado de 1\/16\u2033 (0.16 cm)<\/td>\n<\/tr>\n<tr>\n<td>91-6850-19<\/td>\n<td>Placa de tamizado de 3\/32\u2033 (0.24 cm)<\/td>\n<\/tr>\n<tr>\n<td>91-6850-11<\/td>\n<td>Placa de tamizado de 1\/8\u2033 (0.32 cm)<\/td>\n<\/tr>\n<tr>\n<td>91-6850-12<\/td>\n<td>Placa de tamizado de 3\/16\u2033 (0.48 cm)<\/td>\n<\/tr>\n<tr>\n<td>91-6850-13<\/td>\n<td>Placa de tamizado de 1\/4\u2033 (0.64 cm)<\/td>\n<\/tr>\n<tr>\n<td>91-6850-18<\/td>\n<td>Placa de tamizado de 5\/16\u2033 (0.79 cm)<\/td>\n<\/tr>\n<tr>\n<td>91-6850-14<\/td>\n<td>Placa de tamizado de 3\/8\u2033 (0.95 cm)<\/td>\n<\/tr>\n<tr>\n<td>91-6850-15<\/td>\n<td>Placa de tamizado de 1\/2\u2033 (1.27 cm)<\/td>\n<\/tr>\n<tr>\n<td>91-6850-17<\/td>\n<td>Placa de tamizado de 3\/4\u2033 (1.91 cm)<\/td>\n<\/tr>\n<tr>\n<td>91-6850-61<\/td>\n<td>Placa de tamizado de 1\u2033 (2.54 cm)<\/td>\n<\/tr>\n<\/tbody>\n<\/table>\n<div class=\"imagewrapper\">\n<div><img decoding=\"async\" loading=\"lazy\" src=\"https:\/\/preiser.com\/wp-content\/uploads\/crusher-201XL-600x600.jpg\" alt=\"\" width=\"600\" height=\"600\" class=\"alignnone size-medium wp-image-421\"><\/div>\n<p>91-6730-02 Trituradora Holmes modelo 201XL<\/p>\n<\/div>\n<h2>Trituradora Holmes modelo 201XL<\/h2>\n<p>La trituradora Holmes modelo 201XL tiene una capacidad de 1,000 libras (453.59 kg) de carb\u00f3n por hora, usando una placa de tamizado con perforaciones de 3\/16\u201d (0.48 cm) de di\u00e1metro; 500 libras (226.80 kg) por hora usando una placa de tamizado con perforaciones de 1\/16\u201d (0.16 cm) de di\u00e1metro. Se recomienda su uso para triturar muestras de 2 pulg. (5.08 cm) o menor.<\/p>\n<ul>\n<li>La tolva de alimentaci\u00f3n cubierta, con capacidad de 0.40 pies c\u00fabicos (11.33 l) (20 lb (9.07 kg)) tiene una entrada de control con alimentaci\u00f3n manual.<\/li>\n<li>Para resaltar la seguridad de la operaci\u00f3n, el sensor que detecta si el seguro est\u00e1 abierto, corta totalmente el suministro de energ\u00eda. Es necesario activar el bot\u00f3n de reinicio antes de arrancar de nuevo la m\u00e1quina.<\/li>\n<li>Los martillos de oscilaci\u00f3n del rotor y todas las placas de tamizado de 3\/16\u201d (0.48 cm) de espesor han sido sometidos a tratamiento t\u00e9rmico y endurecidos.<\/li>\n<li>Los conjuntos del rotor son reversibles (extremo por extremo) para una m\u00e1xima vida \u00fatil del martillo.<\/li>\n<li>Las placas de tamizado tienen perforaciones de agujeros redondos. Los di\u00e1metros disponibles para las perforaciones son (en pulgadas): 1\/16, 3\/32, 1\/8, 3\/16, 1\/4, 3\/8, 1\/2, y 3\/4 (0.16, 0.24, 0.32, 0.48, 0.64, 0.95, 1.27, y 1.91 cm). Con la compra del equipo se incluyen dos placas de tamizado, normalmente de 1\/16 (0.16 cm) y 3\/16 (0.48 cm), a menos que se especifique algo diferente al momento de hacer el pedido.<\/li>\n<li>El arrancador magn\u00e9tico Nema-12 provee un circuito de control de 120 V y protecci\u00f3n de sobrecarga para el motor TEFC de 2 HP (1.5 kW).<\/li>\n<li>La velocidad del rotor es 3,450 rpm; con poleas de intercambio en \u201cV\u201d, 2,360 rpm.<\/li>\n<li>Dimensiones: 43\u201d (109.22 cm) (altura) x 25\u201d (63.50 cm) (ancho) x 28\u201d (71.12 cm) (profundidad); Peso de env\u00edo: 667 lbs (302.55 kg)<\/li>\n<\/ul>\n<table>\n<tbody>\n<tr>\n<th>Cat\u00e1logo No.<\/th>\n<th>Descripci\u00f3n<\/th>\n<th>Tensi\u00f3n \/ Fase \/ Hz<\/th>\n<\/tr>\n<tr>\n<td>91-6730-01<\/td>\n<td>Trituradora 201XL<\/td>\n<td>230V \/ 3 fases \/ 60Hz<\/td>\n<\/tr>\n<tr>\n<td>91-6730-02<\/td>\n<td>Trituradora 201XL<\/td>\n<td>230V \/ 1 fase \/ 50Hz<\/td>\n<\/tr>\n<tr>\n<td>90-6730-03<\/td>\n<td>Trituradora 201XL<\/td>\n<td>230V \/ 1 fase \/ 60Hz<\/td>\n<\/tr>\n<tr>\n<td>91-6730-09<\/td>\n<td>Trituradora 201XL<\/td>\n<td>380V \/ 3 fases \/ 50Hz<\/td>\n<\/tr>\n<tr>\n<td>91-6730-10<\/td>\n<td>Trituradora 201XL<\/td>\n<td>115V \/ 1 fase \/ 60Hz<\/td>\n<\/tr>\n<\/tbody>\n<\/table>\n<p class=\"footnote\"><strong>NOTA:<\/strong> Hay otros voltajes disponibles<\/p>\n<p><strong>Placas de tamizado perforadas para la Trituradora 201XL<\/strong><\/p>\n<table>\n<tbody>\n<tr>\n<th>Cat\u00e1logo No.<\/th>\n<th>Di\u00e1metro, pulgadas<\/th>\n<\/tr>\n<tr>\n<td>91-6741-15<\/td>\n<td>Placa de tamizado de 1\/16\u2033 (0.16 cm)<\/td>\n<\/tr>\n<tr>\n<td>91-6741-20<\/td>\n<td>Placa de tamizado de 3\/32\u2033 (0.24 cm)<\/td>\n<\/tr>\n<tr>\n<td>91-6741-16<\/td>\n<td>Placa de tamizado de 1\/8\u2033 (0.32 cm)<\/td>\n<\/tr>\n<tr>\n<td>91-6741-17<\/td>\n<td>Placa de tamizado de 3\/16\u2033 (0.48 cm)<\/td>\n<\/tr>\n<tr>\n<td>91-6741-18<\/td>\n<td>Placa de tamizado de 1\/4\u2033 (0.64 cm)<\/td>\n<\/tr>\n<tr>\n<td>91-6741-19<\/td>\n<td>Placa de tamizado de 3\/8\u2033 (0.95 cm)<\/td>\n<\/tr>\n<tr>\n<td>91-6741-21<\/td>\n<td>Placa de tamizado de 3\/64\u2033 (0.12 cm)<\/td>\n<\/tr>\n<tr>\n<td>91-6741-22<\/td>\n<td>Placa de tamizado de 1\/2\u2033 (1.27 cm)<\/td>\n<\/tr>\n<\/tbody>\n<\/table>\n","protected":false},"excerpt":{"rendered":"<p>Trituradora Holmes modelo 401XL La trituradora Holmes modelo 401XL tiene una capacidad de 4,000 libras (1,814.37 kg) por hora, usando una placa de tamizado con perforaciones de 3\/8\u201d (0.95 cm) de di\u00e1metro; 2,500 libras (1,133.98 kg) usando una placa de tamizado con perforaciones de 3\/16\u201d (0.48 cm) de di\u00e1metro. Se recomienda su uso para triturar [&hellip;]<\/p>\n","protected":false},"author":1,"featured_media":100722,"parent":100541,"menu_order":0,"comment_status":"closed","ping_status":"closed","template":"product.php","meta":{"_et_pb_use_builder":"","_et_pb_old_content":"","_et_gb_content_width":""},"acf":[],"_links":{"self":[{"href":"https:\/\/preiser.com\/es-es\/wp-json\/wp\/v2\/pages\/100546"}],"collection":[{"href":"https:\/\/preiser.com\/es-es\/wp-json\/wp\/v2\/pages"}],"about":[{"href":"https:\/\/preiser.com\/es-es\/wp-json\/wp\/v2\/types\/page"}],"author":[{"embeddable":true,"href":"https:\/\/preiser.com\/es-es\/wp-json\/wp\/v2\/users\/1"}],"replies":[{"embeddable":true,"href":"https:\/\/preiser.com\/es-es\/wp-json\/wp\/v2\/comments?post=100546"}],"version-history":[{"count":1,"href":"https:\/\/preiser.com\/es-es\/wp-json\/wp\/v2\/pages\/100546\/revisions"}],"predecessor-version":[{"id":100723,"href":"https:\/\/preiser.com\/es-es\/wp-json\/wp\/v2\/pages\/100546\/revisions\/100723"}],"up":[{"embeddable":true,"href":"https:\/\/preiser.com\/es-es\/wp-json\/wp\/v2\/pages\/100541"}],"wp:featuredmedia":[{"embeddable":true,"href":"https:\/\/preiser.com\/es-es\/wp-json\/wp\/v2\/media\/100722"}],"wp:attachment":[{"href":"https:\/\/preiser.com\/es-es\/wp-json\/wp\/v2\/media?parent=100546"}],"curies":[{"name":"wp","href":"https:\/\/api.w.org\/{rel}","templated":true}]}}