{"id":100552,"date":"2018-06-05T19:01:06","date_gmt":"2018-06-05T19:01:06","guid":{"rendered":"http:\/\/preiser.com\/?page_id=100552"},"modified":"2022-11-17T22:33:03","modified_gmt":"2022-11-17T22:33:03","slug":"pulverizadores-de-carbn","status":"publish","type":"page","link":"https:\/\/preiser.com\/es-es\/productos\/preparacin\/pulverizadores-de-carbn\/","title":{"rendered":"Pulverizadores de carb\u00f3n"},"content":{"rendered":"<h2>Pulverizador Holmes modelo 502XL<\/h2>\n<p>El pulverizador Holmes modelo 502XL tiene una capacidad de 400 gramos de carb\u00f3n por minuto usando una placa de tamizado con perforaciones de 0.024\u201d (0.61 mm) de di\u00e1metro, y se recomienda para pulverizar carb\u00f3n de malla -4 (4,760&nbsp;\u03bc) a malla -60 (250&nbsp;\u03bc). Este pulverizador est\u00e1 disponible con una tolva de alimentaci\u00f3n est\u00e1ndar de 980 cent\u00edmetros c\u00fabicos (se muestra) o una tolva de alimentaci\u00f3n con extensi\u00f3n de 2,950 cent\u00edmetros c\u00fabicos. El carb\u00f3n triturado se recoge en un recipiente de 6,390 cent\u00edmetros c\u00fabicos para muestras. Hay disponibles motores y cableados para zonas peligrosas.<\/p>\n<ul>\n<li>Una cerradura de apertura r\u00e1pida permite el f\u00e1cil acceso al pulverizador y corta el suministro de energ\u00eda a ambos motores cuando la puerta est\u00e1 abierta.<\/li>\n<li>El rotor de una pieza, balanceado din\u00e1micamente, tiene martillos duros con revestimiento.<\/li>\n<li>Los di\u00e1metros disponibles para las perforaciones de la placa de tamizado son (en pulgadas) 0.020, 0.024, 0.033, 0.040, 0.0625, y 0.0937 (0.51, 0.61, 0.84, 1.02, 1.59, y 2.38 mm). Con la compra del equipo se incluyen cinco placas, y deben especificarse los tama\u00f1os al momento de realizar el pedido. Se puede seleccionar la combinaci\u00f3n que se requiera.<\/li>\n<li>La sonda para la alimentaci\u00f3n se maneja por cadenas desde un motor CA de engranaje encerrado de 1\/8 HP (93 W), 2.7 amp, 115 V, monof\u00e1sico, totalmente cerrado, sin ventilaci\u00f3n. La velocidad de la sonda es aproximadamente 130 rpm.<\/li>\n<li>El rotor es accionado por correas por un motor de 1 HP (746 W), totalmente cerrado enfriado por ventilador. La velocidad es aproximadamente 8,200 rpm. La rueda de 1.5\u201d (3.81 cm) del tensor Poly V aumenta la velocidad a aproximadamente 10,300 rpm.<\/li>\n<li>Un arrancador de motor encerrado Nema-12 tiene una protecci\u00f3n de sobrecarga para cada motor. El sensor que detecta si la puerta est\u00e1 abierta, corta todo el suministro de energ\u00eda.<\/li>\n<li>El bot\u00f3n de seguridad manual de parada r\u00e1pida puede cortar por separado todo el suministro de energ\u00eda en cualquier momento.<\/li>\n<li>Dimensiones: 23 o 26-1\/2\u201d (58.42 cm o 67.31 cm) (altura) x 19-1\/2\u201d (49.53 cm) (ancho) x 27\u201d (68.58 cm) (profundidad); Peso de env\u00edo: 295 lbs (133.81 kg)<\/li>\n<\/ul>\n<table>\n<tbody>\n<tr>\n<th>Cat\u00e1logo No.<\/th>\n<th>Descripci\u00f3n<\/th>\n<th>Tolva<\/th>\n<th>Tensi\u00f3n \/ Fase \/ Hz<\/th>\n<\/tr>\n<tr>\n<td>91-7122-01<\/td>\n<td>Pulverizador 502XL<\/td>\n<td>Est\u00e1ndar<\/td>\n<td>230V \/ 1 fase \/ 50Hz<\/td>\n<\/tr>\n<tr>\n<td>91-7122-02<\/td>\n<td>Pulverizador 502XL<\/td>\n<td>Est\u00e1ndar<\/td>\n<td>230V \/ 1 fase \/ 60Hz<\/td>\n<\/tr>\n<tr>\n<td>91-7122-03<\/td>\n<td>Pulverizador 502XL<\/td>\n<td>Est\u00e1ndar<\/td>\n<td>115V \/ 1 fase \/ 60Hz<\/td>\n<\/tr>\n<tr>\n<td>91-7122-05<\/td>\n<td>Pulverizador 502XL<\/td>\n<td>Con extensi\u00f3n<\/td>\n<td>230V \/ 1 fase \/ 60Hz<\/td>\n<\/tr>\n<tr>\n<td>91-7122-04*<\/td>\n<td>Pulverizador 502XL-E<\/td>\n<td>Est\u00e1ndar<\/td>\n<td>230V \/ 1 fase \/ 60Hz<\/td>\n<\/tr>\n<tr>\n<td>91-7122-08*<\/td>\n<td>Pulverizador 502XL-E<\/td>\n<td>Est\u00e1ndar<\/td>\n<td>230V \/ 1 fase \/ 50Hz<\/td>\n<\/tr>\n<\/tbody>\n<\/table>\n<p class=\"footnote\">*Con motor <strong>a prueba de explosi\u00f3n<\/strong><\/p>\n<p><strong>Selecci\u00f3n de la placa de tamizado: Especificar los 5 tama\u00f1os deseados al momento de hacer el pedido del pulverizador<\/strong><\/p>\n<table>\n<tbody>\n<tr>\n<th>Cat\u00e1logo No.<\/th>\n<th>Descripci\u00f3n<\/th>\n<th>Malla<\/th>\n<\/tr>\n<tr>\n<td>91-7130-25<\/td>\n<td>Placa de tamizado<\/td>\n<td>0.024\u2033 (0.61 mm) \/ Malla 60 (250&nbsp;\u03bc)<\/td>\n<\/tr>\n<tr>\n<td>91-7130-26<\/td>\n<td>Placa de tamizado<\/td>\n<td>0.040\u2033 (1.02 mm) \/ Malla 30 (595&nbsp;\u03bc)<\/td>\n<\/tr>\n<tr>\n<td>91-7130-27<\/td>\n<td>Placa de tamizado<\/td>\n<td>0.033\u2033 (0.84 mm) \/ Malla 40 (400&nbsp;\u03bc)<\/td>\n<\/tr>\n<tr>\n<td>91-7130-28<\/td>\n<td>Placa de tamizado<\/td>\n<td>0.0625\u2033 (1.59 mm) \/ Malla 20 (841&nbsp;\u03bc)<\/td>\n<\/tr>\n<tr>\n<td>91-7130-30<\/td>\n<td>Placa de tamizado<\/td>\n<td>0.0937\u2033 (2.38 mm) \/ Malla 10 (2,000&nbsp;\u03bc)<\/td>\n<\/tr>\n<tr>\n<td>91-7130-31<\/td>\n<td>Placa de tamizado<\/td>\n<td>0.020\u2033 (0.51 mm) \/ Malla 80 (177&nbsp;\u03bc)<\/td>\n<\/tr>\n<\/tbody>\n<\/table>\n<div class=\"imagewrapper\">\n<div><img decoding=\"async\" loading=\"lazy\" src=\"https:\/\/preiser.com\/wp-content\/uploads\/pulverizer_500_DG-600x600.jpg\" alt=\"\" width=\"600\" height=\"600\" class=\"alignnone size-medium wp-image-444\"><\/div>\n<p>91-7120-01 Pulverizador Holmes modelo 500DG<\/p>\n<\/div>\n<h2>Pulverizador Holmes modelo 500DG<\/h2>\n<p>El pulverizador Holmes 500DG es como el pulverizador Holmes modelo 502XL pero tiene una conexi\u00f3n de motor de accionamiento directo con el rotor en lugar de una correa de transmisi\u00f3n, Las otras especificaciones permanecen igual. Tiene una capacidad de 400 gramos de carb\u00f3n por minuto usando una placa de tamizado con perforaciones de 0.024\u201d (0.61 mm) de di\u00e1metro, y se recomienda para pulverizar carb\u00f3n de malla -4 (4,760&nbsp;\u03bc) a malla -60 (250&nbsp;\u03bc). Este pulverizador est\u00e1 disponible con una tolva de alimentaci\u00f3n est\u00e1ndar de 980 cent\u00edmetros c\u00fabicos (se muestra) o una tolva de alimentaci\u00f3n con extensi\u00f3n de 2,950 cent\u00edmetros c\u00fabicos en pedidos especiales. El carb\u00f3n triturado se recoge en un recipiente de 6,390 cent\u00edmetros c\u00fabicos para muestras. Hay disponibles motores y cableados para \u00e1reas peligrosas.<\/p>\n<ul>\n<li>Una cerradura de apertura r\u00e1pida permite el f\u00e1cil acceso al pulverizador y corta el suministro de energ\u00eda a ambos motores cuando la puerta est\u00e1 abierta.<\/li>\n<li>El rotor de una pieza, balanceado din\u00e1micamente, tiene martillos duros con revestimiento.<\/li>\n<li>Los di\u00e1metros disponibles para las perforaciones de la placa de tamizado son (en pulgadas) 0.020, 0.024, 0.033, 0.040, 0.0625, y 0.0937 (0.51, 0.61, 0.84, 1.02, 1.59, y 2.38 mm). Con la compra del equipo se incluyen cinco placas, y deben especificarse los tama\u00f1os al momento de realizar el pedido. Se puede seleccionar la combinaci\u00f3n que se requiera.<\/li>\n<li>La sonda para la alimentaci\u00f3n se maneja por cadenas desde un motor CA de engranaje encerrado de 1\/8 HP (93 W), 2.7 amp, 115 V, monof\u00e1sico, totalmente cerrado, sin ventilaci\u00f3n. La velocidad de la sonda es aproximadamente 130 rpm.<\/li>\n<li>El rotor est\u00e1 montado en el eje de un motor abierto con im\u00e1n permanente de 1 HP (746 W), 115 V, monof\u00e1sico, 60 Hz, 12-amp. La velocidad es aproximadamente 10,000 rpm.<\/li>\n<li>Un arrancador de motor encerrado Nema-12 tiene una protecci\u00f3n de sobrecarga para cada motor. El sensor que detecta si la puerta est\u00e1 abierta, corta el suministro de energ\u00eda hasta que el bot\u00f3n de reinicio (stop) se activa.<\/li>\n<li>El bot\u00f3n de seguridad manual de parada r\u00e1pida puede cortar por separado todo el suministro de energ\u00eda en cualquier momento.<\/li>\n<li>Dimensiones: 25\u201d (63.50 cm) (altura) x 19\u201d (48.26 cm) (ancho) x 20\u201d (50.80 cm) (profundidad); Peso de env\u00edo: 240 lbs (108.86 kg)<\/li>\n<\/ul>\n<table>\n<tbody>\n<tr>\n<th>Cat\u00e1logo No.<\/th>\n<th>Descripci\u00f3n<\/th>\n<th>Tolva<\/th>\n<th>Tensi\u00f3n \/ Fase \/ Hz<\/th>\n<\/tr>\n<tr>\n<td>91-7120-01<\/td>\n<td>Pulverizador 500DG<\/td>\n<td>Est\u00e1ndar<\/td>\n<td>115V \/ 1 fase \/ 56Hz<\/td>\n<\/tr>\n<tr>\n<td>91-7120-04<\/td>\n<td>Pulverizador 500DG-E<\/td>\n<td>Est\u00e1ndar<\/td>\n<td>220V \/ 1 fase \/ 50Hz<\/td>\n<\/tr>\n<tr>\n<td>91-7120-08<\/td>\n<td>Pulverizador 500DG-E<\/td>\n<td>Est\u00e1ndar<\/td>\n<td>230V \/ 1 fase \/ 60Hz<\/td>\n<\/tr>\n<\/tbody>\n<\/table>\n<p><strong>Selecci\u00f3n de la placa de tamizado: Especificar los 5 tama\u00f1os deseados al momento de hacer el pedido del pulverizador<\/strong><\/p>\n<table>\n<tbody>\n<tr>\n<th>Cat\u00e1logo No.<\/th>\n<th>Descripci\u00f3n<\/th>\n<th>Malla<\/th>\n<\/tr>\n<tr>\n<td>91-7130-25<\/td>\n<td>Placa de tamizado<\/td>\n<td>0.024\u2033 (0.61 mm) \/ Malla 60 (250&nbsp;\u03bc)<\/td>\n<\/tr>\n<tr>\n<td>91-7130-26<\/td>\n<td>Placa de tamizado<\/td>\n<td>0.040\u2033 (1.02 mm) \/ Malla 30 (595&nbsp;\u03bc)<\/td>\n<\/tr>\n<tr>\n<td>91-7130-27<\/td>\n<td>Placa de tamizado<\/td>\n<td>0.033\u2033 (0.84 mm) \/ Malla 40 (400&nbsp;\u03bc)<\/td>\n<\/tr>\n<tr>\n<td>91-7130-28<\/td>\n<td>Placa de tamizado<\/td>\n<td>0.0625\u2033 (1.59 mm) \/ Malla 20 (841&nbsp;\u03bc)<\/td>\n<\/tr>\n<tr>\n<td>91-7130-30<\/td>\n<td>Placa de tamizado<\/td>\n<td>0.0937\u2033 (2.38 mm) \/ Malla 10 (2,000&nbsp;\u03bc)<\/td>\n<\/tr>\n<tr>\n<td>91-7130-31<\/td>\n<td>Placa de tamizado<\/td>\n<td>0.020\u2033 (0.51 mm) \/ Malla 80 (177&nbsp;\u03bc)<\/td>\n<\/tr>\n<\/tbody>\n<\/table>\n<h2>Pulverizador vibratorio<\/h2>\n<p>Incorpora un recipiente, aros de recubrimiento y un puck, que permite que se triture eficientemente el carb\u00f3n y otras muestras de minerales. Los pulverizadores vibratorios (molino de anillos) utilizan 2 anillos y un puck dentro de un recipiente para moler de 250 ml (8&#8243; (20.32 cm) de di\u00e1metro). Un motor especialmente dise\u00f1ado, acoplado directamente a un eje exc\u00e9ntrico giratorio, hace oscilar el recipiente y su contenido a una velocidad y distancia precisa para triturar con la m\u00e1xima eficiencia, reduciendo r\u00e1pidamente las muestras h\u00famedas o secas al tama\u00f1o final de malla 400+ (37+&nbsp;\u03bc). Todos los componentes est\u00e1n alojados en un gabinete aislado asentado en el suelo con una cubierta de seguridad para reducir los ruidos de funcionamiento. Completo con interruptor de arranque, motor de 1 HP (746&nbsp;W), y temporizador.<\/p>\n<p>Tama\u00f1o de env\u00edo: 39\u201d (99.06 cm) (largo) x 36\u201d (91.44 cm) (ancho) x 50\u201d (127.00 cm) (altura). Peso de env\u00edo: 667 lbs (302.55 kg)<\/p>\n<table>\n<tbody>\n<tr>\n<th>Cat\u00e1logo No.<\/th>\n<th>Descripci\u00f3n<\/th>\n<th>Tensi\u00f3n \/ Fase \/ Hz<\/th>\n<\/tr>\n<tr>\n<td>91-6508-01<\/td>\n<td>Pulverizador vibratorio<\/td>\n<td>220V \/ 3 fases \/ 60Hz<\/td>\n<\/tr>\n<tr>\n<td>91-6508-02<\/td>\n<td>Pulverizador vibratorio<\/td>\n<td>220V \/ 1 fase \/ 60Hz<\/td>\n<\/tr>\n<tr>\n<td>91-6508-08<\/td>\n<td>Pulverizador vibratorio<\/td>\n<td>220V \/ 3 fases \/ 50Hz<\/td>\n<\/tr>\n<\/tbody>\n<\/table>\n<p><strong>Piezas de repuesto<\/strong><\/p>\n<table>\n<tbody>\n<tr>\n<th>Cat\u00e1logo No.<\/th>\n<th>Descripci\u00f3n<\/th>\n<\/tr>\n<tr>\n<td>91-6508-04<\/td>\n<td>Juego para triturar de 250 ml de aleaci\u00f3n de cromo<\/td>\n<\/tr>\n<tr>\n<td>91-6508-05<\/td>\n<td>Juego para triturar de 100 GM de carburo de tungsteno<\/td>\n<\/tr>\n<tr>\n<td>91-6508-06<\/td>\n<td>Recipiente para triturar con tapa de 250 ml de aleaci\u00f3n de cromo<\/td>\n<\/tr>\n<tr>\n<td>91-6508-07<\/td>\n<td>Juego para triturar de 100 GM de aleaci\u00f3n de cromo<\/td>\n<\/tr>\n<tr>\n<td>91-6508-09<\/td>\n<td>Adaptador de recipiente de 100 GM (Se requiere para usar con 91-6508-07)<\/td>\n<\/tr>\n<\/tbody>\n<\/table>\n","protected":false},"excerpt":{"rendered":"<p>Pulverizador Holmes modelo 502XL El pulverizador Holmes modelo 502XL tiene una capacidad de 400 gramos de carb\u00f3n por minuto usando una placa de tamizado con perforaciones de 0.024\u201d (0.61 mm) de di\u00e1metro, y se recomienda para pulverizar carb\u00f3n de malla -4 (4,760&nbsp;\u03bc) a malla -60 (250&nbsp;\u03bc). Este pulverizador est\u00e1 disponible con una tolva de alimentaci\u00f3n [&hellip;]<\/p>\n","protected":false},"author":1,"featured_media":100724,"parent":100541,"menu_order":0,"comment_status":"closed","ping_status":"closed","template":"product.php","meta":{"_et_pb_use_builder":"","_et_pb_old_content":"","_et_gb_content_width":""},"acf":[],"_links":{"self":[{"href":"https:\/\/preiser.com\/es-es\/wp-json\/wp\/v2\/pages\/100552"}],"collection":[{"href":"https:\/\/preiser.com\/es-es\/wp-json\/wp\/v2\/pages"}],"about":[{"href":"https:\/\/preiser.com\/es-es\/wp-json\/wp\/v2\/types\/page"}],"author":[{"embeddable":true,"href":"https:\/\/preiser.com\/es-es\/wp-json\/wp\/v2\/users\/1"}],"replies":[{"embeddable":true,"href":"https:\/\/preiser.com\/es-es\/wp-json\/wp\/v2\/comments?post=100552"}],"version-history":[{"count":1,"href":"https:\/\/preiser.com\/es-es\/wp-json\/wp\/v2\/pages\/100552\/revisions"}],"predecessor-version":[{"id":100725,"href":"https:\/\/preiser.com\/es-es\/wp-json\/wp\/v2\/pages\/100552\/revisions\/100725"}],"up":[{"embeddable":true,"href":"https:\/\/preiser.com\/es-es\/wp-json\/wp\/v2\/pages\/100541"}],"wp:featuredmedia":[{"embeddable":true,"href":"https:\/\/preiser.com\/es-es\/wp-json\/wp\/v2\/media\/100724"}],"wp:attachment":[{"href":"https:\/\/preiser.com\/es-es\/wp-json\/wp\/v2\/media?parent=100552"}],"curies":[{"name":"wp","href":"https:\/\/api.w.org\/{rel}","templated":true}]}}