{"id":100556,"date":"2018-06-05T19:03:41","date_gmt":"2018-06-05T19:03:41","guid":{"rendered":"http:\/\/preiser.com\/?page_id=100556"},"modified":"2022-11-17T22:33:03","modified_gmt":"2022-11-17T22:33:03","slug":"trituradoras-de-mandbula","status":"publish","type":"page","link":"https:\/\/preiser.com\/es-es\/productos\/preparacin\/trituradoras-de-mandbula\/","title":{"rendered":"Trituradoras de mand\u00edbula"},"content":{"rendered":"<p>La trituradora de mand\u00edbula Badger tiene una tolva de alimentaci\u00f3n de 5&#8243; x 7&#8243; (12.70 cm x 17.78 cm), motor de 5 HP (3.7 kW) y protecci\u00f3n de seguridad, y reduce eficientemente carb\u00f3n, caliza y rocas, o cualquier material seco pulverizable a un tama\u00f1o entre 1\/16\u2033 (0.16 cm) y 3\/4\u2033 (1.91 cm). La excepcional capacidad de trituraci\u00f3n de 1,300 lbs (589.67 kg) por hora con un m\u00ednimo consumo de energ\u00eda se logra mediante el exclusivo movimiento de la mand\u00edbula movible para lograr la m\u00e1xima producci\u00f3n en el laboratorio.<\/p>\n<ul>\n<li>Dise\u00f1o robusto para absorber choques e impactos por el uso constante.<\/li>\n<li>F\u00e1cil acceso a todos los elementos para una limpieza y mantenimiento r\u00e1pidos.<\/li>\n<li>Nuevo dise\u00f1o del montaje del motor para ahorrar espacio.<\/li>\n<li>Armaz\u00f3n principal de acero fabricado para trabajos pesados.<\/li>\n<li>Tratamiento t\u00e9rmico de las placas de mand\u00edbula reversibles<\/li>\n<li>Dimensiones: 42\u201d (106.68 cm) (altura) x 36\u201d (91.44 cm) (ancho) x 43\u201d (109.22 cm) (profundidad); Peso de env\u00edo: 782 lbs (354.71 kg)<\/li>\n<\/ul>\n<table>\n<tbody>\n<tr>\n<th>Cat\u00e1logo No.<\/th>\n<th>Descripci\u00f3n<\/th>\n<th>Tensi\u00f3n \/ Fase \/ Hz<\/th>\n<\/tr>\n<tr>\n<td>91-6509-01<\/td>\n<td>Trituradora de mand\u00edbula Badger<\/td>\n<td>110\/220V \/ 1 fase \/ 50\/60Hz<\/td>\n<\/tr>\n<tr>\n<td>91-6509-02<\/td>\n<td>Trituradora de mand\u00edbula Badger<\/td>\n<td>220\/440V \/ 3 fases \/ 50\/60Hz<\/td>\n<\/tr>\n<\/tbody>\n<\/table>\n","protected":false},"excerpt":{"rendered":"<p>La trituradora de mand\u00edbula Badger tiene una tolva de alimentaci\u00f3n de 5&#8243; x 7&#8243; (12.70 cm x 17.78 cm), motor de 5 HP (3.7 kW) y protecci\u00f3n de seguridad, y reduce eficientemente carb\u00f3n, caliza y rocas, o cualquier material seco pulverizable a un tama\u00f1o entre 1\/16\u2033 (0.16 cm) y 3\/4\u2033 (1.91 cm). La excepcional capacidad [&hellip;]<\/p>\n","protected":false},"author":1,"featured_media":100726,"parent":100541,"menu_order":0,"comment_status":"closed","ping_status":"closed","template":"product.php","meta":{"_et_pb_use_builder":"","_et_pb_old_content":"","_et_gb_content_width":""},"acf":[],"_links":{"self":[{"href":"https:\/\/preiser.com\/es-es\/wp-json\/wp\/v2\/pages\/100556"}],"collection":[{"href":"https:\/\/preiser.com\/es-es\/wp-json\/wp\/v2\/pages"}],"about":[{"href":"https:\/\/preiser.com\/es-es\/wp-json\/wp\/v2\/types\/page"}],"author":[{"embeddable":true,"href":"https:\/\/preiser.com\/es-es\/wp-json\/wp\/v2\/users\/1"}],"replies":[{"embeddable":true,"href":"https:\/\/preiser.com\/es-es\/wp-json\/wp\/v2\/comments?post=100556"}],"version-history":[{"count":1,"href":"https:\/\/preiser.com\/es-es\/wp-json\/wp\/v2\/pages\/100556\/revisions"}],"predecessor-version":[{"id":100728,"href":"https:\/\/preiser.com\/es-es\/wp-json\/wp\/v2\/pages\/100556\/revisions\/100728"}],"up":[{"embeddable":true,"href":"https:\/\/preiser.com\/es-es\/wp-json\/wp\/v2\/pages\/100541"}],"wp:featuredmedia":[{"embeddable":true,"href":"https:\/\/preiser.com\/es-es\/wp-json\/wp\/v2\/media\/100726"}],"wp:attachment":[{"href":"https:\/\/preiser.com\/es-es\/wp-json\/wp\/v2\/media?parent=100556"}],"curies":[{"name":"wp","href":"https:\/\/api.w.org\/{rel}","templated":true}]}}