{"id":100567,"date":"2018-06-05T19:17:45","date_gmt":"2018-06-05T19:17:45","guid":{"rendered":"http:\/\/preiser.com\/?page_id=100567"},"modified":"2022-11-17T22:33:21","modified_gmt":"2022-11-17T22:33:21","slug":"separadores-rotativos-de-muestras","status":"publish","type":"page","link":"https:\/\/preiser.com\/es-es\/productos\/separacin\/separadores-rotativos-de-muestras\/","title":{"rendered":"Separadores rotativos de muestras"},"content":{"rendered":"<p>El separador rotativo de muestras (RSD) Preiser provee una subdivisi\u00f3n r\u00e1pida y precisa del carb\u00f3n, minerales, cenizas y otras muestras granulares. El RSD se puede configurar para tasa de flujo, tama\u00f1o m\u00e1ximo de la muestra, y coeficiente de divisi\u00f3n. Puede usarse para mezclar muestras antes de la subdivisi\u00f3n mediante el procesamiento de la muestra varias veces a trav\u00e9s del RSD.<\/p>\n<ul>\n<li>Todas las partes que entran en contacto con la muestra, como la tolva, la bandeja vibradora de alimentaci\u00f3n, las cubiertas en \u201cU\u201d, los segmentos divisores y las bandejas de desbordamiento est\u00e1n fabricadas con acero inoxidable.<\/li>\n<li>Puede usarse para producir de 1 a 16 divisiones de la muestra en diferentes combinaciones. *Seleccione los segmentos de divisi\u00f3n seg\u00fan el tama\u00f1o m\u00e1ximo nominal, la capacidad y el coeficiente de divisi\u00f3n de la muestra. Los segmentos pueden producir divisiones de 1\/16, 1\/8, y 1\/4.<\/li>\n<li>La tolva es de 1.8 pies c\u00fabicos (51 litros) con una entrada de 4\u201d X 6\u201d (10.16 cm X 15.24 cm) para permitir divisiones precisas de las muestras hasta un tama\u00f1o m\u00e1ximo de 1-1\/3\u201d (3.39 cm).<\/li>\n<li>La tasa de alimentaci\u00f3n es ajustable para permitir el m\u00e1ximo nivel de precisi\u00f3n de muestreo.<\/li>\n<li>La secci\u00f3n de alimentaci\u00f3n de la tolva puede usarse por separado para alimentar peque\u00f1as trituradoras de mand\u00edbula y pulverizadores.<\/li>\n<li>Las cubiertas en \u201cU\u201d funcionan como cortadores del flujo de la muestra y previenen la p\u00e9rdida de muestras. El n\u00famero de cubiertas debe ser igual al n\u00famero de segmentos divisores.<\/li>\n<li>Dimensiones: 55\u201d (139.70 cm) (altura) x 52\u201d (132.08 cm) (ancho) x 50\u201d (127.00 cm) (profundidad); Peso de env\u00edo: 650 lbs (294.83 kg)<\/li>\n<\/ul>\n<table>\n<tbody>\n<tr>\n<th>Cat\u00e1logo No.<\/th>\n<th>Descripci\u00f3n<\/th>\n<th>Tensi\u00f3n \/ Fase \/ Hz<\/th>\n<\/tr>\n<tr>\n<td>FRS-440748A-01<\/td>\n<td>Separador rotativo de muestras<\/td>\n<td>230V \/ 1 fase \/ 60Hz<\/td>\n<\/tr>\n<tr>\n<td>FRS-440749A<\/td>\n<td>Separador rotativo de muestras<\/td>\n<td>230V \/ 1 fase \/ 50Hz<\/td>\n<\/tr>\n<tr>\n<td>FRS-440750A<\/td>\n<td>Separador rotativo de muestras<\/td>\n<td>115V \/ 1 fase \/ 60Hz<\/td>\n<\/tr>\n<\/tbody>\n<\/table>\n<p><strong>*Seleccionar los segmentos divisores y cubiertas deseados al realizar el pedido<\/strong><\/p>\n<table>\n<tbody>\n<tr>\n<th>Cat\u00e1logo No.<\/th>\n<th>Descripci\u00f3n<\/th>\n<\/tr>\n<tr>\n<td>FRS-440761B<\/td>\n<td>Segmento divisor, tama\u00f1o 1\/4, (12 litros)<\/td>\n<\/tr>\n<tr>\n<td>FRS-440762B<\/td>\n<td>Segmento divisor, tama\u00f1o 1\/8, (6 litros)<\/td>\n<\/tr>\n<tr>\n<td>FRS-440763B<\/td>\n<td>Segmento divisor, tama\u00f1o 1\/16, (3 litros)<\/td>\n<\/tr>\n<tr>\n<td>FRS-440765B<\/td>\n<td>Pinza para conexi\u00f3n de la cubierta en \u201cU\u201d<\/td>\n<\/tr>\n<tr>\n<td>FRS-440769B<\/td>\n<td>Bandeja de desborde, 25\u2033 (63.50 cm) x 18\u2033 (45.72 cm) x 7\u2033 (17.78 cm), (25 litros)<\/td>\n<\/tr>\n<\/tbody>\n<\/table>\n","protected":false},"excerpt":{"rendered":"<p>El separador rotativo de muestras (RSD) Preiser provee una subdivisi\u00f3n r\u00e1pida y precisa del carb\u00f3n, minerales, cenizas y otras muestras granulares. El RSD se puede configurar para tasa de flujo, tama\u00f1o m\u00e1ximo de la muestra, y coeficiente de divisi\u00f3n. Puede usarse para mezclar muestras antes de la subdivisi\u00f3n mediante el procesamiento de la muestra varias [&hellip;]<\/p>\n","protected":false},"author":1,"featured_media":100731,"parent":100561,"menu_order":0,"comment_status":"closed","ping_status":"closed","template":"product.php","meta":{"_et_pb_use_builder":"","_et_pb_old_content":"","_et_gb_content_width":""},"acf":[],"_links":{"self":[{"href":"https:\/\/preiser.com\/es-es\/wp-json\/wp\/v2\/pages\/100567"}],"collection":[{"href":"https:\/\/preiser.com\/es-es\/wp-json\/wp\/v2\/pages"}],"about":[{"href":"https:\/\/preiser.com\/es-es\/wp-json\/wp\/v2\/types\/page"}],"author":[{"embeddable":true,"href":"https:\/\/preiser.com\/es-es\/wp-json\/wp\/v2\/users\/1"}],"replies":[{"embeddable":true,"href":"https:\/\/preiser.com\/es-es\/wp-json\/wp\/v2\/comments?post=100567"}],"version-history":[{"count":1,"href":"https:\/\/preiser.com\/es-es\/wp-json\/wp\/v2\/pages\/100567\/revisions"}],"predecessor-version":[{"id":100732,"href":"https:\/\/preiser.com\/es-es\/wp-json\/wp\/v2\/pages\/100567\/revisions\/100732"}],"up":[{"embeddable":true,"href":"https:\/\/preiser.com\/es-es\/wp-json\/wp\/v2\/pages\/100561"}],"wp:featuredmedia":[{"embeddable":true,"href":"https:\/\/preiser.com\/es-es\/wp-json\/wp\/v2\/media\/100731"}],"wp:attachment":[{"href":"https:\/\/preiser.com\/es-es\/wp-json\/wp\/v2\/media?parent=100567"}],"curies":[{"name":"wp","href":"https:\/\/api.w.org\/{rel}","templated":true}]}}