{"id":100571,"date":"2018-06-05T19:22:14","date_gmt":"2018-06-05T19:22:14","guid":{"rendered":"http:\/\/preiser.com\/?page_id=100571"},"modified":"2022-11-17T22:33:20","modified_gmt":"2022-11-17T22:33:20","slug":"mquinas-de-corte-de-muestras","status":"publish","type":"page","link":"https:\/\/preiser.com\/es-es\/productos\/separacin\/mquinas-de-corte-de-muestras\/","title":{"rendered":"M\u00e1quinas de corte de muestras"},"content":{"rendered":"<p>La m\u00e1quina de corte de muestras Holmes modelo 1400 recibe la muestra triturada de una trituradora Holmes modelo 401XL. La cinta transportadora descarga la muestra sobre un cortador de acero inoxidable de movimiento alternativo. El ancho del cortador es de 1-1\/4 pulgadas (3.18 cm) o se puede ajustar para satisfacer los requerimientos. La velocidad del cortador es de 12 pulgadas (30.48 cm) por segundo (6 pulgadas (15.24 cm) por segundo es opcional). La velocidad de la cinta transportadora es 100 pies (30.48 m) por segundo. Los ciclos continuos o intermitentes temporizados del cortador se seleccionan en el panel de control.<\/p>\n<ul>\n<li>Fabricada para trabajar en conjunto con la trituradora 401XL<\/li>\n<li>Fabricada con acero pintado<\/li>\n<li>Incluye dos recipientes para muestras con capacidad de 1,375 pulgadas c\u00fabicas (22.53 l) cada uno<\/li>\n<li>Capacidad 4,000 lbs. (1,814.37 kg) por hora.<\/li>\n<li>La operaci\u00f3n de separaci\u00f3n es continua o intermitente, controlada a trav\u00e9s de un dial de 0-150 segundos<\/li>\n<li>Ofrece selecci\u00f3n indiscriminada de muestras de la trituradora para pruebas adicionales<\/li>\n<li>Dimensiones: 62\u201d (157.48 cm) (altura) x 35\u201d (88.90 cm) (ancho) x 86\u201d (218.44 cm) (profundidad); Peso de env\u00edo: 2,500 lbs (1,133.98 kg)<\/li>\n<\/ul>\n<table>\n<tbody>\n<tr>\n<th>Cat\u00e1logo No.<\/th>\n<th>Descripci\u00f3n<\/th>\n<th>Tensi\u00f3n \/ Fase \/ Hz<\/th>\n<\/tr>\n<tr>\n<td>91-8400-01<\/td>\n<td>M\u00e1quina de corte de muestras<\/td>\n<td>230V \/ 3 fases \/ 60Hz<\/td>\n<\/tr>\n<tr>\n<td>91-8400-03<\/td>\n<td>M\u00e1quina de corte de muestras<\/td>\n<td>380V \/ 3 fases \/ 50Hz<\/td>\n<\/tr>\n<tr>\n<td>91-8400-05<\/td>\n<td>M\u00e1quina de corte de muestras<\/td>\n<td>460V \/ 3 fases \/ 60Hz<\/td>\n<\/tr>\n<\/tbody>\n<\/table>\n","protected":false},"excerpt":{"rendered":"<p>La m\u00e1quina de corte de muestras Holmes modelo 1400 recibe la muestra triturada de una trituradora Holmes modelo 401XL. La cinta transportadora descarga la muestra sobre un cortador de acero inoxidable de movimiento alternativo. El ancho del cortador es de 1-1\/4 pulgadas (3.18 cm) o se puede ajustar para satisfacer los requerimientos. La velocidad del [&hellip;]<\/p>\n","protected":false},"author":1,"featured_media":100733,"parent":100561,"menu_order":0,"comment_status":"closed","ping_status":"closed","template":"product.php","meta":{"_et_pb_use_builder":"","_et_pb_old_content":"","_et_gb_content_width":""},"acf":[],"_links":{"self":[{"href":"https:\/\/preiser.com\/es-es\/wp-json\/wp\/v2\/pages\/100571"}],"collection":[{"href":"https:\/\/preiser.com\/es-es\/wp-json\/wp\/v2\/pages"}],"about":[{"href":"https:\/\/preiser.com\/es-es\/wp-json\/wp\/v2\/types\/page"}],"author":[{"embeddable":true,"href":"https:\/\/preiser.com\/es-es\/wp-json\/wp\/v2\/users\/1"}],"replies":[{"embeddable":true,"href":"https:\/\/preiser.com\/es-es\/wp-json\/wp\/v2\/comments?post=100571"}],"version-history":[{"count":1,"href":"https:\/\/preiser.com\/es-es\/wp-json\/wp\/v2\/pages\/100571\/revisions"}],"predecessor-version":[{"id":100734,"href":"https:\/\/preiser.com\/es-es\/wp-json\/wp\/v2\/pages\/100571\/revisions\/100734"}],"up":[{"embeddable":true,"href":"https:\/\/preiser.com\/es-es\/wp-json\/wp\/v2\/pages\/100561"}],"wp:featuredmedia":[{"embeddable":true,"href":"https:\/\/preiser.com\/es-es\/wp-json\/wp\/v2\/media\/100733"}],"wp:attachment":[{"href":"https:\/\/preiser.com\/es-es\/wp-json\/wp\/v2\/media?parent=100571"}],"curies":[{"name":"wp","href":"https:\/\/api.w.org\/{rel}","templated":true}]}}