{"id":100576,"date":"2018-06-05T20:03:13","date_gmt":"2018-06-05T20:03:13","guid":{"rendered":"http:\/\/preiser.com\/?page_id=100576"},"modified":"2022-11-17T22:33:20","modified_gmt":"2022-11-17T22:33:20","slug":"ruedas-mezcladoras-de-muestras","status":"publish","type":"page","link":"https:\/\/preiser.com\/es-es\/productos\/separacin\/ruedas-mezcladoras-de-muestras\/","title":{"rendered":"Ruedas mezcladoras de muestras"},"content":{"rendered":"<h2>Ruedas mezcladoras de gran tama\u00f1o Preiser<\/h2>\n<p>La rueda mezcladora de gran tama\u00f1o Preiser tiene capacidad para 14 muestras Simplemente coloque el carb\u00f3n pulverizado en los frascos para muestras de carb\u00f3n, coloque los frascos en los soportes para frascos en la rueda, e inicie la rotaci\u00f3n de la rueda hasta que la muestra est\u00e9 bien mezclada.<\/p>\n<ul>\n<li>La rueda mezcladora tiene un motor de accionamiento directo de \u00bc HP (186 W) a 30 rpm<\/li>\n<li>Se incluyen 14 frascos 90-2587-01 para muestras de carb\u00f3n de 8 oz. (236.59 ml) cada uno<\/li>\n<li>Los \u201cJack Rocks\u201d 91-8515-02  proporcionan un r\u00e1pido y eficiente mezclado de las muestras de carb\u00f3n<\/li>\n<li>Los recubrimientos para los soportes de frascos, son accesorios que protegen los frascos y evitan que se rayen<\/li>\n<li>El embudo de llenado de acero inoxidable y su soporte, son accesorios para usar con los frascos para muestras de carb\u00f3n<\/li>\n<li>Base para montaje en pared<\/li>\n<li>Dimensiones: 32\u201d (81.28 cm) (altura) x 32\u201d (81.28 cm) (ancho) x 32\u201d (81.28 cm) (profundidad); Peso: 150 lbs (68.04 kg)<\/li>\n<\/ul>\n<table>\n<tbody>\n<tr>\n<th>Cat\u00e1logo No.<\/th>\n<th>Descripci\u00f3n<\/th>\n<th>Tensi\u00f3n \/ Fase \/ Hz<\/th>\n<\/tr>\n<tr>\n<td>Z91-8500-01<\/td>\n<td>Rueda mezcladora de muestras<\/td>\n<td>115V \/ 1 fase \/ 60Hz<\/td>\n<\/tr>\n<tr>\n<td>Z91-8500-03<\/td>\n<td>Rueda mezcladora de muestras<\/td>\n<td>230V \/ 1 fase \/ 50Hz<\/td>\n<\/tr>\n<tr>\n<td>Z91-8500-07<\/td>\n<td>Rueda mezcladora de muestras<\/td>\n<td>230V \/ 1 fase \/ 60Hz<\/td>\n<\/tr>\n<\/tbody>\n<\/table>\n<p><strong>Accesorios y repuestos opcionales<\/strong><\/p>\n<table>\n<tbody>\n<tr>\n<th>Cat\u00e1logo No.<\/th>\n<th>Descripci\u00f3n<\/th>\n<\/tr>\n<tr>\n<td>90-2587-01<\/td>\n<td>Frasco de vidrio de 8 oz. (236.59 ml) para muestras de carb\u00f3n<\/td>\n<\/tr>\n<tr>\n<td>90-2587-01P<\/td>\n<td>Frasco de pl\u00e1stico de 8 oz. (236.59 ml) para muestras de carb\u00f3n<\/td>\n<\/tr>\n<tr>\n<td>Z91-8500-12<\/td>\n<td>Recubrimiento para soportes de frascos en la rueda mezcladora<\/td>\n<\/tr>\n<tr>\n<td>91-8515-02<\/td>\n<td>Jack Rocks, 500\/paquete<\/td>\n<\/tr>\n<tr>\n<td>91-6310-01<\/td>\n<td>Embudo de llenado para frascos de muestras de carb\u00f3n<\/td>\n<\/tr>\n<tr>\n<td>91-6320-01<\/td>\n<td>Soporte de acero para el embudo de llenado<\/td>\n<\/tr>\n<\/tbody>\n<\/table>\n<div class=\"imagewrapper\">\n<div><img decoding=\"async\" loading=\"lazy\" src=\"https:\/\/preiser.com\/wp-content\/uploads\/Mini-Mixing-Wheel.jpg\" alt=\"\" width=\"300\" height=\"243\" class=\"alignnone size-full wp-image-401\"><\/div>\n<p>Z95-8501-01 Rueda peque\u00f1a mezcladora de muestras<\/p>\n<\/div>\n<h2>Rueda peque\u00f1a mezcladora de muestras<\/h2>\n<p>Excelente para la preparaci\u00f3n de muestras homog\u00e9neas de carb\u00f3n. La rueda peque\u00f1a mezcladora de muestras hace girar continuamente hasta seis frascos de vidrio o pl\u00e1stico de 8 oz. (236.59 ml) con muestras de carb\u00f3n pulverizado y Jack Rocks. Abrazaderas grandes de tres patas con tornillos bloqueables sujetan los frascos de forma segura<\/p>\n<ul>\n<li>El control remoto de la velocidad permite una operaci\u00f3n segura<\/li>\n<li>Se suministra con velocidad variable, 10-60 rpm de motor continuo<\/li>\n<li>La velocidad y el \u00e1ngulo de operaci\u00f3n son ajustables a las especificaciones ASTM<\/li>\n<li>Los accesorios \u201cJack Rocks\u201d 91-8515-02  proporcionan un r\u00e1pido y eficiente mezclado de las muestras de carb\u00f3n<\/li>\n<li>La mezcla de las muestras en los frascos de vidrio se puede observar continuamente durante la operaci\u00f3n<\/li>\n<li>Los frascos para muestras de carb\u00f3n y los Jack Rocks se deben pedir por separado<\/li>\n<\/ul>\n<table>\n<tbody>\n<tr>\n<th>Cat\u00e1logo No.<\/th>\n<th>Descripci\u00f3n<\/th>\n<th>Tensi\u00f3n \/ Fase \/ Hz<\/th>\n<\/tr>\n<tr>\n<td>Z95-8501-01<\/td>\n<td>Rueda peque\u00f1a mezcladora de muestras<\/td>\n<td>120V \/ 1 fase \/ 60Hz<\/td>\n<\/tr>\n<tr>\n<td>Z95-8501-10<\/td>\n<td>Rueda peque\u00f1a mezcladora de muestras<\/td>\n<td>240V \/ 1 fase \/ 50Hz<\/td>\n<\/tr>\n<tr>\n<td>Z95-8501-20<\/td>\n<td>Rueda peque\u00f1a mezcladora de muestras<\/td>\n<td>240V \/ 1 fase \/ 60Hz<\/td>\n<\/tr>\n<\/tbody>\n<\/table>\n<table>\n<tbody>\n<tr>\n<th>Cat\u00e1logo No.<\/th>\n<th>Descripci\u00f3n<\/th>\n<\/tr>\n<tr>\n<td>90-2587-01<\/td>\n<td>Frascos de vidrio de 8oz. para muestras de carb\u00f3n, 8 oz.<\/td>\n<\/tr>\n<tr>\n<td>90-2587-01P<\/td>\n<td>Frascos de pl\u00e1stico de 8oz. para muestras de carb\u00f3n, 8 oz.<\/td>\n<\/tr>\n<tr>\n<td>91-8515-02<\/td>\n<td>Jack Rocks, 500\/paquete<\/td>\n<\/tr>\n<tr>\n<td>91-6310-01<\/td>\n<td>Embudo de llenado para frascos de muestras de carb\u00f3n<\/td>\n<\/tr>\n<tr>\n<td>91-6320-01<\/td>\n<td>Soporte de acero para el embudo de llenado<\/td>\n<\/tr>\n<\/tbody>\n<\/table>\n","protected":false},"excerpt":{"rendered":"<p>Ruedas mezcladoras de gran tama\u00f1o Preiser La rueda mezcladora de gran tama\u00f1o Preiser tiene capacidad para 14 muestras Simplemente coloque el carb\u00f3n pulverizado en los frascos para muestras de carb\u00f3n, coloque los frascos en los soportes para frascos en la rueda, e inicie la rotaci\u00f3n de la rueda hasta que la muestra est\u00e9 bien mezclada. [&hellip;]<\/p>\n","protected":false},"author":1,"featured_media":100735,"parent":100561,"menu_order":0,"comment_status":"closed","ping_status":"closed","template":"product.php","meta":{"_et_pb_use_builder":"","_et_pb_old_content":"","_et_gb_content_width":""},"acf":[],"_links":{"self":[{"href":"https:\/\/preiser.com\/es-es\/wp-json\/wp\/v2\/pages\/100576"}],"collection":[{"href":"https:\/\/preiser.com\/es-es\/wp-json\/wp\/v2\/pages"}],"about":[{"href":"https:\/\/preiser.com\/es-es\/wp-json\/wp\/v2\/types\/page"}],"author":[{"embeddable":true,"href":"https:\/\/preiser.com\/es-es\/wp-json\/wp\/v2\/users\/1"}],"replies":[{"embeddable":true,"href":"https:\/\/preiser.com\/es-es\/wp-json\/wp\/v2\/comments?post=100576"}],"version-history":[{"count":1,"href":"https:\/\/preiser.com\/es-es\/wp-json\/wp\/v2\/pages\/100576\/revisions"}],"predecessor-version":[{"id":100736,"href":"https:\/\/preiser.com\/es-es\/wp-json\/wp\/v2\/pages\/100576\/revisions\/100736"}],"up":[{"embeddable":true,"href":"https:\/\/preiser.com\/es-es\/wp-json\/wp\/v2\/pages\/100561"}],"wp:featuredmedia":[{"embeddable":true,"href":"https:\/\/preiser.com\/es-es\/wp-json\/wp\/v2\/media\/100735"}],"wp:attachment":[{"href":"https:\/\/preiser.com\/es-es\/wp-json\/wp\/v2\/media?parent=100576"}],"curies":[{"name":"wp","href":"https:\/\/api.w.org\/{rel}","templated":true}]}}