{"id":100580,"date":"2018-06-05T20:08:35","date_gmt":"2018-06-05T20:08:35","guid":{"rendered":"http:\/\/preiser.com\/?page_id=100580"},"modified":"2022-11-17T22:33:19","modified_gmt":"2022-11-17T22:33:19","slug":"agitadores-de-tamices","status":"publish","type":"page","link":"https:\/\/preiser.com\/es-es\/productos\/separacin\/agitadores-de-tamices\/","title":{"rendered":"Agitadores de tamices"},"content":{"rendered":"<p>El est\u00e1ndar de la industria de la miner\u00eda del carb\u00f3n en agitadores de tamices para pruebas. El agitador de tamices RO-TAP<sup>\u00ae<\/sup> utiliza una operaci\u00f3n bidimensional especial &#8211; un movimiento circular y un movimiento vertical de toques suaves &#8211; que permite que el material particulado se estratifique y &#8220;busque&#8221; aberturas cr\u00edticas en los tamices para pruebas. El resultado es el m\u00e1s preciso y coherente an\u00e1lisis de part\u00edculas. Dise\u00f1ado para uso intensivo y requiere mantenimiento nominal. Tiene un reloj digital de 99 minutos<\/p>\n<ul>\n<li>El modelo RX-29 est\u00e1 dise\u00f1ado para realizar pruebas con tamices de 8\u201d (20.32 cm) de di\u00e1metro de altura completa con diferentes aberturas. La prueba de una muestra se puede hacer en una serie de 6 tamices con una sola operaci\u00f3n del RO-TAP<sup>\u00ae<\/sup>.<\/li>\n<li>El modelo RX-30 se recomienda para realizar pruebas con tamices de 12\u201d (30.48) de di\u00e1metro de altura completa  y la prueba de una muestra se puede hacer en una serie de 4 tamices de diferentes aberturas.<\/li>\n<li>El RX-94 Ro-Tap\u2122 utiliza el mismo dise\u00f1o tradicional del RX-29 pero tiene 2 columnas de agitadores de tamices, cada una dise\u00f1ada para contener solo tamices de 8\u201d (20.32 cm) de di\u00e1metro. Esto permite duplicar la capacidad de procesamiento normal en el mismo lapso de tiempo que se requiere para completar una prueba.<\/li>\n<li>Generalmente se recomienda usar tamices de lat\u00f3n de altura completa con tela de acero inoxidable, pero tambi\u00e9n est\u00e1n disponibles tamices de lat\u00f3n con tela de lat\u00f3n. Para todos los agitadores de tamiz. Tambi\u00e9n se pueden hacer pedidos especiales de tamices de media altura.<\/li>\n<li>Dimensiones del RX-29 y RX-30: 36\u201d (91.44 cm) (ancho) x 27\u201d (68.58 cm) (profundidad) x 34\u201d (86.36 cm) (altura); Peso de env\u00edo: 255 lbs (115.67 kg)<\/li>\n<li>Dimensiones del RX-94: 30\u201d (76.20 cm) (largo) x 27\u201d (68.58 cm) (ancho) x 26\u201d (66.04 cm) (altura). Peso de env\u00edo: 242 lbs (109.77 kg)<\/li>\n<\/ul>\n<table>\n<tbody>\n<tr>\n<th>Cat\u00e1logo No.<\/th>\n<th>Descripci\u00f3n<\/th>\n<th>Tensi\u00f3n \/ Fase \/ Hz<\/th>\n<\/tr>\n<tr>\n<td>91-9184-01<\/td>\n<td>Agitador de tamices RX-29<\/td>\n<td>115V \/ 1 fase \/ 60Hz<\/td>\n<\/tr>\n<tr>\n<td>91-9184-02<\/td>\n<td>Agitador de tamices RX-29<\/td>\n<td>230V \/ 1 fase \/ 50Hz<\/td>\n<\/tr>\n<tr>\n<td>91-9184-03<\/td>\n<td>Agitador de tamices RX-29<\/td>\n<td>230V \/ 1 fase \/ 60Hz<\/td>\n<\/tr>\n<tr>\n<td>91-9184-12<\/td>\n<td>Agitador de tamices RX-30<\/td>\n<td>115V \/ 1 fase \/ 60Hz<\/td>\n<\/tr>\n<tr>\n<td>91-9184-13<\/td>\n<td>Agitador de tamices RX-30<\/td>\n<td>230V \/ 1 fase \/ 50Hz<\/td>\n<\/tr>\n<tr>\n<td>91-9184-14<\/td>\n<td>Agitador de tamices RX-30<\/td>\n<td>230V \/ 1 fase \/ 60Hz<\/td>\n<\/tr>\n<\/tbody>\n<\/table>\n<p><strong>EE.UU. Series de tamices<\/strong><\/p>\n<p><a href=\"https:\/\/preiser.com\/contacto\/\">Cont\u00e1ctenos<\/a> para obtener informaci\u00f3n sobre las opciones de tama\u00f1o de los tamices, todas las configuraciones est\u00e1ndar est\u00e1n disponibles.<\/p>\n<p><strong>Accesorios para tamices<\/strong><\/p>\n<table>\n<tbody>\n<tr>\n<th>Cat\u00e1logo No.<\/th>\n<th>Descripci\u00f3n<\/th>\n<\/tr>\n<tr>\n<td>91-9158-01<\/td>\n<td>Bandeja inferior de acero inoxidable, di\u00e1metro de 8\u201d (20.32 cm)<\/td>\n<\/tr>\n<tr>\n<td>91-9158-02<\/td>\n<td>Bandeja inferior de lat\u00f3n, di\u00e1metro de 8\u201d (20.32 cm)<\/td>\n<\/tr>\n<tr>\n<td>91-9158-03<\/td>\n<td>Bandeja inferior de acero inoxidable, di\u00e1metro de 12\u201d (30.48 cm)<\/td>\n<\/tr>\n<tr>\n<td>91-9158-04<\/td>\n<td>Bandeja inferior de lat\u00f3n, di\u00e1metro de 12\u201d (30.48 cm)<\/td>\n<\/tr>\n<tr>\n<td>91-9159-02<\/td>\n<td>Cubierta para tamiz, lat\u00f3n, 8\u201d (20.32 cm)<\/td>\n<\/tr>\n<tr>\n<td>91-9159-04<\/td>\n<td>Cubierta para tamiz, lat\u00f3n, 12\u201d (30.48 cm)<\/td>\n<\/tr>\n<tr>\n<td>90-3190-01<\/td>\n<td>Cepillo para limpiar tamiz, 8\u201d (20.32 cm)<\/td>\n<\/tr>\n<tr>\n<td>90-3200-01<\/td>\n<td>Cepillo para limpiar tamiz, 12\u201d (30.48 cm)<\/td>\n<\/tr>\n<tr>\n<td>91-9186-01<\/td>\n<td>Aislador de sonido par los agitadores de tamices RX29 y RX30<br \/>\nReduce el nivel de ruido de aproximadamente 85 Db a 60 Db<br \/>\nTiene 2 puertas y un panel de apertura en la parte superior, revestimiento interior de espuma ac\u00fastica<br \/>\nDimensiones: 35\u201d (88.90 cm) (altura) x 24\u201d (60.96 cm) (ancho) x 29\u201d (73.66 cm) (altura); Peso unitario: 90 lbs (48.82 kg)<\/td>\n<\/tr>\n<tr>\n<td>91-9186-03<\/td>\n<td>Soporte de prueba para RX-29 y RX-30<br \/>\nPuede utilizarse con o sin el gabinete aislador de sonido<\/td>\n<\/tr>\n<\/tbody>\n<\/table>\n","protected":false},"excerpt":{"rendered":"<p>El est\u00e1ndar de la industria de la miner\u00eda del carb\u00f3n en agitadores de tamices para pruebas. El agitador de tamices RO-TAP\u00ae utiliza una operaci\u00f3n bidimensional especial &#8211; un movimiento circular y un movimiento vertical de toques suaves &#8211; que permite que el material particulado se estratifique y &#8220;busque&#8221; aberturas cr\u00edticas en los tamices para pruebas. [&hellip;]<\/p>\n","protected":false},"author":1,"featured_media":100738,"parent":100561,"menu_order":0,"comment_status":"closed","ping_status":"closed","template":"product.php","meta":{"_et_pb_use_builder":"","_et_pb_old_content":"","_et_gb_content_width":""},"acf":[],"_links":{"self":[{"href":"https:\/\/preiser.com\/es-es\/wp-json\/wp\/v2\/pages\/100580"}],"collection":[{"href":"https:\/\/preiser.com\/es-es\/wp-json\/wp\/v2\/pages"}],"about":[{"href":"https:\/\/preiser.com\/es-es\/wp-json\/wp\/v2\/types\/page"}],"author":[{"embeddable":true,"href":"https:\/\/preiser.com\/es-es\/wp-json\/wp\/v2\/users\/1"}],"replies":[{"embeddable":true,"href":"https:\/\/preiser.com\/es-es\/wp-json\/wp\/v2\/comments?post=100580"}],"version-history":[{"count":1,"href":"https:\/\/preiser.com\/es-es\/wp-json\/wp\/v2\/pages\/100580\/revisions"}],"predecessor-version":[{"id":100739,"href":"https:\/\/preiser.com\/es-es\/wp-json\/wp\/v2\/pages\/100580\/revisions\/100739"}],"up":[{"embeddable":true,"href":"https:\/\/preiser.com\/es-es\/wp-json\/wp\/v2\/pages\/100561"}],"wp:featuredmedia":[{"embeddable":true,"href":"https:\/\/preiser.com\/es-es\/wp-json\/wp\/v2\/media\/100738"}],"wp:attachment":[{"href":"https:\/\/preiser.com\/es-es\/wp-json\/wp\/v2\/media?parent=100580"}],"curies":[{"name":"wp","href":"https:\/\/api.w.org\/{rel}","templated":true}]}}