{"id":100588,"date":"2018-06-05T20:39:37","date_gmt":"2018-06-05T20:39:37","guid":{"rendered":"http:\/\/preiser.com\/?page_id=100588"},"modified":"2022-11-17T22:33:01","modified_gmt":"2022-11-17T22:33:01","slug":"sistemas-de-fusin-de-cenizas","status":"publish","type":"page","link":"https:\/\/preiser.com\/es-es\/productos\/anlisis\/sistemas-de-fusin-de-cenizas\/","title":{"rendered":"Sistemas de fusi\u00f3n de cenizas"},"content":{"rendered":"<p>Los sistemas de fusi\u00f3n de cenizas Preiser Scientific est\u00e1n dise\u00f1ados para determinar las temperaturas de deformaci\u00f3n del cono de cenizas en cenizas de carb\u00f3n y de coque seg\u00fan la norma ASTM D-1857 y la norma ISO 540 (opci\u00f3n atm\u00f3sfera reductora CO\/CO2)<\/p>\n<p>El sistema de fusi\u00f3n de cenizas de horno dual modelo PAF 2014 est\u00e1 compuesto de dos hornos y una torre de control, y una computadora interfaz para el usuario. Una computadora integral con sistema operativo Windows\u00ae permite la recopilaci\u00f3n y el an\u00e1lisis de im\u00e1genes simult\u00e1neamente. El sistema de fusi\u00f3n de cenizas de horno \u00fanico est\u00e1 compuesto de un solo horno y una torre de control, y se suministra con los mismos elementos y caracter\u00edsticas adicionales que la unidad dual.<\/p>\n<p>La torre de control consta del controlador de temperatura del horno, protecci\u00f3n contra exceso de temperatura, y captura de v\u00eddeo. Las comunicaciones de v\u00eddeo y del horno con la computadora del usuario se realizan a trav\u00e9s de una \u00fanica interfaz USB que transfiere instrucciones y solicitudes de consulta al horno, junto con v\u00eddeo en vivo de las c\u00e1maras del horno.<\/p>\n<p>El software de an\u00e1lisis permite al usuario revisar y generar manualmente  informes de las pruebas completadas. Un algoritmo de autosugerencia permite completar previamente el an\u00e1lisis para que los t\u00e9cnicos de laboratorio puedan realizar la revisi\u00f3n final y ajuste de los datos. Los resultados de las pruebas, los archivos de registro y la configuraci\u00f3n de los instrumentos se pueden ver en el programa. Estos archivos se pueden enviar a una impresora, remitir usando el correo electr\u00f3nico integrado, ver en un disco compartido, o acceder a trav\u00e9s de un sistema LIMS. El almacenamiento de datos de los instrumentos permite acumular aproximadamente 5 a\u00f1os de datos e im\u00e1genes de pruebas.<\/p>\n<p><strong>Caracter\u00edsticas<\/strong><\/p>\n<ul>\n<li>La configuraci\u00f3n de horno dual permite analizar hasta 16 muestras simult\u00e1neamente; en la configuraci\u00f3n de horno \u00fanico se pueden analizar hasta 8 muestras al mismo tiempo<\/li>\n<li>Permite el an\u00e1lisis manual o por sugerencias autom\u00e1ticas<\/li>\n<li>Rango de prueba generalmente entre 750\u00b0 F y 2,800\u00b0 F (398.89\u00b0 C y 1,537.78\u00b0 C); temperatura m\u00e1xima 2,825\u00b0 F (1,551.67\u00b0 C)<\/li>\n<li>La velocidad de incremento de la temperatura puede ajustarse desde 1\u00baF a 20\u00baF\/minuto (1\u00baC a 12\u00baC\/minuto); est\u00e1 pre-configurado con los par\u00e1metros de las normas ASTM e ISO<\/li>\n<li>Posicionamiento del sistema de c\u00e1mara de visi\u00f3n directa con filtro IR mediante un brazo externo<\/li>\n<li>Muy bajo consumo de gas (0.8-1.0LPM); no requiere gas de purga<\/li>\n<li>Requiere una mezcla de gas CO\/CO2 para el funcionamiento del procedimiento de prueba<\/li>\n<li>Incluye un monitor de CO y tres niveles de protecci\u00f3n contra exceso de temperatura del horno (controlador de temperatura, controlador de exceso de temperatura, monitoreo a trav\u00e9s de la computadora del usuario)<\/li>\n<li>C\u00e1mara de v\u00eddeo con sensor CCD de \u00bd&#8221;  (1.27 cm), tecnolog\u00eda XF-Dynamic y de procesamiento de imagen, lentes con iris autom\u00e1tico, filtros UV y de calor<\/li>\n<li>El juego para completar el horno de fusi\u00f3n de cenizas* es necesario y debe incluirse en el pedido inicial, e incluye un molde base para muestras, hilo de oro, alambre de n\u00edquel, y productos qu\u00edmicos de mantenimiento para utilizar con cada unidad.<\/li>\n<\/ul>\n<p><strong>Dimensiones<\/strong><\/p>\n<p>Horno \u00danico: 25\u201d (63.50 cm) (largo) x 17\u201d (43.18 cm) (ancho) x 19\u201d (48.26 cm) (altura)<br \/>\nHorno dual: 50\u201d (127.00 cm) (largo) x 17\u201d (43.18cm) (ancho) x 19\u201d (48.26 cm) (altura)<br \/>\nControlador: 23\u201d (58.42 cm) (largo) x 11\u201d (27.94 cm) (ancho) x 20\u201d (50.80 cm) (altura)<\/p>\n<p><strong>Peso de env\u00edo<\/strong><\/p>\n<p>Horno \u00fanico: 457 lbs (207.29 kg)<br \/>\nHorno dual: 700 lbs (317.51 kg)<\/p>\n<table>\n<tbody>\n<tr>\n<th>Cat\u00e1logo No.<\/th>\n<th>Descripci\u00f3n<\/th>\n<th>Tensi\u00f3n \/ Fase \/ Hz<\/th>\n<\/tr>\n<tr>\n<td>Z90-8252-01<\/td>\n<td>Sistema de fusi\u00f3n de cenizas de horno \u00fanico<\/td>\n<td>240V \/ 1 fase \/ 50-60Hz<\/td>\n<\/tr>\n<tr>\n<td>Z90-8252-02<\/td>\n<td>Sistema de fusi\u00f3n de cenizas de horno dual<\/td>\n<td>240V \/ 1 fase \/ 50-60Hz<\/td>\n<\/tr>\n<tr>\n<td>Z90-8249-01<\/td>\n<td>Juego para completar el sistema de fusi\u00f3n de cenizas*<\/td>\n<td><\/td>\n<\/tr>\n<\/tbody>\n<\/table>\n<p class=\"footnote\">*Obligatorio con el pedido inicial del sistema de fusi\u00f3n de cenizas<\/p>\n","protected":false},"excerpt":{"rendered":"<p>Los sistemas de fusi\u00f3n de cenizas Preiser Scientific est\u00e1n dise\u00f1ados para determinar las temperaturas de deformaci\u00f3n del cono de cenizas en cenizas de carb\u00f3n y de coque seg\u00fan la norma ASTM D-1857 y la norma ISO 540 (opci\u00f3n atm\u00f3sfera reductora CO\/CO2) El sistema de fusi\u00f3n de cenizas de horno dual modelo PAF 2014 est\u00e1 compuesto [&hellip;]<\/p>\n","protected":false},"author":1,"featured_media":100698,"parent":100585,"menu_order":0,"comment_status":"closed","ping_status":"closed","template":"product.php","meta":{"_et_pb_use_builder":"","_et_pb_old_content":"","_et_gb_content_width":""},"acf":[],"_links":{"self":[{"href":"https:\/\/preiser.com\/es-es\/wp-json\/wp\/v2\/pages\/100588"}],"collection":[{"href":"https:\/\/preiser.com\/es-es\/wp-json\/wp\/v2\/pages"}],"about":[{"href":"https:\/\/preiser.com\/es-es\/wp-json\/wp\/v2\/types\/page"}],"author":[{"embeddable":true,"href":"https:\/\/preiser.com\/es-es\/wp-json\/wp\/v2\/users\/1"}],"replies":[{"embeddable":true,"href":"https:\/\/preiser.com\/es-es\/wp-json\/wp\/v2\/comments?post=100588"}],"version-history":[{"count":1,"href":"https:\/\/preiser.com\/es-es\/wp-json\/wp\/v2\/pages\/100588\/revisions"}],"predecessor-version":[{"id":100699,"href":"https:\/\/preiser.com\/es-es\/wp-json\/wp\/v2\/pages\/100588\/revisions\/100699"}],"up":[{"embeddable":true,"href":"https:\/\/preiser.com\/es-es\/wp-json\/wp\/v2\/pages\/100585"}],"wp:featuredmedia":[{"embeddable":true,"href":"https:\/\/preiser.com\/es-es\/wp-json\/wp\/v2\/media\/100698"}],"wp:attachment":[{"href":"https:\/\/preiser.com\/es-es\/wp-json\/wp\/v2\/media?parent=100588"}],"curies":[{"name":"wp","href":"https:\/\/api.w.org\/{rel}","templated":true}]}}