{"id":100599,"date":"2018-06-05T21:14:31","date_gmt":"2018-06-05T21:14:31","guid":{"rendered":"http:\/\/preiser.com\/?page_id=100599"},"modified":"2022-11-17T22:32:59","modified_gmt":"2022-11-17T22:32:59","slug":"calormetros","status":"publish","type":"page","link":"https:\/\/preiser.com\/es-es\/productos\/anlisis\/calormetros\/","title":{"rendered":"Calor\u00edmetros"},"content":{"rendered":"<h2>Calor\u00edmetro Parr 6400<\/h2>\n<p>El sistema de calor\u00edmetro expandido isoperib\u00f3lico autom\u00e1tico Parr 6400 incorpora un calor\u00edmetro altamente automatizado, dise\u00f1ado para que el usuario no tenga que realizar las operaciones manuales requeridas en los calor\u00edmetros tradicionales, minimizando as\u00ed el tiempo de operador requerido por prueba, ya que un operador puede manejar hasta cuatro calor\u00edmetros 6400 simult\u00e1neamente. Es una unidad independiente que requiere un m\u00ednimo espacio en el mes\u00f3n de laboratorio, con capacidad para ejecutar 6-8 pruebas en una hora con alto nivel de precisi\u00f3n en un rango de muestras de 5,000-8,000 calor\u00edas. Incluye una bomba fija y un dise\u00f1o de cubeta para una operaci\u00f3n automatizada. El cabezal de la bomba es desmontable para una carga r\u00e1pida y sencilla. Sistema de refrigeraci\u00f3n con recirculaci\u00f3n con un conjunto termoel\u00e9ctrico de enfriamiento conectado a un tanque de 1 litro para el suministro de agua de refrigeraci\u00f3n al calor\u00edmetro. El lavado de la bomba despu\u00e9s de la prueba es autom\u00e1tico. Con puertos de comunicaci\u00f3n RS232C para la balanza y la impresora, y una conexi\u00f3n de red Ethernet. Se suministra con un dep\u00f3sito de lavado, una impresora, un conjunto de cabezal de bomba adicional, un juego de mantenimiento de la bomba y un paquete de servicio de 1 a\u00f1o. Requiere una fuente de 99,9% de ox\u00edgeno, una fuente de nitr\u00f3geno o c\u00e1mara de aire a 80 psi (5,5 bar), y agua desionizada para instalaci\u00f3n y uso.<\/p>\n<p>Tambi\u00e9n est\u00e1 disponible un sistema de calor\u00edmetro modelo 6420 expandido que permite el funcionamiento en un sistema con recirculaci\u00f3n y el manejo de muchas m\u00e1s pruebas con un m\u00ednimo esfuerzo del operador y una mayor precisi\u00f3n. Incluye un calor\u00edmetro modelo 6400, una impresora, un conjunto de cabezal de bomba adicional y un juego de piezas de repuesto.<\/p>\n<p>Dimensiones del calor\u00edmetro \u00fanicamente. 20\u201d (50.80 cm) (altura) x 17\u201d (43.18 cm) (ancho) x 16\u201d (40.64 cm) (profundidad) ; Peso: 70 lbs (31.75 kg)<\/p>\n<table>\n<tbody>\n<tr>\n<th>Cat\u00e1logo No.<\/th>\n<th>Descripci\u00f3n<\/th>\n<th>Tensi\u00f3n \/ Fase \/ Hz<\/th>\n<\/tr>\n<tr>\n<td>*90-4060-01<\/td>\n<td>Calor\u00edmetro Parr 6400<\/td>\n<td>110V \/ 1 fase \/ 50-60Hz<\/td>\n<\/tr>\n<tr>\n<td>*90-4060-06<\/td>\n<td>Calor\u00edmetro Parr 6400<\/td>\n<td>230V \/ 1 fase \/ 50-60Hz<\/td>\n<\/tr>\n<\/tbody>\n<\/table>\n<p><strong>Sistemas expandidos Parr 6420<\/strong><\/p>\n<table>\n<tbody>\n<tr>\n<th>Cat\u00e1logo No.<\/th>\n<th>Descripci\u00f3n<\/th>\n<th>Tensi\u00f3n \/ Fase \/ Hz<\/th>\n<\/tr>\n<tr>\n<td>*90-4060-03<\/td>\n<td>Calor\u00edmetro Parr Modelo 6420<\/td>\n<td>115V \/ 1 fase \/ 50-60Hz<\/td>\n<\/tr>\n<tr>\n<td>*90-4060-04<\/td>\n<td>Calor\u00edmetro Parr modelo 6420<\/td>\n<td>230V \/ 1 fase \/ 50-60Hz<\/td>\n<\/tr>\n<\/tbody>\n<\/table>\n<p class=\"footnote\">*Puede no estar disponible para la venta en todos los pa\u00edses. Por favor solicitar una cotizaci\u00f3n antes de colocar el pedido.<\/p>\n<div class=\"imagewrapper\">\n<div><img decoding=\"async\" loading=\"lazy\" src=\"https:\/\/preiser.com\/wp-content\/uploads\/6200-parr-calorimeter.jpg\" alt=\"\" width=\"600\" height=\"600\" class=\"alignnone size-full wp-image-165\"><\/div>\n<p>90-4062-01 Calor\u00edmetro Parr modelo 6200<\/p>\n<\/div>\n<h2>Calor\u00edmetro Parr 6200<\/h2>\n<p>El sistema de calor\u00edmetro isoperib\u00f3lico Parr 6200 es un sistema aut\u00f3nomo, de alta precisi\u00f3n y alta velocidad capaz de realizar hasta 8 pruebas por hora. Se recomienda su uso en la mayor\u00eda de los laboratorios donde las pruebas calor\u00edficas del carb\u00f3n u otros combustibles s\u00f3lidos o combustibles l\u00edquidos se ejecutan de forma rutinaria. Est\u00e1 dise\u00f1ado para su uso con muestras de 0.6 hasta 1.2 gramos con una liberaci\u00f3n de energ\u00eda m\u00e1xima de 8,000 calor\u00edas por carga. Incorpora un calor\u00edmetro con una bomba de combusti\u00f3n de ox\u00edgeno desmontable y una cubeta, una chaqueta aislante de agua con temperatura controlada con sistema de circulaci\u00f3n incorporado, calentador de agua y term\u00f3metro electr\u00f3nico de precisi\u00f3n incorporado. Utiliza un sistema semiautom\u00e1tico para el llenado de ox\u00edgeno. Tiene una interfaz gr\u00e1fica de usuario de colores brillantes con pantalla t\u00e1ctil para la entrada de datos y control de la operaci\u00f3n. Con puertos de comunicaci\u00f3n USB para impresora, computadora y la red. La ranura para tarjeta compacta flash SD extra\u00edble permite actualizar los programas y archivar reportes de pruebas. Se puede configurar para proporcionar opciones, men\u00fas, y con mensajes en ingl\u00e9s, franc\u00e9s o alem\u00e1n. Realiza 6-8 pruebas por hora. Requiere una fuente de 99.9% de ox\u00edgeno y agua desionizada para su instalaci\u00f3n y uso.<\/p>\n<p>Tambi\u00e9n est\u00e1 disponible un sistema de calor\u00edmetro modelo 6220 expandido que permite el funcionamiento en un sistema con recirculaci\u00f3n y el manejo de muchas m\u00e1s pruebas con un m\u00ednimo esfuerzo del operador y una mayor precisi\u00f3n. Incluye un calor\u00edmetro modelo 6200, una impresora, un sistema de manejo de agua, una bomba adicional, una cubeta ovalada y un juego de piezas de repuesto.<\/p>\n<p>Dimensiones del calor\u00edmetro \u00fanicamente: 17\u201d (43.18 cm) (altura) x 23\u201d (58.42 cm) (ancho) x 17\u201d (43.18 cm) (profundidad) ; Peso: 70 lbs (31.75 kg)<\/p>\n<table>\n<tbody>\n<tr>\n<th>Cat\u00e1logo No.<\/th>\n<th>Descripci\u00f3n<\/th>\n<th>Tensi\u00f3n \/ Fase \/ Hz<\/th>\n<\/tr>\n<tr>\n<td>*90-4062-01<\/td>\n<td>Calor\u00edmetro Parr 6200<\/td>\n<td>115V \/ 1 fase \/ 50-60Hz<\/td>\n<\/tr>\n<tr>\n<td>*90-4062-02<\/td>\n<td>Calor\u00edmetro Parr 6200<\/td>\n<td>220V \/ 1 fase \/ 50-60Hz<\/td>\n<\/tr>\n<\/tbody>\n<\/table>\n<p><strong>Sistemas expandidos Parr 6220<\/strong><\/p>\n<table>\n<tbody>\n<tr>\n<th>Cat\u00e1logo No.<\/th>\n<th>Descripci\u00f3n<\/th>\n<th>Tensi\u00f3n \/ Fase \/ Hz<\/th>\n<\/tr>\n<tr>\n<td>*90-4062-03<\/td>\n<td>Calor\u00edmetro Parr modelo 6220<\/td>\n<td>115V \/ 1 fase \/ 50-60Hz<\/td>\n<\/tr>\n<tr>\n<td>*90-4062-04<\/td>\n<td>Calor\u00edmetro Parr modelo 6220<\/td>\n<td>230V \/ 1 fase \/ 50-60Hz<\/td>\n<\/tr>\n<\/tbody>\n<\/table>\n<p class=\"footnote\">*Puede no estar disponible para la venta en todos los pa\u00edses. Por favor solicitar una cotizaci\u00f3n antes de colocar el pedido.<\/p>\n<div class=\"imagewrapper\">\n<div><img decoding=\"async\" loading=\"lazy\" src=\"https:\/\/preiser.com\/wp-content\/uploads\/6100-parr-calorimeter.jpg\" alt=\"\" width=\"600\" height=\"600\" class=\"alignnone size-full wp-image-169\"><\/div>\n<p>90-4061-01 Calor\u00edmetro Parr modelo 6100<\/p>\n<\/div>\n<h2>Calor\u00edmetro Parr 6100<\/h2>\n<p>El calor\u00edmetro Parr 6100 ha sido dise\u00f1ado para ofrecer un calor\u00edmetro de precio moderado a los usuarios que deseen las funciones autom\u00e1ticas provistas en el modelo 6200, pero que no requieran la m\u00e1xima precisi\u00f3n posible. Tiene una bomba de ox\u00edgeno desmontable y una cubeta. Utiliza una interfaz gr\u00e1fica de usuario con software, hardware digital, y capacidades de comunicaci\u00f3n. Tiene una chaqueta est\u00e1tica aislante alrededor de la cubeta. Funciona a temperatura ambiente aproximadamente aprovechando plenamente la capacidad de microprocesadores modernos para monitorear la temperatura de la chaqueta y aplicar las correcciones en tiempo real. Tiene un sistema semiautom\u00e1tico para cargar la bomba con ox\u00edgeno. Requiere una fuente de 99.9% de ox\u00edgeno y agua desionizada para su instalaci\u00f3n y uso.<\/p>\n<p>Tambi\u00e9n est\u00e1 disponible un sistema de calor\u00edmetro modelo 6100 expandido que permite el funcionamiento y el manejo de muchas m\u00e1s pruebas con un m\u00ednimo esfuerzo del operador. Incluye un calor\u00edmetro modelo 6100, una impresora, una bomba adicional, una cubeta ovalada y un juego de piezas de repuesto.<\/p>\n<p>Dimensiones del calor\u00edmetro \u00fanicamente: 17\u201d (43.18 cm) (altura) x 23\u201d (58.42 cm) (ancho) x 17\u201d (43.18 cm) (profundidad) ; Peso: 70 lbs (31.75 kg)<\/p>\n<table>\n<tbody>\n<tr>\n<th>Cat\u00e1logo No.<\/th>\n<th>Descripci\u00f3n<\/th>\n<th>Tensi\u00f3n \/ Fase \/ Hz<\/th>\n<\/tr>\n<tr>\n<td>*90-4061-01<\/td>\n<td>Calor\u00edmetro Parr 6100<\/td>\n<td>110V \/ 1 fase \/ 50-60Hz<\/td>\n<\/tr>\n<tr>\n<td>*90-4061-02<\/td>\n<td>Calor\u00edmetro Parr 6100<\/td>\n<td>220V \/ 1 fase \/ 50-60Hz<\/td>\n<\/tr>\n<\/tbody>\n<\/table>\n<p><strong>Sistemas expandidos Parr 6100<\/strong><\/p>\n<table>\n<tbody>\n<tr>\n<th>Cat\u00e1logo No.<\/th>\n<th>Descripci\u00f3n<\/th>\n<th>Tensi\u00f3n \/ Fase \/ Hz<\/th>\n<\/tr>\n<tr>\n<td>*90-4061-03<\/td>\n<td>Calor\u00edmetro Parr modelo 6100E<\/td>\n<td>115V \/ 1 fase \/ 50-60Hz<\/td>\n<\/tr>\n<tr>\n<td>*90-4061-04<\/td>\n<td>Calor\u00edmetro Parr modelo 6100E<\/td>\n<td>230V \/ 1 fase \/ 50-60Hz<\/td>\n<\/tr>\n<\/tbody>\n<\/table>\n<p class=\"footnote\">*Puede no estar disponible para la venta en todos los pa\u00edses. Por favor solicitar una cotizaci\u00f3n antes de colocar el pedido.<\/p>\n<table class=\"shaded\">\n<tbody>\n<tr>\n<th class=\"subhead\" colspan=\"3\">Comparaci\u00f3n de modelos de calor\u00edmetros por caracter\u00edsticas<\/th>\n<\/tr>\n<tr>\n<th>6400<\/th>\n<th>6200<\/th>\n<th>6100<\/th>\n<\/tr>\n<tr class=\"grey\">\n<td colspan=\"3\">Pruebas por hora<\/td>\n<\/tr>\n<tr>\n<td>6-8 seg\u00fan est\u00e9 equipado<\/td>\n<td>4-8 seg\u00fan est\u00e9 equipado<\/td>\n<td>4-8 seg\u00fan est\u00e9 equipado<\/td>\n<\/tr>\n<tr class=\"grey\">\n<td colspan=\"3\">Tiempo del operador por prueba<\/td>\n<\/tr>\n<tr>\n<td>1 minuto<\/td>\n<td>6 minutos<\/td>\n<td>6 minutos<\/td>\n<\/tr>\n<tr class=\"grey\">\n<td colspan=\"3\">Repetibilidad<\/td>\n<\/tr>\n<tr>\n<td>0.10%<\/td>\n<td>0.10%<\/td>\n<td>0.20%<\/td>\n<\/tr>\n<tr class=\"grey\">\n<td colspan=\"3\">Tipo de calor\u00edmetro<\/td>\n<\/tr>\n<tr>\n<td>Isoperib\u00f3lico<\/td>\n<td>Isoperib\u00f3lico<\/td>\n<td>Con compensaci\u00f3n<\/td>\n<\/tr>\n<tr class=\"grey\">\n<td colspan=\"3\">Tipo de bomba<\/td>\n<\/tr>\n<tr>\n<td>Cilindro semifijo<\/td>\n<td>Bomba desmontable<\/td>\n<td>Bomba desmontable<\/td>\n<\/tr>\n<tr class=\"grey\">\n<td colspan=\"3\">Tipo de cierre<\/td>\n<\/tr>\n<tr>\n<td>\u201cQuick-Lock\u201d<\/td>\n<td>Tap\u00f3n de rosca<\/td>\n<td>Tap\u00f3n de rosca<\/td>\n<\/tr>\n<tr class=\"grey\">\n<td colspan=\"3\">Tipo de cubeta<\/td>\n<\/tr>\n<tr>\n<td>Fija<\/td>\n<td>Desmontable<\/td>\n<td>Desmontable<\/td>\n<\/tr>\n<tr class=\"grey\">\n<td colspan=\"3\">Llenado de la cubeta<\/td>\n<\/tr>\n<tr>\n<td>Autom\u00e1tico<\/td>\n<td>Manual<\/td>\n<td>Manual<\/td>\n<\/tr>\n<tr class=\"grey\">\n<td colspan=\"3\">Llenado de ox\u00edgeno<\/td>\n<\/tr>\n<tr>\n<td>Autom\u00e1tico<\/td>\n<td>Semiautom\u00e1tico<\/td>\n<td>Semiautom\u00e1tico<\/td>\n<\/tr>\n<tr class=\"grey\">\n<td colspan=\"3\">Lavado de la bomba<\/td>\n<\/tr>\n<tr>\n<td>Autom\u00e1tico presurizado<\/td>\n<td>Manual<\/td>\n<td>Manual<\/td>\n<\/tr>\n<tr class=\"grey\">\n<td colspan=\"3\">Tipo de operaci\u00f3n<\/td>\n<\/tr>\n<tr>\n<td>Pantalla t\u00e1ctil<\/td>\n<td>Pantalla t\u00e1ctil<\/td>\n<td>Pantalla t\u00e1ctil<\/td>\n<\/tr>\n<tr class=\"grey\">\n<td colspan=\"3\">Memoria<\/td>\n<\/tr>\n<tr>\n<td>1,000 pruebas<\/td>\n<td>1,000 pruebas<\/td>\n<td>1,000 pruebas<\/td>\n<\/tr>\n<tr class=\"grey\">\n<td colspan=\"3\">Conexi\u00f3n de la balanza<\/td>\n<\/tr>\n<tr>\n<td>Ethernet o USB<\/td>\n<td>Ethernet o USB<\/td>\n<td>Ethernet o USB<\/td>\n<\/tr>\n<tr class=\"grey\">\n<td colspan=\"3\">Resoluci\u00f3n de temperatura<\/td>\n<\/tr>\n<tr>\n<td>0.0001\u00c2\u00b0C<\/td>\n<td>0.0001\u00c2\u00b0C<\/td>\n<td>0.0001\u00c2\u00b0C<\/td>\n<\/tr>\n<tr class=\"grey\">\n<td colspan=\"3\">Conexi\u00f3n de la computadora<\/td>\n<\/tr>\n<tr>\n<td>Ethernet<\/td>\n<td>Ethernet<\/td>\n<td>Ethernet<\/td>\n<\/tr>\n<tr class=\"grey\">\n<td colspan=\"3\">Conexi\u00f3n de la impresora<\/td>\n<\/tr>\n<tr>\n<td>Ethernet o USB<\/td>\n<td>Ethernet o USB<\/td>\n<td>Ethernet o USB<\/td>\n<\/tr>\n<\/tbody>\n<\/table>\n","protected":false},"excerpt":{"rendered":"<p>Calor\u00edmetro Parr 6400 El sistema de calor\u00edmetro expandido isoperib\u00f3lico autom\u00e1tico Parr 6400 incorpora un calor\u00edmetro altamente automatizado, dise\u00f1ado para que el usuario no tenga que realizar las operaciones manuales requeridas en los calor\u00edmetros tradicionales, minimizando as\u00ed el tiempo de operador requerido por prueba, ya que un operador puede manejar hasta cuatro calor\u00edmetros 6400 simult\u00e1neamente. Es [&hellip;]<\/p>\n","protected":false},"author":1,"featured_media":100700,"parent":100585,"menu_order":0,"comment_status":"closed","ping_status":"closed","template":"product.php","meta":{"_et_pb_use_builder":"","_et_pb_old_content":"","_et_gb_content_width":""},"acf":[],"_links":{"self":[{"href":"https:\/\/preiser.com\/es-es\/wp-json\/wp\/v2\/pages\/100599"}],"collection":[{"href":"https:\/\/preiser.com\/es-es\/wp-json\/wp\/v2\/pages"}],"about":[{"href":"https:\/\/preiser.com\/es-es\/wp-json\/wp\/v2\/types\/page"}],"author":[{"embeddable":true,"href":"https:\/\/preiser.com\/es-es\/wp-json\/wp\/v2\/users\/1"}],"replies":[{"embeddable":true,"href":"https:\/\/preiser.com\/es-es\/wp-json\/wp\/v2\/comments?post=100599"}],"version-history":[{"count":1,"href":"https:\/\/preiser.com\/es-es\/wp-json\/wp\/v2\/pages\/100599\/revisions"}],"predecessor-version":[{"id":100701,"href":"https:\/\/preiser.com\/es-es\/wp-json\/wp\/v2\/pages\/100599\/revisions\/100701"}],"up":[{"embeddable":true,"href":"https:\/\/preiser.com\/es-es\/wp-json\/wp\/v2\/pages\/100585"}],"wp:featuredmedia":[{"embeddable":true,"href":"https:\/\/preiser.com\/es-es\/wp-json\/wp\/v2\/media\/100700"}],"wp:attachment":[{"href":"https:\/\/preiser.com\/es-es\/wp-json\/wp\/v2\/media?parent=100599"}],"curies":[{"name":"wp","href":"https:\/\/api.w.org\/{rel}","templated":true}]}}