{"id":100603,"date":"2018-06-05T21:20:28","date_gmt":"2018-06-05T21:20:28","guid":{"rendered":"http:\/\/preiser.com\/?page_id=100603"},"modified":"2022-11-17T22:33:02","modified_gmt":"2022-11-17T22:33:02","slug":"tambores-giratorios-para-coque","status":"publish","type":"page","link":"https:\/\/preiser.com\/es-es\/productos\/anlisis\/tambores-giratorios-para-coque\/","title":{"rendered":"Tambores giratorios para coque"},"content":{"rendered":"<p>El equipo para pruebas de coque en tambor doble giratorio Preiser modelo 500 est\u00e1 dise\u00f1ado y fabricado para cumplir con el m\u00e9todo de prueba de la norma ASTM D-3402 para pruebas de coque en tambor, y el m\u00e9todo de prueba de la norma ASTM E-279 para la determinaci\u00f3n de la resistencia a la abrasi\u00f3n del mineral de hierro peletizado y mineral de hierro sinterizado mediante la prueba de tambor. El doble tambor permite hacer pruebas en 2 espec\u00edmenes de la misma muestra o en 2 muestras diferentes simult\u00e1neamente.<\/p>\n<p>El tambor est\u00e1 fabricado con una placa de acero A-36 de \u00bc&#8221; (0.64 cm) de espesor con juntas soldadas. Tiene un di\u00e1metro interno de 36\u201d (91.44 cm), 41-\u00bd\u201d (105.41 cm) de longitud y dos piezas de hierro angular de acero inoxidable en el interior. Las puertas de acceso, una a cada lado del tambor para acceder a las c\u00e1maras separadas, se deslizan sobre un riel para evitar que el operador tenga que levantar la puerta del tambor. Estas puertas de acceso se bloquean con levas de bloqueo r\u00e1pido.<\/p>\n<p>El tambor est\u00e1 controlado por un controlador l\u00f3gico programable (PLC) y una pantalla t\u00e1ctil monocrom\u00e1tica de 3\u201d (7.62 cm), y botones para iniciar, detener, realizar avances sucesivos y paradas de emergencia. El bloqueo\/etiquetado se lleva a cabo por medio de un interruptor rotativo y disyuntores individuales para el circuito del motor.<\/p>\n<ul>\n<li>El tambor gira a 24\u00b1 1 revoluciones por minuto bajo carga<\/li>\n<li>Dos pruebas por muestra, seg\u00fan la metodolog\u00eda ASTM, pueden ser simult\u00e1neas<\/li>\n<li>El tama\u00f1o de las muestras de coque puede ser 3\u201d x 2\u201d (7.62 cm x 5.08 cm) seg\u00fan el procedimiento est\u00e1ndar o, como procedimiento alterno, 50% de 2\u00bd\u201d x 2\u201d (6.35 cm x 5.08 cm) y 50% de 2\u201d x 1\u00bd\u201d (5.08 cm x 3.81 cm)<\/li>\n<li>Dimensiones: 65\u201d (165.10 cm) (largo) x 43\u201d (109.22 cm) (ancho) x 70\u201d (177.80 cm) (altura) Peso de env\u00edo: 1,500 lbs (680.39 kg)<\/li>\n<\/ul>\n<table>\n<tbody>\n<tr>\n<th>Cat\u00e1logo No.<\/th>\n<th>Descripci\u00f3n<\/th>\n<th>Tensi\u00f3n \/ Fase \/ Hz<\/th>\n<\/tr>\n<tr>\n<td>94-8542-01<\/td>\n<td>Pruebas de coque en tambor<\/td>\n<td>120V \/ 1 fase \/ 50-60Hz<\/td>\n<\/tr>\n<tr>\n<td>94-8542-02<\/td>\n<td>Pruebas de coque en tambor<\/td>\n<td>220V \/ 1 fase \/ 50-60Hz<\/td>\n<\/tr>\n<\/tbody>\n<\/table>\n<p><strong>Piezas adicionales<\/strong><\/p>\n<table>\n<tbody>\n<tr>\n<th>Cat\u00e1logo No.<\/th>\n<th>Descripci\u00f3n<\/th>\n<\/tr>\n<tr>\n<td>94-8542-10<\/td>\n<td>Carro para muestras<\/td>\n<\/tr>\n<tr>\n<td>94-8542-11<\/td>\n<td>Bandeja de acero inoxidable para muestras<\/td>\n<\/tr>\n<tr>\n<td>94-8542-12<\/td>\n<td>Bandeja de acero templado para muestras<\/td>\n<\/tr>\n<\/tbody>\n<\/table>\n","protected":false},"excerpt":{"rendered":"<p>El equipo para pruebas de coque en tambor doble giratorio Preiser modelo 500 est\u00e1 dise\u00f1ado y fabricado para cumplir con el m\u00e9todo de prueba de la norma ASTM D-3402 para pruebas de coque en tambor, y el m\u00e9todo de prueba de la norma ASTM E-279 para la determinaci\u00f3n de la resistencia a la abrasi\u00f3n del [&hellip;]<\/p>\n","protected":false},"author":1,"featured_media":100702,"parent":100585,"menu_order":0,"comment_status":"closed","ping_status":"closed","template":"product.php","meta":{"_et_pb_use_builder":"","_et_pb_old_content":"","_et_gb_content_width":""},"acf":[],"_links":{"self":[{"href":"https:\/\/preiser.com\/es-es\/wp-json\/wp\/v2\/pages\/100603"}],"collection":[{"href":"https:\/\/preiser.com\/es-es\/wp-json\/wp\/v2\/pages"}],"about":[{"href":"https:\/\/preiser.com\/es-es\/wp-json\/wp\/v2\/types\/page"}],"author":[{"embeddable":true,"href":"https:\/\/preiser.com\/es-es\/wp-json\/wp\/v2\/users\/1"}],"replies":[{"embeddable":true,"href":"https:\/\/preiser.com\/es-es\/wp-json\/wp\/v2\/comments?post=100603"}],"version-history":[{"count":1,"href":"https:\/\/preiser.com\/es-es\/wp-json\/wp\/v2\/pages\/100603\/revisions"}],"predecessor-version":[{"id":100703,"href":"https:\/\/preiser.com\/es-es\/wp-json\/wp\/v2\/pages\/100603\/revisions\/100703"}],"up":[{"embeddable":true,"href":"https:\/\/preiser.com\/es-es\/wp-json\/wp\/v2\/pages\/100585"}],"wp:featuredmedia":[{"embeddable":true,"href":"https:\/\/preiser.com\/es-es\/wp-json\/wp\/v2\/media\/100702"}],"wp:attachment":[{"href":"https:\/\/preiser.com\/es-es\/wp-json\/wp\/v2\/media?parent=100603"}],"curies":[{"name":"wp","href":"https:\/\/api.w.org\/{rel}","templated":true}]}}