{"id":100607,"date":"2018-06-05T21:26:36","date_gmt":"2018-06-05T21:26:36","guid":{"rendered":"http:\/\/preiser.com\/?page_id=100607"},"modified":"2022-11-17T22:33:01","modified_gmt":"2022-11-17T22:33:01","slug":"sistemas-de-reactividad-de-coque","status":"publish","type":"page","link":"https:\/\/preiser.com\/es-es\/productos\/anlisis\/sistemas-de-reactividad-de-coque\/","title":{"rendered":"Sistemas de reactividad de coque"},"content":{"rendered":"<p>El Sistema de aplicaci\u00f3n de pruebas de reactividad del coque Z94-8544-01 de dise\u00f1o avanzado, junto con el procedimiento de ensayos de resistencia de coque en tambor proporcionan un sistema con alto nivel de calidad y precisi\u00f3n para determinar el \u00cdndice de Reactividad del coque (CRI) y la Resistencia del Coque despu\u00e9s de la reacci\u00f3n (CSR) seg\u00fan la norma ASTM D5341. La norma ASTM fse desarroll\u00f3 para simular los procesos de debilitamiento &#8211; una reacci\u00f3n qu\u00edmica con el gas de di\u00f3xido de carbono, y abrasi\u00f3n f\u00edsica &#8211; a los que se enfrentan los trozos de carb\u00f3n a medida que descienden a trav\u00e9s de un alto horno. En conformidad con el m\u00e9todo ASTM, el sistema produce la reacci\u00f3n coque\/di\u00f3xido de carbono en un recipiente con ambiente regulado dentro de un horno de alta temperatura.<\/p>\n<p>La muestra de coque, preparada y pesada en conformidad con el procedimiento ASTM, se carga en el recipiente de prueba. El sistema motorizado elevador suspendido sobre el equipo, con cables de elevaci\u00f3n conectados al cabezal de los recipientes, transfiere el recipiente al horno. Las tuber\u00edas de gas NO<sub>2<\/sub> y CO<sub>2<\/sub> del recipiente tienen un sistema de desconexi\u00f3n r\u00e1pida para facilitar la conexi\u00f3n y desconexi\u00f3n de las l\u00edneas. El cable termopar tipo S est\u00e1 suspendido por el elevador para evitar que el operador lo utilice mal y para evitar que se rompa, y se puede calibrar a 1,000\u00b0C, 1,100\u00b0C y 1,200\u00b0C. El coque despu\u00e9s de la reacci\u00f3n y enfriado se transfiere al tambor para la prueba de resistencia despu\u00e9s de la reacci\u00f3n, donde se hace girar el tambor un determinado n\u00famero de revoluciones.<\/p>\n<p><strong>Horno y enfriador<\/strong><\/p>\n<ul>\n<li>Unidades de la consola integral con jaula de protecci\u00f3n t\u00e9rmica para el horno y el recipiente. Tama\u00f1o: 60\u201d (152.40 cm) (altura) x 36\u201d (91.44 cm) (ancho) x 122\u201d (309.88 cm) (altura); Peso: 2,000 lbs (907.18 kg)<\/li>\n<li>Sistema motorizado de elevaci\u00f3n, especificar el voltaje<\/li>\n<li>Canal de deslizamiento del recipiente para facilitar la operaci\u00f3n<\/li>\n<li>Gu\u00eda del recipiente dentro del horno<\/li>\n<li>Tama\u00f1o del recipiente: 6\u201d (15.24 cm) (di\u00e1metro interno) x 24\u201d (60.96 cm) (di\u00e1metro externo) x 32\u201d (81.28 cm) (largo)<\/li>\n<li>La longitud de calentamiento del recipiente es de 18\u201d (45.72 cm)<\/li>\n<li>Horno tipo tubo con control mejorado de temperatura<\/li>\n<li>Realiza la prueba CRI a 1,100\u00b0 C<\/li>\n<li>Elementos de calentamiento: 6 elementos de carburo de silicio<\/li>\n<li>Alimentaci\u00f3n: 15,000 vatios; informar sobre los requisitos de voltaje<\/li>\n<li>C\u00e1mara de refrigeraci\u00f3n: Ventiladores de refrigeraci\u00f3n colocados dentro de la jaula para enfriamiento r\u00e1pido<\/li>\n<li>Luz de seguridad para indicar que el sistema est\u00e1 activado\/desactivado<\/li>\n<li>Especifique el voltaje al hacer el pedido<\/li>\n<\/ul>\n<p><strong>Sistema de control<\/strong><\/p>\n<ul>\n<li>Dimensiones del gabinete: 24\u201d (60.96 cm) (ancho) x 19\u201d (48.26 cm) (profundidad) x 70\u201d (177.80 cm) (altura); Peso: 620 lbs (281.23 kg)<\/li>\n<li>Control de temperatura: Programable, con salidas para el control por solenoide; conmutaci\u00f3n autom\u00e1tica por termopar del horno al recipiente<\/li>\n<li>Control de exceso de temperatura: Controlador independiente, rel\u00e9 de potencia para desconexi\u00f3n, rearme manual<\/li>\n<li>Sistema programable de control de doble lazo<\/li>\n<li>Alimentaci\u00f3n: SCR con control de potencia por \u00e1ngulo, limitador de corriente, indicador de % de potencia, disyuntor e indicador de encendido<\/li>\n<li>Control del gas: N<sub>2<\/sub> y CO<sub>2<\/sub>: medidores de flujo digitales calibrados, reguladores de flujo de masa; controladores de flujo digitales con certificaci\u00f3n A2LA, v\u00e1lvulas de control de flujo, v\u00e1lvula de aguja; indicadores de presi\u00f3n, conjunto del filtro, conexiones de entrada y salida, v\u00e1lvulas solenoides para selecci\u00f3n del gas<\/li>\n<li>Botones de parada de emergencia para gabinete de control y operaci\u00f3n del mecanismo elevador<\/li>\n<li>Instalar en una zona bien ventilada para evitar la corrosi\u00f3n de los componentes el\u00e9ctricos debido al fino polvo de carb\u00f3n<\/li>\n<\/ul>\n<p><strong>Recipiente de reacci\u00f3n<\/strong><\/p>\n<ul>\n<li>Material: Inconel 600 de pared simple<\/li>\n<li>El dise\u00f1o largo del recipiente minimiza la acumulaci\u00f3n de capas de coque<\/li>\n<li>Dimensiones internas: 3\u201d (7.62 cm) x 8\u201d (20.32 cm) (zona de muestras de coque)<\/li>\n<li>Componentes internos: Difusor de gas, secci\u00f3n de precalentamiento, bolas de precalentamiento Al203, conjunto protector del termopar<\/li>\n<li>Componentes externos: Desmontable, conjunto de la tapa con perno montado, asa, junta, tubo de salida de gas de 3\/8\u201d (0.95 cm) de di\u00e1metro, tubo gu\u00eda del termopar, tubo de entrada de gas de 3\/8&#8243; (0.95 cm) de di\u00e1metro<\/li>\n<\/ul>\n<p><strong> Tambor giratorio para coque despu\u00e9s de la reacci\u00f3n<\/strong><\/p>\n<p>Tambor accionado por motor totalmente generado con reductor directo de velocidad, temporizador y contador de revoluciones<\/p>\n<ul>\n<li>Tambor \u00fanico<\/li>\n<li>Realiza las pruebas a 600 revoluciones en 30 minutos<\/li>\n<li>Apagado autom\u00e1tico con temporizador<\/li>\n<li>Parada de emergencia<\/li>\n<li>Dimensiones: 69\u201d (175.26 cm) (altura) x 49\u201d (124.46 cm) (ancho) x 49\u201d (124.46 cm) (profundidad); Peso: 893 lbs (405.06 kg)<\/li>\n<\/ul>\n<table>\n<tbody>\n<tr>\n<th>Cat\u00e1logo No.<\/th>\n<th>Descripci\u00f3n<\/th>\n<th>Tensi\u00f3n \/ Fase \/ Hz<\/th>\n<\/tr>\n<tr>\n<td>Z94-8543-53<\/td>\n<td>Sistema de prueba de reactividad de coque CRI<\/td>\n<td>230V \/ 3 fases \/ 60Hz<\/td>\n<\/tr>\n<tr>\n<td>Z94-8543-87<\/td>\n<td>Sistema de prueba de reactividad de coque CRI<\/td>\n<td>230V \/ 3 fases \/ 50Hz<\/td>\n<\/tr>\n<tr>\n<td>Z94-8543-88<\/td>\n<td>Sistema de prueba de reactividad de coque CRI<\/td>\n<td>230V \/ 1 fase \/ 60Hz<\/td>\n<\/tr>\n<tr>\n<td>Z94-8543-89<\/td>\n<td>Sistema de prueba de reactividad de coque CRI<\/td>\n<td>230V \/ 1 fase \/ 50Hz<\/td>\n<\/tr>\n<tr>\n<td>Z94-8543-90<\/td>\n<td>Sistema de prueba de reactividad de coque CRI<\/td>\n<td>480V \/ 1 fase \/ 60Hz<\/td>\n<\/tr>\n<tr>\n<td>Z94-8543-91<\/td>\n<td>Sistema de prueba de reactividad de coque CRI<\/td>\n<td>480V \/ 3 fases \/ 50Hz<\/td>\n<\/tr>\n<\/tbody>\n<\/table>\n<table>\n<tbody>\n<tr>\n<th>Cat\u00e1logo No.<\/th>\n<th>Descripci\u00f3n<\/th>\n<th>Tensi\u00f3n \/ Fase \/ Hz<\/th>\n<\/tr>\n<tr>\n<td>Z94-8543-03<\/td>\n<td>Sistema de prueba de coque en tambor despu\u00e9s de la reacci\u00f3n CSR<\/td>\n<td>480V \/ 1 fase \/ 60Hz<\/td>\n<\/tr>\n<tr>\n<td>Z94-8543-92<\/td>\n<td>Sistema de prueba de coque en tambor despu\u00e9s de la reacci\u00f3n CSR<\/td>\n<td>480V \/ 1 fase \/ 50Hz<\/td>\n<\/tr>\n<tr>\n<td>Z94-8543-93<\/td>\n<td>Sistema de prueba de coque en tambor despu\u00e9s de la reacci\u00f3n CSR<\/td>\n<td>480V \/ 3 fases \/ 60Hz<\/td>\n<\/tr>\n<tr>\n<td>Z94-8543-94<\/td>\n<td>Sistema de prueba de coque en tambor despu\u00e9s de la reacci\u00f3n CSR<\/td>\n<td>480V \/ 3 fases \/ 50Hz<\/td>\n<\/tr>\n<tr>\n<td>Z94-8543-95<\/td>\n<td>Sistema de prueba de coque en tambor despu\u00e9s de la reacci\u00f3n CSR<\/td>\n<td>230V \/ 1 fase \/ 60Hz<\/td>\n<\/tr>\n<tr>\n<td>Z94-8543-96<\/td>\n<td>Sistema de prueba de coque en tambor despu\u00e9s de la reacci\u00f3n CSR<\/td>\n<td>230V \/ 1 fase \/ 50Hz<\/td>\n<\/tr>\n<tr>\n<td>Z94-8543-97<\/td>\n<td>Sistema de prueba de coque en tambor despu\u00e9s de la reacci\u00f3n CSR<\/td>\n<td>115V \/ 1 fase \/ 60Hz<\/td>\n<\/tr>\n<tr>\n<td>Z94-8543-98<\/td>\n<td>Sistema de prueba de coque en tambor despu\u00e9s de la reacci\u00f3n CSR<\/td>\n<td>115V \/ 1 fase \/ 50Hz<\/td>\n<\/tr>\n<\/tbody>\n<\/table>\n","protected":false},"excerpt":{"rendered":"<p>El Sistema de aplicaci\u00f3n de pruebas de reactividad del coque Z94-8544-01 de dise\u00f1o avanzado, junto con el procedimiento de ensayos de resistencia de coque en tambor proporcionan un sistema con alto nivel de calidad y precisi\u00f3n para determinar el \u00cdndice de Reactividad del coque (CRI) y la Resistencia del Coque despu\u00e9s de la reacci\u00f3n (CSR) [&hellip;]<\/p>\n","protected":false},"author":1,"featured_media":100705,"parent":100585,"menu_order":0,"comment_status":"closed","ping_status":"closed","template":"product.php","meta":{"_et_pb_use_builder":"","_et_pb_old_content":"","_et_gb_content_width":""},"acf":[],"_links":{"self":[{"href":"https:\/\/preiser.com\/es-es\/wp-json\/wp\/v2\/pages\/100607"}],"collection":[{"href":"https:\/\/preiser.com\/es-es\/wp-json\/wp\/v2\/pages"}],"about":[{"href":"https:\/\/preiser.com\/es-es\/wp-json\/wp\/v2\/types\/page"}],"author":[{"embeddable":true,"href":"https:\/\/preiser.com\/es-es\/wp-json\/wp\/v2\/users\/1"}],"replies":[{"embeddable":true,"href":"https:\/\/preiser.com\/es-es\/wp-json\/wp\/v2\/comments?post=100607"}],"version-history":[{"count":2,"href":"https:\/\/preiser.com\/es-es\/wp-json\/wp\/v2\/pages\/100607\/revisions"}],"predecessor-version":[{"id":100706,"href":"https:\/\/preiser.com\/es-es\/wp-json\/wp\/v2\/pages\/100607\/revisions\/100706"}],"up":[{"embeddable":true,"href":"https:\/\/preiser.com\/es-es\/wp-json\/wp\/v2\/pages\/100585"}],"wp:featuredmedia":[{"embeddable":true,"href":"https:\/\/preiser.com\/es-es\/wp-json\/wp\/v2\/media\/100705"}],"wp:attachment":[{"href":"https:\/\/preiser.com\/es-es\/wp-json\/wp\/v2\/media?parent=100607"}],"curies":[{"name":"wp","href":"https:\/\/api.w.org\/{rel}","templated":true}]}}