{"id":100611,"date":"2018-06-06T04:43:38","date_gmt":"2018-06-06T04:43:38","guid":{"rendered":"http:\/\/preiser.com\/?page_id=100611"},"modified":"2022-11-17T22:32:59","modified_gmt":"2022-11-17T22:32:59","slug":"dilatmetros","status":"publish","type":"page","link":"https:\/\/preiser.com\/es-es\/productos\/anlisis\/dilatmetros\/","title":{"rendered":"Dilat\u00f3metros"},"content":{"rendered":"<p>El nuevo dise\u00f1o mejorado de los instrumentos para pruebas de la serie dilat\u00f3metros de Preiser se utiliza para determinar las caracter\u00edsticas de expansi\u00f3n y contracci\u00f3n del carb\u00f3n y ampl\u00eda la capacidad anal\u00edtica para ir un paso m\u00e1s all\u00e1 en nivel de funcionalidad y uso. Estas unidades representan un dise\u00f1o totalmente nuevo del instrumento comparado con los modelos anteriores. El dilat\u00f3metro utiliza una computadora conectada a una interfaz espec\u00edfica para Preiser y una caja de control. Cableado entre unidades y una conexi\u00f3n USB a la computadora anfitri\u00f3n. El horno del dilat\u00f3metro Preiser mantiene los montajes ya probados que lo hacen l\u00edder en el mercado, con montaje avanzado de componentes y otras mejoras mec\u00e1nicas. El sistema, totalmente autom\u00e1tico, est\u00e1 dise\u00f1ado para cumplir con las normas ASTM D-5515 e ISO 349 y 23873 para el m\u00e9todo de an\u00e1lisis Audibert-Arnu.<\/p>\n<p>Los juegos de expansi\u00f3n de dilat\u00f3metros y plast\u00f3metros, permiten que el dilat\u00f3metro b\u00e1sico se convierta en un instrumento de usos m\u00faltiples incorporando una combinaci\u00f3n de hasta 4 tipos de dilat\u00f3metros y plast\u00f3metros deseados. Cada juego incluye sus propios accesorios para permitir que cada unidad act\u00fae como un sistema independiente que funciona con un controlador.<\/p>\n<ul>\n<li>Windows 10 con f\u00e1cil ampliaci\u00f3n futura<\/li>\n<li>Interfaz mejorada y capacidad de generaci\u00f3n de informes<\/li>\n<li>F\u00e1cil calibraci\u00f3n del termopar y los LVDT<\/li>\n<li>Control mejorado de la temperatura del horno<\/li>\n<li>Resumen de resultados de la prueba en formato PDF<\/li>\n<li>Dimensiones: 35\u201d (88.90 cm) (altura) x 36\u201d (91.44 cm) (ancho) x 36\u201d (91.44 cm) (profundidad); Peso de env\u00edo: 396 lbs (179.62 kg)<\/li>\n<\/ul>\n<table>\n<tbody>\n<tr>\n<th>Cat\u00e1logo No.<\/th>\n<th>Descripci\u00f3n<\/th>\n<th>Tensi\u00f3n \/ Fase \/ Hz<\/th>\n<\/tr>\n<tr>\n<td>Z91-3410-01<\/td>\n<td>Conjunto del dilat\u00f3metro<\/td>\n<td>240V \/ 1 fase \/ 50-60Hz<\/td>\n<\/tr>\n<\/tbody>\n<\/table>\n<p><strong>Juegos de expansi\u00f3n<\/strong><\/p>\n<table>\n<tbody>\n<tr>\n<th>Cat\u00e1logo No.<\/th>\n<th>Descripci\u00f3n<\/th>\n<\/tr>\n<tr>\n<td>Z91-3410-02<\/td>\n<td>Juego de expansi\u00f3n del dilat\u00f3metro<\/td>\n<\/tr>\n<tr>\n<td>Z91-3400-02<\/td>\n<td>Juego de expansi\u00f3n del plast\u00f3metro<\/td>\n<\/tr>\n<\/tbody>\n<\/table>\n","protected":false},"excerpt":{"rendered":"<p>El nuevo dise\u00f1o mejorado de los instrumentos para pruebas de la serie dilat\u00f3metros de Preiser se utiliza para determinar las caracter\u00edsticas de expansi\u00f3n y contracci\u00f3n del carb\u00f3n y ampl\u00eda la capacidad anal\u00edtica para ir un paso m\u00e1s all\u00e1 en nivel de funcionalidad y uso. Estas unidades representan un dise\u00f1o totalmente nuevo del instrumento comparado con [&hellip;]<\/p>\n","protected":false},"author":1,"featured_media":100707,"parent":100585,"menu_order":0,"comment_status":"closed","ping_status":"closed","template":"product.php","meta":{"_et_pb_use_builder":"","_et_pb_old_content":"","_et_gb_content_width":""},"acf":[],"_links":{"self":[{"href":"https:\/\/preiser.com\/es-es\/wp-json\/wp\/v2\/pages\/100611"}],"collection":[{"href":"https:\/\/preiser.com\/es-es\/wp-json\/wp\/v2\/pages"}],"about":[{"href":"https:\/\/preiser.com\/es-es\/wp-json\/wp\/v2\/types\/page"}],"author":[{"embeddable":true,"href":"https:\/\/preiser.com\/es-es\/wp-json\/wp\/v2\/users\/1"}],"replies":[{"embeddable":true,"href":"https:\/\/preiser.com\/es-es\/wp-json\/wp\/v2\/comments?post=100611"}],"version-history":[{"count":1,"href":"https:\/\/preiser.com\/es-es\/wp-json\/wp\/v2\/pages\/100611\/revisions"}],"predecessor-version":[{"id":100708,"href":"https:\/\/preiser.com\/es-es\/wp-json\/wp\/v2\/pages\/100611\/revisions\/100708"}],"up":[{"embeddable":true,"href":"https:\/\/preiser.com\/es-es\/wp-json\/wp\/v2\/pages\/100585"}],"wp:featuredmedia":[{"embeddable":true,"href":"https:\/\/preiser.com\/es-es\/wp-json\/wp\/v2\/media\/100707"}],"wp:attachment":[{"href":"https:\/\/preiser.com\/es-es\/wp-json\/wp\/v2\/media?parent=100611"}],"curies":[{"name":"wp","href":"https:\/\/api.w.org\/{rel}","templated":true}]}}