{"id":100615,"date":"2018-06-06T04:46:20","date_gmt":"2018-06-06T04:46:20","guid":{"rendered":"http:\/\/preiser.com\/?page_id=100615"},"modified":"2022-11-17T22:32:59","modified_gmt":"2022-11-17T22:32:59","slug":"equipo-para-medicin-del-ndice-de-hinchamiento-libre","status":"publish","type":"page","link":"https:\/\/preiser.com\/es-es\/productos\/anlisis\/equipo-para-medicin-del-ndice-de-hinchamiento-libre\/","title":{"rendered":"Equipo para medici\u00f3n del \u00edndice de hinchamiento libre"},"content":{"rendered":"<p>Se usa para determinar el \u00edndice de hinchamiento libre del carb\u00f3n mediante el m\u00e9todo de horno el\u00e9ctrico seg\u00fan lo descrito en la norma ASTM D-720. La prueba de \u00edndice de hinchamiento libre es un m\u00e9todo r\u00e1pido, a peque\u00f1a escala, emp\u00edrico, para medir las propiedades de hinchamiento libre del carb\u00f3n. Los resultados de la prueba pueden ser utilizados como una indicaci\u00f3n de las caracter\u00edsticas de coquificaci\u00f3n del carb\u00f3n, y tambi\u00e9n han sido utilizados como \u00edndice del grado de oxidaci\u00f3n del carb\u00f3n o de su desgaste por intemperie. M\u00e9todo r\u00e1pido, f\u00e1cil, a peque\u00f1a escala, emp\u00edrico, para medir las propiedades de hinchamiento libre del carb\u00f3n.<\/p>\n<p>Dimensiones: 12\u201d (30.48 cm) (altura) x 24\u201d (60.96 cm) (ancho) x 24\u201d (60.96 cm) (profundidad); Peso de env\u00edo: 81 lbs (36.74 kg)<\/p>\n<table>\n<tbody>\n<tr>\n<th>Cat\u00e1logo No.<\/th>\n<th>Descripci\u00f3n<\/th>\n<th>Tensi\u00f3n \/ Fase \/ Hz<\/th>\n<\/tr>\n<tr>\n<td>FRS-41000A4<\/td>\n<td>\u00cdndice de hinchamiento libre<\/td>\n<td>230V \/ 1 fase \/ 50Hz<\/td>\n<\/tr>\n<tr>\n<td>FRS-41000A1<\/td>\n<td>\u00cdndice de hinchamiento libre<\/td>\n<td>115V \/ 1 fase \/ 60Hz<\/td>\n<\/tr>\n<tr>\n<td>FRS-41000A3<\/td>\n<td>\u00cdndice de hinchamiento libre<\/td>\n<td>230V \/ 1 fase \/ 60Hz<\/td>\n<\/tr>\n<\/tbody>\n<\/table>\n","protected":false},"excerpt":{"rendered":"<p>Se usa para determinar el \u00edndice de hinchamiento libre del carb\u00f3n mediante el m\u00e9todo de horno el\u00e9ctrico seg\u00fan lo descrito en la norma ASTM D-720. La prueba de \u00edndice de hinchamiento libre es un m\u00e9todo r\u00e1pido, a peque\u00f1a escala, emp\u00edrico, para medir las propiedades de hinchamiento libre del carb\u00f3n. Los resultados de la prueba pueden [&hellip;]<\/p>\n","protected":false},"author":1,"featured_media":100709,"parent":100585,"menu_order":0,"comment_status":"closed","ping_status":"closed","template":"product.php","meta":{"_et_pb_use_builder":"","_et_pb_old_content":"","_et_gb_content_width":""},"acf":[],"_links":{"self":[{"href":"https:\/\/preiser.com\/es-es\/wp-json\/wp\/v2\/pages\/100615"}],"collection":[{"href":"https:\/\/preiser.com\/es-es\/wp-json\/wp\/v2\/pages"}],"about":[{"href":"https:\/\/preiser.com\/es-es\/wp-json\/wp\/v2\/types\/page"}],"author":[{"embeddable":true,"href":"https:\/\/preiser.com\/es-es\/wp-json\/wp\/v2\/users\/1"}],"replies":[{"embeddable":true,"href":"https:\/\/preiser.com\/es-es\/wp-json\/wp\/v2\/comments?post=100615"}],"version-history":[{"count":1,"href":"https:\/\/preiser.com\/es-es\/wp-json\/wp\/v2\/pages\/100615\/revisions"}],"predecessor-version":[{"id":100710,"href":"https:\/\/preiser.com\/es-es\/wp-json\/wp\/v2\/pages\/100615\/revisions\/100710"}],"up":[{"embeddable":true,"href":"https:\/\/preiser.com\/es-es\/wp-json\/wp\/v2\/pages\/100585"}],"wp:featuredmedia":[{"embeddable":true,"href":"https:\/\/preiser.com\/es-es\/wp-json\/wp\/v2\/media\/100709"}],"wp:attachment":[{"href":"https:\/\/preiser.com\/es-es\/wp-json\/wp\/v2\/media?parent=100615"}],"curies":[{"name":"wp","href":"https:\/\/api.w.org\/{rel}","templated":true}]}}