{"id":100619,"date":"2018-06-06T04:48:31","date_gmt":"2018-06-06T04:48:31","guid":{"rendered":"http:\/\/preiser.com\/?page_id=100619"},"modified":"2022-11-17T22:33:00","modified_gmt":"2022-11-17T22:33:00","slug":"medidor-de-triturabilidad-hardgrove","status":"publish","type":"page","link":"https:\/\/preiser.com\/es-es\/productos\/anlisis\/medidor-de-triturabilidad-hardgrove\/","title":{"rendered":"Medidor de triturabilidad Hardgrove"},"content":{"rendered":"<p>El medidor de triturabilidad Preiser Scientific es un instrumento compacto fabricado con precisi\u00f3n, espec\u00edficamente dise\u00f1ado para determinar la \u201cdureza\u201d relativa o el potencial abrasivo del carb\u00f3n. Ha sido fabricado cumpliendo estrictamente la norma ASTM de Designaci\u00f3n D-409 y cumple con los procedimientos propuestos por ISO para determinar el \u00edndice de triturabilidad Hardgrove del carb\u00f3n y del coque.<\/p>\n<ul>\n<li>El taz\u00f3n estacionario inferior de acero, para moler, se acopla con un anillo moledor en la parte superior compuesto por ocho bolas de acero que giran a 20 rpm.<\/li>\n<li>El anillo moledor gira sobre un eje movido por un motor\/correa, al que se le agregan 29 kg de pesos desmontables, los cuales ejercen presi\u00f3n sobre las ocho bolas giratorias.<\/li>\n<li>Un conjunto de contador\/conmutador cuenta el n\u00famero total de revoluciones y detiene autom\u00e1ticamente la m\u00e1quina al completar 60 revoluciones.<\/li>\n<li>Cargar la muestra es extremadamente f\u00e1cil gracias al dise\u00f1o de la m\u00e1quina.<\/li>\n<li>La m\u00e1quina pr\u00e1cticamente no necesita mantenimiento ya que en la fabricaci\u00f3n de este instrumento se usan materiales duraderos de alta calidad.<\/li>\n<li>Dimensiones: 25\u201d (63.50 cm) (altura) x 24\u201d (60.96 cm) (ancho) x 18\u201d (45.72 cm) (profundidad); Peso de env\u00edo: 312 lbs (141.52 kg)<\/li>\n<\/ul>\n<table>\n<tbody>\n<tr>\n<th>Cat\u00e1logo No.<\/th>\n<th>Descripci\u00f3n<\/th>\n<th>Tensi\u00f3n \/ Fase \/ Hz<\/th>\n<\/tr>\n<tr>\n<td>Z90-9300-01<\/td>\n<td>Unidad de triturabilidad Hardgrove<\/td>\n<td>115V \/ 1 fase \/ 60Hz<\/td>\n<\/tr>\n<tr>\n<td>Z90-9301-01<\/td>\n<td>Unidad de triturabilidad Hardgrove<\/td>\n<td>230V \/ 1 fase \/ 50Hz<\/td>\n<\/tr>\n<tr>\n<td>Z90-9301-02<\/td>\n<td>Unidad de triturabilidad Hardgrove<\/td>\n<td>230V \/ 1 fase \/ 60Hz<\/td>\n<\/tr>\n<\/tbody>\n<\/table>\n","protected":false},"excerpt":{"rendered":"<p>El medidor de triturabilidad Preiser Scientific es un instrumento compacto fabricado con precisi\u00f3n, espec\u00edficamente dise\u00f1ado para determinar la \u201cdureza\u201d relativa o el potencial abrasivo del carb\u00f3n. Ha sido fabricado cumpliendo estrictamente la norma ASTM de Designaci\u00f3n D-409 y cumple con los procedimientos propuestos por ISO para determinar el \u00edndice de triturabilidad Hardgrove del carb\u00f3n y [&hellip;]<\/p>\n","protected":false},"author":1,"featured_media":100711,"parent":100585,"menu_order":0,"comment_status":"closed","ping_status":"closed","template":"product.php","meta":{"_et_pb_use_builder":"","_et_pb_old_content":"","_et_gb_content_width":""},"acf":[],"_links":{"self":[{"href":"https:\/\/preiser.com\/es-es\/wp-json\/wp\/v2\/pages\/100619"}],"collection":[{"href":"https:\/\/preiser.com\/es-es\/wp-json\/wp\/v2\/pages"}],"about":[{"href":"https:\/\/preiser.com\/es-es\/wp-json\/wp\/v2\/types\/page"}],"author":[{"embeddable":true,"href":"https:\/\/preiser.com\/es-es\/wp-json\/wp\/v2\/users\/1"}],"replies":[{"embeddable":true,"href":"https:\/\/preiser.com\/es-es\/wp-json\/wp\/v2\/comments?post=100619"}],"version-history":[{"count":1,"href":"https:\/\/preiser.com\/es-es\/wp-json\/wp\/v2\/pages\/100619\/revisions"}],"predecessor-version":[{"id":100712,"href":"https:\/\/preiser.com\/es-es\/wp-json\/wp\/v2\/pages\/100619\/revisions\/100712"}],"up":[{"embeddable":true,"href":"https:\/\/preiser.com\/es-es\/wp-json\/wp\/v2\/pages\/100585"}],"wp:featuredmedia":[{"embeddable":true,"href":"https:\/\/preiser.com\/es-es\/wp-json\/wp\/v2\/media\/100711"}],"wp:attachment":[{"href":"https:\/\/preiser.com\/es-es\/wp-json\/wp\/v2\/media?parent=100619"}],"curies":[{"name":"wp","href":"https:\/\/api.w.org\/{rel}","templated":true}]}}