{"id":100625,"date":"2018-06-06T04:51:38","date_gmt":"2018-06-06T04:51:38","guid":{"rendered":"http:\/\/preiser.com\/?page_id=100625"},"modified":"2022-11-17T22:33:00","modified_gmt":"2022-11-17T22:33:00","slug":"hornos-de-humedad","status":"publish","type":"page","link":"https:\/\/preiser.com\/es-es\/productos\/anlisis\/hornos-de-humedad\/","title":{"rendered":"Hornos de humedad"},"content":{"rendered":"<p>El Horno de humedad Preiser modelo 100 est\u00e1 dise\u00f1ado para determinar el contenido de humedad del carb\u00f3n, seg\u00fan la norma ASTM D3173. Consiste de un horno de baja temperatura de dise\u00f1o especial, junto con un sistema de control de temperatura mediante microprocesador para secar las muestras hasta 115\u00baC.<\/p>\n<ul>\n<li>El horno, los controles y el sistema de aire se encuentran dentro de un gabinete compacto que puede colocarse sobre una mesa.<\/li>\n<li>La c\u00e1mara de secado cil\u00edndrica de acero inoxidable tiene un di\u00e1metro de 8\u201d (20.32 cm) x 9\u00bd\u201d (24.13 cm) de profundidad.<\/li>\n<li>El aire de entrada atraviesa el medidor de flujo de control manual, que puede ser ajustado de 0 a 25 L\/min.<\/li>\n<li>Despu\u00e9s de pasar por el medidor de flujo, se precalienta y entra en la c\u00e1mara del horno, por encima de las muestras, y sale por el puerto de escape instalado en la parte posterior.<\/li>\n<li>El accesorio Z91-1632-05 y las bandejas combinaci\u00f3n de crisol y frascos para pesar Z91-1632-06 permiten el secado de m\u00faltiples muestras al mismo tiempo de una manera conveniente. Se debe pedir por separado si se requiere.<\/li>\n<li>Dimensiones: 20\u201d (50.80 cm) (ancho) x 19\u201d (48.26 cm) (profundidad) x 15\u201d (38.10 cm) (altura); Peso de env\u00edo: 102 lbs (46.27 kg)<\/li>\n<\/ul>\n<table>\n<tbody>\n<tr>\n<th>Cat\u00e1logo No.<\/th>\n<th>Descripci\u00f3n<\/th>\n<th>Tensi\u00f3n \/ Fase \/ Hz<\/th>\n<\/tr>\n<tr>\n<td>Z91-1632-01<\/td>\n<td>Horno de humedad<\/td>\n<td>115V \/ 1 fase \/ 50-60Hz<\/td>\n<\/tr>\n<tr>\n<td>Z91-1632-02<\/td>\n<td>Horno de humedad<\/td>\n<td>230V \/ 1 fase \/ 50-60Hz<\/td>\n<\/tr>\n<tr>\n<td>Z91-1632-05<\/td>\n<td>Bandeja superior de combinaci\u00f3n de crisol<\/td>\n<td><\/td>\n<\/tr>\n<tr>\n<td>Z91-1632-06<\/td>\n<td>Bandeja inferior de combinaci\u00f3n de crisol<\/td>\n<td><\/td>\n<\/tr>\n<\/tbody>\n<\/table>\n","protected":false},"excerpt":{"rendered":"<p>El Horno de humedad Preiser modelo 100 est\u00e1 dise\u00f1ado para determinar el contenido de humedad del carb\u00f3n, seg\u00fan la norma ASTM D3173. Consiste de un horno de baja temperatura de dise\u00f1o especial, junto con un sistema de control de temperatura mediante microprocesador para secar las muestras hasta 115\u00baC. El horno, los controles y el sistema [&hellip;]<\/p>\n","protected":false},"author":1,"featured_media":100713,"parent":100585,"menu_order":0,"comment_status":"closed","ping_status":"closed","template":"product.php","meta":{"_et_pb_use_builder":"","_et_pb_old_content":"","_et_gb_content_width":""},"acf":[],"_links":{"self":[{"href":"https:\/\/preiser.com\/es-es\/wp-json\/wp\/v2\/pages\/100625"}],"collection":[{"href":"https:\/\/preiser.com\/es-es\/wp-json\/wp\/v2\/pages"}],"about":[{"href":"https:\/\/preiser.com\/es-es\/wp-json\/wp\/v2\/types\/page"}],"author":[{"embeddable":true,"href":"https:\/\/preiser.com\/es-es\/wp-json\/wp\/v2\/users\/1"}],"replies":[{"embeddable":true,"href":"https:\/\/preiser.com\/es-es\/wp-json\/wp\/v2\/comments?post=100625"}],"version-history":[{"count":2,"href":"https:\/\/preiser.com\/es-es\/wp-json\/wp\/v2\/pages\/100625\/revisions"}],"predecessor-version":[{"id":100715,"href":"https:\/\/preiser.com\/es-es\/wp-json\/wp\/v2\/pages\/100625\/revisions\/100715"}],"up":[{"embeddable":true,"href":"https:\/\/preiser.com\/es-es\/wp-json\/wp\/v2\/pages\/100585"}],"wp:featuredmedia":[{"embeddable":true,"href":"https:\/\/preiser.com\/es-es\/wp-json\/wp\/v2\/media\/100713"}],"wp:attachment":[{"href":"https:\/\/preiser.com\/es-es\/wp-json\/wp\/v2\/media?parent=100625"}],"curies":[{"name":"wp","href":"https:\/\/api.w.org\/{rel}","templated":true}]}}