{"id":100629,"date":"2018-06-06T04:54:01","date_gmt":"2018-06-06T04:54:01","guid":{"rendered":"http:\/\/preiser.com\/?page_id=100629"},"modified":"2022-11-17T22:33:01","modified_gmt":"2022-11-17T22:33:01","slug":"plastmetros","status":"publish","type":"page","link":"https:\/\/preiser.com\/es-es\/productos\/anlisis\/plastmetros\/","title":{"rendered":"Plast\u00f3metros"},"content":{"rendered":"<p>Preiser ha redise\u00f1ado su serie de instrumentos de prueba plast\u00f3metros que se usan para determinar las propiedades pl\u00e1sticas del carb\u00f3n mediante el m\u00e9todo Gieseler de torque constante. Est\u00e1 dise\u00f1ado para cumplir con las normas ASTM D-2639 e ISO 10329, y suministra los datos cr\u00edticos necesarios para el an\u00e1lisis detallado del carb\u00f3n para coquificaci\u00f3n.<\/p>\n<p>El plast\u00f3metro utiliza una computadora conectada a una interfaz espec\u00edfica para Preiser y una caja de control. El cableado entre las unidades utiliza una conexi\u00f3n USB a la computadora anfitri\u00f3n. La unidad principal del plast\u00f3metro y el crisol de soldadura mantienen los montajes ya probados que los hacen l\u00edderes en el mercado, con componentes de montaje avanzados y otras mejoras mec\u00e1nicas<\/p>\n<p>Los juegos para la expansi\u00f3n de dilat\u00f3metros y plast\u00f3metros permiten que el plast\u00f3metro b\u00e1sico se convierta en un instrumento m\u00faltiple, incorporando una combinaci\u00f3n de hasta 4 tipos de dilat\u00f3metros y plast\u00f3metros deseados. Cada juego incluye sus propios accesorios para que cada unidad act\u00fae como un sistema independiente. Cada sistema puede funcionar de forma simult\u00e1nea o independiente de los otros y procesa un mayor volumen de muestras para pruebas.<\/p>\n<p><strong>Caracter\u00edsticas<\/strong><\/p>\n<ul>\n<li>Windows 10 con f\u00e1cil ampliaci\u00f3n futura<\/li>\n<li>Mayor precisi\u00f3n y repetibilidad<\/li>\n<li>Se puede expandir a cuatro unidades con un controlador<\/li>\n<li>F\u00e1cil calibraci\u00f3n del termopar<\/li>\n<li>Control mejorado de temperatura del crisol de soldadura<\/li>\n<li>Resumen de resultados de la prueba en formato PDF<\/li>\n<li>Dimensiones: 30\u201d (76.20 cm) (altura) x 54\u201d (137.16 cm) (ancho) x 36\u201d (91.44 cm) (profundidad); Peso de env\u00edo: 345 lbs (156.49 kg)<\/li>\n<\/ul>\n<table>\n<tbody>\n<tr>\n<th>Cat\u00e1logo No.<\/th>\n<th>Descripci\u00f3n<\/th>\n<th>Tensi\u00f3n \/ Fase \/ Hz<\/th>\n<\/tr>\n<tr>\n<td>Z91-3400-01<\/td>\n<td>Conjunto del plast\u00f3metro<\/td>\n<td>240V \/ 1 fase \/ 50-60Hz<\/td>\n<\/tr>\n<\/tbody>\n<\/table>\n<p><strong>Juegos de expansi\u00f3n de dilat\u00f3metro y plast\u00f3metro<\/strong><\/p>\n<table>\n<tbody>\n<tr>\n<th>Cat\u00e1logo No.<\/th>\n<th>Descripci\u00f3n<\/th>\n<th>Tensi\u00f3n \/ Fase \/ Hz<\/th>\n<\/tr>\n<tr>\n<td>Z91-3400-02<\/td>\n<td>Juego de expansi\u00f3n de plast\u00f3metro<\/td>\n<td>240V \/ 1 fase \/ 50-60Hz<\/td>\n<\/tr>\n<tr>\n<td>Z91-3410-02<\/td>\n<td>Juego de expansi\u00f3n de dilat\u00f3metro<\/td>\n<td>240V \/ 1 fase \/ 50-60Hz<\/td>\n<\/tr>\n<\/tbody>\n<\/table>\n","protected":false},"excerpt":{"rendered":"<p>Preiser ha redise\u00f1ado su serie de instrumentos de prueba plast\u00f3metros que se usan para determinar las propiedades pl\u00e1sticas del carb\u00f3n mediante el m\u00e9todo Gieseler de torque constante. Est\u00e1 dise\u00f1ado para cumplir con las normas ASTM D-2639 e ISO 10329, y suministra los datos cr\u00edticos necesarios para el an\u00e1lisis detallado del carb\u00f3n para coquificaci\u00f3n. El plast\u00f3metro [&hellip;]<\/p>\n","protected":false},"author":1,"featured_media":100716,"parent":100585,"menu_order":0,"comment_status":"closed","ping_status":"closed","template":"product.php","meta":{"_et_pb_use_builder":"","_et_pb_old_content":"","_et_gb_content_width":""},"acf":[],"_links":{"self":[{"href":"https:\/\/preiser.com\/es-es\/wp-json\/wp\/v2\/pages\/100629"}],"collection":[{"href":"https:\/\/preiser.com\/es-es\/wp-json\/wp\/v2\/pages"}],"about":[{"href":"https:\/\/preiser.com\/es-es\/wp-json\/wp\/v2\/types\/page"}],"author":[{"embeddable":true,"href":"https:\/\/preiser.com\/es-es\/wp-json\/wp\/v2\/users\/1"}],"replies":[{"embeddable":true,"href":"https:\/\/preiser.com\/es-es\/wp-json\/wp\/v2\/comments?post=100629"}],"version-history":[{"count":1,"href":"https:\/\/preiser.com\/es-es\/wp-json\/wp\/v2\/pages\/100629\/revisions"}],"predecessor-version":[{"id":100717,"href":"https:\/\/preiser.com\/es-es\/wp-json\/wp\/v2\/pages\/100629\/revisions\/100717"}],"up":[{"embeddable":true,"href":"https:\/\/preiser.com\/es-es\/wp-json\/wp\/v2\/pages\/100585"}],"wp:featuredmedia":[{"embeddable":true,"href":"https:\/\/preiser.com\/es-es\/wp-json\/wp\/v2\/media\/100716"}],"wp:attachment":[{"href":"https:\/\/preiser.com\/es-es\/wp-json\/wp\/v2\/media?parent=100629"}],"curies":[{"name":"wp","href":"https:\/\/api.w.org\/{rel}","templated":true}]}}