{"id":100633,"date":"2018-06-06T04:56:00","date_gmt":"2018-06-06T04:56:00","guid":{"rendered":"http:\/\/preiser.com\/?page_id=100633"},"modified":"2022-11-17T22:33:02","modified_gmt":"2022-11-17T22:33:02","slug":"sistemas-mltiples-plastmetro-y-dilatmetro","status":"publish","type":"page","link":"https:\/\/preiser.com\/es-es\/productos\/anlisis\/sistemas-mltiples-plastmetro-y-dilatmetro\/","title":{"rendered":"Sistemas m\u00faltiples plast\u00f3metro y dilat\u00f3metro"},"content":{"rendered":"<p>Los conceptos de sistemas m\u00faltiples de Preiser han llevado el rendimiento de sus plast\u00f3meros y dilat\u00f3metros a un nivel superior de uso. El plast\u00f3metro se usa para determinar las propiedades pl\u00e1sticas del carb\u00f3n mediante el m\u00e9todo Gieseler de torque constante. Est\u00e1 dise\u00f1ado para cumplir con  las normas ASTM D-2639 e ISO 10329, y suministra los datos cr\u00edticos necesarios para el an\u00e1lisis detallado del carb\u00f3n para coquificaci\u00f3n. El sistema totalmente autom\u00e1tico del dilat\u00f3metro, est\u00e1 dise\u00f1ado para cumplir con las normas ASTM D-5515 e ISO 349 y 23873 para el m\u00e9todo de an\u00e1lisis Audibert-Arnu.<\/p>\n<p>El nuevo dise\u00f1o de productos Preiser permite cualquier combinaci\u00f3n de hasta cuatro m\u00f3dulos de dilat\u00f3metros y plast\u00f3metros para constituir un sistema m\u00faltiple. Esta instrumentaci\u00f3n exclusiva permite que un controlador del sistema se relacione con hasta 4 m\u00f3dulos de dilat\u00f3metros o plast\u00f3metros, cada uno con todos los accesorios para operar simult\u00e1nea o independientemente el uno del otro. Los sistemas m\u00faltiples ofrecen una mayor versatilidad de instrumentos y un eficiente procesamiento de muestras con alta precisi\u00f3n y repetibilidad, usando un instrumento de tama\u00f1o relativamente peque\u00f1o en el laboratorio.<\/p>\n<p>Los plast\u00f3meros y dilat\u00f3metros utilizan una computadora conectada a una interfaz espec\u00edfica para Preiser y una caja de control. El cableado entre las unidades utiliza una conexi\u00f3n USB a la computadora anfitri\u00f3n. El equipo de accesorios mantiene los montajes ya probados que lo hacen l\u00edder en el mercado, con montaje avanzado de componentes y otras mejoras mec\u00e1nicas comparado con modelos anteriores. La caja de interfaz Preiser est\u00e1 equipada para permitir mejoras del sistema b\u00e1sico dual de unidades m\u00faltiples doble b\u00e1sico a un sistema triple o cu\u00e1druple de la combinaci\u00f3n deseada de plast\u00f3metros y dilat\u00f3metros.<\/p>\n<p>Por separado, cualquier dilat\u00f3metro modelo Z91-3410-01 o plast\u00f3metro modelo Z91-3400-01 nuevo solo puede expandirse m\u00e1s adelante a un sistema m\u00faltiple si se compran los juegos deseados de expansi\u00f3n que permiten que el instrumento b\u00e1sico se convierta en un instrumento m\u00faltiple incorporando una combinaci\u00f3n de hasta 4 tipos de dilat\u00f3metros y plast\u00f3metros deseados. Cada juego incluye sus propios accesorios para permitir que cada unidad act\u00fae como un sistema independiente que funciona con un controlador.<\/p>\n<ul>\n<li>Windows 10 con f\u00e1cil ampliaci\u00f3n futura<\/li>\n<li>Mayor precisi\u00f3n y repetibilidad<\/li>\n<li>Interfaz mejorada y capacidad de generaci\u00f3n de informes<\/li>\n<li>Se puede expandir a cuatro unidades con un controlador<\/li>\n<li>F\u00e1cil calibraci\u00f3n del termopar y los LVDT<\/li>\n<li>F\u00e1cil configuraci\u00f3n para pruebas<\/li>\n<li>Control mejorado de temperatura del crisol de soldadura\/horno<\/li>\n<li>Resumen de resultados de la prueba en formato PDF<\/li>\n<li>Dimensiones: 35\u201d (88.90 cm) (altura) x 72\u201d (182.88 cm) (ancho) x 36\u201d (91.44 cm) (profundidad); Peso: 441 lbs (200.03 kg)<\/li>\n<\/ul>\n<table>\n<tbody>\n<tr>\n<th>Cat\u00e1logo No.<\/th>\n<th>Descripci\u00f3n<\/th>\n<th>Tensi\u00f3n \/ Fase \/ Hz<\/th>\n<\/tr>\n<tr>\n<td>Z91-3420-01<\/td>\n<td>Sistema de combinaci\u00f3n de 1 plast\u00f3metro\/1 dilat\u00f3metro<\/td>\n<td>240V \/ 1 fase \/ 50-60Hz<\/td>\n<\/tr>\n<tr>\n<td>Z91-3420-02<\/td>\n<td>Sistema de combinaci\u00f3n de 2 plast\u00f3metros<\/td>\n<td>240V \/ 1 fase \/ 50-60Hz<\/td>\n<\/tr>\n<tr>\n<td>Z91-3420-03<\/td>\n<td>Sistema de combinaci\u00f3n de 2 dilat\u00f3metros<\/td>\n<td>240V \/ 1 fase \/ 50-60Hz<\/td>\n<\/tr>\n<tr>\n<td>Z91-3420-04<\/td>\n<td>Sistema de combinaci\u00f3n de 2 plast\u00f3metros\/1 dilat\u00f3metro<\/td>\n<td>240V \/ 1 fase \/ 50-60Hz<\/td>\n<\/tr>\n<tr>\n<td>Z91-3420-05<\/td>\n<td>Sistema de combinaci\u00f3n de 2 dilat\u00f3metros\/ 1 plast\u00f3metro<\/td>\n<td>240V \/ 1 fase \/ 50-60Hz<\/td>\n<\/tr>\n<tr>\n<td>Z91-3420-06<\/td>\n<td>Sistema de combinaci\u00f3n de 3 plast\u00f3metros<\/td>\n<td>240V \/ 1 fase \/ 50-60Hz<\/td>\n<\/tr>\n<tr>\n<td>Z91-3420-07<\/td>\n<td>Sistema de combinaci\u00f3n de 3 dilat\u00f3metros<\/td>\n<td>240V \/ 1 fase \/ 50-60Hz<\/td>\n<\/tr>\n<tr>\n<td>Z91-3420-08<\/td>\n<td>Sistema de combinaci\u00f3n de 3 plast\u00f3metros\/1 dilat\u00f3metro<\/td>\n<td>240V \/ 1 fase \/ 50-60Hz<\/td>\n<\/tr>\n<tr>\n<td>Z91-3420-09<\/td>\n<td>Sistema de combinaci\u00f3n de 3 dilat\u00f3metros\/ 1 plast\u00f3metro<\/td>\n<td>240V \/ 1 fase \/ 50-60Hz<\/td>\n<\/tr>\n<tr>\n<td>Z91-3420-10<\/td>\n<td>Sistema de combinaci\u00f3n de 4 plast\u00f3metros<\/td>\n<td>240V \/ 1 fase \/ 50-60Hz<\/td>\n<\/tr>\n<tr>\n<td>Z91-3420-11<\/td>\n<td>Sistema de combinaci\u00f3n de 4 dilat\u00f3metros<\/td>\n<td>240V \/ 1 fase \/ 50-60Hz<\/td>\n<\/tr>\n<\/tbody>\n<\/table>\n<p><strong>Juegos de expansi\u00f3n de dilat\u00f3metro y plast\u00f3metro<\/strong><\/p>\n<table>\n<tbody>\n<tr>\n<th>Cat\u00e1logo No.<\/th>\n<th>Descripci\u00f3n<\/th>\n<th>Tensi\u00f3n \/ Fase \/ Hz<\/th>\n<\/tr>\n<tr>\n<td>Z91-3400-02<\/td>\n<td>Juego de expansi\u00f3n de plast\u00f3metro<\/td>\n<td>240V \/ 1 fase \/ 50-60Hz<\/td>\n<\/tr>\n<tr>\n<td>Z91-3410-02<\/td>\n<td>Juego de expansi\u00f3n de dilat\u00f3metro<\/td>\n<td>240V \/ 1 fase \/ 50-60Hz<\/td>\n<\/tr>\n<\/tbody>\n<\/table>\n","protected":false},"excerpt":{"rendered":"<p>Los conceptos de sistemas m\u00faltiples de Preiser han llevado el rendimiento de sus plast\u00f3meros y dilat\u00f3metros a un nivel superior de uso. El plast\u00f3metro se usa para determinar las propiedades pl\u00e1sticas del carb\u00f3n mediante el m\u00e9todo Gieseler de torque constante. Est\u00e1 dise\u00f1ado para cumplir con las normas ASTM D-2639 e ISO 10329, y suministra los [&hellip;]<\/p>\n","protected":false},"author":1,"featured_media":100718,"parent":100585,"menu_order":0,"comment_status":"closed","ping_status":"closed","template":"product.php","meta":{"_et_pb_use_builder":"","_et_pb_old_content":"","_et_gb_content_width":""},"acf":[],"_links":{"self":[{"href":"https:\/\/preiser.com\/es-es\/wp-json\/wp\/v2\/pages\/100633"}],"collection":[{"href":"https:\/\/preiser.com\/es-es\/wp-json\/wp\/v2\/pages"}],"about":[{"href":"https:\/\/preiser.com\/es-es\/wp-json\/wp\/v2\/types\/page"}],"author":[{"embeddable":true,"href":"https:\/\/preiser.com\/es-es\/wp-json\/wp\/v2\/users\/1"}],"replies":[{"embeddable":true,"href":"https:\/\/preiser.com\/es-es\/wp-json\/wp\/v2\/comments?post=100633"}],"version-history":[{"count":1,"href":"https:\/\/preiser.com\/es-es\/wp-json\/wp\/v2\/pages\/100633\/revisions"}],"predecessor-version":[{"id":100719,"href":"https:\/\/preiser.com\/es-es\/wp-json\/wp\/v2\/pages\/100633\/revisions\/100719"}],"up":[{"embeddable":true,"href":"https:\/\/preiser.com\/es-es\/wp-json\/wp\/v2\/pages\/100585"}],"wp:featuredmedia":[{"embeddable":true,"href":"https:\/\/preiser.com\/es-es\/wp-json\/wp\/v2\/media\/100718"}],"wp:attachment":[{"href":"https:\/\/preiser.com\/es-es\/wp-json\/wp\/v2\/media?parent=100633"}],"curies":[{"name":"wp","href":"https:\/\/api.w.org\/{rel}","templated":true}]}}