{"id":100646,"date":"2018-06-12T18:35:03","date_gmt":"2018-06-12T18:35:03","guid":{"rendered":"http:\/\/preiser.com\/?page_id=100646"},"modified":"2022-11-17T22:54:46","modified_gmt":"2022-11-17T22:54:46","slug":"tuves-de-schage","status":"publish","type":"page","link":"https:\/\/preiser.com\/fr-fr\/produits\/prparation\/tuves-de-schage\/","title":{"rendered":"\u00c9tuves de s\u00e9chage"},"content":{"rendered":"<p>L\u2019\u00e9tuve de s\u00e9chage Preiser assure le s\u00e9chage partiel du charbon pour l\u2019amener pr\u00e8s de l\u2019\u00e9quilibre avec la temp\u00e9rature ambiante avant de proc\u00e9der \u00e0 sa r\u00e9duction et sa division conform\u00e9ment \u00e0 ASTM D3302. Cette \u00e9tuve est souvent utilis\u00e9e pour le s\u00e9chage d\u2019\u00e9chantillons d\u2019analyse densim\u00e9trique.<\/p>\n<ul>\n<li>\u00c9tuve grande et spacieuse \u00e0 convection forc\u00e9e contenant 6 clayettes.<\/li>\n<li>Tableau de commande \u00e0 r\u00e9gulateur de temp\u00e9rature num\u00e9rique qui maintient la temp\u00e9rature uniforme \u00e0 travers l\u2019\u00e9tuve au moyen de deux temporisateurs \u00e0 intervalle de 24 heures, pour commander les \u00e9l\u00e9ments chauffants et le moteur de soufflante.<\/li>\n<li>Plage de temp\u00e9rature de 0 \u00e0 105&nbsp;\u00b0F (-17,78&nbsp;\u00b0C \u00e0 40,56&nbsp;\u00b0C).<\/li>\n<li>Dimensions (h x l x p)&nbsp;: 78,5\u2033 x 35\u2033 x 29,5\u2033 (199,39&nbsp;cm x 88,90&nbsp;cm x 74,93&nbsp;cm)&nbsp;; Poids d\u2019exp\u00e9dition&nbsp;: 623&nbsp;lb (282,59&nbsp;kg)<\/li>\n<\/ul>\n<table>\n<tbody>\n<tr>\n<th>N\u00b0 cat.<\/th>\n<th>Description<\/th>\n<th>Tension \/ Phases \/ Hz<\/th>\n<\/tr>\n<tr>\n<td>Z91-2290-81<\/td>\n<td>\u00c9tuve de s\u00e9chage<\/td>\n<td>230&nbsp;V \/ Monophas\u00e9 \/ 50&nbsp;Hz<\/td>\n<\/tr>\n<tr>\n<td>Z91-2290-82<\/td>\n<td>\u00c9tuve de s\u00e9chage<\/td>\n<td>230&nbsp;V \/ Monophas\u00e9 \/ 60&nbsp;Hz<\/td>\n<\/tr>\n<tr>\n<td>Z91-2290-83<\/td>\n<td>\u00c9tuve de s\u00e9chage<\/td>\n<td>120&nbsp;V \/ Monophas\u00e9 \/ 60&nbsp;Hz<\/td>\n<\/tr>\n<\/tbody>\n<\/table>\n","protected":false},"excerpt":{"rendered":"<p>L\u2019\u00e9tuve de s\u00e9chage Preiser assure le s\u00e9chage partiel du charbon pour l\u2019amener pr\u00e8s de l\u2019\u00e9quilibre avec la temp\u00e9rature ambiante avant de proc\u00e9der \u00e0 sa r\u00e9duction et sa division conform\u00e9ment \u00e0 ASTM D3302. Cette \u00e9tuve est souvent utilis\u00e9e pour le s\u00e9chage d\u2019\u00e9chantillons d\u2019analyse densim\u00e9trique. \u00c9tuve grande et spacieuse \u00e0 convection forc\u00e9e contenant 6 clayettes. Tableau de [&hellip;]<\/p>\n","protected":false},"author":1,"featured_media":100791,"parent":100643,"menu_order":0,"comment_status":"closed","ping_status":"closed","template":"product.php","meta":{"_et_pb_use_builder":"","_et_pb_old_content":"","_et_gb_content_width":""},"acf":[],"_links":{"self":[{"href":"https:\/\/preiser.com\/fr-fr\/wp-json\/wp\/v2\/pages\/100646"}],"collection":[{"href":"https:\/\/preiser.com\/fr-fr\/wp-json\/wp\/v2\/pages"}],"about":[{"href":"https:\/\/preiser.com\/fr-fr\/wp-json\/wp\/v2\/types\/page"}],"author":[{"embeddable":true,"href":"https:\/\/preiser.com\/fr-fr\/wp-json\/wp\/v2\/users\/1"}],"replies":[{"embeddable":true,"href":"https:\/\/preiser.com\/fr-fr\/wp-json\/wp\/v2\/comments?post=100646"}],"version-history":[{"count":1,"href":"https:\/\/preiser.com\/fr-fr\/wp-json\/wp\/v2\/pages\/100646\/revisions"}],"predecessor-version":[{"id":100792,"href":"https:\/\/preiser.com\/fr-fr\/wp-json\/wp\/v2\/pages\/100646\/revisions\/100792"}],"up":[{"embeddable":true,"href":"https:\/\/preiser.com\/fr-fr\/wp-json\/wp\/v2\/pages\/100643"}],"wp:featuredmedia":[{"embeddable":true,"href":"https:\/\/preiser.com\/fr-fr\/wp-json\/wp\/v2\/media\/100791"}],"wp:attachment":[{"href":"https:\/\/preiser.com\/fr-fr\/wp-json\/wp\/v2\/media?parent=100646"}],"curies":[{"name":"wp","href":"https:\/\/api.w.org\/{rel}","templated":true}]}}