{"id":100651,"date":"2018-06-12T18:47:24","date_gmt":"2018-06-12T18:47:24","guid":{"rendered":"http:\/\/preiser.com\/?page_id=100651"},"modified":"2022-11-17T22:54:46","modified_gmt":"2022-11-17T22:54:46","slug":"broyeurs-de-charbon","status":"publish","type":"page","link":"https:\/\/preiser.com\/fr-fr\/produits\/prparation\/broyeurs-de-charbon\/","title":{"rendered":"Broyeurs de charbon"},"content":{"rendered":"<h2>Broyeur Holmes mod\u00e8le 401XL<\/h2>\n<p>Le broyeur Holmes mod\u00e8le 401XL a une capacit\u00e9 de 4&nbsp;000&nbsp;lb (1&nbsp;814,37&nbsp;kg) par heure avec un tamis \u00e0 perforations de 3\/8&nbsp;pouce (0,95&nbsp;cm) de diam\u00e8tre et de 2&nbsp;500&nbsp;lb (1&nbsp;133,98&nbsp;kg) avec un tamis \u00e0 perforations de 3\/16&nbsp;pouce (0,48&nbsp;cm). Il est recommand\u00e9 pour le broyage de mat\u00e9riaux de 6&nbsp;pouces (15,24&nbsp;cm) et moins en mat\u00e9riau traversant un tamis de -4&nbsp;mesh (4&nbsp;760 \u03bc). Les machines sont propos\u00e9es dans diff\u00e9rentes caract\u00e9ristiques \u00e9lectriques, ainsi que dans des versions pour milieux dangereux.<\/p>\n<ul>\n<li>La tr\u00e9mie d\u2019alimentation couverte d\u2019une capacit\u00e9 de 1,6&nbsp;pieds-cubes (45,31&nbsp;l) ou 70&nbsp;lb (31,75&nbsp;kg) comporte un clapet de contr\u00f4le d\u2019alimentation manuelle.<\/li>\n<li>Pour assurer la s\u00e9curit\u00e9 durant la marche, son capteur de loquet ouvert coupe toute l\u2019alimentation \u00e9lectrique et un bouton de r\u00e9armement doit \u00eatre actionn\u00e9 avant de red\u00e9marrer la machine.<\/li>\n<li>Les marteaux du rotor et tous les tamis de 3\/16&nbsp;pouce (0,48&nbsp;cm) d\u2019\u00e9paisseur sont trait\u00e9s thermiquement et tremp\u00e9s.<\/li>\n<li>Les tamis sont des plaques \u00e0 perforations circulaires. Les diam\u00e8tres de perforation propos\u00e9s sont [en pouces (cm)]&nbsp;: 1\/8 (0,32), 3\/16 (0,48), 1\/4 (0,64), 5\/16 (0,79), 3\/8 (0,95), 1\/2 (1,27), 3\/4 (1,91) et 1 (2,54). La machine est fournie avec deux tamis, habituellement \u00e0 perforations de 3\/16 (0,48&nbsp;cm) et 3\/8&nbsp;(0,95&nbsp;cm) pouce, sauf indication contraire au moment de la commande.<\/li>\n<li>Le d\u00e9marreur magn\u00e9tique NEMA 12 comporte un circuit de commande et une protection antisurcharge du moteur blind\u00e9 \u00e0 ventilation ext\u00e9rieure de 7,5&nbsp;HP (5,6&nbsp;kW).<\/li>\n<li>La vitesse du rotor est de 1&nbsp;260 tr\/min&nbsp;; avec poulies trap\u00e9zo\u00efdales variables, 2&nbsp;360&nbsp;tr\/min.<\/li>\n<li>Dimensions (h x l x p)&nbsp;: 56\u2033x 36\u2033 x 39,5\u2033 (142,24&nbsp;cm x 91,44&nbsp;cm x 100,33&nbsp;cm)&nbsp;; Poids d\u2019exp\u00e9dition&nbsp;: 1&nbsp;040 lb (471,74&nbsp;kg)<\/li>\n<\/ul>\n<table>\n<tbody>\n<tr>\n<th>N\u00b0 cat.<\/th>\n<th>Description<\/th>\n<th>Tension \/ Phases \/ Hz<\/th>\n<\/tr>\n<tr>\n<td>91-6830-01<\/td>\n<td>Broyeur 401XL<\/td>\n<td>230&nbsp;V \/ Triphas\u00e9 \/ 60&nbsp;Hz<\/td>\n<\/tr>\n<tr>\n<td>91-6830-02<\/td>\n<td>Broyeur 401XL<\/td>\n<td>230&nbsp;V \/ Monophas\u00e9 \/ 50&nbsp;Hz<\/td>\n<\/tr>\n<tr>\n<td>91-6830-05<\/td>\n<td>Broyeur 401XL<\/td>\n<td>230&nbsp;V \/ Monophas\u00e9 \/ 60&nbsp;Hz<\/td>\n<\/tr>\n<tr>\n<td>91-6830-07<\/td>\n<td>Broyeur 401XL<\/td>\n<td>380&nbsp;V \/ Triphas\u00e9 \/ 50&nbsp;Hz<\/td>\n<\/tr>\n<tr>\n<td>91-6830-15<\/td>\n<td>Broyeur 401XL<\/td>\n<td>460&nbsp;V \/ Triphas\u00e9 \/ 60&nbsp;Hz<\/td>\n<\/tr>\n<\/tbody>\n<\/table>\n<p class=\"footnote\"><strong>REMARQUE&nbsp;:<\/strong> Autres tensions \u00e9galement propos\u00e9es<\/p>\n<p><strong>Tamis en t\u00f4le perfor\u00e9e pour broyeur 401XL<\/strong><\/p>\n<table>\n<tbody>\n<tr>\n<th>N\u00b0 cat.<\/th>\n<th>Diam\u00e8tre en pouces (cm)<\/th>\n<\/tr>\n<tr>\n<td>91-6850-16<\/td>\n<td>Tamis de 1\/16\u2033 (0,16 cm)<\/td>\n<\/tr>\n<tr>\n<td>91-6850-19<\/td>\n<td>Tamis de 3\/32\u2033 (0,24 cm)<\/td>\n<\/tr>\n<tr>\n<td>91-6850-11<\/td>\n<td>Tamis de 1\/8\u2033 (0,32 cm)<\/td>\n<\/tr>\n<tr>\n<td>91-6850-12<\/td>\n<td>Tamis de 3\/16\u2033 (0,48 cm)<\/td>\n<\/tr>\n<tr>\n<td>91-6850-13<\/td>\n<td>Tamis de 1\/4\u2033 (0,64 cm)<\/td>\n<\/tr>\n<tr>\n<td>91-6850-18<\/td>\n<td>Tamis de 5\/16\u2033 (0,79 cm)<\/td>\n<\/tr>\n<tr>\n<td>91-6850-14<\/td>\n<td>Tamis de 3\/8\u2033 (0,95 cm)<\/td>\n<\/tr>\n<tr>\n<td>91-6850-15<\/td>\n<td>Tamis de 1\/2\u2033 (1,27 cm)<\/td>\n<\/tr>\n<tr>\n<td>91-6850-17<\/td>\n<td>Tamis de 3\/4\u2033 (1,91 cm)<\/td>\n<\/tr>\n<tr>\n<td>91-6850-61<\/td>\n<td>Tamis de 1\u2033 (2,54 cm)<\/td>\n<\/tr>\n<\/tbody>\n<\/table>\n<div class=\"imagewrapper\">\n<div><img decoding=\"async\" loading=\"lazy\" src=\"https:\/\/preiser.com\/wp-content\/uploads\/crusher-201XL-600x600.jpg\" alt=\"\" width=\"600\" height=\"600\" class=\"alignnone size-medium wp-image-421\"><\/div>\n<p>91-6730-02 Broyeur Holmes mod\u00e8le 201XL<\/p>\n<\/div>\n<h2>Broyeur Holmes mod\u00e8le 201XL<\/h2>\n<p>Le broyeur Holmes mod\u00e8le 201XL a une capacit\u00e9 de 1&nbsp;000&nbsp;lb (453,59&nbsp;kg) par heure avec un tamis \u00e0 perforations de 3\/16&nbsp;pouce (0,48&nbsp;cm) de diam\u00e8tre et de 500&nbsp;lb (226,80&nbsp;kg) par heure avec un tamis \u00e0 perforations de 1\/16&nbsp;pouce (0,16&nbsp;cm). Il est recommand\u00e9 pour le broyage d\u2019\u00e9chantillons de 2&nbsp;pouces (5,08&nbsp;cm) et moins.<\/p>\n<ul>\n<li>La tr\u00e9mie d\u2019alimentation couverte d\u2019une capacit\u00e9 de 0,40&nbsp;pieds-cubes (11,33&nbsp;l) ou 20&nbsp;lb (9,07&nbsp;kg) comporte un clapet de contr\u00f4le d\u2019alimentation manuelle.<\/li>\n<li>Pour assurer la s\u00e9curit\u00e9 durant la marche, son capteur de loquet ouvert coupe toute l\u2019alimentation \u00e9lectrique et un bouton de r\u00e9armement doit \u00eatre actionn\u00e9 avant de red\u00e9marrer la machine.<\/li>\n<li>Les marteaux du rotor et tous les tamis de 3\/16&nbsp;pouce (0,48&nbsp;cm) d\u2019\u00e9paisseur sont trait\u00e9s thermiquement et tremp\u00e9s.<\/li>\n<li>Les rotors sont r\u00e9versibles (bout pour bout) pour assurer une dur\u00e9e de service maximale des marteaux.<\/li>\n<li>Les tamis sont des plaques \u00e0 perforations circulaires. Les diam\u00e8tres de perforation propos\u00e9s sont [en pouces (cm)]&nbsp;: 1\/16 (0,16), 3\/32 (0,24), 1\/8 (0,32), 3\/16 (0,48), 1\/4 (0,64), 3\/8 (0,95), 1\/2 (1,27) et 3\/4 (1,91). La machine est fournie avec deux tamis, habituellement \u00e0 perforations de 1\/16 (0,16&nbsp;cm) et 3\/16&nbsp;(0,48&nbsp;cm) pouce, sauf indication contraire au moment de la commande.<\/li>\n<li>Le d\u00e9marreur magn\u00e9tique NEMA 12 comporte un circuit de commande 120&nbsp;V et une protection antisurcharge du moteur blind\u00e9 \u00e0 ventilation ext\u00e9rieure de 2&nbsp;HP (1,5&nbsp;kW).<\/li>\n<li>La vitesse du rotor est de 3&nbsp;450 tr\/min&nbsp;; avec poulies trap\u00e9zo\u00efdales variables, 2&nbsp;360&nbsp;tr\/min.<\/li>\n<li>Dimensions (h x l x p)&nbsp;: 43\u2033 x 25\u2033 x 28\u2033 (109,22&nbsp;cm x 63,50&nbsp;cm x 71,12&nbsp;cm)&nbsp;; Poids d\u2019exp\u00e9dition&nbsp;: 667 lb (302,55&nbsp;kg)<\/li>\n<\/ul>\n<table>\n<tbody>\n<tr>\n<th>N\u00b0 cat.<\/th>\n<th>Description<\/th>\n<th>Tension \/ Phases \/ Hz<\/th>\n<\/tr>\n<tr>\n<td>91-6730-01<\/td>\n<td>Broyeur 201XL<\/td>\n<td>230&nbsp;V \/ Triphas\u00e9 \/ 60&nbsp;Hz<\/td>\n<\/tr>\n<tr>\n<td>91-6730-02<\/td>\n<td>Broyeur 201XL<\/td>\n<td>230&nbsp;V \/ Monophas\u00e9 \/ 50&nbsp;Hz<\/td>\n<\/tr>\n<tr>\n<td>90-6730-03<\/td>\n<td>Broyeur 201XL<\/td>\n<td>230&nbsp;V \/ Monophas\u00e9 \/ 60&nbsp;Hz<\/td>\n<\/tr>\n<tr>\n<td>91-6730-09<\/td>\n<td>Broyeur 201XL<\/td>\n<td>380&nbsp;V \/ Triphas\u00e9 \/ 50&nbsp;Hz<\/td>\n<\/tr>\n<tr>\n<td>91-6730-10<\/td>\n<td>Broyeur 201XL<\/td>\n<td>115&nbsp;V \/ Monophas\u00e9 \/ 60&nbsp;Hz<\/td>\n<\/tr>\n<\/tbody>\n<\/table>\n<p class=\"footnote\"><strong>REMARQUE&nbsp;:<\/strong> Autres tensions \u00e9galement propos\u00e9es<\/p>\n<p><strong>Tamis en t\u00f4le perfor\u00e9e pour broyeur 201XL<\/strong><\/p>\n<table>\n<tbody>\n<tr>\n<th>N\u00b0 cat.<\/th>\n<th>Diam\u00e8tre en pouces (mm)<\/th>\n<\/tr>\n<tr>\n<td>91-6741-15<\/td>\n<td>Tamis de 1\/16\u2033 (0,16&nbsp;cm)<\/td>\n<\/tr>\n<tr>\n<td>91-6741-20<\/td>\n<td>Tamis de 3\/32\u2033 (0,24&nbsp;cm)<\/td>\n<\/tr>\n<tr>\n<td>91-6741-16<\/td>\n<td>Tamis de 1\/8\u2033 (0,32&nbsp;cm)<\/td>\n<\/tr>\n<tr>\n<td>91-6741-17<\/td>\n<td>Tamis de 3\/16\u2033 (0,48&nbsp;cm)<\/td>\n<\/tr>\n<tr>\n<td>91-6741-18<\/td>\n<td>Tamis de 1\/4\u2033 (0,64&nbsp;cm)<\/td>\n<\/tr>\n<tr>\n<td>91-6741-19<\/td>\n<td>Tamis de 3\/8\u2033 (0,95&nbsp;cm)<\/td>\n<\/tr>\n<tr>\n<td>91-6741-21<\/td>\n<td>Tamis de 3\/64\u2033 (0,12&nbsp;cm)<\/td>\n<\/tr>\n<tr>\n<td>91-6741-22<\/td>\n<td>Tamis de 1\/2\u2033 (1,27&nbsp;cm)<\/td>\n<\/tr>\n<\/tbody>\n<\/table>\n","protected":false},"excerpt":{"rendered":"<p>Broyeur Holmes mod\u00e8le 401XL Le broyeur Holmes mod\u00e8le 401XL a une capacit\u00e9 de 4&nbsp;000&nbsp;lb (1&nbsp;814,37&nbsp;kg) par heure avec un tamis \u00e0 perforations de 3\/8&nbsp;pouce (0,95&nbsp;cm) de diam\u00e8tre et de 2&nbsp;500&nbsp;lb (1&nbsp;133,98&nbsp;kg) avec un tamis \u00e0 perforations de 3\/16&nbsp;pouce (0,48&nbsp;cm). Il est recommand\u00e9 pour le broyage de mat\u00e9riaux de 6&nbsp;pouces (15,24&nbsp;cm) et moins en mat\u00e9riau traversant [&hellip;]<\/p>\n","protected":false},"author":1,"featured_media":100793,"parent":100643,"menu_order":0,"comment_status":"closed","ping_status":"closed","template":"product.php","meta":{"_et_pb_use_builder":"","_et_pb_old_content":"","_et_gb_content_width":""},"acf":[],"_links":{"self":[{"href":"https:\/\/preiser.com\/fr-fr\/wp-json\/wp\/v2\/pages\/100651"}],"collection":[{"href":"https:\/\/preiser.com\/fr-fr\/wp-json\/wp\/v2\/pages"}],"about":[{"href":"https:\/\/preiser.com\/fr-fr\/wp-json\/wp\/v2\/types\/page"}],"author":[{"embeddable":true,"href":"https:\/\/preiser.com\/fr-fr\/wp-json\/wp\/v2\/users\/1"}],"replies":[{"embeddable":true,"href":"https:\/\/preiser.com\/fr-fr\/wp-json\/wp\/v2\/comments?post=100651"}],"version-history":[{"count":1,"href":"https:\/\/preiser.com\/fr-fr\/wp-json\/wp\/v2\/pages\/100651\/revisions"}],"predecessor-version":[{"id":100794,"href":"https:\/\/preiser.com\/fr-fr\/wp-json\/wp\/v2\/pages\/100651\/revisions\/100794"}],"up":[{"embeddable":true,"href":"https:\/\/preiser.com\/fr-fr\/wp-json\/wp\/v2\/pages\/100643"}],"wp:featuredmedia":[{"embeddable":true,"href":"https:\/\/preiser.com\/fr-fr\/wp-json\/wp\/v2\/media\/100793"}],"wp:attachment":[{"href":"https:\/\/preiser.com\/fr-fr\/wp-json\/wp\/v2\/media?parent=100651"}],"curies":[{"name":"wp","href":"https:\/\/api.w.org\/{rel}","templated":true}]}}