{"id":100655,"date":"2018-06-12T18:52:41","date_gmt":"2018-06-12T18:52:41","guid":{"rendered":"http:\/\/preiser.com\/?page_id=100655"},"modified":"2022-11-17T22:54:46","modified_gmt":"2022-11-17T22:54:46","slug":"pulvrisateurs-de-charbon","status":"publish","type":"page","link":"https:\/\/preiser.com\/fr-fr\/produits\/prparation\/pulvrisateurs-de-charbon\/","title":{"rendered":"Pulv\u00e9risateurs de charbon"},"content":{"rendered":"<h2>Pulv\u00e9risateur Holmes mod\u00e8le 502XL<\/h2>\n<p>Le pulv\u00e9risateur Holmes mod\u00e8le 502XL a une capacit\u00e9 de 400&nbsp;grammes de charbon par minute avec un tamis \u00e0 perforations de 0,024&nbsp;pouce (0,61&nbsp;mm) de diam\u00e8tre&nbsp;; il est recommand\u00e9 pour la pulv\u00e9risation de charbon traversant un tamis de -4&nbsp;mesh (4&nbsp;760&nbsp;\u03bc) en charbon traversant -60&nbsp;mesh (250&nbsp;\u03bc). Ce pulv\u00e9risateur est propos\u00e9 avec une tr\u00e9mie d\u2019alimentation standard de 980&nbsp;cm<sup>3<\/sup> (repr\u00e9sent\u00e9e) ou une tr\u00e9mie rallong\u00e9e de 2&nbsp;950&nbsp;cm<sup>3<\/sup>. Le charbon broy\u00e9 est recueilli dans un r\u00e9cipient \u00e0 \u00e9chantillon de 6&nbsp;390&nbsp;cm<sup>3<\/sup>. Des moteurs et c\u00e2blages pour milieux dangereux sont \u00e9galement propos\u00e9s.<\/p>\n<ul>\n<li>Un loquet \u00e0 ouverture rapide assure un acc\u00e8s facile au pulv\u00e9risateur et coupe l\u2019alimentation \u00e9lectrique lorsque la porte est ouverte.<\/li>\n<li>Le rotor monobloc \u00e0 \u00e9quilibrage dynamique comporte des marteaux \u00e0 rev\u00eatement de grande duret\u00e9.<\/li>\n<li>Les tamis sont propos\u00e9s dans des diam\u00e8tres de perforation de [en pouces (mm)] 0,020 (0,51), 0,024 (0,61), 0,033 (0,84), 0,040 (1,02), 0,0625 (1,59) et 0,0937 (2,38). La machine est fournie avec cinq tamis&nbsp;; pr\u00e9ciser les tailles lors de la commande. Ils peuvent \u00eatre s\u00e9lectionn\u00e9s et assortis en fonction des besoins.<\/li>\n<li>La vis sans fin d\u2019alimentation est entra\u00een\u00e9e au moyen d\u2019une cha\u00eene par un moteur \u00e0 engrenages herm\u00e9tique non ventil\u00e9 \u00e0 courant alternatif monophas\u00e9 de 1\/8&nbsp;HP (93&nbsp;W), 2,7&nbsp;A, 115&nbsp;V. La vitesse de la vis sans fin est d\u2019environ 130&nbsp;tr\/min.<\/li>\n<li>Le rotor est entra\u00een\u00e9 par courroie, par un moteur blind\u00e9 \u00e0 ventilation ext\u00e9rieure de 1&nbsp;HP (746&nbsp;W). Sa vitesse est d\u2019environ 8&nbsp;200&nbsp;tr\/min. La poulie poly-V de 1,5&nbsp;pouces (3,81&nbsp;cm) de diam\u00e8tre primitif accro\u00eet la vitesse jusqu\u2019\u00e0 10&nbsp;300&nbsp;tr\/min environ.<\/li>\n<li>Le d\u00e9marreur de moteur sous bo\u00eetier NEMA 12 comporte une protection antisurcharge pour chaque moteur. Le capteur d\u2019ouverture de porte coupe toute l\u2019alimentation.<\/li>\n<li>Le bouton d\u2019arr\u00eat rapide manuel de s\u00e9curit\u00e9 permet de couper toute l\u2019alimentation s\u00e9par\u00e9ment \u00e0 tout moment.<\/li>\n<li>Dimensions (h x l x p)&nbsp;: 23 ou 26,5\u201d x 19,5\u201d x 27\u201d (58,42&nbsp;cm ou 67,31&nbsp;cm x 49,53&nbsp;cm x 68,58 cm)&nbsp;; Poids d\u2019exp\u00e9dition&nbsp;: 295&nbsp;lb (133,81&nbsp;kg)<\/li>\n<\/ul>\n<table>\n<tbody>\n<tr>\n<th>N\u00b0 cat.<\/th>\n<th>Description<\/th>\n<th>Tr\u00e9mie<\/th>\n<th>Tension \/ Phases \/ Hz<\/th>\n<\/tr>\n<tr>\n<td>91-7122-01<\/td>\n<td>Pulv\u00e9risateur 502XL<\/td>\n<td>Standard<\/td>\n<td>230&nbsp;V \/ Monophas\u00e9 \/ 50&nbsp;Hz<\/td>\n<\/tr>\n<tr>\n<td>91-7122-02<\/td>\n<td>Pulv\u00e9risateur 502XL<\/td>\n<td>Standard<\/td>\n<td>230&nbsp;V \/ Monophas\u00e9 \/ 60&nbsp;Hz<\/td>\n<\/tr>\n<tr>\n<td>91-7122-03<\/td>\n<td>Pulv\u00e9risateur 502XL<\/td>\n<td>Standard<\/td>\n<td>115&nbsp;V \/ Monophas\u00e9 \/ 60&nbsp;Hz<\/td>\n<\/tr>\n<tr>\n<td>91-7122-05<\/td>\n<td>Pulv\u00e9risateur 502XL<\/td>\n<td>Rallong\u00e9e<\/td>\n<td>230&nbsp;V \/ Monophas\u00e9 \/ 60&nbsp;Hz<\/td>\n<\/tr>\n<tr>\n<td>91-7122-04*<\/td>\n<td>Pulv\u00e9risateur 502XL-E<\/td>\n<td>Standard<\/td>\n<td>230&nbsp;V \/ Monophas\u00e9 \/ 60&nbsp;Hz<\/td>\n<\/tr>\n<tr>\n<td>91-7122-08*<\/td>\n<td>Pulv\u00e9risateur 502XL-E<\/td>\n<td>Standard<\/td>\n<td>230&nbsp;V \/ Monophas\u00e9 \/ 50&nbsp;Hz<\/td>\n<\/tr>\n<\/tbody>\n<\/table>\n<p class=\"footnote\">*Avec moteur <strong>antid\u00e9flagrant<\/strong><\/p>\n<p><strong>Choix des tamis&nbsp;: pr\u00e9cisez les 5 tailles souhait\u00e9es au moment de la commande du pulv\u00e9risateur<\/strong><\/p>\n<table>\n<tbody>\n<tr>\n<th>N\u00b0 cat.<\/th>\n<th>Description<\/th>\n<th>Maille<\/th>\n<\/tr>\n<tr>\n<td>91-7130-25<\/td>\n<td>Tamis<\/td>\n<td>0,024\u2033 (0,61 mm) \/ 60&nbsp;mesh (250&nbsp;\u03bc)<\/td>\n<\/tr>\n<tr>\n<td>91-7130-26<\/td>\n<td>Tamis<\/td>\n<td>0,040\u2033 (1,02 mm) \/ 30&nbsp;mesh (595&nbsp;\u03bc)<\/td>\n<\/tr>\n<tr>\n<td>91-7130-27<\/td>\n<td>Tamis<\/td>\n<td>0,033\u2033 (0,84 mm) \/ 40&nbsp;mesh (400&nbsp;\u03bc)<\/td>\n<\/tr>\n<tr>\n<td>91-7130-28<\/td>\n<td>Tamis<\/td>\n<td>0,0625\u2033 (1,59 mm) \/ 20&nbsp;mesh (841&nbsp;\u03bc)<\/td>\n<\/tr>\n<tr>\n<td>91-7130-30<\/td>\n<td>Tamis<\/td>\n<td>0,0937\u2033 (2,38 mm) \/ 10&nbsp;mesh (2&nbsp;000&nbsp;\u03bc)<\/td>\n<\/tr>\n<tr>\n<td>91-7130-31<\/td>\n<td>Tamis<\/td>\n<td>0,020\u2033 (0,51 mm) \/ 80&nbsp;mesh (177&nbsp;\u03bc)<\/td>\n<\/tr>\n<\/tbody>\n<\/table>\n<div class=\"imagewrapper\">\n<div><img decoding=\"async\" loading=\"lazy\" src=\"https:\/\/preiser.com\/wp-content\/uploads\/pulverizer_500_DG-600x600.jpg\" alt=\"\" width=\"600\" height=\"600\" class=\"alignnone size-medium wp-image-444\"><\/div>\n<p>91-7120-01 Pulv\u00e9risateur Holmes mod\u00e8le 500DG<\/p>\n<\/div>\n<h2>Pulv\u00e9risateur Holmes mod\u00e8le 500DG<\/h2>\n<p>Le pulv\u00e9risateur Holmes 500DG est semblable au pulv\u00e9risateur Holmes mod\u00e8le 502XL mais le rotor est entra\u00een\u00e9 directement par le moteur et non par une courroie d\u2019entra\u00eenement. Sinon, les caract\u00e9ristiques sont les m\u00eames. Il a une capacit\u00e9 de 400&nbsp;grammes de charbon par minute avec un tamis \u00e0 perforations de 0,024&nbsp;pouce (0,61&nbsp;mm) de diam\u00e8tre&nbsp;; il est recommand\u00e9 pour la pulv\u00e9risation de charbon traversant un tamis de -4&nbsp;mesh (4&nbsp;760&nbsp;\u03bc) en charbon traversant -60&nbsp;mesh (250&nbsp;\u03bc). Ce pulv\u00e9risateur est propos\u00e9 avec une tr\u00e9mie d\u2019alimentation standard de 980&nbsp;cm<sup>3<\/sup> (repr\u00e9sent\u00e9e) ou une tr\u00e9mie rallong\u00e9e de 2&nbsp;950&nbsp;cm<sup>3<\/sup> sur commande sp\u00e9ciale. Le charbon broy\u00e9 est recueilli dans un r\u00e9cipient \u00e0 \u00e9chantillon de 6&nbsp;390&nbsp;cm<sup>3<\/sup>. Des moteurs et c\u00e2blages pour milieux dangereux sont \u00e9galement propos\u00e9s.<\/p>\n<ul>\n<li>Un loquet \u00e0 ouverture rapide assure un acc\u00e8s facile au pulv\u00e9risateur et coupe l\u2019alimentation \u00e9lectrique lorsque la porte est ouverte.<\/li>\n<li>Le rotor monobloc \u00e0 \u00e9quilibrage dynamique comporte des marteaux \u00e0 rev\u00eatement de grande duret\u00e9.<\/li>\n<li>Les tamis sont propos\u00e9s dans des diam\u00e8tres de perforation de [en pouces (mm)] 0,020 (0,51), 0,024 (0,61), 0,033 (0,84), 0,040 (1,02), 0,0625 (1,59) et 0,0937 (2,38). La machine est fournie avec cinq tamis&nbsp;; pr\u00e9ciser les tailles lors de la commande. Ils peuvent \u00eatre s\u00e9lectionn\u00e9s et assortis en fonction des besoins.<\/li>\n<li>La vis sans fin d\u2019alimentation est entra\u00een\u00e9e au moyen d\u2019une cha\u00eene par un moteur \u00e0 engrenages herm\u00e9tique non ventil\u00e9 \u00e0 courant alternatif monophas\u00e9 de 1\/8&nbsp;HP (93&nbsp;W), 2,7&nbsp;A, 115&nbsp;V. La vitesse de la vis sans fin est d\u2019environ 130&nbsp;tr\/min.<\/li>\n<li>Le rotor est mont\u00e9 sur l\u2019arbre d\u2019un moteur ouvert \u00e0 aimant permanent de 1&nbsp;HP (746&nbsp;W), 115&nbsp;V monophas\u00e9, 60&nbsp;Hz, 12&nbsp;A. Sa vitesse est d\u2019environ 10&nbsp;000&nbsp;tr\/min.<\/li>\n<li>Le d\u00e9marreur de moteur sous bo\u00eetier NEMA 12 comporte une protection antisurcharge pour chaque moteur. Le capteur d\u2019ouverture de porte coupe toute l\u2019alimentation \u00e9lectrique jusqu\u2019\u00e0 l\u2019actionnement du bouton de r\u00e9armement (arr\u00eat).<\/li>\n<li>Le bouton d\u2019arr\u00eat rapide manuel de s\u00e9curit\u00e9 permet de couper toute l\u2019alimentation s\u00e9par\u00e9ment \u00e0 tout moment.<\/li>\n<li>Dimensions (h x l x p)&nbsp;: 25\u2033 x 19\u2033 x 20\u2033 (63,50&nbsp;cm x 48,26&nbsp;cm x 50,80&nbsp;cm)&nbsp;; Poids d\u2019exp\u00e9dition&nbsp;: 240 lb (108,86&nbsp;kg)<\/li>\n<\/ul>\n<table>\n<tbody>\n<tr>\n<th>N\u00b0 cat.<\/th>\n<th>Description<\/th>\n<th>Tr\u00e9mie<\/th>\n<th>Tension \/ Phases \/ Hz<\/th>\n<\/tr>\n<tr>\n<td>91-7120-01<\/td>\n<td>Pulv\u00e9risateur 500DG<\/td>\n<td>Standard<\/td>\n<td>115&nbsp;V \/ Monophas\u00e9 \/ 56&nbsp;Hz<\/td>\n<\/tr>\n<tr>\n<td>91-7120-04<\/td>\n<td>Pulv\u00e9risateur 500DG-E<\/td>\n<td>Standard<\/td>\n<td>220&nbsp;V \/ Monophas\u00e9 \/ 50&nbsp;Hz<\/td>\n<\/tr>\n<tr>\n<td>91-7120-08<\/td>\n<td>Pulv\u00e9risateur 500DG-E<\/td>\n<td>Standard<\/td>\n<td>230&nbsp;V \/ Monophas\u00e9 \/ 60&nbsp;Hz<\/td>\n<\/tr>\n<\/tbody>\n<\/table>\n<p><strong>Choix des tamis&nbsp;: pr\u00e9cisez les 5 tailles souhait\u00e9es au moment de la commande du pulv\u00e9risateur<\/strong><\/p>\n<table>\n<tbody>\n<tr>\n<th>N\u00b0 cat.<\/th>\n<th>Description<\/th>\n<th>Maille<\/th>\n<\/tr>\n<tr>\n<td>91-7130-25<\/td>\n<td>Tamis<\/td>\n<td>0,024\u2033 (0,61 mm) \/ 60&nbsp;mesh (250&nbsp;\u03bc)<\/td>\n<\/tr>\n<tr>\n<td>91-7130-26<\/td>\n<td>Tamis<\/td>\n<td>0,040\u2033 (1,02 mm) \/ 30&nbsp;mesh (595&nbsp;\u03bc)<\/td>\n<\/tr>\n<tr>\n<td>91-7130-27<\/td>\n<td>Tamis<\/td>\n<td>0,033\u2033 (0,84 mm) \/ 40&nbsp;mesh (400&nbsp;\u03bc)<\/td>\n<\/tr>\n<tr>\n<td>91-7130-28<\/td>\n<td>Tamis<\/td>\n<td>0,0625\u2033 (1,59 mm) \/ 20&nbsp;mesh (841&nbsp;\u03bc)<\/td>\n<\/tr>\n<tr>\n<td>91-7130-30<\/td>\n<td>Tamis<\/td>\n<td>0,0937\u2033 (2,38 mm) \/ 10&nbsp;mesh (2&nbsp;000&nbsp;\u03bc)<\/td>\n<\/tr>\n<tr>\n<td>91-7130-31<\/td>\n<td>Tamis<\/td>\n<td>0,020\u2033 (0,51 mm) \/ 80&nbsp;mesh (177&nbsp;\u03bc)<\/td>\n<\/tr>\n<\/tbody>\n<\/table>\n<h2>Pulv\u00e9risateur vibrant<\/h2>\n<p>Comprend un bol, des anneaux et un disque qui assurent un broyage efficace du charbon et autres \u00e9chantillons min\u00e9raux. Ce pulv\u00e9risateur vibrant (broyeur \u00e0 anneaux) fait appel \u00e0 deux anneaux et un disque \u00e0 l\u2019int\u00e9rieur d\u2019un bol de broyage de 250&nbsp;ml (8\u2033 [20,32]&nbsp;cm de diam\u00e8tre). Un moteur de conception sp\u00e9ciale directement coupl\u00e9 \u00e0 un excentrique rotatif fait osciller le bol et son contenu \u00e0 une vitesse et une amplitude pr\u00e9cises pour assurer une efficacit\u00e9 maximale du broyage, r\u00e9duisant ainsi rapidement les \u00e9chantillons humides et secs jusqu\u2019\u00e0 une finesse finale de 400&nbsp;mesh ou plus (37&nbsp;\u03bc ou moins). Tous les \u00e9l\u00e9ments sont contenus dans une armoire isol\u00e9e pos\u00e9e au sol \u00e0 capot de s\u00e9curit\u00e9 pour r\u00e9duire les bruits de fonctionnement. Fourni avec interrupteur de d\u00e9marrage, moteur 1&nbsp;HP (746&nbsp;W) et temporisation.<\/p>\n<p>Dimensions d\u2019exp\u00e9dition (L x l x h)&nbsp;: 39\u201d x 36\u201d x 50\u201d (99,06&nbsp;cm x 91,44&nbsp;cm x 127,00&nbsp;cm)&nbsp;; Poids d\u2019exp\u00e9dition&nbsp;: 667&nbsp;lb (302,55&nbsp;kg)<\/p>\n<table>\n<tbody>\n<tr>\n<th>N\u00b0 cat.<\/th>\n<th>Description<\/th>\n<th>Tension \/ Phases \/ Hz<\/th>\n<\/tr>\n<tr>\n<td>91-6508-01<\/td>\n<td>Pulv\u00e9risateur vibrant<\/td>\n<td>220&nbsp;V \/ Triphas\u00e9 \/ 60&nbsp;Hz<\/td>\n<\/tr>\n<tr>\n<td>91-6508-02<\/td>\n<td>Pulv\u00e9risateur vibrant<\/td>\n<td>220&nbsp;V \/ Monophas\u00e9 \/ 60&nbsp;Hz<\/td>\n<\/tr>\n<tr>\n<td>91-6508-08<\/td>\n<td>Pulv\u00e9risateur vibrant<\/td>\n<td>220&nbsp;V \/ Triphas\u00e9 \/ 50&nbsp;Hz<\/td>\n<\/tr>\n<\/tbody>\n<\/table>\n<p><strong>Pi\u00e8ces de rechange<\/strong><\/p>\n<table>\n<tbody>\n<tr>\n<th>N\u00b0 cat.<\/th>\n<th>Description<\/th>\n<\/tr>\n<tr>\n<td>91-6508-04<\/td>\n<td>Ensemble de broyage 250&nbsp;ml en alliage de chrome<\/td>\n<\/tr>\n<tr>\n<td>91-6508-05<\/td>\n<td>Ensemble de broyage 100&nbsp;g en carbure de tungst\u00e8ne<\/td>\n<\/tr>\n<tr>\n<td>91-6508-06<\/td>\n<td>Ensemble de broyage 250&nbsp;ml en alliage de chrome avec couvercle<\/td>\n<\/tr>\n<tr>\n<td>91-6508-07<\/td>\n<td>Ensemble de broyage 100&nbsp;g en alliage de chrome<\/td>\n<\/tr>\n<tr>\n<td>91-6508-09<\/td>\n<td>Adaptateur de bol 100&nbsp;g (n\u00e9cessaire avec 91-6508-07)<\/td>\n<\/tr>\n<\/tbody>\n<\/table>\n","protected":false},"excerpt":{"rendered":"<p>Pulv\u00e9risateur Holmes mod\u00e8le 502XL Le pulv\u00e9risateur Holmes mod\u00e8le 502XL a une capacit\u00e9 de 400&nbsp;grammes de charbon par minute avec un tamis \u00e0 perforations de 0,024&nbsp;pouce (0,61&nbsp;mm) de diam\u00e8tre&nbsp;; il est recommand\u00e9 pour la pulv\u00e9risation de charbon traversant un tamis de -4&nbsp;mesh (4&nbsp;760&nbsp;\u03bc) en charbon traversant -60&nbsp;mesh (250&nbsp;\u03bc). Ce pulv\u00e9risateur est propos\u00e9 avec une tr\u00e9mie d\u2019alimentation [&hellip;]<\/p>\n","protected":false},"author":1,"featured_media":100795,"parent":100643,"menu_order":0,"comment_status":"closed","ping_status":"closed","template":"product.php","meta":{"_et_pb_use_builder":"","_et_pb_old_content":"","_et_gb_content_width":""},"acf":[],"_links":{"self":[{"href":"https:\/\/preiser.com\/fr-fr\/wp-json\/wp\/v2\/pages\/100655"}],"collection":[{"href":"https:\/\/preiser.com\/fr-fr\/wp-json\/wp\/v2\/pages"}],"about":[{"href":"https:\/\/preiser.com\/fr-fr\/wp-json\/wp\/v2\/types\/page"}],"author":[{"embeddable":true,"href":"https:\/\/preiser.com\/fr-fr\/wp-json\/wp\/v2\/users\/1"}],"replies":[{"embeddable":true,"href":"https:\/\/preiser.com\/fr-fr\/wp-json\/wp\/v2\/comments?post=100655"}],"version-history":[{"count":1,"href":"https:\/\/preiser.com\/fr-fr\/wp-json\/wp\/v2\/pages\/100655\/revisions"}],"predecessor-version":[{"id":100796,"href":"https:\/\/preiser.com\/fr-fr\/wp-json\/wp\/v2\/pages\/100655\/revisions\/100796"}],"up":[{"embeddable":true,"href":"https:\/\/preiser.com\/fr-fr\/wp-json\/wp\/v2\/pages\/100643"}],"wp:featuredmedia":[{"embeddable":true,"href":"https:\/\/preiser.com\/fr-fr\/wp-json\/wp\/v2\/media\/100795"}],"wp:attachment":[{"href":"https:\/\/preiser.com\/fr-fr\/wp-json\/wp\/v2\/media?parent=100655"}],"curies":[{"name":"wp","href":"https:\/\/api.w.org\/{rel}","templated":true}]}}