{"id":100659,"date":"2018-06-12T18:59:20","date_gmt":"2018-06-12T18:59:20","guid":{"rendered":"http:\/\/preiser.com\/?page_id=100659"},"modified":"2022-11-17T22:54:46","modified_gmt":"2022-11-17T22:54:46","slug":"concasseurs-mchoire","status":"publish","type":"page","link":"https:\/\/preiser.com\/fr-fr\/produits\/prparation\/concasseurs-mchoire\/","title":{"rendered":"Concasseurs \u00e0 m\u00e2choire"},"content":{"rendered":"<p>Le concasseur \u00e0 m\u00e2choire Badger comprend une tr\u00e9mie d\u2019alimentation de 5&#8243; x 7&#8243; (12,70&nbsp;cm x 17,78&nbsp;cm), un moteur de 5&nbsp;HP (3,7&nbsp;kW) et des carters de protection. Il assure un broyage efficace du charbon, du calcaire et autres roches ou mati\u00e8res friables s\u00e8ches jusqu\u2019\u00e0 une taille de 1\/16\u2033 \u00e0 3\/4\u2033 (0,16 \u00e0 1,91&nbsp;cm). Son exceptionnelle capacit\u00e9 de broyage de 1&nbsp;300 lb (589,67&nbsp;kg) par heure moyennant une consommation \u00e9lectrique minimale r\u00e9sulte du mouvement unique de la m\u00e2choire mobile, offrant une productivit\u00e9 maximale au laboratoire.<\/p>\n<ul>\n<li>Conception robuste pour absorber les chocs et les effets d\u2019une utilisation intensive.<\/li>\n<li>Acc\u00e8s facile \u00e0 toutes les pi\u00e8ces permettant un nettoyage et un entretien rapides.<\/li>\n<li>Nouvelle configuration plus compacte de montage du moteur.<\/li>\n<li>Robuste b\u00e2ti en acier m\u00e9canosoud\u00e9.<\/li>\n<li>Plaques de m\u00e2choire r\u00e9versibles trait\u00e9es thermiquement<\/li>\n<li>Dimensions (h x l x p)&nbsp;: 42\u201d x 36\u201d x 43\u201d (106,68&nbsp;cm x 91,44&nbsp;cm x 109,22&nbsp;cm)&nbsp;; Poids d\u2019exp\u00e9dition&nbsp;: 782 lb (354,71&nbsp;kg)<\/li>\n<\/ul>\n<table>\n<tbody>\n<tr>\n<th>N\u00b0 cat.<\/th>\n<th>Description<\/th>\n<th>Tension \/ Phases \/ Hz<\/th>\n<\/tr>\n<tr>\n<td>91-6509-01<\/td>\n<td>Concasseur \u00e0 m\u00e2choire Badger<\/td>\n<td>110\/220&nbsp;V \/ Monophas\u00e9 \/ 50\/60&nbsp;Hz<\/td>\n<\/tr>\n<tr>\n<td>91-6509-02<\/td>\n<td>Concasseur \u00e0 m\u00e2choire Badger<\/td>\n<td>220\/440&nbsp;V \/ Triphas\u00e9 \/ 50\/60&nbsp;Hz<\/td>\n<\/tr>\n<\/tbody>\n<\/table>\n","protected":false},"excerpt":{"rendered":"<p>Le concasseur \u00e0 m\u00e2choire Badger comprend une tr\u00e9mie d\u2019alimentation de 5&#8243; x 7&#8243; (12,70&nbsp;cm x 17,78&nbsp;cm), un moteur de 5&nbsp;HP (3,7&nbsp;kW) et des carters de protection. Il assure un broyage efficace du charbon, du calcaire et autres roches ou mati\u00e8res friables s\u00e8ches jusqu\u2019\u00e0 une taille de 1\/16\u2033 \u00e0 3\/4\u2033 (0,16 \u00e0 1,91&nbsp;cm). Son exceptionnelle capacit\u00e9 [&hellip;]<\/p>\n","protected":false},"author":1,"featured_media":100797,"parent":100643,"menu_order":0,"comment_status":"closed","ping_status":"closed","template":"product.php","meta":{"_et_pb_use_builder":"","_et_pb_old_content":"","_et_gb_content_width":""},"acf":[],"_links":{"self":[{"href":"https:\/\/preiser.com\/fr-fr\/wp-json\/wp\/v2\/pages\/100659"}],"collection":[{"href":"https:\/\/preiser.com\/fr-fr\/wp-json\/wp\/v2\/pages"}],"about":[{"href":"https:\/\/preiser.com\/fr-fr\/wp-json\/wp\/v2\/types\/page"}],"author":[{"embeddable":true,"href":"https:\/\/preiser.com\/fr-fr\/wp-json\/wp\/v2\/users\/1"}],"replies":[{"embeddable":true,"href":"https:\/\/preiser.com\/fr-fr\/wp-json\/wp\/v2\/comments?post=100659"}],"version-history":[{"count":1,"href":"https:\/\/preiser.com\/fr-fr\/wp-json\/wp\/v2\/pages\/100659\/revisions"}],"predecessor-version":[{"id":100798,"href":"https:\/\/preiser.com\/fr-fr\/wp-json\/wp\/v2\/pages\/100659\/revisions\/100798"}],"up":[{"embeddable":true,"href":"https:\/\/preiser.com\/fr-fr\/wp-json\/wp\/v2\/pages\/100643"}],"wp:featuredmedia":[{"embeddable":true,"href":"https:\/\/preiser.com\/fr-fr\/wp-json\/wp\/v2\/media\/100797"}],"wp:attachment":[{"href":"https:\/\/preiser.com\/fr-fr\/wp-json\/wp\/v2\/media?parent=100659"}],"curies":[{"name":"wp","href":"https:\/\/api.w.org\/{rel}","templated":true}]}}