{"id":100669,"date":"2018-06-12T19:47:00","date_gmt":"2018-06-12T19:47:00","guid":{"rendered":"http:\/\/preiser.com\/?page_id=100669"},"modified":"2022-11-17T22:55:22","modified_gmt":"2022-11-17T22:55:22","slug":"sparateurs-diviseurs-riffles","status":"publish","type":"page","link":"https:\/\/preiser.com\/fr-fr\/produits\/sparation\/sparateurs-diviseurs-riffles\/","title":{"rendered":"S\u00e9parateurs \/ diviseurs \u00e0 riffles"},"content":{"rendered":"<h2>Holmes mod\u00e8le 70XL<\/h2>\n<p>Le mod\u00e8le Holmes 70XL est un diviseur d\u2019\u00e9chantillon \u00e0 riffles pos\u00e9 au sol, \u00e0 carter ferm\u00e9, constitu\u00e9 de goulottes d\u2019alimentation, de couloirs de s\u00e9paration et de deux tiroirs en acier inoxydable de type 304. Ce diviseur \u00e0 riffles comporte 18 couloirs de \u00be&nbsp;pouce (1,91&nbsp;cm) pour du charbon traversant un tamis de 6&nbsp;mesh (3&nbsp;360&nbsp;\u03bc). Des pattes de bascule sont propos\u00e9es en option pour les r\u00e9cipients, boulonn\u00e9es sur la goulotte d\u2019alimentation.<\/p>\n<ul>\n<li>L\u2019enceinte de s\u00e9curit\u00e9 est en acier d\u2019\u00e9paisseur n\u00b0&nbsp;18 (1,21&nbsp;mm), peint sur les deux faces.<\/li>\n<li>Pour contr\u00f4ler ou nettoyer l\u2019int\u00e9rieur, il suffit de sortir la goulotte d\u2019alimentation par le dessus, de retirer les tiroirs et d\u2019ouvrir les portes.<\/li>\n<li>L\u2019enceinte et les parties de l\u2019appareil hors du flux d\u2019\u00e9chantillon sont boulonn\u00e9es.<\/li>\n<li>Dimensions (h x l x p)&nbsp;: 35,75\u201d x 17\u201d x 31\u201d (90,81&nbsp;cm x 43,18&nbsp;cm x 78,74&nbsp;cm)&nbsp;; Poids d\u2019exp\u00e9dition&nbsp;: 155 lb (70,31&nbsp;kg)<\/li>\n<\/ul>\n<table>\n<tbody>\n<tr>\n<th>N\u00b0 cat.<\/th>\n<th>Description<\/th>\n<th>Type<\/th>\n<\/tr>\n<tr>\n<td>91-8140-01<\/td>\n<td>Diviseur \u00e0 riffles Holmes mod\u00e8le 70XL<\/td>\n<td>Int\u00e9rieur galvanis\u00e9<\/td>\n<\/tr>\n<tr>\n<td>91-8140-02<\/td>\n<td>Diviseur \u00e0 riffles Holmes mod\u00e8le 70XL<\/td>\n<td>Int\u00e9rieur inox<\/td>\n<\/tr>\n<\/tbody>\n<\/table>\n<p><strong>Tiroirs de rechange uniquement pour les diviseurs \u00e0 riffles mod\u00e8le 70XL<\/strong><\/p>\n<table>\n<tbody>\n<tr>\n<th>N\u00b0 cat.<\/th>\n<th>Description<\/th>\n<\/tr>\n<tr>\n<td>91-8141-01<\/td>\n<td>Tiroir galvanis\u00e9<\/td>\n<\/tr>\n<tr>\n<td>91-8141-02<\/td>\n<td>Tiroir inox<\/td>\n<\/tr>\n<\/tbody>\n<\/table>\n<div class=\"imagewrapper\">\n<div><img decoding=\"async\" loading=\"lazy\" src=\"https:\/\/preiser.com\/wp-content\/uploads\/riffle-splitter-15FXL-600x600.jpg\" alt=\"\" width=\"600\" height=\"600\" class=\"alignnone size-medium wp-image-445\"><\/div>\n<p>91-7985 Diviseur \u00e0 riffles Holmes mod\u00e8le 15FXL<\/p>\n<\/div>\n<h2>Holmes mod\u00e8le 15FXL<\/h2>\n<p>Le mod\u00e8le Holmes 15FXL, con\u00e7u pour les petits volumes d\u2019\u00e9chantillons, est un diviseur d\u2019\u00e9chantillon \u00e0 riffles de table, \u00e0 carter ferm\u00e9, constitu\u00e9 de goulottes d\u2019alimentation, de couloirs de s\u00e9paration, de deux tiroirs en acier inoxydable de type 304, ainsi que d\u2019une tr\u00e9mie int\u00e9gr\u00e9e en acier inoxydable. Ce diviseur \u00e0 riffles comporte 24&nbsp;couloirs de 3\/8&nbsp;pouce (0,95&nbsp;cm) pour de la mati\u00e8re s\u00e8che traversant un tamis de -20&nbsp;mesh (841&nbsp;\u03bc).<\/p>\n<ul>\n<li>L\u2019enceinte de s\u00e9curit\u00e9 est en acier d\u2019\u00e9paisseur n\u00b0&nbsp;18 (1,21&nbsp;mm), peint sur les deux faces.<\/li>\n<li>Couloirs de s\u00e9paration en acier inoxydable m\u00e9canosoud\u00e9 r\u00e9sistant \u00e0 l\u2019usure et durable<\/li>\n<li>Deux portes sur charni\u00e8res \u00e0 piano donnent acc\u00e8s aux parties inf\u00e9rieures des couloirs pour le nettoyage entre \u00e9chantillons<\/li>\n<li>La configuration \u00e0 carter ferm\u00e9 minimise le d\u00e9gagement de poussi\u00e8res et \u00e9vite la perte d\u2019\u00e9chantillon li\u00e9e au rebond des grains durant la division<\/li>\n<li>Dimensions (h x l x p)&nbsp;: 22\u201d x 11\u201d x 15\u201d (55,88&nbsp;cm x 27,94&nbsp;cm x 38,10&nbsp;cm)&nbsp;; Poids d\u2019exp\u00e9dition&nbsp;: 15,88&nbsp;kg<\/li>\n<\/ul>\n<table>\n<tbody>\n<tr>\n<th>N\u00b0 cat.<\/th>\n<th>Description<\/th>\n<th>Type<\/th>\n<\/tr>\n<tr>\n<td>91-7985-01<\/td>\n<td>Diviseur \u00e0 riffles Holmes mod\u00e8le 15FXL<\/td>\n<td>Int\u00e9rieur inox<\/td>\n<\/tr>\n<\/tbody>\n<\/table>\n<p><strong>Tiroir de rechange pour le diviseur \u00e0 riffles mod\u00e8le 15FXL<\/strong><\/p>\n<table>\n<tbody>\n<tr>\n<th>N\u00b0 cat.<\/th>\n<th>Description<\/th>\n<\/tr>\n<tr>\n<td>91-8020-02<\/td>\n<td>Tiroir inox<\/td>\n<\/tr>\n<\/tbody>\n<\/table>\n<p class=\"footnote\"><strong>REMARQUE&nbsp;:<\/strong> Autres tailles \u00e9galement propos\u00e9es<\/p>\n","protected":false},"excerpt":{"rendered":"<p>Holmes mod\u00e8le 70XL Le mod\u00e8le Holmes 70XL est un diviseur d\u2019\u00e9chantillon \u00e0 riffles pos\u00e9 au sol, \u00e0 carter ferm\u00e9, constitu\u00e9 de goulottes d\u2019alimentation, de couloirs de s\u00e9paration et de deux tiroirs en acier inoxydable de type 304. Ce diviseur \u00e0 riffles comporte 18 couloirs de \u00be&nbsp;pouce (1,91&nbsp;cm) pour du charbon traversant un tamis de 6&nbsp;mesh [&hellip;]<\/p>\n","protected":false},"author":1,"featured_media":100799,"parent":100665,"menu_order":0,"comment_status":"closed","ping_status":"closed","template":"product.php","meta":{"_et_pb_use_builder":"","_et_pb_old_content":"","_et_gb_content_width":""},"acf":[],"_links":{"self":[{"href":"https:\/\/preiser.com\/fr-fr\/wp-json\/wp\/v2\/pages\/100669"}],"collection":[{"href":"https:\/\/preiser.com\/fr-fr\/wp-json\/wp\/v2\/pages"}],"about":[{"href":"https:\/\/preiser.com\/fr-fr\/wp-json\/wp\/v2\/types\/page"}],"author":[{"embeddable":true,"href":"https:\/\/preiser.com\/fr-fr\/wp-json\/wp\/v2\/users\/1"}],"replies":[{"embeddable":true,"href":"https:\/\/preiser.com\/fr-fr\/wp-json\/wp\/v2\/comments?post=100669"}],"version-history":[{"count":1,"href":"https:\/\/preiser.com\/fr-fr\/wp-json\/wp\/v2\/pages\/100669\/revisions"}],"predecessor-version":[{"id":100800,"href":"https:\/\/preiser.com\/fr-fr\/wp-json\/wp\/v2\/pages\/100669\/revisions\/100800"}],"up":[{"embeddable":true,"href":"https:\/\/preiser.com\/fr-fr\/wp-json\/wp\/v2\/pages\/100665"}],"wp:featuredmedia":[{"embeddable":true,"href":"https:\/\/preiser.com\/fr-fr\/wp-json\/wp\/v2\/media\/100799"}],"wp:attachment":[{"href":"https:\/\/preiser.com\/fr-fr\/wp-json\/wp\/v2\/media?parent=100669"}],"curies":[{"name":"wp","href":"https:\/\/api.w.org\/{rel}","templated":true}]}}