{"id":100674,"date":"2018-06-12T19:56:53","date_gmt":"2018-06-12T19:56:53","guid":{"rendered":"http:\/\/preiser.com\/?page_id=100674"},"modified":"2022-11-17T22:55:22","modified_gmt":"2022-11-17T22:55:22","slug":"diviseurs-dchantillon-rotatifs","status":"publish","type":"page","link":"https:\/\/preiser.com\/fr-fr\/produits\/sparation\/diviseurs-dchantillon-rotatifs\/","title":{"rendered":"Diviseurs d\u2019\u00e9chantillon rotatifs"},"content":{"rendered":"<p>Le diviseur d\u2019\u00e9chantillon rotatif Preiser permet une division rapide et pr\u00e9cise d\u2019\u00e9chantillons de charbon, min\u00e9raux, cendre et autres mati\u00e8res granulaires. Le diviseur rotatif peut \u00eatre configur\u00e9 en fonction du d\u00e9bit de mat\u00e9riau, de la taille maximale des \u00e9chantillons et du taux de division souhait\u00e9s. Il peut s\u2019utiliser pour m\u00e9langer des \u00e9chantillons pr\u00e9alablement \u00e0 leur division, en les faisant passer plusieurs fois \u00e0 travers la machine.<\/p>\n<ul>\n<li>Toutes les pi\u00e8ces de contact, telles que la tr\u00e9mie, le plateau vibrant d\u2019alimentation, les capots en U, les segments diviseurs et les bacs de trop-plein, sont en acier inoxydable.<\/li>\n<li>Permet de produire 1 \u00e0 16 divisions d\u2019\u00e9chantillons dans diverses combinaisons. Choisissez les segments diviseurs en fonction de la taille nominale maximale, de la capacit\u00e9 et du taux de division des \u00e9chantillons. Les segments fournis permettent des divisions d\u2019\u00e9chantillons en 16, 8 et 4 parties \u00e9gales.<\/li>\n<li>La tr\u00e9mie de 1,8&nbsp;pieds-cubes (51 litres) \u00e0 clapet de 4\u201d x 6\u201d (10,16 cm x 15,24 cm) permet des divisions pr\u00e9cises des \u00e9chantillons jusqu\u2019\u00e0 une taille maximale de 1,33\u201d (3,39&nbsp;cm).<\/li>\n<li>Le d\u00e9bit d\u2019alimentation r\u00e9glable assure une grande pr\u00e9cision d\u2019\u00e9chantillonnage.<\/li>\n<li>La partie tr\u00e9mie peut s\u2019utiliser s\u00e9par\u00e9ment pour alimenter des concasseurs \u00e0 m\u00e2choire et pulv\u00e9risateurs de petit format.<\/li>\n<li>Les capots en U coupent le flux d\u2019\u00e9chantillon pour \u00e9viter les pertes. Il doit y avoir autant de capots que de segments diviseurs.<\/li>\n<li>Dimensions (h x l x p)&nbsp;: 55\u201d x 52\u201d x 50\u201d (139,70&nbsp;cm x 132,08&nbsp;cm x 127,00&nbsp;cm)&nbsp;; Poids d\u2019exp\u00e9dition&nbsp;: 650 lb (294,83&nbsp;kg)<\/li>\n<\/ul>\n<table>\n<tbody>\n<tr>\n<th>N\u00b0 cat.<\/th>\n<th>Description<\/th>\n<th>Tension \/ Phases \/ Hz<\/th>\n<\/tr>\n<tr>\n<td>FRS-440748A-01<\/td>\n<td>Diviseur d\u2019\u00e9chantillon rotatif<\/td>\n<td>230&nbsp;V \/ Monophas\u00e9 \/ 60&nbsp;Hz<\/td>\n<\/tr>\n<tr>\n<td>FRS-440749A<\/td>\n<td>Diviseur d\u2019\u00e9chantillon rotatif<\/td>\n<td>230&nbsp;V \/ Monophas\u00e9 \/ 50&nbsp;Hz<\/td>\n<\/tr>\n<tr>\n<td>FRS-440750A<\/td>\n<td>Diviseur d\u2019\u00e9chantillon rotatif<\/td>\n<td>115&nbsp;V \/ Monophas\u00e9 \/ 60&nbsp;Hz<\/td>\n<\/tr>\n<\/tbody>\n<\/table>\n<p><strong>*S\u00e9lectionnez les segments diviseurs et les capots souhait\u00e9s lors de la commande<\/strong><\/p>\n<table>\n<tbody>\n<tr>\n<th>N\u00b0 cat.<\/th>\n<th>Description<\/th>\n<\/tr>\n<tr>\n<td>FRS-440761B<\/td>\n<td>Segment diviseur, taille 1\/4 (12 litres)<\/td>\n<\/tr>\n<tr>\n<td>FRS-440762B<\/td>\n<td>Segment diviseur, taille 1\/8 (6 litres)<\/td>\n<\/tr>\n<tr>\n<td>FRS-440763B<\/td>\n<td>Segment diviseur, taille 1\/16 (3 litres)<\/td>\n<\/tr>\n<tr>\n<td>FRS-440765B<\/td>\n<td>Clip de raccordement de capot en U<\/td>\n<\/tr>\n<tr>\n<td>FRS-440769B<\/td>\n<td>Bac de trop-plein, 25\u2033 x 18\u2033 x 7\u2033 (63,50&nbsp;cm x 45,72&nbsp;cm x 17,78&nbsp;cm) (25 litres)<\/td>\n<\/tr>\n<\/tbody>\n<\/table>\n","protected":false},"excerpt":{"rendered":"<p>Le diviseur d\u2019\u00e9chantillon rotatif Preiser permet une division rapide et pr\u00e9cise d\u2019\u00e9chantillons de charbon, min\u00e9raux, cendre et autres mati\u00e8res granulaires. Le diviseur rotatif peut \u00eatre configur\u00e9 en fonction du d\u00e9bit de mat\u00e9riau, de la taille maximale des \u00e9chantillons et du taux de division souhait\u00e9s. Il peut s\u2019utiliser pour m\u00e9langer des \u00e9chantillons pr\u00e9alablement \u00e0 leur division, [&hellip;]<\/p>\n","protected":false},"author":1,"featured_media":100801,"parent":100665,"menu_order":0,"comment_status":"closed","ping_status":"closed","template":"product.php","meta":{"_et_pb_use_builder":"","_et_pb_old_content":"","_et_gb_content_width":""},"acf":[],"_links":{"self":[{"href":"https:\/\/preiser.com\/fr-fr\/wp-json\/wp\/v2\/pages\/100674"}],"collection":[{"href":"https:\/\/preiser.com\/fr-fr\/wp-json\/wp\/v2\/pages"}],"about":[{"href":"https:\/\/preiser.com\/fr-fr\/wp-json\/wp\/v2\/types\/page"}],"author":[{"embeddable":true,"href":"https:\/\/preiser.com\/fr-fr\/wp-json\/wp\/v2\/users\/1"}],"replies":[{"embeddable":true,"href":"https:\/\/preiser.com\/fr-fr\/wp-json\/wp\/v2\/comments?post=100674"}],"version-history":[{"count":1,"href":"https:\/\/preiser.com\/fr-fr\/wp-json\/wp\/v2\/pages\/100674\/revisions"}],"predecessor-version":[{"id":100802,"href":"https:\/\/preiser.com\/fr-fr\/wp-json\/wp\/v2\/pages\/100674\/revisions\/100802"}],"up":[{"embeddable":true,"href":"https:\/\/preiser.com\/fr-fr\/wp-json\/wp\/v2\/pages\/100665"}],"wp:featuredmedia":[{"embeddable":true,"href":"https:\/\/preiser.com\/fr-fr\/wp-json\/wp\/v2\/media\/100801"}],"wp:attachment":[{"href":"https:\/\/preiser.com\/fr-fr\/wp-json\/wp\/v2\/media?parent=100674"}],"curies":[{"name":"wp","href":"https:\/\/api.w.org\/{rel}","templated":true}]}}