{"id":100678,"date":"2018-06-12T20:01:48","date_gmt":"2018-06-12T20:01:48","guid":{"rendered":"http:\/\/preiser.com\/?page_id=100678"},"modified":"2022-11-17T22:55:22","modified_gmt":"2022-11-17T22:55:22","slug":"postes-de-dcoupe-dchantillons","status":"publish","type":"page","link":"https:\/\/preiser.com\/fr-fr\/produits\/sparation\/postes-de-dcoupe-dchantillons\/","title":{"rendered":"Postes de d\u00e9coupe d\u2019\u00e9chantillons"},"content":{"rendered":"<p>Le poste de d\u00e9coupe d\u2019\u00e9chantillons Holmes mod\u00e8le 1400 accepte une alimentation en \u00e9chantillons \u00e0 partir d\u2019un broyeur Holmes mod\u00e8le 401XL. La bande transporteuse d\u00e9verse l\u2019\u00e9chantillon sur un couteau en inox \u00e0 mouvement alternatif. La largeur du couteau est de 1,25&nbsp;pouces (3,18&nbsp;cm) ou peut \u00eatre ajust\u00e9e en fonction des besoins. La vitesse du couteau est de 12 pouces (30,48&nbsp;cm) par seconde (6&nbsp;pouces\/s (15,24 cm) en option). La vitesse de la bande est de 100&nbsp;pieds (30,48&nbsp;m) par seconde. Le mode de fonctionnement du couteau, continu ou intermittent temporis\u00e9, est s\u00e9lectionn\u00e9 sur le tableau de commande.<\/p>\n<ul>\n<li>Con\u00e7u pour \u00eatre raccord\u00e9 au broyeur 401XL<\/li>\n<li>Fabriqu\u00e9 en acier peint<\/li>\n<li>Comprend deux r\u00e9cipients \u00e0 \u00e9chantillons de 1&nbsp;375&nbsp;pouces-cubes (22,53&nbsp;litres) chacun<\/li>\n<li>Capacit\u00e9 de 4&nbsp;000&nbsp;lb (1&nbsp;814,37&nbsp;kg) par heure<\/li>\n<li>La machine peut fonctionner en mode continu ou intermittent, command\u00e9 par un bouton gradu\u00e9 de 0 \u00e0 150&nbsp;secondes<\/li>\n<li>Fournit une s\u00e9lection \u00e0 l\u2019aveugle d\u2019\u00e9chantillons issus du broyeur \u00e0 des fins d\u2019essais suppl\u00e9mentaires<\/li>\n<li>Dimensions (h x l x p)&nbsp;: 62\u201d x 35\u201d x 86\u201d (157,48&nbsp;cm x 88,90&nbsp;cm x 218,44&nbsp;cm)&nbsp;; Poids d\u2019exp\u00e9dition&nbsp;: 2&nbsp;500 lb (1&nbsp;133,98&nbsp;kg)<\/li>\n<\/ul>\n<table>\n<tbody>\n<tr>\n<th>N\u00b0 cat.<\/th>\n<th>Description<\/th>\n<th>Tension \/ Phases \/ Hz<\/th>\n<\/tr>\n<tr>\n<td>91-8400-01<\/td>\n<td>Poste de d\u00e9coupe d\u2019\u00e9chantillons<\/td>\n<td>230&nbsp;V \/ Triphas\u00e9 \/ 60&nbsp;Hz<\/td>\n<\/tr>\n<tr>\n<td>91-8400-03<\/td>\n<td>Poste de d\u00e9coupe d\u2019\u00e9chantillons<\/td>\n<td>380&nbsp;V \/ Triphas\u00e9 \/ 50&nbsp;Hz<\/td>\n<\/tr>\n<tr>\n<td>91-8400-05<\/td>\n<td>Poste de d\u00e9coupe d\u2019\u00e9chantillons<\/td>\n<td>460&nbsp;V \/ Triphas\u00e9 \/ 60&nbsp;Hz<\/td>\n<\/tr>\n<\/tbody>\n<\/table>\n","protected":false},"excerpt":{"rendered":"<p>Le poste de d\u00e9coupe d\u2019\u00e9chantillons Holmes mod\u00e8le 1400 accepte une alimentation en \u00e9chantillons \u00e0 partir d\u2019un broyeur Holmes mod\u00e8le 401XL. La bande transporteuse d\u00e9verse l\u2019\u00e9chantillon sur un couteau en inox \u00e0 mouvement alternatif. La largeur du couteau est de 1,25&nbsp;pouces (3,18&nbsp;cm) ou peut \u00eatre ajust\u00e9e en fonction des besoins. La vitesse du couteau est de [&hellip;]<\/p>\n","protected":false},"author":1,"featured_media":100803,"parent":100665,"menu_order":0,"comment_status":"closed","ping_status":"closed","template":"product.php","meta":{"_et_pb_use_builder":"","_et_pb_old_content":"","_et_gb_content_width":""},"acf":[],"_links":{"self":[{"href":"https:\/\/preiser.com\/fr-fr\/wp-json\/wp\/v2\/pages\/100678"}],"collection":[{"href":"https:\/\/preiser.com\/fr-fr\/wp-json\/wp\/v2\/pages"}],"about":[{"href":"https:\/\/preiser.com\/fr-fr\/wp-json\/wp\/v2\/types\/page"}],"author":[{"embeddable":true,"href":"https:\/\/preiser.com\/fr-fr\/wp-json\/wp\/v2\/users\/1"}],"replies":[{"embeddable":true,"href":"https:\/\/preiser.com\/fr-fr\/wp-json\/wp\/v2\/comments?post=100678"}],"version-history":[{"count":1,"href":"https:\/\/preiser.com\/fr-fr\/wp-json\/wp\/v2\/pages\/100678\/revisions"}],"predecessor-version":[{"id":100804,"href":"https:\/\/preiser.com\/fr-fr\/wp-json\/wp\/v2\/pages\/100678\/revisions\/100804"}],"up":[{"embeddable":true,"href":"https:\/\/preiser.com\/fr-fr\/wp-json\/wp\/v2\/pages\/100665"}],"wp:featuredmedia":[{"embeddable":true,"href":"https:\/\/preiser.com\/fr-fr\/wp-json\/wp\/v2\/media\/100803"}],"wp:attachment":[{"href":"https:\/\/preiser.com\/fr-fr\/wp-json\/wp\/v2\/media?parent=100678"}],"curies":[{"name":"wp","href":"https:\/\/api.w.org\/{rel}","templated":true}]}}