{"id":100681,"date":"2018-06-12T20:08:07","date_gmt":"2018-06-12T20:08:07","guid":{"rendered":"http:\/\/preiser.com\/?page_id=100681"},"modified":"2022-11-17T22:55:21","modified_gmt":"2022-11-17T22:55:21","slug":"agitateurs-rotatifs-dchantillons","status":"publish","type":"page","link":"https:\/\/preiser.com\/fr-fr\/produits\/sparation\/agitateurs-rotatifs-dchantillons\/","title":{"rendered":"Agitateurs rotatifs d\u2019\u00e9chantillons"},"content":{"rendered":"<h2>Maxi-agitateur rotatif Preiser<\/h2>\n<p>Le maxi-agitateur rotatif Preiser a une capacit\u00e9 de 14 \u00e9chantillons. Il suffit de placer le charbon pulv\u00e9ris\u00e9 dans les flacons \u00e0 \u00e9chantillon, d\u2019ins\u00e9rer les flacons dans les porte-flacons de la roue et de lancer la rotation de la roue jusqu\u2019\u00e0 ce que les \u00e9chantillons soient compl\u00e8tement m\u00e9lang\u00e9s.<\/p>\n<ul>\n<li>L\u2019agitateur rotatif comporte un moteur \u00e0 entra\u00eenement direct de \u00bc&nbsp;HP (186&nbsp;W) tournant \u00e0 30&nbsp;tr\/min<\/li>\n<li>Fourni avec 14&nbsp;flacons \u00e0 \u00e9chantillon de charbon en verre de 8 oz (236,59&nbsp;ml), r\u00e9f. 90-2587-01<\/li>\n<li>Les osselets m\u00e9talliques accessoires 91-8515-02 offrent un moyen rapide et efficace d\u2019agiter les \u00e9chantillons de charbon<\/li>\n<li>Chemisages accessoires de porte-flacons d\u2019agitateur pour amortir les flacons et \u00e9viter les rayures<\/li>\n<li>Support et entonnoir de remplissage accessoires en acier inoxydable \u00e0 utiliser avec les flacons \u00e0 \u00e9chantillon<\/li>\n<li>Socle mural<\/li>\n<li>Dimensions (h x l x p)&nbsp;: 32\u2033 x 32\u2033 x 32\u2033 (81,28&nbsp;cm x 81,28&nbsp;cm x 81,28&nbsp;cm)&nbsp;; Poids&nbsp;: 150 lb (68,04&nbsp;kg)<\/li>\n<\/ul>\n<table>\n<tbody>\n<tr>\n<th>N\u00b0 cat.<\/th>\n<th>Description<\/th>\n<th>Tension \/ Phases \/ Hz<\/th>\n<\/tr>\n<tr>\n<td>Z91-8500-01<\/td>\n<td>Agitateur rotatif d\u2019\u00e9chantillons<\/td>\n<td>115&nbsp;V \/ Monophas\u00e9 \/ 60&nbsp;Hz<\/td>\n<\/tr>\n<tr>\n<td>Z91-8500-03<\/td>\n<td>Agitateur rotatif d\u2019\u00e9chantillons<\/td>\n<td>230&nbsp;V \/ Monophas\u00e9 \/ 50&nbsp;Hz<\/td>\n<\/tr>\n<tr>\n<td>Z91-8500-07<\/td>\n<td>Agitateur rotatif d\u2019\u00e9chantillons<\/td>\n<td>230&nbsp;V \/ Monophas\u00e9 \/ 60&nbsp;Hz<\/td>\n<\/tr>\n<\/tbody>\n<\/table>\n<p><strong>Pi\u00e8ces et accessoires en option<\/strong><\/p>\n<table>\n<tbody>\n<tr>\n<th>N\u00b0 cat.<\/th>\n<th>Description<\/th>\n<\/tr>\n<tr>\n<td>90-2587-01<\/td>\n<td>Flacon \u00e0 \u00e9chantillon de charbon de 8 oz (236,59 ml) en verre<\/td>\n<\/tr>\n<tr>\n<td>90-2587-01P<\/td>\n<td>Flacon \u00e0 \u00e9chantillon de charbon de 8 oz (236,59 ml) en plastique<\/td>\n<\/tr>\n<tr>\n<td>Z91-8500-12<\/td>\n<td>Chemisages de porte-flacons d\u2019agitateur<\/td>\n<\/tr>\n<tr>\n<td>91-8515-02<\/td>\n<td>Osselets m\u00e9talliques, 500\/sachet<\/td>\n<\/tr>\n<tr>\n<td>91-6310-01<\/td>\n<td>Entonnoir de remplissage pour flacons \u00e0 \u00e9chantillon de charbon<\/td>\n<\/tr>\n<tr>\n<td>91-6320-01<\/td>\n<td>Support acier pour entonnoir de remplissage<\/td>\n<\/tr>\n<\/tbody>\n<\/table>\n<div class=\"imagewrapper\">\n<div><img decoding=\"async\" loading=\"lazy\" src=\"https:\/\/preiser.com\/wp-content\/uploads\/Mini-Mixing-Wheel.jpg\" alt=\"\" width=\"300\" height=\"243\" class=\"alignnone size-full wp-image-401\"><\/div>\n<p>Z95-8501-01 Mini-agitateur rotatif<\/p>\n<\/div>\n<h2>Mini-agitateur rotatif Preiser<\/h2>\n<p>Excellent pour la pr\u00e9paration d\u2019\u00e9chantillons de charbon homog\u00e8nes. Le mini-agitateur rotatif fait tourner en continu jusqu\u2019\u00e0 six flacons de 8 oz (236,59&nbsp;ml) en verre ou en plastique contenant des \u00e9chantillons de charbon pulv\u00e9ris\u00e9 et des osselets m\u00e9talliques. Les flacons \u00e0 \u00e9chantillon sont fermement tenus en place par de grandes pinces \u00e0 trois doigts.<\/p>\n<ul>\n<li>La commande de vitesse \u00e0 distance permet une utilisation sans danger<\/li>\n<li>Fourni avec un moteur \u00e0 service continu, \u00e0 vitesse variable de 10 \u00e0 60&nbsp;tr\/min<\/li>\n<li>La vitesse et l\u2019angle de fonctionnement sont r\u00e9glables conform\u00e9ment aux sp\u00e9cifications ASTM<\/li>\n<li>Les osselets m\u00e9talliques accessoires 91-8515-02 offrent un moyen rapide et efficace d\u2019agiter les \u00e9chantillons de charbon<\/li>\n<li>Les flacons en verre permettent d\u2019observer l\u2019agitation des \u00e9chantillons en continu durant la marche<\/li>\n<li>Les flacons \u00e0 \u00e9chantillon et les osselets m\u00e9talliques doivent \u00eatre command\u00e9s s\u00e9par\u00e9ment<\/li>\n<\/ul>\n<table>\n<tbody>\n<tr>\n<th>N\u00b0 cat.<\/th>\n<th>Description<\/th>\n<th>Tension \/ Phases \/ Hz<\/th>\n<\/tr>\n<tr>\n<td>Z95-8501-01<\/td>\n<td>Mini-agitateur rotatif<\/td>\n<td>120&nbsp;V \/ Monophas\u00e9 \/ 60&nbsp;Hz<\/td>\n<\/tr>\n<tr>\n<td>Z95-8501-10<\/td>\n<td>Mini-agitateur rotatif<\/td>\n<td>240&nbsp;V \/ Monophas\u00e9 \/ 50&nbsp;Hz<\/td>\n<\/tr>\n<tr>\n<td>Z95-8501-20<\/td>\n<td>Mini-agitateur rotatif<\/td>\n<td>240&nbsp;V \/ Monophas\u00e9 \/ 60&nbsp;Hz<\/td>\n<\/tr>\n<\/tbody>\n<\/table>\n<table>\n<tbody>\n<tr>\n<th>N\u00b0 cat.<\/th>\n<th>Description<\/th>\n<\/tr>\n<tr>\n<td>90-2587-01<\/td>\n<td>Flacons \u00e0 \u00e9chantillon de charbon en verre, 8 oz (23,66&nbsp;cl)<\/td>\n<\/tr>\n<tr>\n<td>90-2587-01P<\/td>\n<td>Flacons \u00e0 \u00e9chantillon de charbon en plastique, 8 oz (23,66&nbsp;cl)<\/td>\n<\/tr>\n<tr>\n<td>91-8515-02<\/td>\n<td>Osselets m\u00e9talliques, 500\/sachet<\/td>\n<\/tr>\n<tr>\n<td>91-6310-01<\/td>\n<td>Entonnoir de remplissage pour flacons \u00e0 \u00e9chantillon de charbon<\/td>\n<\/tr>\n<tr>\n<td>91-6320-01<\/td>\n<td>Support acier pour entonnoir de remplissage<\/td>\n<\/tr>\n<\/tbody>\n<\/table>\n","protected":false},"excerpt":{"rendered":"<p>Maxi-agitateur rotatif Preiser Le maxi-agitateur rotatif Preiser a une capacit\u00e9 de 14 \u00e9chantillons. Il suffit de placer le charbon pulv\u00e9ris\u00e9 dans les flacons \u00e0 \u00e9chantillon, d\u2019ins\u00e9rer les flacons dans les porte-flacons de la roue et de lancer la rotation de la roue jusqu\u2019\u00e0 ce que les \u00e9chantillons soient compl\u00e8tement m\u00e9lang\u00e9s. L\u2019agitateur rotatif comporte un moteur [&hellip;]<\/p>\n","protected":false},"author":1,"featured_media":100805,"parent":100665,"menu_order":0,"comment_status":"closed","ping_status":"closed","template":"product.php","meta":{"_et_pb_use_builder":"","_et_pb_old_content":"","_et_gb_content_width":""},"acf":[],"_links":{"self":[{"href":"https:\/\/preiser.com\/fr-fr\/wp-json\/wp\/v2\/pages\/100681"}],"collection":[{"href":"https:\/\/preiser.com\/fr-fr\/wp-json\/wp\/v2\/pages"}],"about":[{"href":"https:\/\/preiser.com\/fr-fr\/wp-json\/wp\/v2\/types\/page"}],"author":[{"embeddable":true,"href":"https:\/\/preiser.com\/fr-fr\/wp-json\/wp\/v2\/users\/1"}],"replies":[{"embeddable":true,"href":"https:\/\/preiser.com\/fr-fr\/wp-json\/wp\/v2\/comments?post=100681"}],"version-history":[{"count":2,"href":"https:\/\/preiser.com\/fr-fr\/wp-json\/wp\/v2\/pages\/100681\/revisions"}],"predecessor-version":[{"id":100807,"href":"https:\/\/preiser.com\/fr-fr\/wp-json\/wp\/v2\/pages\/100681\/revisions\/100807"}],"up":[{"embeddable":true,"href":"https:\/\/preiser.com\/fr-fr\/wp-json\/wp\/v2\/pages\/100665"}],"wp:featuredmedia":[{"embeddable":true,"href":"https:\/\/preiser.com\/fr-fr\/wp-json\/wp\/v2\/media\/100805"}],"wp:attachment":[{"href":"https:\/\/preiser.com\/fr-fr\/wp-json\/wp\/v2\/media?parent=100681"}],"curies":[{"name":"wp","href":"https:\/\/api.w.org\/{rel}","templated":true}]}}