{"id":100686,"date":"2018-06-12T20:10:43","date_gmt":"2018-06-12T20:10:43","guid":{"rendered":"http:\/\/preiser.com\/?page_id=100686"},"modified":"2022-11-17T22:55:23","modified_gmt":"2022-11-17T22:55:23","slug":"tamiseuses","status":"publish","type":"page","link":"https:\/\/preiser.com\/fr-fr\/produits\/sparation\/tamiseuses\/","title":{"rendered":"Tamiseuses"},"content":{"rendered":"<p>La norme de r\u00e9f\u00e9rence en mati\u00e8re de tamiseuses de laboratoire pour l\u2019industrie mini\u00e8re du charbon. La tamiseuse RO-TAP<sup>\u00ae<\/sup> a un principe de fonctionnement bidimensionnel unique, \u00e0 savoir un mouvement circulaire et un mouvement de tapotement vertical, qui permet aux grains de mati\u00e8re de se stratifier et de \u00ab&nbsp;chercher&nbsp;\u00bb les ouvertures critiques dans les tamis. Cela produit une analyse granulom\u00e9trique extr\u00eamement pr\u00e9cise et uniforme. Con\u00e7u pour les utilisations intensives moyennant un entretien \u00e9l\u00e9mentaire. \u00c9quip\u00e9 d\u2019une horloge num\u00e9rique de 99&nbsp;minutes.<\/p>\n<ul>\n<li>Le mod\u00e8le RX-29 est con\u00e7u pour les essais avec tamis de 8\u201d (20,32&nbsp;cm) de diam\u00e8tre et hauteur standard de maillages diff\u00e9rents. Un \u00e9chantillon peut \u00eatre analys\u00e9 sur une s\u00e9rie de 6 tamis en une seule op\u00e9ration du RO-TAP<sup>\u00ae<\/sup>.<\/li>\n<li>Le mod\u00e8le RX-30 est recommand\u00e9 pour les essais avec tamis de 12\u201d (30,48&nbsp;cm) de diam\u00e8tre de hauteur standard, o\u00f9 un \u00e9chantillon peut \u00eatre analys\u00e9 sur une s\u00e9rie de 4 tamis de maillages diff\u00e9rents.<\/li>\n<li>Le Ro-Tap\u2122 RX-94 pr\u00e9sente la m\u00eame configuration traditionnelle que le RX-29 mais avec deux \u00ab&nbsp;empilements&nbsp;\u00bb de tamisage con\u00e7us chacun pour accepter des tamis de 8\u201d (20,32&nbsp;cm) seulement. Cela offre une capacit\u00e9 de traitement deux fois plus importante, dans le temps normalement n\u00e9cessaire pour effectuer un seul essai.<\/li>\n<li>Les tamis en laiton de hauteur standard \u00e0 maillage inox sont habituellement recommand\u00e9s, mais des tamis en laiton \u00e0 maillage en laiton sont \u00e9galement propos\u00e9s. Conviennent \u00e0 toutes les tamiseuses. Des tamis de demi-hauteur sont \u00e9galement propos\u00e9s sur commande sp\u00e9ciale.<\/li>\n<li>Dimensions de RX-29 et RX-30 (l x p x h)&nbsp;: 36\u201d x 27\u201d x 34\u201d (91,44&nbsp;cm x 68,58&nbsp;cm x 86,36&nbsp;cm)&nbsp;; Poids d\u2019exp\u00e9dition&nbsp;: 255 lb (115,67&nbsp;kg)<\/li>\n<li>Dimensions de RX-94 (l x p x h)&nbsp;: 30\u201d x 27\u201d x 26\u201d (76,20&nbsp;cm x 68,58&nbsp;cm x 66,04&nbsp;cm)&nbsp;; Poids d\u2019exp\u00e9dition&nbsp;: 242 lb (109,77&nbsp;kg)<\/li>\n<\/ul>\n<table>\n<tbody>\n<tr>\n<th>N\u00b0 cat.<\/th>\n<th>Description<\/th>\n<th>Tension \/ Phases \/ Hz<\/th>\n<\/tr>\n<tr>\n<td>91-9184-01<\/td>\n<td>Tamiseuse RX-29<\/td>\n<td>115&nbsp;V \/ Monophas\u00e9 \/ 60&nbsp;Hz<\/td>\n<\/tr>\n<tr>\n<td>91-9184-02<\/td>\n<td>Tamiseuse RX-29<\/td>\n<td>230&nbsp;V \/ Monophas\u00e9 \/ 50&nbsp;Hz<\/td>\n<\/tr>\n<tr>\n<td>91-9184-03<\/td>\n<td>Tamiseuse RX-29<\/td>\n<td>230&nbsp;V \/ Monophas\u00e9 \/ 60&nbsp;Hz<\/td>\n<\/tr>\n<tr>\n<td>91-9184-12<\/td>\n<td>Tamiseuse RX-30<\/td>\n<td>115&nbsp;V \/ Monophas\u00e9 \/ 60&nbsp;Hz<\/td>\n<\/tr>\n<tr>\n<td>91-9184-13<\/td>\n<td>Tamiseuse RX-30<\/td>\n<td>230&nbsp;V \/ Monophas\u00e9 \/ 50&nbsp;Hz<\/td>\n<\/tr>\n<tr>\n<td>91-9184-14<\/td>\n<td>Tamiseuse RX-30<\/td>\n<td>230&nbsp;V \/ Monophas\u00e9 \/ 60&nbsp;Hz<\/td>\n<\/tr>\n<\/tbody>\n<\/table>\n<p><strong>Tamis s\u00e9rie U.S.A.<\/strong><\/p>\n<p><a href=\"https:\/\/preiser.com\/fr\/contact-fr\/\">Contactez-nous<\/a> pour conna\u00eetre les choix de maillage de tamis, toutes les configurations standard sont disponibles.<\/p>\n<p><strong>Accessoires pour tamis<\/strong><\/p>\n<table>\n<tbody>\n<tr>\n<th>N\u00b0 cat.<\/th>\n<th>Description<\/th>\n<\/tr>\n<tr>\n<td>91-9158-01<\/td>\n<td>Bac inf\u00e9rieur inox, 8\u201d (20,32&nbsp;cm) de diam\u00e8tre<\/td>\n<\/tr>\n<tr>\n<td>91-9158-02<\/td>\n<td>Bac inf\u00e9rieur laiton, 8\u201d (20,32&nbsp;cm) de diam\u00e8tre<\/td>\n<\/tr>\n<tr>\n<td>91-9158-03<\/td>\n<td>Bac inf\u00e9rieur inox, 12\u201d (30,48&nbsp;cm) de diam\u00e8tre<\/td>\n<\/tr>\n<tr>\n<td>91-9158-04<\/td>\n<td>Bac inf\u00e9rieur laiton, 12\u201d (30,48&nbsp;cm) de diam\u00e8tre<\/td>\n<\/tr>\n<tr>\n<td>91-9159-02<\/td>\n<td>Couvercle de tamis laiton, 8\u201d (20,32&nbsp;cm)<\/td>\n<\/tr>\n<tr>\n<td>91-9159-04<\/td>\n<td>Couvercle de tamis laiton, 12\u201d (30,48&nbsp;cm)<\/td>\n<\/tr>\n<tr>\n<td>90-3190-01<\/td>\n<td>Brosse de nettoyage de tamis, 8\u201d (20,32&nbsp;cm)<\/td>\n<\/tr>\n<tr>\n<td>90-3200-01<\/td>\n<td>Brosse de nettoyage de tamis, 12\u201d (30,48&nbsp;cm)<\/td>\n<\/tr>\n<tr>\n<td>91-9186-01<\/td>\n<td>Enceinte insonorisante pour tamiseuses RX29 et RX30<br \/>\nR\u00e9duit le niveau de bruit de 85&nbsp;dB environ \u00e0 60&nbsp;dB<br \/>\nComprend deux portes et un panneau sup\u00e9rieur ouvrant, doublure int\u00e9rieure en mousse insonorisante<br \/>\nDimensions (l x p x h)&nbsp;: 35\u2033 x 24\u2033 x 29\u2033 (88,90&nbsp;cm x 60,96&nbsp;cm x 73,66&nbsp;cm)&nbsp;; Poids unitaire&nbsp;: 90 lb (40,82)&nbsp;kg<\/td>\n<\/tr>\n<tr>\n<td>91-9186-03<\/td>\n<td>Socle d\u2019essai pour RX-29 et RX-30<br \/>\nPeut s\u2019utiliser avec ou sans l\u2019enceinte insonorisante<\/td>\n<\/tr>\n<\/tbody>\n<\/table>\n","protected":false},"excerpt":{"rendered":"<p>La norme de r\u00e9f\u00e9rence en mati\u00e8re de tamiseuses de laboratoire pour l\u2019industrie mini\u00e8re du charbon. La tamiseuse RO-TAP\u00ae a un principe de fonctionnement bidimensionnel unique, \u00e0 savoir un mouvement circulaire et un mouvement de tapotement vertical, qui permet aux grains de mati\u00e8re de se stratifier et de \u00ab&nbsp;chercher&nbsp;\u00bb les ouvertures critiques dans les tamis. Cela [&hellip;]<\/p>\n","protected":false},"author":1,"featured_media":100808,"parent":100665,"menu_order":0,"comment_status":"closed","ping_status":"closed","template":"product.php","meta":{"_et_pb_use_builder":"","_et_pb_old_content":"","_et_gb_content_width":""},"acf":[],"_links":{"self":[{"href":"https:\/\/preiser.com\/fr-fr\/wp-json\/wp\/v2\/pages\/100686"}],"collection":[{"href":"https:\/\/preiser.com\/fr-fr\/wp-json\/wp\/v2\/pages"}],"about":[{"href":"https:\/\/preiser.com\/fr-fr\/wp-json\/wp\/v2\/types\/page"}],"author":[{"embeddable":true,"href":"https:\/\/preiser.com\/fr-fr\/wp-json\/wp\/v2\/users\/1"}],"replies":[{"embeddable":true,"href":"https:\/\/preiser.com\/fr-fr\/wp-json\/wp\/v2\/comments?post=100686"}],"version-history":[{"count":1,"href":"https:\/\/preiser.com\/fr-fr\/wp-json\/wp\/v2\/pages\/100686\/revisions"}],"predecessor-version":[{"id":100809,"href":"https:\/\/preiser.com\/fr-fr\/wp-json\/wp\/v2\/pages\/100686\/revisions\/100809"}],"up":[{"embeddable":true,"href":"https:\/\/preiser.com\/fr-fr\/wp-json\/wp\/v2\/pages\/100665"}],"wp:featuredmedia":[{"embeddable":true,"href":"https:\/\/preiser.com\/fr-fr\/wp-json\/wp\/v2\/media\/100808"}],"wp:attachment":[{"href":"https:\/\/preiser.com\/fr-fr\/wp-json\/wp\/v2\/media?parent=100686"}],"curies":[{"name":"wp","href":"https:\/\/api.w.org\/{rel}","templated":true}]}}