{"id":100697,"date":"2018-06-12T20:27:29","date_gmt":"2018-06-12T20:27:29","guid":{"rendered":"http:\/\/preiser.com\/?page_id=100697"},"modified":"2022-11-17T22:54:43","modified_gmt":"2022-11-17T22:54:43","slug":"analyseurs-de-fusibilit-des-cendres","status":"publish","type":"page","link":"https:\/\/preiser.com\/fr-fr\/produits\/analyse\/analyseurs-de-fusibilit-des-cendres\/","title":{"rendered":"Analyseurs de fusibilit\u00e9 des cendres"},"content":{"rendered":"<p>Les analyseurs de fusibilit\u00e9 des cendres Preiser Scientific sont con\u00e7us pour d\u00e9terminer les temp\u00e9ratures de d\u00e9formation des c\u00f4nes dans les cendres de charbon et de coke suivant la norme ASTM D-1857 et la norme ISO 540 (option \u00e0 atmosph\u00e8re \u00e0 r\u00e9duction de CO\/CO2).<\/p>\n<p>L\u2019analyseur de fusibilit\u00e9 des cendres \u00e0 deux fours mod\u00e8le PAF 2014 comporte deux fours avec tour de contr\u00f4le et un ordinateur d\u2019interface utilisateur. Un ordinateur de type tout-en-un utilisant le syst\u00e8me d\u2019exploitation Windows\u00ae assure simultan\u00e9ment la collecte et l\u2019analyse des images. L\u2019analyseur de fusibilit\u00e9 des cendres \u00e0 un four comporte un four unique avec tour de contr\u00f4le, ainsi que les m\u00eames \u00e9quipements et fonctionnalit\u00e9s suppl\u00e9mentaires que le syst\u00e8me \u00e0 deux fours.<\/p>\n<p>La tour de contr\u00f4le comprend le r\u00e9gulateur de temp\u00e9rature de four, la protection contre la surchauffe et le syst\u00e8me d\u2019acquisition vid\u00e9o. Les communications vid\u00e9o et des fours avec l\u2019ordinateur utilisateur se font au moyen d\u2019une interface USB unique qui transf\u00e8re les commandes et demandes d\u2019information avec le four, ainsi qu\u2019un flux vid\u00e9o en direct issu des cam\u00e9ras de four.<\/p>\n<p>Le logiciel d\u2019analyse permet \u00e0 l\u2019utilisateur d\u2019examiner manuellement les essais effectu\u00e9s et de produire les comptes rendus associ\u00e9s. Un algorithme de suggestion automatique est propos\u00e9 pour pr\u00e9remplir les r\u00e9sultats d\u2019analyse avant la r\u00e9vision et l\u2019affinement des donn\u00e9es finales par les techniciens de laboratoire. Le logiciel permet aussi d\u2019afficher les r\u00e9sultats d\u2019essai, les fichiers journaux et les param\u00e8tres de configuration des appareils. Ces fichiers peuvent \u00eatre envoy\u00e9s \u00e0 une imprimante, transmis au moyen de la fonction de courriel int\u00e9gr\u00e9e, affich\u00e9s sur un lecteur partag\u00e9 ou rendus accessibles au moyen d\u2019un syst\u00e8me de gestion de l\u2019information de laboratoire. Le stockage des donn\u00e9es des appareils permet d\u2019accumuler l\u2019\u00e9quivalent d\u2019environ 5&nbsp;ans de donn\u00e9es d\u2019essai et d\u2019images.<\/p>\n<p><strong>Caract\u00e9ristiques<\/strong><\/p>\n<ul>\n<li>La configuration \u00e0 deux fours offre une capacit\u00e9 de 16 \u00e9chantillons par essai&nbsp;; 8 \u00e9chantillons par essai pour la configuration \u00e0 four unique<\/li>\n<li>Permet l\u2019analyse manuelle ou \u00e0 suggestion automatique<\/li>\n<li>Plage d\u2019essai g\u00e9n\u00e9ralement de 750&nbsp;\u00baF \u00e0 2&nbsp;800&nbsp;\u00baF (398,89&nbsp;\u00baC \u00e0 1&nbsp;537,78&nbsp;\u00baC)&nbsp;; temp\u00e9rature maximale 2&nbsp;825&nbsp;\u00baF (1&nbsp;551,67&nbsp;\u00baC)<\/li>\n<li>La vitesse de mont\u00e9e en temp\u00e9rature peut \u00eatre r\u00e9gl\u00e9e de 1 \u00e0 12&nbsp;\u00baC\/minute (1 \u00e0 20&nbsp;\u00baF\/minute)&nbsp;; pr\u00e9r\u00e9glage suivant les normes ASTM et ISO<\/li>\n<li>Positionnement \u00e0 bras unique externe du syst\u00e8me de cam\u00e9ra \u00e0 vision directe avec filtrage IR<\/li>\n<li>Tr\u00e8s basse consommation de gaz (0,8 \u00e0 1,0&nbsp;l\/min)&nbsp;; ne n\u00e9cessite pas de gaz de purge<\/li>\n<li>N\u00e9cessite un m\u00e9lange de CO\/CO2 gazeux pour l\u2019ex\u00e9cution de proc\u00e9dure d\u2019essai<\/li>\n<li>Fourni avec un contr\u00f4leur de CO et trois niveaux de protection anti-surchauffe du four (r\u00e9gulateur de temp\u00e9rature, contr\u00f4leur de surchauffe et surveillance \u00e0 partir de l\u2019ordinateur utilisateur)<\/li>\n<li>Cam\u00e9ra vid\u00e9o \u00e0 capteur CCD de \u00bd&nbsp;pouce (1,27 cm), technologie de traitement d\u2019image et XF-Dynamic, objectif \u00e0 diaphragme automatique (auto-iris), filtres UV et thermiques<\/li>\n<li>La trousse d\u2019essai de fusibilit\u00e9 des cendres* comprenant un moule de base pour les \u00e9chantillons, du fil d\u2019or, du fil de nickel et les produits chimiques d\u2019entretien devra \u00eatre incluse pour chaque four lors de la commande initiale<\/li>\n<\/ul>\n<p><strong>Dimensions (L x l x h)<\/strong><\/p>\n<p>Four unique&nbsp;: 25\u2033 x 17\u2033 x 19\u2033 (63,50&nbsp;cm x 43,18&nbsp;cm x 48,26&nbsp;cm)<br \/>\nDeux fours&nbsp;: 50\u2033 x 17\u2033 x 19\u2033 (127,00&nbsp;cm x 43,18&nbsp;cm x 48,26&nbsp;cm)<br \/>\nContr\u00f4leur&nbsp;: 23\u2033 x 11\u2033 x 20\u2033 (58,42&nbsp;cm x 27,94&nbsp;cm x 50,80&nbsp;cm)<\/p>\n<p><strong>Poids d\u2019exp\u00e9dition<\/strong><\/p>\n<p>Four unique&nbsp;: 457 lb (207,29&nbsp;kg)<br \/>\nDeux fours&nbsp;: 700 lb (317,51&nbsp;kg)<\/p>\n<table>\n<tbody>\n<tr>\n<th>N\u00b0 cat.<\/th>\n<th>Description<\/th>\n<th>Tension \/ Phases \/ Hz<\/th>\n<\/tr>\n<tr>\n<td>Z90-8252-01<\/td>\n<td>Analyseur de fusibilit\u00e9 des cendres \u00e0 four unique<\/td>\n<td>240&nbsp;V \/ Monophas\u00e9 \/ 50-60&nbsp;Hz<\/td>\n<\/tr>\n<tr>\n<td>Z90-8252-02<\/td>\n<td>Analyseur de fusibilit\u00e9 des cendres \u00e0 deux fours<\/td>\n<td>240&nbsp;V \/ Monophas\u00e9 \/ 50-60&nbsp;Hz<\/td>\n<\/tr>\n<tr>\n<td>Z90-8249-01<\/td>\n<td>Trousse d\u2019essai de fusibilit\u00e9 des cendres*<\/td>\n<td><\/td>\n<\/tr>\n<\/tbody>\n<\/table>\n<p class=\"footnote\">*Requise lors de la commande initiale d\u2019un analyseur de fusibilit\u00e9 des cendres<\/p>\n","protected":false},"excerpt":{"rendered":"<p>Les analyseurs de fusibilit\u00e9 des cendres Preiser Scientific sont con\u00e7us pour d\u00e9terminer les temp\u00e9ratures de d\u00e9formation des c\u00f4nes dans les cendres de charbon et de coke suivant la norme ASTM D-1857 et la norme ISO 540 (option \u00e0 atmosph\u00e8re \u00e0 r\u00e9duction de CO\/CO2). L\u2019analyseur de fusibilit\u00e9 des cendres \u00e0 deux fours mod\u00e8le PAF 2014 comporte [&hellip;]<\/p>\n","protected":false},"author":1,"featured_media":100768,"parent":100693,"menu_order":0,"comment_status":"closed","ping_status":"closed","template":"product.php","meta":{"_et_pb_use_builder":"","_et_pb_old_content":"","_et_gb_content_width":""},"acf":[],"_links":{"self":[{"href":"https:\/\/preiser.com\/fr-fr\/wp-json\/wp\/v2\/pages\/100697"}],"collection":[{"href":"https:\/\/preiser.com\/fr-fr\/wp-json\/wp\/v2\/pages"}],"about":[{"href":"https:\/\/preiser.com\/fr-fr\/wp-json\/wp\/v2\/types\/page"}],"author":[{"embeddable":true,"href":"https:\/\/preiser.com\/fr-fr\/wp-json\/wp\/v2\/users\/1"}],"replies":[{"embeddable":true,"href":"https:\/\/preiser.com\/fr-fr\/wp-json\/wp\/v2\/comments?post=100697"}],"version-history":[{"count":1,"href":"https:\/\/preiser.com\/fr-fr\/wp-json\/wp\/v2\/pages\/100697\/revisions"}],"predecessor-version":[{"id":100769,"href":"https:\/\/preiser.com\/fr-fr\/wp-json\/wp\/v2\/pages\/100697\/revisions\/100769"}],"up":[{"embeddable":true,"href":"https:\/\/preiser.com\/fr-fr\/wp-json\/wp\/v2\/pages\/100693"}],"wp:featuredmedia":[{"embeddable":true,"href":"https:\/\/preiser.com\/fr-fr\/wp-json\/wp\/v2\/media\/100768"}],"wp:attachment":[{"href":"https:\/\/preiser.com\/fr-fr\/wp-json\/wp\/v2\/media?parent=100697"}],"curies":[{"name":"wp","href":"https:\/\/api.w.org\/{rel}","templated":true}]}}