{"id":100701,"date":"2018-06-12T20:31:16","date_gmt":"2018-06-12T20:31:16","guid":{"rendered":"http:\/\/preiser.com\/?page_id=100701"},"modified":"2022-11-17T22:54:43","modified_gmt":"2022-11-17T22:54:43","slug":"calorimtres","status":"publish","type":"page","link":"https:\/\/preiser.com\/fr-fr\/produits\/analyse\/calorimtres\/","title":{"rendered":"Calorim\u00e8tres"},"content":{"rendered":"<h2>Calorim\u00e8tre Parr 6400<\/h2>\n<p>Le syst\u00e8me de calorim\u00e8tre isop\u00e9ribole automatique \u00e9tendu Parr 6400 comporte un calorim\u00e8tre hautement automatis\u00e9 con\u00e7u pour d\u00e9charger l\u2019utilisateur des op\u00e9rations manuelles associ\u00e9es aux calorim\u00e8tres classiques, ce qui minimise la dur\u00e9e n\u00e9cessaire par essai dans la mesure o\u00f9 un op\u00e9rateur peut faire fonctionner jusqu\u2019\u00e0 quatre calorim\u00e8tres 6400 \u00e0 la fois. C\u2019est un appareil autonome qui occupe un espace minimal sur la paillasse et est capable d\u2019effectuer 6 \u00e0 8 essais en une heure avec un haut degr\u00e9 de pr\u00e9cision dans une plage d\u2019\u00e9chantillons de 5&nbsp;000 \u00e0 8&nbsp;000 calories. Pr\u00e9sente une configuration \u00e0 cuve et bombe fixes pour le fonctionnement automatis\u00e9. La t\u00eate de bombe est amovible pour permettre un chargement simple et rapide. Le syst\u00e8me de refroidissement en circuit ferm\u00e9 comporte un refroidisseur thermo\u00e9lectrique fix\u00e9 \u00e0 un r\u00e9servoir de 1 litre qui fournit l\u2019eau de refroidissement au calorim\u00e8tre. Lavage automatique de la bombe apr\u00e8s l\u2019essai. Comprend des ports de communication RS232C pour la balance et l\u2019imprimante, ainsi qu\u2019une connexion r\u00e9seau Ethernet. Fourni avec cuve de rin\u00e7age, imprimante, t\u00eate de bombe suppl\u00e9mentaire, trousse d\u2019entretien de bombe et trousse de service de 1 an. N\u00e9cessite une source d\u2019oxyg\u00e8ne \u00e0 99,9&nbsp;%, une source d\u2019azote ou d\u2019air comprim\u00e9 sous 80 psi (5,5&nbsp;bar) et de l\u2019eau d\u00e9sionis\u00e9e pour l\u2019installation et l\u2019utilisation.<\/p>\n<p>Un syst\u00e8me de calorim\u00e8tre mod\u00e8le 6420 \u00e9tendu est \u00e9galement propos\u00e9 pour permettre un fonctionnement en circuit ferm\u00e9 et l\u2019ex\u00e9cution de nombreux essais suppl\u00e9mentaires pour une main-d\u2019\u0153uvre minimale et avec une pr\u00e9cision am\u00e9lior\u00e9e. Comprend un calorim\u00e8tre mod\u00e8le 6400, une imprimante, une t\u00eate de bombe suppl\u00e9mentaire et une trousse de pi\u00e8ces de rechange.<\/p>\n<p>Dimensions du calorim\u00e8tre seul (h x l x p)&nbsp;: 20\u2033 x 17\u2033 x 16\u2033 (50,80&nbsp;cm x 43,18&nbsp;cm x 40,64&nbsp;cm)&nbsp;; Poids&nbsp;: 70 lbs. (31,75&nbsp;kg)<\/p>\n<table>\n<tbody>\n<tr>\n<th>N\u00b0 cat.<\/th>\n<th>Description<\/th>\n<th>Tension \/ Phases \/ Hz<\/th>\n<\/tr>\n<tr>\n<td>*90-4060-01<\/td>\n<td>Calorim\u00e8tre Parr 6400<\/td>\n<td>110&nbsp;V \/ Monophas\u00e9 \/ 50-60&nbsp;Hz<\/td>\n<\/tr>\n<tr>\n<td>*90-4060-06<\/td>\n<td>Calorim\u00e8tre Parr 6400<\/td>\n<td>230&nbsp;V \/ Monophas\u00e9 \/ 50-60&nbsp;Hz<\/td>\n<\/tr>\n<\/tbody>\n<\/table>\n<p><strong>Syst\u00e8mes \u00e9tendus Parr 6420<\/strong><\/p>\n<table>\n<tbody>\n<tr>\n<th>N\u00b0 cat.<\/th>\n<th>Description<\/th>\n<th>Tension \/ Phases \/ Hz<\/th>\n<\/tr>\n<tr>\n<td>*90-4060-03<\/td>\n<td>Calorim\u00e8tre Parr mod\u00e8le 6420<\/td>\n<td>115&nbsp;V \/ Monophas\u00e9 \/ 50-60&nbsp;Hz<\/td>\n<\/tr>\n<tr>\n<td>*90-4060-04<\/td>\n<td>Calorim\u00e8tre Parr mod\u00e8le 6420<\/td>\n<td>230&nbsp;V \/ Monophas\u00e9 \/ 50-60&nbsp;Hz<\/td>\n<\/tr>\n<\/tbody>\n<\/table>\n<p class=\"footnote\">*Peut ne pas \u00eatre propos\u00e9 \u00e0 la vente dans tous les pays. Veuillez demander un devis avant de commander.<\/p>\n<div class=\"imagewrapper\">\n<div><img decoding=\"async\" loading=\"lazy\" src=\"https:\/\/preiser.com\/wp-content\/uploads\/6200-parr-calorimeter.jpg\" alt=\"\" width=\"600\" height=\"600\" class=\"alignnone size-full wp-image-165\"><\/div>\n<p>90-4062-01 Calorim\u00e8tre Parr mod\u00e8le 6200<\/p>\n<\/div>\n<h2>Calorim\u00e8tre Parr 6200<\/h2>\n<p>Le syst\u00e8me de calorim\u00e8tre isop\u00e9ribole Parr 6200 est un dispositif autonome, pr\u00e9cis et rapide capable d\u2019ex\u00e9cuter jusqu\u2019\u00e0 8 essais par heure. Il est conseill\u00e9 pour la majorit\u00e9 des laboratoires o\u00f9 des essais calorifiques du charbon ou d\u2019autres combustibles solides ou liquides sont effectu\u00e9s de fa\u00e7on r\u00e9guli\u00e8re. Il est con\u00e7u pour une utilisation avec des \u00e9chantillons de 0,6 \u00e0 1,2&nbsp;grammes et une \u00e9nergie d\u00e9gag\u00e9e maximale de 8&nbsp;000 calories par charge. Il comprend une bombe de combustion \u00e0 oxyg\u00e8ne et une cuve calorim\u00e9trique amovibles, une chemise d\u2019eau thermor\u00e9gul\u00e9e \u00e0 syst\u00e8me de circulation int\u00e9gr\u00e9, un chauffe-eau et un thermom\u00e8tre \u00e9lectronique int\u00e9gr\u00e9 de pr\u00e9cision. Il fait appel \u00e0 un syst\u00e8me semi-automatique de remplissage d\u2019oxyg\u00e8ne. L\u2019interface utilisateur graphique aux couleurs vives comporte un \u00e9cran tactile pour la saisie des donn\u00e9es et les commandes d\u2019exploitation. Des ports USB sont pr\u00e9vus pour les connexions imprimante, ordinateur et r\u00e9seau. Le lecteur de carte flash compacte SD amovible permet les mises \u00e0 jour logicielles et l\u2019archivage des comptes rendus d\u2019essais. Le syst\u00e8me peut \u00eatre configur\u00e9 pour afficher les options, menus et messages en anglais, en fran\u00e7ais ou en allemand. Peut ex\u00e9cuter 6 \u00e0 8 essais par heure. N\u00e9cessite une source d\u2019oxyg\u00e8ne \u00e0 99,9&nbsp;% et de l\u2019eau d\u00e9sionis\u00e9e pour l\u2019installation et l\u2019utilisation.<\/p>\n<p>Un syst\u00e8me de calorim\u00e8tre mod\u00e8le 6220 \u00e9tendu est \u00e9galement propos\u00e9 pour permettre un fonctionnement en circuit ferm\u00e9 et l\u2019ex\u00e9cution de nombreux essais suppl\u00e9mentaires pour une main-d\u2019\u0153uvre minimale et avec une pr\u00e9cision am\u00e9lior\u00e9e. Fourni avec un calorim\u00e8tre mod\u00e8le 6200, une imprimante, un syst\u00e8me de gestion de l\u2019eau, une bombe suppl\u00e9mentaire avec cuve ovale et une trousse de pi\u00e8ces de rechange.<\/p>\n<p>Dimensions du calorim\u00e8tre seul (h x l x p)&nbsp;: 17\u2033 x 23\u2033 x 17\u2033 (43,18&nbsp;cm x 58,42&nbsp;cm x 43,18&nbsp;cm)&nbsp;; Poids&nbsp;: 70&nbsp;lb (31,75&nbsp;kg)<\/p>\n<table>\n<tbody>\n<tr>\n<th>N\u00b0 cat.<\/th>\n<th>Description<\/th>\n<th>Tension \/ Phases \/ Hz<\/th>\n<\/tr>\n<tr>\n<td>*90-4062-01<\/td>\n<td>Calorim\u00e8tre Parr 6200<\/td>\n<td>115&nbsp;V \/ Monophas\u00e9 \/ 50-60&nbsp;Hz<\/td>\n<\/tr>\n<tr>\n<td>*90-4062-02<\/td>\n<td>Calorim\u00e8tre Parr 6200<\/td>\n<td>220&nbsp;V \/ Monophas\u00e9 \/ 50-60&nbsp;Hz<\/td>\n<\/tr>\n<\/tbody>\n<\/table>\n<p><strong>Syst\u00e8mes \u00e9tendus Parr 6220<\/strong><\/p>\n<table>\n<tbody>\n<tr>\n<th>N\u00b0 cat.<\/th>\n<th>Description<\/th>\n<th>Tension \/ Phases \/ Hz<\/th>\n<\/tr>\n<tr>\n<td>*90-4062-03<\/td>\n<td>Calorim\u00e8tre Parr mod\u00e8le 6220<\/td>\n<td>115&nbsp;V \/ Monophas\u00e9 \/ 50-60&nbsp;Hz<\/td>\n<\/tr>\n<tr>\n<td>*90-4062-04<\/td>\n<td>Calorim\u00e8tre Parr mod\u00e8le 6220<\/td>\n<td>230&nbsp;V \/ Monophas\u00e9 \/ 50-60&nbsp;Hz<\/td>\n<\/tr>\n<\/tbody>\n<\/table>\n<p class=\"footnote\">*Peut ne pas \u00eatre propos\u00e9 \u00e0 la vente dans tous les pays. Veuillez demander un devis avant de commander.<\/p>\n<div class=\"imagewrapper\">\n<div><img decoding=\"async\" loading=\"lazy\" src=\"https:\/\/preiser.com\/wp-content\/uploads\/6100-parr-calorimeter.jpg\" alt=\"\" width=\"600\" height=\"600\" class=\"alignnone size-full wp-image-169\"><\/div>\n<p>90-4061-01 Calorim\u00e8tre Parr mod\u00e8le 6100<\/p>\n<\/div>\n<h2>Calorim\u00e8tre Parr 6100<\/h2>\n<p>Le calorim\u00e8tre Parr 6100 est con\u00e7u pour offrir un calorim\u00e8tre de prix mod\u00e9r\u00e9 aux utilisateurs qui souhaitent les fonctionnalit\u00e9s automatiques du mod\u00e8le 6200 mais n\u2019ont pas besoin de la plus grande pr\u00e9cision possible. Il comporte une bombe \u00e0 oxyg\u00e8ne et une cuve amovibles. Il est \u00e9quip\u00e9 d\u2019une interface utilisateur graphique comportant des moyens de communications et un logiciel pour mat\u00e9riel num\u00e9rique. La cuve est entour\u00e9e d\u2019une chemise statique isolante. Le syst\u00e8me fonctionne \u00e0 temp\u00e9rature ambiante en tirant pleinement parti des capacit\u00e9s des microprocesseurs modernes pour le contr\u00f4le de la temp\u00e9rature de chemise et l\u2019application de corrections en temps r\u00e9el. Le chargement de la bombe en oxyg\u00e8ne est assur\u00e9 par un syst\u00e8me semi-automatique. N\u00e9cessite une source d\u2019oxyg\u00e8ne \u00e0 99,9&nbsp;% et de l\u2019eau d\u00e9sionis\u00e9e pour l\u2019installation et l\u2019utilisation.<\/p>\n<p>Un syst\u00e8me de calorim\u00e8tre mod\u00e8le 6100 \u00e9tendu est \u00e9galement propos\u00e9 pour permettre une utilisation et l\u2019ex\u00e9cution de nombreux essais suppl\u00e9mentaires moyennant une main-d\u2019\u0153uvre minimale. Comprend un calorim\u00e8tre mod\u00e8le 6100, une imprimante, une bombe suppl\u00e9mentaire avec cuve ovale et une trousse de pi\u00e8ces de rechange.<\/p>\n<p>Dimensions du calorim\u00e8tre seul (h x l x p)&nbsp;: 17\u2033 x 23\u2033 x 17\u2033 (43,18&nbsp;cm x 58,42&nbsp;cm x 43,18&nbsp;cm)&nbsp;; Poids&nbsp;: 70&nbsp;lb (31,75&nbsp;kg)<\/p>\n<table>\n<tbody>\n<tr>\n<th>N\u00b0 cat.<\/th>\n<th>Description<\/th>\n<th>Tension \/ Phases \/ Hz<\/th>\n<\/tr>\n<tr>\n<td>*90-4061-01<\/td>\n<td>Calorim\u00e8tre Parr 6100<\/td>\n<td>110&nbsp;V \/ Monophas\u00e9 \/ 50-60&nbsp;Hz<\/td>\n<\/tr>\n<tr>\n<td>*90-4061-02<\/td>\n<td>Calorim\u00e8tre Parr 6100<\/td>\n<td>220&nbsp;V \/ Monophas\u00e9 \/ 50-60&nbsp;Hz<\/td>\n<\/tr>\n<\/tbody>\n<\/table>\n<p><strong>Syst\u00e8mes \u00e9tendus Parr 6100<\/strong><\/p>\n<table>\n<tbody>\n<tr>\n<th>N\u00b0 cat.<\/th>\n<th>Description<\/th>\n<th>Tension \/ Phases \/ Hz<\/th>\n<\/tr>\n<tr>\n<td>*90-4061-03<\/td>\n<td>Calorim\u00e8tre Parr mod\u00e8le 6100E<\/td>\n<td>115&nbsp;V \/ Monophas\u00e9 \/ 50-60&nbsp;Hz<\/td>\n<\/tr>\n<tr>\n<td>*90-4061-04<\/td>\n<td>Calorim\u00e8tre Parr mod\u00e8le 6100E<\/td>\n<td>230&nbsp;V \/ Monophas\u00e9 \/ 50-60&nbsp;Hz<\/td>\n<\/tr>\n<\/tbody>\n<\/table>\n<p class=\"footnote\">*Peut ne pas \u00eatre propos\u00e9 \u00e0 la vente dans tous les pays. Veuillez demander un devis avant de commander.<\/p>\n<table class=\"shaded\">\n<tbody>\n<tr>\n<th class=\"subhead\" colspan=\"3\">Comparaison des mod\u00e8les de calorim\u00e8tre par caract\u00e9ristiques<\/th>\n<\/tr>\n<tr>\n<th>6400<\/th>\n<th>6200<\/th>\n<th>6100<\/th>\n<\/tr>\n<tr class=\"grey\">\n<td colspan=\"3\">Essais par heure<\/td>\n<\/tr>\n<tr>\n<td>6 \u00e0 8 tel que fourni<\/td>\n<td>4 \u00e0 8 tel que fourni<\/td>\n<td>4 \u00e0 8 tel que fourni<\/td>\n<\/tr>\n<tr class=\"grey\">\n<td colspan=\"3\">Temps de manipulation par essai<\/td>\n<\/tr>\n<tr>\n<td>1 minute<\/td>\n<td>6 minutes<\/td>\n<td>6 minutes<\/td>\n<\/tr>\n<tr class=\"grey\">\n<td colspan=\"3\">R\u00e9p\u00e9tabilit\u00e9<\/td>\n<\/tr>\n<tr>\n<td>0,10&nbsp;%<\/td>\n<td>0,10&nbsp;%<\/td>\n<td>0,20&nbsp;%<\/td>\n<\/tr>\n<tr class=\"grey\">\n<td colspan=\"3\">Type de calorim\u00e8tre<\/td>\n<\/tr>\n<tr>\n<td>Isop\u00e9ribole<\/td>\n<td>Isop\u00e9ribole<\/td>\n<td>Compens\u00e9<\/td>\n<\/tr>\n<tr class=\"grey\">\n<td colspan=\"3\">Type de bombe<\/td>\n<\/tr>\n<tr>\n<td>Cylindre semi-fixe<\/td>\n<td>Bombe amovible<\/td>\n<td>Bombe amovible<\/td>\n<\/tr>\n<tr class=\"grey\">\n<td colspan=\"3\">Type de fermeture<\/td>\n<\/tr>\n<tr>\n<td>Verrou rapide<\/td>\n<td>Capuchon viss\u00e9<\/td>\n<td>Capuchon viss\u00e9<\/td>\n<\/tr>\n<tr class=\"grey\">\n<td colspan=\"3\">Type de cuve<\/td>\n<\/tr>\n<tr>\n<td>Fixe<\/td>\n<td>Amovible<\/td>\n<td>Amovible<\/td>\n<\/tr>\n<tr class=\"grey\">\n<td colspan=\"3\">Remplissage de la cuve<\/td>\n<\/tr>\n<tr>\n<td>Automatique<\/td>\n<td>Manuel<\/td>\n<td>Manuel<\/td>\n<\/tr>\n<tr class=\"grey\">\n<td colspan=\"3\">Remplissage en oxyg\u00e8ne<\/td>\n<\/tr>\n<tr>\n<td>Automatique<\/td>\n<td>Semi-automatique<\/td>\n<td>Semi-automatique<\/td>\n<\/tr>\n<tr class=\"grey\">\n<td colspan=\"3\">Lavage de la bombe<\/td>\n<\/tr>\n<tr>\n<td>Automatique sous pression<\/td>\n<td>Manuel<\/td>\n<td>Manuel<\/td>\n<\/tr>\n<tr class=\"grey\">\n<td colspan=\"3\">Exploitation<\/td>\n<\/tr>\n<tr>\n<td>\u00c9cran tactile<\/td>\n<td>\u00c9cran tactile<\/td>\n<td>\u00c9cran tactile<\/td>\n<\/tr>\n<tr class=\"grey\">\n<td colspan=\"3\">M\u00e9moire<\/td>\n<\/tr>\n<tr>\n<td>1&nbsp;000 essais<\/td>\n<td>1&nbsp;000 essais<\/td>\n<td>1&nbsp;000 essais<\/td>\n<\/tr>\n<tr class=\"grey\">\n<td colspan=\"3\">Connexion de balance<\/td>\n<\/tr>\n<tr>\n<td>Ethernet ou USB<\/td>\n<td>Ethernet ou USB<\/td>\n<td>Ethernet ou USB<\/td>\n<\/tr>\n<tr class=\"grey\">\n<td colspan=\"3\">R\u00e9solution de temp\u00e9rature<\/td>\n<\/tr>\n<tr>\n<td>0,0001&nbsp;\u00b0C<\/td>\n<td>0,0001&nbsp;\u00b0C<\/td>\n<td>0,0001&nbsp;\u00b0C<\/td>\n<\/tr>\n<tr class=\"grey\">\n<td colspan=\"3\">Connexion d\u2019ordinateur<\/td>\n<\/tr>\n<tr>\n<td>Ethernet<\/td>\n<td>Ethernet<\/td>\n<td>Ethernet<\/td>\n<\/tr>\n<tr class=\"grey\">\n<td colspan=\"3\">Connexion d\u2019imprimante<\/td>\n<\/tr>\n<tr>\n<td>Ethernet ou USB<\/td>\n<td>Ethernet ou USB<\/td>\n<td>Ethernet ou USB<\/td>\n<\/tr>\n<\/tbody>\n<\/table>\n","protected":false},"excerpt":{"rendered":"<p>Calorim\u00e8tre Parr 6400 Le syst\u00e8me de calorim\u00e8tre isop\u00e9ribole automatique \u00e9tendu Parr 6400 comporte un calorim\u00e8tre hautement automatis\u00e9 con\u00e7u pour d\u00e9charger l\u2019utilisateur des op\u00e9rations manuelles associ\u00e9es aux calorim\u00e8tres classiques, ce qui minimise la dur\u00e9e n\u00e9cessaire par essai dans la mesure o\u00f9 un op\u00e9rateur peut faire fonctionner jusqu\u2019\u00e0 quatre calorim\u00e8tres 6400 \u00e0 la fois. C\u2019est un appareil [&hellip;]<\/p>\n","protected":false},"author":1,"featured_media":100770,"parent":100693,"menu_order":0,"comment_status":"closed","ping_status":"closed","template":"product.php","meta":{"_et_pb_use_builder":"","_et_pb_old_content":"","_et_gb_content_width":""},"acf":[],"_links":{"self":[{"href":"https:\/\/preiser.com\/fr-fr\/wp-json\/wp\/v2\/pages\/100701"}],"collection":[{"href":"https:\/\/preiser.com\/fr-fr\/wp-json\/wp\/v2\/pages"}],"about":[{"href":"https:\/\/preiser.com\/fr-fr\/wp-json\/wp\/v2\/types\/page"}],"author":[{"embeddable":true,"href":"https:\/\/preiser.com\/fr-fr\/wp-json\/wp\/v2\/users\/1"}],"replies":[{"embeddable":true,"href":"https:\/\/preiser.com\/fr-fr\/wp-json\/wp\/v2\/comments?post=100701"}],"version-history":[{"count":1,"href":"https:\/\/preiser.com\/fr-fr\/wp-json\/wp\/v2\/pages\/100701\/revisions"}],"predecessor-version":[{"id":100771,"href":"https:\/\/preiser.com\/fr-fr\/wp-json\/wp\/v2\/pages\/100701\/revisions\/100771"}],"up":[{"embeddable":true,"href":"https:\/\/preiser.com\/fr-fr\/wp-json\/wp\/v2\/pages\/100693"}],"wp:featuredmedia":[{"embeddable":true,"href":"https:\/\/preiser.com\/fr-fr\/wp-json\/wp\/v2\/media\/100770"}],"wp:attachment":[{"href":"https:\/\/preiser.com\/fr-fr\/wp-json\/wp\/v2\/media?parent=100701"}],"curies":[{"name":"wp","href":"https:\/\/api.w.org\/{rel}","templated":true}]}}