{"id":100705,"date":"2018-06-12T20:33:41","date_gmt":"2018-06-12T20:33:41","guid":{"rendered":"http:\/\/preiser.com\/?page_id=100705"},"modified":"2022-11-17T22:54:43","modified_gmt":"2022-11-17T22:54:43","slug":"culbuteurs-de-coke","status":"publish","type":"page","link":"https:\/\/preiser.com\/fr-fr\/produits\/analyse\/culbuteurs-de-coke\/","title":{"rendered":"Culbuteurs de coke"},"content":{"rendered":"<p>L\u2019appareil d\u2019essai de coke \u00e0 culbuteur \u00e0 tambour double Preiser mod\u00e8le 500 est con\u00e7u et fabriqu\u00e9 pour se conformer \u00e0 la m\u00e9thode d\u2019essai normalis\u00e9e ASTM D-3402 pour les essais par culbuteur de coke et \u00e0 la m\u00e9thode d\u2019essai normalis\u00e9e ASTM E-279 pour la d\u00e9termination de la r\u00e9sistance \u00e0 l\u2019abrasion du minerai de fer en boulettes et agglom\u00e9r\u00e9 par essai en culbuteur. Le tambour double permet de tester en m\u00eame temps soit deux \u00e9chantillons identiques, soit deux \u00e9chantillons diff\u00e9rents.<\/p>\n<p>Le tambour est en t\u00f4le d\u2019acier A-36 de 0,25\u201d (0,64&nbsp;cm) d\u2019\u00e9paisseur \u00e0 raccords soud\u00e9s. Il mesure 36\u201d (91,44&nbsp;cm) de diam\u00e8tre int\u00e9rieur sur 41,5\u201d (105,41&nbsp;cm) de long et renferme deux corni\u00e8res en acier inoxydable. Les portes d\u2019acc\u00e8s aux chambres s\u00e9par\u00e9es de part et d\u2019autre du tambour coulissent dans un rail afin qu\u2019il ne soit pas n\u00e9cessaire de les soulever hors du tambour pour les ouvrir. Ces portes d\u2019acc\u00e8s se verrouillent au moyen de cames de verrouillage rapide.<\/p>\n<p>Le culbuteur est command\u00e9 par un automate programmable industriel (API), ainsi que par un \u00e9cran tactile monochrome de 3 pouces (7,62 cm) et des boutons poussoirs de d\u00e9marrage, arr\u00eat, marche par \u00e0-coup et arr\u00eat d\u2019urgence. La consignation (condamnation\/verrouillage) se fait au moyen d\u2019un sectionneur tournant et de disjoncteurs moteur individuels.<\/p>\n<ul>\n<li>Le tambour tourne \u00e0 24 \u00b1 1 tours par minute en charge<\/li>\n<li>Les deux essais par \u00e9chantillon pr\u00e9vus par la m\u00e9thodologie ASTM peuvent s\u2019effectuer simultan\u00e9ment<\/li>\n<li>Le coke peut \u00eatre de 3\u2033 x 2\u2033 (7,62&nbsp;cm x 5,08&nbsp;cm) pour la proc\u00e9dure standard ou, \u00e0 titre d\u2019alternative, un m\u00e9lange \u00e0 50&nbsp;% de 2,5\u201d x 2\u2033 (6,35&nbsp;cm x 5,08&nbsp;cm) et 50&nbsp;% de 2\u201d x 1,5\u201d (5,08&nbsp;cm x 3,81&nbsp;cm)<\/li>\n<li>Dimensions (L x l x h)&nbsp;: 65\u2033 x 43\u2033 x 70\u2033 (165,10&nbsp;cm x 109,22&nbsp;cm x 177,8&nbsp;cm)&nbsp;; Poids d\u2019exp\u00e9dition&nbsp;: 1&nbsp;500 lb (680,39&nbsp;kg)<\/li>\n<\/ul>\n<table>\n<tbody>\n<tr>\n<th>N\u00b0 cat.<\/th>\n<th>Description<\/th>\n<th>Tension \/ Phases \/ Hz<\/th>\n<\/tr>\n<tr>\n<td>94-8542-01<\/td>\n<td>Appareil d\u2019essai de coke \u00e0 culbuteur<\/td>\n<td>120&nbsp;V \/ Monophas\u00e9 \/ 50-60&nbsp;Hz<\/td>\n<\/tr>\n<tr>\n<td>94-8542-02<\/td>\n<td>Appareil d\u2019essai de coke \u00e0 culbuteur<\/td>\n<td>220&nbsp;V \/ Monophas\u00e9 \/ 50-60&nbsp;Hz<\/td>\n<\/tr>\n<\/tbody>\n<\/table>\n<p><strong>Pi\u00e8ces suppl\u00e9mentaires<\/strong><\/p>\n<table>\n<tbody>\n<tr>\n<th>N\u00b0 cat.<\/th>\n<th>Description<\/th>\n<\/tr>\n<tr>\n<td>94-8542-10<\/td>\n<td>Chariot \u00e0 \u00e9chantillons<\/td>\n<\/tr>\n<tr>\n<td>94-8542-11<\/td>\n<td>Plateau \u00e0 \u00e9chantillons en acier inoxydable<\/td>\n<\/tr>\n<tr>\n<td>94-8542-12<\/td>\n<td>Plateau \u00e0 \u00e9chantillons en acier doux<\/td>\n<\/tr>\n<\/tbody>\n<\/table>\n","protected":false},"excerpt":{"rendered":"<p>L\u2019appareil d\u2019essai de coke \u00e0 culbuteur \u00e0 tambour double Preiser mod\u00e8le 500 est con\u00e7u et fabriqu\u00e9 pour se conformer \u00e0 la m\u00e9thode d\u2019essai normalis\u00e9e ASTM D-3402 pour les essais par culbuteur de coke et \u00e0 la m\u00e9thode d\u2019essai normalis\u00e9e ASTM E-279 pour la d\u00e9termination de la r\u00e9sistance \u00e0 l\u2019abrasion du minerai de fer en boulettes [&hellip;]<\/p>\n","protected":false},"author":1,"featured_media":100772,"parent":100693,"menu_order":0,"comment_status":"closed","ping_status":"closed","template":"product.php","meta":{"_et_pb_use_builder":"","_et_pb_old_content":"","_et_gb_content_width":""},"acf":[],"_links":{"self":[{"href":"https:\/\/preiser.com\/fr-fr\/wp-json\/wp\/v2\/pages\/100705"}],"collection":[{"href":"https:\/\/preiser.com\/fr-fr\/wp-json\/wp\/v2\/pages"}],"about":[{"href":"https:\/\/preiser.com\/fr-fr\/wp-json\/wp\/v2\/types\/page"}],"author":[{"embeddable":true,"href":"https:\/\/preiser.com\/fr-fr\/wp-json\/wp\/v2\/users\/1"}],"replies":[{"embeddable":true,"href":"https:\/\/preiser.com\/fr-fr\/wp-json\/wp\/v2\/comments?post=100705"}],"version-history":[{"count":1,"href":"https:\/\/preiser.com\/fr-fr\/wp-json\/wp\/v2\/pages\/100705\/revisions"}],"predecessor-version":[{"id":100774,"href":"https:\/\/preiser.com\/fr-fr\/wp-json\/wp\/v2\/pages\/100705\/revisions\/100774"}],"up":[{"embeddable":true,"href":"https:\/\/preiser.com\/fr-fr\/wp-json\/wp\/v2\/pages\/100693"}],"wp:featuredmedia":[{"embeddable":true,"href":"https:\/\/preiser.com\/fr-fr\/wp-json\/wp\/v2\/media\/100772"}],"wp:attachment":[{"href":"https:\/\/preiser.com\/fr-fr\/wp-json\/wp\/v2\/media?parent=100705"}],"curies":[{"name":"wp","href":"https:\/\/api.w.org\/{rel}","templated":true}]}}