{"id":100709,"date":"2018-06-12T20:36:47","date_gmt":"2018-06-12T20:36:47","guid":{"rendered":"http:\/\/preiser.com\/?page_id=100709"},"modified":"2022-11-17T22:54:45","modified_gmt":"2022-11-17T22:54:45","slug":"systmes-danalyse-de-ractivit-du-coke","status":"publish","type":"page","link":"https:\/\/preiser.com\/fr-fr\/produits\/analyse\/systmes-danalyse-de-ractivit-du-coke\/","title":{"rendered":"Syst\u00e8mes d\u2019analyse de r\u00e9activit\u00e9 du coke"},"content":{"rendered":"<p>Le syst\u00e8me d\u2019essai appliqu\u00e9 de r\u00e9activit\u00e9 du coke de conception \u00e9volu\u00e9e Z94-8544-01 associ\u00e9 au culbuteur d\u2019essai de r\u00e9sistance du coke Z94-8544-05 constitue un dispositif de haute qualit\u00e9 et de pr\u00e9cision pour la d\u00e9termination de l\u2019indice de r\u00e9activit\u00e9 du coke (CRI) et de la r\u00e9sistance postr\u00e9actionnelle du coke (CSR) suivant la norme ASTM D5341. La norme ASTM a \u00e9t\u00e9 \u00e9tablie pour simuler les processus d\u2019affaiblissement (r\u00e9action chimique avec le dioxyde de carbone gazeux et abrasion physique) subis par les morceaux de charbon lors de leur descente \u00e0 travers un haut fourneau. Conform\u00e9ment \u00e0 la m\u00e9thode ASTM, le syst\u00e8me produit la r\u00e9action coke-dioxyde de carbone dans une enceinte sous atmosph\u00e8re r\u00e9gul\u00e9e \u00e0 l\u2019int\u00e9rieur d\u2019un four \u00e0 haute temp\u00e9rature.<\/p>\n<p>L\u2019\u00e9chantillon de coke, pr\u00e9par\u00e9 et pes\u00e9 conform\u00e9ment \u00e0 la proc\u00e9dure ASTM, est charg\u00e9 dans l\u2019enceinte d\u2019essai. Le syst\u00e8me de levage motoris\u00e9 suspendu, dont les c\u00e2ble de levage sont attach\u00e9s \u00e0 la t\u00eate de l\u2019enceinte, transf\u00e8re celle-ci jusqu\u2019au four. Les conduites de NO2 et CO2 gazeux de l\u2019enceinte comportent des raccords rapides pour faciliter leur branchement et leur d\u00e9branchement. Le c\u00e2ble \u00e0 thermocouple de type S est suspendu par le syst\u00e8me de levage pour \u00e9viter les erreurs de manipulation et sa rupture. Il peut \u00eatre \u00e9talonn\u00e9 \u00e0 1&nbsp;000&nbsp;\u00b0C, 1&nbsp;100&nbsp;\u00b0C et 1&nbsp;200&nbsp;\u00b0C. Apr\u00e8s r\u00e9action et refroidissement, le coke est transf\u00e9r\u00e9 dans le culbuteur d\u2019essai de r\u00e9sistance postr\u00e9actionnelle, o\u00f9 il subit un nombre fix\u00e9 de tours de culbutage.<\/p>\n<p><strong>Four et refroidisseur<\/strong><\/p>\n<ul>\n<li>Mod\u00e8les \u00e0 console int\u00e9grale avec cage de protection thermique pour le four et l\u2019enceinte. Dimensions (l x p x h)&nbsp;: 60\u2033 x 36\u2033 x 122\u2033 (152,40&nbsp;cm x 91,44&nbsp;cm x 309,88&nbsp;cm)&nbsp;; Poids&nbsp;: 2&nbsp;000 lb (907,18&nbsp;kg)<\/li>\n<li>Syst\u00e8me de levage motoris\u00e9, pr\u00e9ciser la tension<\/li>\n<li>Goulotte \u00e0 enceinte pour faciliter les op\u00e9rations<\/li>\n<li>Guide d\u2019enceinte \u00e0 l\u2019int\u00e9rieur du four<\/li>\n<li>Dimensions de l\u2019enceinte (dia. int. x dia. ext. x l)&nbsp;: 6\u201d x 24\u201d x 32\u201d (15,24&nbsp;cm x 60,96&nbsp;cm x 81,28&nbsp;cm)<\/li>\n<li>La longueur chauff\u00e9e de l\u2019enceinte est de 18\u201d (45,72&nbsp;cm)<\/li>\n<li>Four de type tubulaire \u00e0 r\u00e9gulation pr\u00e9cise de la temp\u00e9rature<\/li>\n<li>Effectue l\u2019essai de CRI \u00e0 1&nbsp;100&nbsp;\u00b0C<\/li>\n<li>\u00c9l\u00e9ments chauffants&nbsp;: 6 \u00e9l\u00e9ments en carbure de silicium<\/li>\n<li>Puissance&nbsp;: 15&nbsp;000 W&nbsp;; indiquer la tension n\u00e9cessaire<\/li>\n<li>Chambre de refroidissement&nbsp;: Ventilateurs de refroidissement \u00e0 l\u2019int\u00e9rieur de la cage pour assurer un refroidissement rapide<\/li>\n<li>Voyant de s\u00e9curit\u00e9 marche\/arr\u00eat du syst\u00e8me<\/li>\n<li>Pr\u00e9cision la tension lors de la commande<\/li>\n<\/ul>\n<p><strong>Syst\u00e8me de commande<\/strong><\/p>\n<ul>\n<li>Dimensions de l\u2019armoire (l x p x h)&nbsp;: 24\u201d x 19\u201d x 70\u201d (60,96&nbsp;cm x 48,26&nbsp;cm x 177,80&nbsp;cm)&nbsp;; Poids&nbsp;: 620 lb (281,23&nbsp;kg)<\/li>\n<li>R\u00e9gulation de temp\u00e9rature&nbsp;: Programmable, avec sorties pour commande de sol\u00e9no\u00efde&nbsp;; commutation automatique de thermocouple du four \u00e0 l\u2019enceinte<\/li>\n<li>Protection anti-surchauffe&nbsp;: Contr\u00f4leur ind\u00e9pendant, relais de coupure d\u2019alimentation, r\u00e9armement manuel<\/li>\n<li>Syst\u00e8me de commande programmable \u00e0 deux boucles<\/li>\n<li>Alimentation \u00e9lectrique&nbsp;: Redresseur command\u00e9 \u00e0 angle d\u2019amor\u00e7age, limitation de courant, indicateur de puissance (%), disjoncteur et indicateur de marche<\/li>\n<li>R\u00e9gulation des gaz&nbsp;: N2 et CO2&nbsp;: d\u00e9bitm\u00e8tres num\u00e9riques \u00e9talonn\u00e9s, r\u00e9gulateurs de d\u00e9bit massique&nbsp;; r\u00e9gulateurs de d\u00e9bit num\u00e9riques certifi\u00e9s A2LA, vannes de r\u00e9gulation de d\u00e9bit, robinet \u00e0 pointeau&nbsp;; manom\u00e8tres, \u00e9purateur filtrant, raccords de travers\u00e9e de cloison (entr\u00e9e et sortie), \u00e9lectrovannes de s\u00e9lection de gaz<\/li>\n<li>Boutons d\u2019arr\u00eat d\u2019urgence pour l\u2019armoire de commande et le m\u00e9canisme de levage<\/li>\n<li>Installer le syst\u00e8me dans un endroit bien a\u00e9r\u00e9 pour \u00e9viter la corrosion des composants \u00e9lectriques par les fines poussi\u00e8res de charbon<\/li>\n<\/ul>\n<p><strong>Enceinte de r\u00e9action<\/strong><\/p>\n<ul>\n<li>Mat\u00e9riau&nbsp;: Paroi simple en Inconel 600<\/li>\n<li>La configuration longue de l\u2019enceinte minimise l\u2019entartrage par le coke<\/li>\n<li>Dimensions internes&nbsp;: 3\u201d x 8\u201d (7,62&nbsp;cm x 20,32&nbsp;cm) (espace pour \u00e9chantillon de coke)<\/li>\n<li>Composants internes&nbsp;: Diffuseur de gaz, zone de pr\u00e9chauffage, billes de pr\u00e9chauffage en Al203, protection de thermocouple<\/li>\n<li>Composants externes&nbsp;: Couvercle boulonn\u00e9 amovible, poign\u00e9e de levage, joint, avec tube de sortie de gaz de 3\/8 pouce (0,95&nbsp;cm) de diam\u00e8tre, tube de guidage de thermocouple, tube d\u2019entr\u00e9e de gaz de 3\/8 (0,95&nbsp;cm) pouce de diam\u00e8tre<\/li>\n<\/ul>\n<p><strong> Culbuteur d\u2019essai postr\u00e9actionnel<\/strong><\/p>\n<p>Culbuteur \u00e0 entra\u00eenement par moteur autonome avec r\u00e9ducteur de vitesse \u00e0 prise directe, temporisation et compte-tours<\/p>\n<ul>\n<li>Tambour simple<\/li>\n<li>Ex\u00e9cute un essai de 600 tours en 30 minutes<\/li>\n<li>Arr\u00eat par temporisation automatique<\/li>\n<li>Arr\u00eat d\u2019urgence<\/li>\n<li>Dimensions (h x l x p)&nbsp;: 69\u2033 x 49\u2033 x 49\u2033 (175,26&nbsp;cm x 124,46&nbsp;cm x 124,46&nbsp;cm)&nbsp;; Poids&nbsp;: 893 lb (405,06&nbsp;kg)<\/li>\n<\/ul>\n<table>\n<tbody>\n<tr>\n<th>N\u00b0 cat.<\/th>\n<th>Description<\/th>\n<th>Tension \/ Phases \/ Hz<\/th>\n<\/tr>\n<tr>\n<td>Z94-8543-53<\/td>\n<td>Syst\u00e8mes d\u2019analyse de r\u00e9activit\u00e9 du coke (CRI)<\/td>\n<td>230&nbsp;V \/ Triphas\u00e9 \/ 60&nbsp;Hz<\/td>\n<\/tr>\n<tr>\n<td>Z94-8543-87<\/td>\n<td>Syst\u00e8mes d\u2019analyse de r\u00e9activit\u00e9 du coke (CRI)<\/td>\n<td>230&nbsp;V \/ Triphas\u00e9 \/ 50&nbsp;Hz<\/td>\n<\/tr>\n<tr>\n<td>Z94-8543-88<\/td>\n<td>Syst\u00e8mes d\u2019analyse de r\u00e9activit\u00e9 du coke (CRI)<\/td>\n<td>230&nbsp;V \/ Monophas\u00e9 \/ 60&nbsp;Hz<\/td>\n<\/tr>\n<tr>\n<td>Z94-8543-89<\/td>\n<td>Syst\u00e8mes d\u2019analyse de r\u00e9activit\u00e9 du coke (CRI)<\/td>\n<td>230&nbsp;V \/ Monophas\u00e9 \/ 50&nbsp;Hz<\/td>\n<\/tr>\n<tr>\n<td>Z94-8543-90<\/td>\n<td>Syst\u00e8mes d\u2019analyse de r\u00e9activit\u00e9 du coke (CRI)<\/td>\n<td>480&nbsp;V \/ Monophas\u00e9 \/ 60&nbsp;Hz<\/td>\n<\/tr>\n<tr>\n<td>Z94-8543-91<\/td>\n<td>Syst\u00e8mes d\u2019analyse de r\u00e9activit\u00e9 du coke (CRI)<\/td>\n<td>480&nbsp;V \/ Triphas\u00e9 \/ 50&nbsp;Hz<\/td>\n<\/tr>\n<\/tbody>\n<\/table>\n<table>\n<tbody>\n<tr>\n<th>N\u00b0 cat.<\/th>\n<th>Description<\/th>\n<th>Tension \/ Phases \/ Hz<\/th>\n<\/tr>\n<tr>\n<td>Z94-8543-03<\/td>\n<td>Culbuteur d\u2019essai de r\u00e9sistance postr\u00e9actionnelle du coke (CSR)<\/td>\n<td>480&nbsp;V \/ Monophas\u00e9 \/ 60&nbsp;Hz<\/td>\n<\/tr>\n<tr>\n<td>Z94-8543-92<\/td>\n<td>Culbuteur d\u2019essai de r\u00e9sistance postr\u00e9actionnelle du coke (CSR)<\/td>\n<td>480&nbsp;V \/ Monophas\u00e9 \/ 50&nbsp;Hz<\/td>\n<\/tr>\n<tr>\n<td>Z94-8543-93<\/td>\n<td>Culbuteur d\u2019essai de r\u00e9sistance postr\u00e9actionnelle du coke (CSR)<\/td>\n<td>480&nbsp;V \/ Triphas\u00e9 \/ 60&nbsp;Hz<\/td>\n<\/tr>\n<tr>\n<td>Z94-8543-94<\/td>\n<td>Culbuteur d\u2019essai de r\u00e9sistance postr\u00e9actionnelle du coke (CSR)<\/td>\n<td>480&nbsp;V \/ Triphas\u00e9 \/ 50&nbsp;Hz<\/td>\n<\/tr>\n<tr>\n<td>Z94-8543-95<\/td>\n<td>Culbuteur d\u2019essai de r\u00e9sistance postr\u00e9actionnelle du coke (CSR)<\/td>\n<td>230&nbsp;V \/ Monophas\u00e9 \/ 60&nbsp;Hz<\/td>\n<\/tr>\n<tr>\n<td>Z94-8543-96<\/td>\n<td>Culbuteur d\u2019essai de r\u00e9sistance postr\u00e9actionnelle du coke (CSR)<\/td>\n<td>230&nbsp;V \/ Monophas\u00e9 \/ 50&nbsp;Hz<\/td>\n<\/tr>\n<tr>\n<td>Z94-8543-97<\/td>\n<td>Culbuteur d\u2019essai de r\u00e9sistance postr\u00e9actionnelle du coke (CSR)<\/td>\n<td>115&nbsp;V \/ Monophas\u00e9 \/ 60&nbsp;Hz<\/td>\n<\/tr>\n<tr>\n<td>Z94-8543-98<\/td>\n<td>Culbuteur d\u2019essai de r\u00e9sistance postr\u00e9actionnelle du coke (CSR)<\/td>\n<td>115&nbsp;V \/ Monophas\u00e9 \/ 50&nbsp;Hz<\/td>\n<\/tr>\n<\/tbody>\n<\/table>\n","protected":false},"excerpt":{"rendered":"<p>Le syst\u00e8me d\u2019essai appliqu\u00e9 de r\u00e9activit\u00e9 du coke de conception \u00e9volu\u00e9e Z94-8544-01 associ\u00e9 au culbuteur d\u2019essai de r\u00e9sistance du coke Z94-8544-05 constitue un dispositif de haute qualit\u00e9 et de pr\u00e9cision pour la d\u00e9termination de l\u2019indice de r\u00e9activit\u00e9 du coke (CRI) et de la r\u00e9sistance postr\u00e9actionnelle du coke (CSR) suivant la norme ASTM D5341. La norme [&hellip;]<\/p>\n","protected":false},"author":1,"featured_media":100775,"parent":100693,"menu_order":0,"comment_status":"closed","ping_status":"closed","template":"product.php","meta":{"_et_pb_use_builder":"","_et_pb_old_content":"","_et_gb_content_width":""},"acf":[],"_links":{"self":[{"href":"https:\/\/preiser.com\/fr-fr\/wp-json\/wp\/v2\/pages\/100709"}],"collection":[{"href":"https:\/\/preiser.com\/fr-fr\/wp-json\/wp\/v2\/pages"}],"about":[{"href":"https:\/\/preiser.com\/fr-fr\/wp-json\/wp\/v2\/types\/page"}],"author":[{"embeddable":true,"href":"https:\/\/preiser.com\/fr-fr\/wp-json\/wp\/v2\/users\/1"}],"replies":[{"embeddable":true,"href":"https:\/\/preiser.com\/fr-fr\/wp-json\/wp\/v2\/comments?post=100709"}],"version-history":[{"count":1,"href":"https:\/\/preiser.com\/fr-fr\/wp-json\/wp\/v2\/pages\/100709\/revisions"}],"predecessor-version":[{"id":100776,"href":"https:\/\/preiser.com\/fr-fr\/wp-json\/wp\/v2\/pages\/100709\/revisions\/100776"}],"up":[{"embeddable":true,"href":"https:\/\/preiser.com\/fr-fr\/wp-json\/wp\/v2\/pages\/100693"}],"wp:featuredmedia":[{"embeddable":true,"href":"https:\/\/preiser.com\/fr-fr\/wp-json\/wp\/v2\/media\/100775"}],"wp:attachment":[{"href":"https:\/\/preiser.com\/fr-fr\/wp-json\/wp\/v2\/media?parent=100709"}],"curies":[{"name":"wp","href":"https:\/\/api.w.org\/{rel}","templated":true}]}}