{"id":100713,"date":"2018-06-12T20:39:48","date_gmt":"2018-06-12T20:39:48","guid":{"rendered":"http:\/\/preiser.com\/?page_id=100713"},"modified":"2022-11-17T22:54:44","modified_gmt":"2022-11-17T22:54:44","slug":"dilatomtres","status":"publish","type":"page","link":"https:\/\/preiser.com\/fr-fr\/produits\/analyse\/dilatomtres\/","title":{"rendered":"Dilatom\u00e8tres"},"content":{"rendered":"<p>La nouvelle gamme am\u00e9lior\u00e9e d\u2019appareils d\u2019essais de dilatom\u00e9trie Preiser est con\u00e7ue pour d\u00e9terminer les caract\u00e9ristiques de dilatation et de contraction du charbon et porte la capacit\u00e9 d\u2019analyse \u00e0 un niveau sup\u00e9rieur de fonctionnalit\u00e9 et de facilit\u00e9 d\u2019emploi. Ces appareils pr\u00e9sentent une conception enti\u00e8rement nouvelle par rapport aux mod\u00e8les ant\u00e9rieurs. Le dilatom\u00e8tre fait appel \u00e0 un ordinateur connect\u00e9 \u00e0 une interface et un bo\u00eetier de commande propres \u00e0 Preiser. Le c\u00e2blage des appareils utilise une connexion USB avec l\u2019ordinateur h\u00f4te. Le four de dilatom\u00e8tre Preiser conserve les \u00e9l\u00e9ments d\u2019ensemble ayant d\u00e9j\u00e0 fait leurs preuves sur le march\u00e9, \u00e9quip\u00e9s de montures \u00e0 composants de pointe et autres am\u00e9liorations m\u00e9caniques. Ce syst\u00e8me enti\u00e8rement automatis\u00e9 est con\u00e7u autour de la norme ASTM D-5515 et des normes ISO 349 et 23873 pour la m\u00e9thode d\u2019analyse Audibert-Arnu.<\/p>\n<p>Les trousses d\u2019extension dilatom\u00e9trie et plastom\u00e9trie permettent de transformer le dilatom\u00e8tre de base en un multi-appareil combinant jusqu\u2019\u00e0 4 instruments souhait\u00e9s de type dilatom\u00e8tre et\/ou plastom\u00e8tre. Chaque trousse est fournie avec ses propres accessoires permettant \u00e0 chaque module de fonctionner en tant que syst\u00e8me autonome command\u00e9 par un contr\u00f4leur commun.<\/p>\n<ul>\n<li>Windows 10 facile \u00e0 mettre \u00e0 jour ult\u00e9rieurement<\/li>\n<li>Interface et cr\u00e9ation de comptes rendus am\u00e9lior\u00e9es<\/li>\n<li>\u00c9talonnage facile du thermocouple et des LVDT<\/li>\n<li>R\u00e9gulation de temp\u00e9rature du four am\u00e9lior\u00e9e<\/li>\n<li>Synth\u00e8se des r\u00e9sultats d\u2019essai au format PDF<\/li>\n<li>Dimensions (h x l x p)&nbsp;: 35\u2033 x 36\u2033 x 36\u2033 (88,90&nbsp;cm x 91,44&nbsp;cm x 91,44&nbsp;cm)&nbsp;; Poids d\u2019exp\u00e9dition&nbsp;: 396 lb (179,62&nbsp;kg)<\/li>\n<\/ul>\n<table>\n<tbody>\n<tr>\n<th>N\u00b0 cat.<\/th>\n<th>Description<\/th>\n<th>Tension \/ Phases \/ Hz<\/th>\n<\/tr>\n<tr>\n<td>Z91-3410-01<\/td>\n<td>Dilatom\u00e8tre<\/td>\n<td>240&nbsp;V \/ Monophas\u00e9 \/ 50-60&nbsp;Hz<\/td>\n<\/tr>\n<\/tbody>\n<\/table>\n<p><strong>Trousses d\u2019extension<\/strong><\/p>\n<table>\n<tbody>\n<tr>\n<th>N\u00b0 cat.<\/th>\n<th>Description<\/th>\n<\/tr>\n<tr>\n<td>Z91-3410-02<\/td>\n<td>Trousses d\u2019extension dilatom\u00e9trie<\/td>\n<\/tr>\n<tr>\n<td>Z91-3400-02<\/td>\n<td>Trousses d\u2019extension plastom\u00e9trie<\/td>\n<\/tr>\n<\/tbody>\n<\/table>\n","protected":false},"excerpt":{"rendered":"<p>La nouvelle gamme am\u00e9lior\u00e9e d\u2019appareils d\u2019essais de dilatom\u00e9trie Preiser est con\u00e7ue pour d\u00e9terminer les caract\u00e9ristiques de dilatation et de contraction du charbon et porte la capacit\u00e9 d\u2019analyse \u00e0 un niveau sup\u00e9rieur de fonctionnalit\u00e9 et de facilit\u00e9 d\u2019emploi. Ces appareils pr\u00e9sentent une conception enti\u00e8rement nouvelle par rapport aux mod\u00e8les ant\u00e9rieurs. Le dilatom\u00e8tre fait appel \u00e0 un [&hellip;]<\/p>\n","protected":false},"author":1,"featured_media":100777,"parent":100693,"menu_order":0,"comment_status":"closed","ping_status":"closed","template":"product.php","meta":{"_et_pb_use_builder":"","_et_pb_old_content":"","_et_gb_content_width":""},"acf":[],"_links":{"self":[{"href":"https:\/\/preiser.com\/fr-fr\/wp-json\/wp\/v2\/pages\/100713"}],"collection":[{"href":"https:\/\/preiser.com\/fr-fr\/wp-json\/wp\/v2\/pages"}],"about":[{"href":"https:\/\/preiser.com\/fr-fr\/wp-json\/wp\/v2\/types\/page"}],"author":[{"embeddable":true,"href":"https:\/\/preiser.com\/fr-fr\/wp-json\/wp\/v2\/users\/1"}],"replies":[{"embeddable":true,"href":"https:\/\/preiser.com\/fr-fr\/wp-json\/wp\/v2\/comments?post=100713"}],"version-history":[{"count":1,"href":"https:\/\/preiser.com\/fr-fr\/wp-json\/wp\/v2\/pages\/100713\/revisions"}],"predecessor-version":[{"id":100778,"href":"https:\/\/preiser.com\/fr-fr\/wp-json\/wp\/v2\/pages\/100713\/revisions\/100778"}],"up":[{"embeddable":true,"href":"https:\/\/preiser.com\/fr-fr\/wp-json\/wp\/v2\/pages\/100693"}],"wp:featuredmedia":[{"embeddable":true,"href":"https:\/\/preiser.com\/fr-fr\/wp-json\/wp\/v2\/media\/100777"}],"wp:attachment":[{"href":"https:\/\/preiser.com\/fr-fr\/wp-json\/wp\/v2\/media?parent=100713"}],"curies":[{"name":"wp","href":"https:\/\/api.w.org\/{rel}","templated":true}]}}