{"id":100717,"date":"2018-06-12T20:42:10","date_gmt":"2018-06-12T20:42:10","guid":{"rendered":"http:\/\/preiser.com\/?page_id=100717"},"modified":"2022-11-17T22:54:43","modified_gmt":"2022-11-17T22:54:43","slug":"appareillage-dessai-de-gonflement-libre","status":"publish","type":"page","link":"https:\/\/preiser.com\/fr-fr\/produits\/analyse\/appareillage-dessai-de-gonflement-libre\/","title":{"rendered":"Appareillage d\u2019essai de gonflement libre"},"content":{"rendered":"<p>Utilis\u00e9 pour la d\u00e9termination de l\u2019indice de gonflement libre du charbon par la m\u00e9thode \u00e0 four \u00e9lectrique d\u00e9finie par la norme ASTM D-720. L\u2019essai de gonflement libre est une m\u00e9thode empirique rapide \u00e0 petite \u00e9chelle de mesure des propri\u00e9t\u00e9s de gonflement libre du charbon. Les r\u00e9sultats de l\u2019essai peuvent servir d\u2019indication des caract\u00e9ristiques de cok\u00e9faction du charbon, mais aussi d\u2019indice du degr\u00e9 d\u2019oxydation ou d\u2019alt\u00e9ration du charbon. M\u00e9thode empirique rapide, facile et \u00e0 petite \u00e9chelle de mesure des propri\u00e9t\u00e9s de gonflement libre du charbon.<\/p>\n<p>Dimensions (h x l x p)&nbsp;: 12\u2033 x 24\u2033 x 24\u2033 (30,48&nbsp;cm x 60,96&nbsp;cm x 60,96&nbsp;cm)&nbsp;; Poids d\u2019exp\u00e9dition&nbsp;: 81 lb (36,74&nbsp;kg)<\/p>\n<table>\n<tbody>\n<tr>\n<th>N\u00b0 cat.<\/th>\n<th>Description<\/th>\n<th>Tension \/ Phases \/ Hz<\/th>\n<\/tr>\n<tr>\n<td>FRS-41000A4<\/td>\n<td>Indice de gonflement libre<\/td>\n<td>230&nbsp;V \/ Monophas\u00e9 \/ 50&nbsp;Hz<\/td>\n<\/tr>\n<tr>\n<td>FRS-41000A1<\/td>\n<td>Indice de gonflement libre<\/td>\n<td>115&nbsp;V \/ Monophas\u00e9 \/ 60&nbsp;Hz<\/td>\n<\/tr>\n<tr>\n<td>FRS-41000A3<\/td>\n<td>Indice de gonflement libre<\/td>\n<td>230&nbsp;V \/ Monophas\u00e9 \/ 60&nbsp;Hz<\/td>\n<\/tr>\n<\/tbody>\n<\/table>\n","protected":false},"excerpt":{"rendered":"<p>Utilis\u00e9 pour la d\u00e9termination de l\u2019indice de gonflement libre du charbon par la m\u00e9thode \u00e0 four \u00e9lectrique d\u00e9finie par la norme ASTM D-720. L\u2019essai de gonflement libre est une m\u00e9thode empirique rapide \u00e0 petite \u00e9chelle de mesure des propri\u00e9t\u00e9s de gonflement libre du charbon. Les r\u00e9sultats de l\u2019essai peuvent servir d\u2019indication des caract\u00e9ristiques de cok\u00e9faction [&hellip;]<\/p>\n","protected":false},"author":1,"featured_media":100779,"parent":100693,"menu_order":0,"comment_status":"closed","ping_status":"closed","template":"product.php","meta":{"_et_pb_use_builder":"","_et_pb_old_content":"","_et_gb_content_width":""},"acf":[],"_links":{"self":[{"href":"https:\/\/preiser.com\/fr-fr\/wp-json\/wp\/v2\/pages\/100717"}],"collection":[{"href":"https:\/\/preiser.com\/fr-fr\/wp-json\/wp\/v2\/pages"}],"about":[{"href":"https:\/\/preiser.com\/fr-fr\/wp-json\/wp\/v2\/types\/page"}],"author":[{"embeddable":true,"href":"https:\/\/preiser.com\/fr-fr\/wp-json\/wp\/v2\/users\/1"}],"replies":[{"embeddable":true,"href":"https:\/\/preiser.com\/fr-fr\/wp-json\/wp\/v2\/comments?post=100717"}],"version-history":[{"count":1,"href":"https:\/\/preiser.com\/fr-fr\/wp-json\/wp\/v2\/pages\/100717\/revisions"}],"predecessor-version":[{"id":100780,"href":"https:\/\/preiser.com\/fr-fr\/wp-json\/wp\/v2\/pages\/100717\/revisions\/100780"}],"up":[{"embeddable":true,"href":"https:\/\/preiser.com\/fr-fr\/wp-json\/wp\/v2\/pages\/100693"}],"wp:featuredmedia":[{"embeddable":true,"href":"https:\/\/preiser.com\/fr-fr\/wp-json\/wp\/v2\/media\/100779"}],"wp:attachment":[{"href":"https:\/\/preiser.com\/fr-fr\/wp-json\/wp\/v2\/media?parent=100717"}],"curies":[{"name":"wp","href":"https:\/\/api.w.org\/{rel}","templated":true}]}}