{"id":100721,"date":"2018-06-12T20:44:49","date_gmt":"2018-06-12T20:44:49","guid":{"rendered":"http:\/\/preiser.com\/?page_id=100721"},"modified":"2022-11-17T22:54:45","modified_gmt":"2022-11-17T22:54:45","slug":"systme-dessai-de-broyabilit-hardgrove","status":"publish","type":"page","link":"https:\/\/preiser.com\/fr-fr\/produits\/analyse\/systme-dessai-de-broyabilit-hardgrove\/","title":{"rendered":"Syst\u00e8me d\u2019essai de broyabilit\u00e9 Hardgrove"},"content":{"rendered":"<p>Le syst\u00e8me d\u2019essai de broyabilit\u00e9 de Preiser Scientific est un instrument de pr\u00e9cision compact, con\u00e7u sp\u00e9cifiquement pour d\u00e9terminer la \u00ab&nbsp;duret\u00e9&nbsp;\u00bb relative ou le potentiel d\u2019abrasion du charbon. Il a \u00e9t\u00e9 fabriqu\u00e9 en strict accord avec la norme ASTM D-409 et se conforme aux proc\u00e9dures propos\u00e9es par l\u2019ISO pour la d\u00e9termination de l\u2019indice de broyabilit\u00e9 Hardgrove pour le charbon et le coke.<\/p>\n<ul>\n<li>Le bol de broyage inf\u00e9rieur fixe en acier est appari\u00e9 \u00e0 une bague de broyage sup\u00e9rieure constitu\u00e9e de huit billes en acier tournant \u00e0 raison de 20 tr\/min.<\/li>\n<li>La bague de broyage est entra\u00een\u00e9e par un moteur\/arbre \u00e0 courroie sur lequel un lest amovible de 29&nbsp;kg est fix\u00e9 pour peser sur les huit billes en rotation.<\/li>\n<li>Un syst\u00e8me compteur\/commutateur totalise le nombre de tours et arr\u00eate automatiquement la machine au bout de 60&nbsp;tours.<\/li>\n<li>Gr\u00e2ce \u00e0 la configuration de la machine, le chargement des \u00e9chantillons est remarquablement facile.<\/li>\n<li>Construite \u00e0 partir de mat\u00e9riaux durables et de haute qualit\u00e9, la machine ne n\u00e9cessite presque aucun entretien.<\/li>\n<li>Dimensions (h x l x p)&nbsp;: 25\u2033 x 24\u2033 x 18\u2033 (63,50&nbsp;cm x 60,96&nbsp;cm x 45,72&nbsp;cm)&nbsp;; Poids d\u2019exp\u00e9dition&nbsp;: 312 lb (141,52&nbsp;kg)<\/li>\n<\/ul>\n<table>\n<tbody>\n<tr>\n<th>N\u00b0 cat.<\/th>\n<th>Description<\/th>\n<th>Tension \/ Phases \/ Hz<\/th>\n<\/tr>\n<tr>\n<td>Z90-9300-01<\/td>\n<td>Appareil de broyabilit\u00e9 Hardgrove<\/td>\n<td>115&nbsp;V \/ Monophas\u00e9 \/ 60&nbsp;Hz<\/td>\n<\/tr>\n<tr>\n<td>Z90-9301-01<\/td>\n<td>Appareil de broyabilit\u00e9 Hardgrove<\/td>\n<td>230&nbsp;V \/ Monophas\u00e9 \/ 50&nbsp;Hz<\/td>\n<\/tr>\n<tr>\n<td>Z90-9301-02<\/td>\n<td>Appareil de broyabilit\u00e9 Hardgrove<\/td>\n<td>230&nbsp;V \/ Monophas\u00e9 \/ 60&nbsp;Hz<\/td>\n<\/tr>\n<\/tbody>\n<\/table>\n","protected":false},"excerpt":{"rendered":"<p>Le syst\u00e8me d\u2019essai de broyabilit\u00e9 de Preiser Scientific est un instrument de pr\u00e9cision compact, con\u00e7u sp\u00e9cifiquement pour d\u00e9terminer la \u00ab&nbsp;duret\u00e9&nbsp;\u00bb relative ou le potentiel d\u2019abrasion du charbon. Il a \u00e9t\u00e9 fabriqu\u00e9 en strict accord avec la norme ASTM D-409 et se conforme aux proc\u00e9dures propos\u00e9es par l\u2019ISO pour la d\u00e9termination de l\u2019indice de broyabilit\u00e9 Hardgrove [&hellip;]<\/p>\n","protected":false},"author":1,"featured_media":100781,"parent":100693,"menu_order":0,"comment_status":"closed","ping_status":"closed","template":"product.php","meta":{"_et_pb_use_builder":"","_et_pb_old_content":"","_et_gb_content_width":""},"acf":[],"_links":{"self":[{"href":"https:\/\/preiser.com\/fr-fr\/wp-json\/wp\/v2\/pages\/100721"}],"collection":[{"href":"https:\/\/preiser.com\/fr-fr\/wp-json\/wp\/v2\/pages"}],"about":[{"href":"https:\/\/preiser.com\/fr-fr\/wp-json\/wp\/v2\/types\/page"}],"author":[{"embeddable":true,"href":"https:\/\/preiser.com\/fr-fr\/wp-json\/wp\/v2\/users\/1"}],"replies":[{"embeddable":true,"href":"https:\/\/preiser.com\/fr-fr\/wp-json\/wp\/v2\/comments?post=100721"}],"version-history":[{"count":1,"href":"https:\/\/preiser.com\/fr-fr\/wp-json\/wp\/v2\/pages\/100721\/revisions"}],"predecessor-version":[{"id":100782,"href":"https:\/\/preiser.com\/fr-fr\/wp-json\/wp\/v2\/pages\/100721\/revisions\/100782"}],"up":[{"embeddable":true,"href":"https:\/\/preiser.com\/fr-fr\/wp-json\/wp\/v2\/pages\/100693"}],"wp:featuredmedia":[{"embeddable":true,"href":"https:\/\/preiser.com\/fr-fr\/wp-json\/wp\/v2\/media\/100781"}],"wp:attachment":[{"href":"https:\/\/preiser.com\/fr-fr\/wp-json\/wp\/v2\/media?parent=100721"}],"curies":[{"name":"wp","href":"https:\/\/api.w.org\/{rel}","templated":true}]}}