{"id":100725,"date":"2018-06-12T20:46:48","date_gmt":"2018-06-12T20:46:48","guid":{"rendered":"http:\/\/preiser.com\/?page_id=100725"},"modified":"2022-11-17T22:54:44","modified_gmt":"2022-11-17T22:54:44","slug":"tuves-humidimtres","status":"publish","type":"page","link":"https:\/\/preiser.com\/fr-fr\/produits\/analyse\/tuves-humidimtres\/","title":{"rendered":"\u00c9tuves humidim\u00e8tres"},"content":{"rendered":"<p>L\u2019\u00e9tuve humidim\u00e8tre Preiser mod\u00e8le 100 est con\u00e7ue pour d\u00e9terminer la teneur en humidit\u00e9 du charbon suivant la norme ASTM D3173. Elle est constitu\u00e9e d\u2019une \u00e9tuve sp\u00e9ciale basse temp\u00e9rature associ\u00e9e \u00e0 un syst\u00e8me de r\u00e9gulation thermique \u00e0 microprocesseur pour le s\u00e9chage d\u2019\u00e9chantillons jusqu\u2019\u00e0 une temp\u00e9rature de 115&nbsp;\u00baC.<\/p>\n<ul>\n<li>L\u2019\u00e9tuve, les commandes et le syst\u00e8me de ventilation sont contenus dans une armoire \u00ab&nbsp;sur table&nbsp;\u00bb compacte.<\/li>\n<li>La chambre de dessiccation cylindrique en acier inoxydable est de 8\u201d de diam\u00e8tre sur 9,5\u201d (20,32 cm x 24,13&nbsp;cm) de profondeur.<\/li>\n<li>L\u2019air d\u2019entr\u00e9e traverse le d\u00e9bitm\u00e8tre de r\u00e9gulation manuelle, qui est r\u00e9glable de 0 \u00e0 25&nbsp;l\/min.<\/li>\n<li>En aval du d\u00e9bitm\u00e8tre, l\u2019air est pr\u00e9chauff\u00e9 et entre dans la chambre de l\u2019\u00e9tuve, passe sur les \u00e9chantillons et ressort par la bouche d\u2019\u00e9chappement arri\u00e8re.<\/li>\n<li>Les plateaux creuset r\u00e9versible\/ballon tar\u00e9 combin\u00e9s accessoires Z91-1632-05 et Z91-1632-06 permettent la dessiccation simultan\u00e9e de plusieurs \u00e9chantillons. Ils doivent \u00eatre command\u00e9s s\u00e9par\u00e9ment le cas \u00e9ch\u00e9ant.<\/li>\n<li>Dimensions (l x p x h)&nbsp;: 20\u2033 x 19\u2033 x 15\u2033 (50,80&nbsp;cm x 48,26&nbsp;cm x 38,10&nbsp;cm)&nbsp;; Poids d\u2019exp\u00e9dition&nbsp;: 102 lb (46,27&nbsp;kg)<\/li>\n<\/ul>\n<table>\n<tbody>\n<tr>\n<th>N\u00b0 cat.<\/th>\n<th>Description<\/th>\n<th>Tension \/ Phases \/ Hz<\/th>\n<\/tr>\n<tr>\n<td>Z91-1632-01<\/td>\n<td>\u00c9tuve humidim\u00e8tre<\/td>\n<td>115&nbsp;V \/ Monophas\u00e9 \/ 50-60&nbsp;Hz<\/td>\n<\/tr>\n<tr>\n<td>Z91-1632-02<\/td>\n<td>\u00c9tuve humidim\u00e8tre<\/td>\n<td>230&nbsp;V \/ Monophas\u00e9 \/ 50-60&nbsp;Hz<\/td>\n<\/tr>\n<tr>\n<td>Z91-1632-05<\/td>\n<td>Plateau creuset combin\u00e9 sup\u00e9rieur<\/td>\n<td><\/td>\n<\/tr>\n<tr>\n<td>Z91-1632-06<\/td>\n<td>Plateau creuset combin\u00e9 inf\u00e9rieur<\/td>\n<td><\/td>\n<\/tr>\n<\/tbody>\n<\/table>\n","protected":false},"excerpt":{"rendered":"<p>L\u2019\u00e9tuve humidim\u00e8tre Preiser mod\u00e8le 100 est con\u00e7ue pour d\u00e9terminer la teneur en humidit\u00e9 du charbon suivant la norme ASTM D3173. Elle est constitu\u00e9e d\u2019une \u00e9tuve sp\u00e9ciale basse temp\u00e9rature associ\u00e9e \u00e0 un syst\u00e8me de r\u00e9gulation thermique \u00e0 microprocesseur pour le s\u00e9chage d\u2019\u00e9chantillons jusqu\u2019\u00e0 une temp\u00e9rature de 115&nbsp;\u00baC. L\u2019\u00e9tuve, les commandes et le syst\u00e8me de ventilation sont [&hellip;]<\/p>\n","protected":false},"author":1,"featured_media":100783,"parent":100693,"menu_order":0,"comment_status":"closed","ping_status":"closed","template":"product.php","meta":{"_et_pb_use_builder":"","_et_pb_old_content":"","_et_gb_content_width":""},"acf":[],"_links":{"self":[{"href":"https:\/\/preiser.com\/fr-fr\/wp-json\/wp\/v2\/pages\/100725"}],"collection":[{"href":"https:\/\/preiser.com\/fr-fr\/wp-json\/wp\/v2\/pages"}],"about":[{"href":"https:\/\/preiser.com\/fr-fr\/wp-json\/wp\/v2\/types\/page"}],"author":[{"embeddable":true,"href":"https:\/\/preiser.com\/fr-fr\/wp-json\/wp\/v2\/users\/1"}],"replies":[{"embeddable":true,"href":"https:\/\/preiser.com\/fr-fr\/wp-json\/wp\/v2\/comments?post=100725"}],"version-history":[{"count":1,"href":"https:\/\/preiser.com\/fr-fr\/wp-json\/wp\/v2\/pages\/100725\/revisions"}],"predecessor-version":[{"id":100784,"href":"https:\/\/preiser.com\/fr-fr\/wp-json\/wp\/v2\/pages\/100725\/revisions\/100784"}],"up":[{"embeddable":true,"href":"https:\/\/preiser.com\/fr-fr\/wp-json\/wp\/v2\/pages\/100693"}],"wp:featuredmedia":[{"embeddable":true,"href":"https:\/\/preiser.com\/fr-fr\/wp-json\/wp\/v2\/media\/100783"}],"wp:attachment":[{"href":"https:\/\/preiser.com\/fr-fr\/wp-json\/wp\/v2\/media?parent=100725"}],"curies":[{"name":"wp","href":"https:\/\/api.w.org\/{rel}","templated":true}]}}