{"id":100729,"date":"2018-06-12T20:50:16","date_gmt":"2018-06-12T20:50:16","guid":{"rendered":"http:\/\/preiser.com\/?page_id=100729"},"modified":"2022-11-17T22:54:44","modified_gmt":"2022-11-17T22:54:44","slug":"plastomtres","status":"publish","type":"page","link":"https:\/\/preiser.com\/fr-fr\/produits\/analyse\/plastomtres\/","title":{"rendered":"Plastom\u00e8tres"},"content":{"rendered":"<p>Preiser a repens\u00e9 sa gamme d\u2019appareils d\u2019essais de plastom\u00e9trie, utilis\u00e9e pour d\u00e9terminer les propri\u00e9t\u00e9s plastiques du charbon par la m\u00e9thode \u00e0 couple constant Gieseler. Elle est con\u00e7ue pour r\u00e9pondre aux normes ASTM D-2639 et ISO 10329, offrant les donn\u00e9es critiques n\u00e9cessaires aux analyses approfondies des charbons \u00e0 coke.<\/p>\n<p>Le plastom\u00e8tre fait appel \u00e0 un ordinateur connect\u00e9 \u00e0 une interface et un bo\u00eetier de commande propres \u00e0 Preiser. Le c\u00e2blage des appareils utilise une connexion USB avec l\u2019ordinateur h\u00f4te. La t\u00eate de plastom\u00e8tre et le bain de soudure conservent les \u00e9l\u00e9ments d\u2019ensemble ayant d\u00e9j\u00e0 fait leurs preuves sur le march\u00e9, \u00e9quip\u00e9s de montures \u00e0 composants de pointe et autres am\u00e9liorations m\u00e9caniques.<\/p>\n<p>Les trousses d\u2019extension dilatom\u00e9trie et plastom\u00e9trie permettent de transformer le plastom\u00e8tre de base en un multi-appareil combinant jusqu\u2019\u00e0 4 instruments s\u00e9lectionn\u00e9s de type dilatom\u00e8tre et\/ou plastom\u00e8tre. Chaque trousse est fournie avec ses propres accessoires permettant \u00e0 chaque module de fonctionner en tant que syst\u00e8me autonome. Chaque syst\u00e8me peut fonctionner soit ind\u00e9pendamment soit simultan\u00e9ment avec les autres, ce qui accro\u00eet le rendement d\u2019ex\u00e9cution des essais d\u2019\u00e9chantillons.<\/p>\n<p><strong>Caract\u00e9ristiques<\/strong><\/p>\n<ul>\n<li>Windows 10 facile \u00e0 mettre \u00e0 jour ult\u00e9rieurement<\/li>\n<li>Pr\u00e9cision et reproductibilit\u00e9 am\u00e9lior\u00e9es<\/li>\n<li>Extensible \u00e0 quatre modules pour un m\u00eame contr\u00f4leur<\/li>\n<li>\u00c9talonnage facile du thermocouple<\/li>\n<li>R\u00e9gulation de temp\u00e9rature du bain de soudure am\u00e9lior\u00e9e<\/li>\n<li>Synth\u00e8se des r\u00e9sultats d\u2019essai au format PDF<\/li>\n<li>Dimensions (h x l x p)&nbsp;: 30\u2033 x 54\u2033 x 36\u2033 (76,20&nbsp;cm x 137,16&nbsp;cm x 91,44&nbsp;cm)&nbsp;; Poids d\u2019exp\u00e9dition&nbsp;: 345 lb (156,49&nbsp;kg)<\/li>\n<\/ul>\n<table>\n<tbody>\n<tr>\n<th>N\u00b0 cat.<\/th>\n<th>Description<\/th>\n<th>Tension \/ Phases \/ Hz<\/th>\n<\/tr>\n<tr>\n<td>Z91-3400-01<\/td>\n<td>Plastom\u00e8tre<\/td>\n<td>240&nbsp;V \/ Monophas\u00e9 \/ 50-60&nbsp;Hz<\/td>\n<\/tr>\n<\/tbody>\n<\/table>\n<p><strong>Trousses d\u2019extension dilatom\u00e9trie et plastom\u00e9trie<\/strong><\/p>\n<table>\n<tbody>\n<tr>\n<th>N\u00b0 cat.<\/th>\n<th>Description<\/th>\n<th>Tension \/ Phases \/ Hz<\/th>\n<\/tr>\n<tr>\n<td>Z91-3400-02<\/td>\n<td>Trousses d\u2019extension plastom\u00e9trie<\/td>\n<td>240&nbsp;V \/ Monophas\u00e9 \/ 50-60&nbsp;Hz<\/td>\n<\/tr>\n<tr>\n<td>Z91-3410-02<\/td>\n<td>Trousses d\u2019extension dilatom\u00e9trie<\/td>\n<td>240&nbsp;V \/ Monophas\u00e9 \/ 50-60&nbsp;Hz<\/td>\n<\/tr>\n<\/tbody>\n<\/table>\n","protected":false},"excerpt":{"rendered":"<p>Preiser a repens\u00e9 sa gamme d\u2019appareils d\u2019essais de plastom\u00e9trie, utilis\u00e9e pour d\u00e9terminer les propri\u00e9t\u00e9s plastiques du charbon par la m\u00e9thode \u00e0 couple constant Gieseler. Elle est con\u00e7ue pour r\u00e9pondre aux normes ASTM D-2639 et ISO 10329, offrant les donn\u00e9es critiques n\u00e9cessaires aux analyses approfondies des charbons \u00e0 coke. Le plastom\u00e8tre fait appel \u00e0 un ordinateur [&hellip;]<\/p>\n","protected":false},"author":1,"featured_media":100785,"parent":100693,"menu_order":0,"comment_status":"closed","ping_status":"closed","template":"product.php","meta":{"_et_pb_use_builder":"","_et_pb_old_content":"","_et_gb_content_width":""},"acf":[],"_links":{"self":[{"href":"https:\/\/preiser.com\/fr-fr\/wp-json\/wp\/v2\/pages\/100729"}],"collection":[{"href":"https:\/\/preiser.com\/fr-fr\/wp-json\/wp\/v2\/pages"}],"about":[{"href":"https:\/\/preiser.com\/fr-fr\/wp-json\/wp\/v2\/types\/page"}],"author":[{"embeddable":true,"href":"https:\/\/preiser.com\/fr-fr\/wp-json\/wp\/v2\/users\/1"}],"replies":[{"embeddable":true,"href":"https:\/\/preiser.com\/fr-fr\/wp-json\/wp\/v2\/comments?post=100729"}],"version-history":[{"count":1,"href":"https:\/\/preiser.com\/fr-fr\/wp-json\/wp\/v2\/pages\/100729\/revisions"}],"predecessor-version":[{"id":100786,"href":"https:\/\/preiser.com\/fr-fr\/wp-json\/wp\/v2\/pages\/100729\/revisions\/100786"}],"up":[{"embeddable":true,"href":"https:\/\/preiser.com\/fr-fr\/wp-json\/wp\/v2\/pages\/100693"}],"wp:featuredmedia":[{"embeddable":true,"href":"https:\/\/preiser.com\/fr-fr\/wp-json\/wp\/v2\/media\/100785"}],"wp:attachment":[{"href":"https:\/\/preiser.com\/fr-fr\/wp-json\/wp\/v2\/media?parent=100729"}],"curies":[{"name":"wp","href":"https:\/\/api.w.org\/{rel}","templated":true}]}}