{"id":100733,"date":"2018-06-12T20:52:38","date_gmt":"2018-06-12T20:52:38","guid":{"rendered":"http:\/\/preiser.com\/?page_id=100733"},"modified":"2022-11-17T22:54:45","modified_gmt":"2022-11-17T22:54:45","slug":"plastomtres-et-dilatomtres-multimodules","status":"publish","type":"page","link":"https:\/\/preiser.com\/fr-fr\/produits\/analyse\/plastomtres-et-dilatomtres-multimodules\/","title":{"rendered":"Plastom\u00e8tres et dilatom\u00e8tres multimodules"},"content":{"rendered":"<p>Le concept de syst\u00e8mes multimodules de Preiser a \u00e9lev\u00e9 les performances de ses plastom\u00e8tres et dilatom\u00e8tres \u00e0 un niveau sup\u00e9rieur de fonctionnalit\u00e9. Le plastom\u00e8tre s\u2019utilise pour d\u00e9terminer les propri\u00e9t\u00e9s plastiques du charbon par la m\u00e9thode \u00e0 couple constant Gieseler. Il est con\u00e7u pour r\u00e9pondre aux normes ASTM D-2639 et ISO 10329, offrant les donn\u00e9es critiques n\u00e9cessaires aux analyses approfondies des charbons \u00e0 coke. Le syst\u00e8me enti\u00e8rement automatis\u00e9 du dilatom\u00e8tre est con\u00e7u autour de la norme ASTM D-5515 et des normes ISO 349 et 23873 pour la m\u00e9thode d\u2019analyse Audibert-Arnu.<\/p>\n<p>La nouvelle configuration produit de Preiser permet de combiner jusqu\u2019\u00e0 quatre modules quelconques de plastom\u00e9trie et de dilatom\u00e9trie au sein d\u2019un m\u00eame syst\u00e8me multimodule. Cet appareil unique permet \u00e0 un m\u00eame contr\u00f4leur de commander jusqu\u2019\u00e0 4 modules, dilatom\u00e8tres ou plastom\u00e8tres, chacun \u00e9quip\u00e9 de toutes les accessoires n\u00e9cessaires pour fonctionner simultan\u00e9ment ou ind\u00e9pendamment les uns des autres. Les syst\u00e8mes multimodules offrent une plus grande souplesse d\u2019emploi des appareils et un haut rendement d\u2019ex\u00e9cution des essais d\u2019\u00e9chantillons \u00e0 un niveau \u00e9lev\u00e9 de pr\u00e9cision et de reproductibilit\u00e9, le tout avec un appareil d\u2019encombrement relativement r\u00e9duit au laboratoire.<\/p>\n<p>Les plastom\u00e8tres et dilatom\u00e8tres font appel \u00e0 un ordinateur connect\u00e9 \u00e0 une interface et un bo\u00eetier de commande propres \u00e0 Preiser. Le c\u00e2blage des appareils utilise des connexions USB avec l\u2019ordinateur h\u00f4te. Le mat\u00e9riel accessoire conserve les \u00e9l\u00e9ments d\u2019ensemble ayant d\u00e9j\u00e0 fait leurs preuves sur le march\u00e9, \u00e9quip\u00e9s de montures \u00e0 composants de pointe et autres am\u00e9liorations m\u00e9caniques par rapport aux mod\u00e8les ant\u00e9rieurs. Le bo\u00eetier d\u2019interface Preiser est \u00e9quip\u00e9 de fa\u00e7on \u00e0 permettre l\u2019\u00e9volutivit\u00e9 \u00e0 partir du syst\u00e8me de base \u00e0 deux modules vers un syst\u00e8me combinant trois ou quatre instruments souhait\u00e9s de type dilatom\u00e8tre ou plastom\u00e8tre.<\/p>\n<p>S\u00e9par\u00e9ment, tout nouveau mod\u00e8le de dilatom\u00e8tre Z91-3410-01 ou de plastom\u00e8tre Z91-3400-01 peut uniquement \u00eatre \u00e9tendu ult\u00e9rieurement pour former un multi-appareil par l\u2019achat de la ou des trousses d\u2019extension souhait\u00e9es, qui permettent de transformer l\u2019appareil de base en un multi-appareil combinant jusqu\u2019\u00e0 4 instruments souhait\u00e9s de type dilatom\u00e8tre ou plastom\u00e8tre. Chaque trousse est fournie avec ses propres accessoires permettant \u00e0 chaque module de fonctionner en tant que syst\u00e8me autonome command\u00e9 par un contr\u00f4leur commun.<\/p>\n<ul>\n<li>Windows 10 facile \u00e0 mettre \u00e0 jour ult\u00e9rieurement<\/li>\n<li>Pr\u00e9cision et reproductibilit\u00e9 am\u00e9lior\u00e9es<\/li>\n<li>Interface et cr\u00e9ation de comptes rendus am\u00e9lior\u00e9es<\/li>\n<li>Extensible \u00e0 quatre modules pour un m\u00eame contr\u00f4leur<\/li>\n<li>\u00c9talonnage facile du thermocouple et des LVDT<\/li>\n<li>Mise en \u0153uvre facile des essais<\/li>\n<li>R\u00e9gulation de temp\u00e9rature du bain de soudure\/four am\u00e9lior\u00e9e<\/li>\n<li>Synth\u00e8se des r\u00e9sultats d\u2019essai au format PDF<\/li>\n<li>Dimensions (h x l x p)&nbsp;: 35\u2033 x 72\u2033 x 36\u2033 (88,90&nbsp;cm x 182,88&nbsp;cm x 91,44&nbsp;cm)&nbsp;; Poids&nbsp;: 441 lb (200,03&nbsp;kg)<\/li>\n<\/ul>\n<table>\n<tbody>\n<tr>\n<th>N\u00b0 cat.<\/th>\n<th>Description<\/th>\n<th>Tension \/ Phases \/ Hz<\/th>\n<\/tr>\n<tr>\n<td>Z91-3420-01<\/td>\n<td>Syst\u00e8me combin\u00e9 1 plastom\u00e8tre et 1 dilatom\u00e8tre<\/td>\n<td>240&nbsp;V \/ Monophas\u00e9 \/ 50-60&nbsp;Hz<\/td>\n<\/tr>\n<tr>\n<td>Z91-3420-02<\/td>\n<td>Syst\u00e8me combin\u00e9 2 plastom\u00e8tres<\/td>\n<td>240&nbsp;V \/ Monophas\u00e9 \/ 50-60&nbsp;Hz<\/td>\n<\/tr>\n<tr>\n<td>Z91-3420-03<\/td>\n<td>Syst\u00e8me combin\u00e9 2 dilatom\u00e8tres<\/td>\n<td>240&nbsp;V \/ Monophas\u00e9 \/ 50-60&nbsp;Hz<\/td>\n<\/tr>\n<tr>\n<td>Z91-3420-04<\/td>\n<td>Syst\u00e8me combin\u00e9 2 plastom\u00e8tres et 1 dilatom\u00e8tre<\/td>\n<td>240&nbsp;V \/ Monophas\u00e9 \/ 50-60&nbsp;Hz<\/td>\n<\/tr>\n<tr>\n<td>Z91-3420-05<\/td>\n<td>Syst\u00e8me combin\u00e9 2 dilatom\u00e8tres et 1 plastom\u00e8tre<\/td>\n<td>240&nbsp;V \/ Monophas\u00e9 \/ 50-60&nbsp;Hz<\/td>\n<\/tr>\n<tr>\n<td>Z91-3420-06<\/td>\n<td>Syst\u00e8me combin\u00e9 3 plastom\u00e8tres<\/td>\n<td>240&nbsp;V \/ Monophas\u00e9 \/ 50-60&nbsp;Hz<\/td>\n<\/tr>\n<tr>\n<td>Z91-3420-07<\/td>\n<td>Syst\u00e8me combin\u00e9 3 dilatom\u00e8tres<\/td>\n<td>240&nbsp;V \/ Monophas\u00e9 \/ 50-60&nbsp;Hz<\/td>\n<\/tr>\n<tr>\n<td>Z91-3420-08<\/td>\n<td>Syst\u00e8me combin\u00e9 3 plastom\u00e8tres et 1 dilatom\u00e8tre<\/td>\n<td>240&nbsp;V \/ Monophas\u00e9 \/ 50-60&nbsp;Hz<\/td>\n<\/tr>\n<tr>\n<td>Z91-3420-09<\/td>\n<td>Syst\u00e8me combin\u00e9 3 dilatom\u00e8tres et 1 plastom\u00e8tre<\/td>\n<td>240&nbsp;V \/ Monophas\u00e9 \/ 50-60&nbsp;Hz<\/td>\n<\/tr>\n<tr>\n<td>Z91-3420-10<\/td>\n<td>Syst\u00e8me combin\u00e9 4 plastom\u00e8tres<\/td>\n<td>240&nbsp;V \/ Monophas\u00e9 \/ 50-60&nbsp;Hz<\/td>\n<\/tr>\n<tr>\n<td>Z91-3420-11<\/td>\n<td>Syst\u00e8me combin\u00e9 4 dilatom\u00e8tres<\/td>\n<td>240&nbsp;V \/ Monophas\u00e9 \/ 50-60&nbsp;Hz<\/td>\n<\/tr>\n<\/tbody>\n<\/table>\n<p><strong>Trousses d\u2019extension dilatom\u00e9trie et plastom\u00e9trie<\/strong><\/p>\n<table>\n<tbody>\n<tr>\n<th>N\u00b0 cat.<\/th>\n<th>Description<\/th>\n<th>Tension \/ Phases \/ Hz<\/th>\n<\/tr>\n<tr>\n<td>Z91-3400-02<\/td>\n<td>Trousses d\u2019extension plastom\u00e9trie<\/td>\n<td>240&nbsp;V \/ Monophas\u00e9 \/ 50-60&nbsp;Hz<\/td>\n<\/tr>\n<tr>\n<td>Z91-3410-02<\/td>\n<td>Trousses d\u2019extension dilatom\u00e9trie<\/td>\n<td>240&nbsp;V \/ Monophas\u00e9 \/ 50-60&nbsp;Hz<\/td>\n<\/tr>\n<\/tbody>\n<\/table>\n","protected":false},"excerpt":{"rendered":"<p>Le concept de syst\u00e8mes multimodules de Preiser a \u00e9lev\u00e9 les performances de ses plastom\u00e8tres et dilatom\u00e8tres \u00e0 un niveau sup\u00e9rieur de fonctionnalit\u00e9. Le plastom\u00e8tre s\u2019utilise pour d\u00e9terminer les propri\u00e9t\u00e9s plastiques du charbon par la m\u00e9thode \u00e0 couple constant Gieseler. Il est con\u00e7u pour r\u00e9pondre aux normes ASTM D-2639 et ISO 10329, offrant les donn\u00e9es critiques [&hellip;]<\/p>\n","protected":false},"author":1,"featured_media":100787,"parent":100693,"menu_order":0,"comment_status":"closed","ping_status":"closed","template":"product.php","meta":{"_et_pb_use_builder":"","_et_pb_old_content":"","_et_gb_content_width":""},"acf":[],"_links":{"self":[{"href":"https:\/\/preiser.com\/fr-fr\/wp-json\/wp\/v2\/pages\/100733"}],"collection":[{"href":"https:\/\/preiser.com\/fr-fr\/wp-json\/wp\/v2\/pages"}],"about":[{"href":"https:\/\/preiser.com\/fr-fr\/wp-json\/wp\/v2\/types\/page"}],"author":[{"embeddable":true,"href":"https:\/\/preiser.com\/fr-fr\/wp-json\/wp\/v2\/users\/1"}],"replies":[{"embeddable":true,"href":"https:\/\/preiser.com\/fr-fr\/wp-json\/wp\/v2\/comments?post=100733"}],"version-history":[{"count":1,"href":"https:\/\/preiser.com\/fr-fr\/wp-json\/wp\/v2\/pages\/100733\/revisions"}],"predecessor-version":[{"id":100788,"href":"https:\/\/preiser.com\/fr-fr\/wp-json\/wp\/v2\/pages\/100733\/revisions\/100788"}],"up":[{"embeddable":true,"href":"https:\/\/preiser.com\/fr-fr\/wp-json\/wp\/v2\/pages\/100693"}],"wp:featuredmedia":[{"embeddable":true,"href":"https:\/\/preiser.com\/fr-fr\/wp-json\/wp\/v2\/media\/100787"}],"wp:attachment":[{"href":"https:\/\/preiser.com\/fr-fr\/wp-json\/wp\/v2\/media?parent=100733"}],"curies":[{"name":"wp","href":"https:\/\/api.w.org\/{rel}","templated":true}]}}