{"id":100737,"date":"2018-06-12T20:54:39","date_gmt":"2018-06-12T20:54:39","guid":{"rendered":"http:\/\/preiser.com\/?page_id=100737"},"modified":"2022-11-17T22:54:45","modified_gmt":"2022-11-17T22:54:45","slug":"plus-dappareils-danalyse","status":"publish","type":"page","link":"https:\/\/preiser.com\/fr-fr\/produits\/analyse\/plus-dappareils-danalyse\/","title":{"rendered":"Plus d\u2019appareils d\u2019analyse"},"content":{"rendered":"<p>Preiser Scientific peut fournir beaucoup d\u2019autres appareils d\u2019analyse pour laboratoire d\u2019essais&nbsp;:<\/p>\n<div class=\"third first\">\n<p>Balances d\u2019analyse<br \/>\nColorim\u00e8tres<br \/>\nConductim\u00e8tres<br \/>\nD\u00e9min\u00e9ralisateurs<br \/>\nArmoires de dessiccation<br \/>\nAnalyseurs d\u2019oxyg\u00e8ne dissous<br \/>\nSyst\u00e8mes d\u2019eau distill\u00e9e<br \/>\n\u00c9tuves de s\u00e9chage<br \/>\nMat\u00e9riel d\u2019analyse environnementale<br \/>\nFours<\/p>\n<\/div>\n<div class=\"third\">\n<p>Chromatographes en phase gazeuse<br \/>\nPlaques chauffantes<br \/>\nMat\u00e9riel de d\u00e9termination du magn\u00e9tisme<br \/>\nMicroscopes<br \/>\n\u00c9tuves<br \/>\npH-m\u00e8tres<br \/>\nBalances de mesure de densit\u00e9 de pulpe<br \/>\nBalances de pesage<br \/>\nSt\u00e9r\u00e9omicroscopes<br \/>\nAgitateurs<\/p>\n<\/div>\n<div class=\"third\">\n<p>R\u00e9fractom\u00e8tres<br \/>\nSpectrophotom\u00e8tres<br \/>\nTamis d\u2019essai<br \/>\nAnalyseurs thermogravim\u00e9triques de charbon<br \/>\nAnalyseurs de carbone organique total<br \/>\nAnalyseur de teneur en mati\u00e8res volatiles<br \/>\nMat\u00e9riel d\u2019analyse de l\u2019eau<br \/>\nSyst\u00e8mes de surveillance de l\u2019eau<\/p>\n<\/div>\n<p style=\"clear: left\">Les demandes sont les bienvenues et re\u00e7oivent une r\u00e9ponse rapide. <a href=\"https:\/\/preiser.com\/fr\/contact-fr\/\">Contactez Preiser Scientific<\/a> pour discuter de vos besoins en analyse.<\/p>\n","protected":false},"excerpt":{"rendered":"<p>Preiser Scientific peut fournir beaucoup d\u2019autres appareils d\u2019analyse pour laboratoire d\u2019essais&nbsp;: Balances d\u2019analyse Colorim\u00e8tres Conductim\u00e8tres D\u00e9min\u00e9ralisateurs Armoires de dessiccation Analyseurs d\u2019oxyg\u00e8ne dissous Syst\u00e8mes d\u2019eau distill\u00e9e \u00c9tuves de s\u00e9chage Mat\u00e9riel d\u2019analyse environnementale Fours Chromatographes en phase gazeuse Plaques chauffantes Mat\u00e9riel de d\u00e9termination du magn\u00e9tisme Microscopes \u00c9tuves pH-m\u00e8tres Balances de mesure de densit\u00e9 de pulpe Balances de [&hellip;]<\/p>\n","protected":false},"author":1,"featured_media":100789,"parent":100693,"menu_order":0,"comment_status":"closed","ping_status":"closed","template":"product.php","meta":{"_et_pb_use_builder":"","_et_pb_old_content":"","_et_gb_content_width":""},"acf":[],"_links":{"self":[{"href":"https:\/\/preiser.com\/fr-fr\/wp-json\/wp\/v2\/pages\/100737"}],"collection":[{"href":"https:\/\/preiser.com\/fr-fr\/wp-json\/wp\/v2\/pages"}],"about":[{"href":"https:\/\/preiser.com\/fr-fr\/wp-json\/wp\/v2\/types\/page"}],"author":[{"embeddable":true,"href":"https:\/\/preiser.com\/fr-fr\/wp-json\/wp\/v2\/users\/1"}],"replies":[{"embeddable":true,"href":"https:\/\/preiser.com\/fr-fr\/wp-json\/wp\/v2\/comments?post=100737"}],"version-history":[{"count":1,"href":"https:\/\/preiser.com\/fr-fr\/wp-json\/wp\/v2\/pages\/100737\/revisions"}],"predecessor-version":[{"id":100790,"href":"https:\/\/preiser.com\/fr-fr\/wp-json\/wp\/v2\/pages\/100737\/revisions\/100790"}],"up":[{"embeddable":true,"href":"https:\/\/preiser.com\/fr-fr\/wp-json\/wp\/v2\/pages\/100693"}],"wp:featuredmedia":[{"embeddable":true,"href":"https:\/\/preiser.com\/fr-fr\/wp-json\/wp\/v2\/media\/100789"}],"wp:attachment":[{"href":"https:\/\/preiser.com\/fr-fr\/wp-json\/wp\/v2\/media?parent=100737"}],"curies":[{"name":"wp","href":"https:\/\/api.w.org\/{rel}","templated":true}]}}