{"id":100750,"date":"2018-06-12T21:28:01","date_gmt":"2018-06-12T21:28:01","guid":{"rendered":"http:\/\/preiser.com\/?page_id=100750"},"modified":"2022-11-17T22:57:03","modified_gmt":"2022-11-17T22:57:03","slug":"fornos-de-secagem-a-ar","status":"publish","type":"page","link":"https:\/\/preiser.com\/pt-pt\/produtos\/preparao\/fornos-de-secagem-a-ar\/","title":{"rendered":"Fornos de secagem a ar"},"content":{"rendered":"<p>O forno de secagem a ar Preiser proporciona a secagem parcial do carv\u00e3o, levando-o a uma temperatura pr\u00f3xima \u00e0 temperatura ambiente antes de ser reduzido e dividido, de acordo com a norma ASTM D3302. O forno costuma ser usado para a secagem de amostras pelo m\u00e9todo de separa\u00e7\u00e3o em meio denso (\u201csink and float\u201d).<\/p>\n<ul>\n<li>Forno de convec\u00e7\u00e3o mec\u00e2nica grande e espa\u00e7oso com 6 prateleiras.<\/li>\n<li>Painel de controle com controle digital de temperatura de estado s\u00f3lido que mant\u00e9m a temperatura uniforme em todo o forno usando dois temporizadores eletr\u00f4nicos com intervalos de 24 horas para operar os elementos de aquecimento e o motor do ventilador.<\/li>\n<li>Faixa de temperatura de 0\u2013105&nbsp;\u00b0F (-17,78\u201340,56&nbsp;\u00b0C).<\/li>\n<li>Dimens\u00f5es: 78,5 pol. (A) x 35 pol. (L) x 29,5 pol. (P) (199,39&nbsp;cm x 88,90&nbsp;cm x 74,93&nbsp;cm); peso para transporte: 623&nbsp;lb. (282,59&nbsp;kg)<\/li>\n<\/ul>\n<table>\n<tbody>\n<tr>\n<th>N\u00ba cat.<\/th>\n<th>Descri\u00e7\u00e3o<\/th>\n<th>Tens\u00e3o\/fase\/Hz<\/th>\n<\/tr>\n<tr>\n<td>Z91-2290-81<\/td>\n<td>Forno de secagem a ar<\/td>\n<td>230&nbsp;V; monof\u00e1sico; 50&nbsp;Hz<\/td>\n<\/tr>\n<tr>\n<td>Z91-2290-82<\/td>\n<td>Forno de secagem a ar<\/td>\n<td>230&nbsp;V; monof\u00e1sico; 60&nbsp;Hz<\/td>\n<\/tr>\n<tr>\n<td>Z91-2290-83<\/td>\n<td>Forno de secagem a ar<\/td>\n<td>120&nbsp;V; monof\u00e1sico; 60&nbsp;Hz<\/td>\n<\/tr>\n<\/tbody>\n<\/table>\n","protected":false},"excerpt":{"rendered":"<p>O forno de secagem a ar Preiser proporciona a secagem parcial do carv\u00e3o, levando-o a uma temperatura pr\u00f3xima \u00e0 temperatura ambiente antes de ser reduzido e dividido, de acordo com a norma ASTM D3302. O forno costuma ser usado para a secagem de amostras pelo m\u00e9todo de separa\u00e7\u00e3o em meio denso (\u201csink and float\u201d). Forno [&hellip;]<\/p>\n","protected":false},"author":1,"featured_media":100893,"parent":100749,"menu_order":0,"comment_status":"closed","ping_status":"closed","template":"product.php","meta":{"_et_pb_use_builder":"","_et_pb_old_content":"","_et_gb_content_width":""},"acf":[],"_links":{"self":[{"href":"https:\/\/preiser.com\/pt-pt\/wp-json\/wp\/v2\/pages\/100750"}],"collection":[{"href":"https:\/\/preiser.com\/pt-pt\/wp-json\/wp\/v2\/pages"}],"about":[{"href":"https:\/\/preiser.com\/pt-pt\/wp-json\/wp\/v2\/types\/page"}],"author":[{"embeddable":true,"href":"https:\/\/preiser.com\/pt-pt\/wp-json\/wp\/v2\/users\/1"}],"replies":[{"embeddable":true,"href":"https:\/\/preiser.com\/pt-pt\/wp-json\/wp\/v2\/comments?post=100750"}],"version-history":[{"count":1,"href":"https:\/\/preiser.com\/pt-pt\/wp-json\/wp\/v2\/pages\/100750\/revisions"}],"predecessor-version":[{"id":100894,"href":"https:\/\/preiser.com\/pt-pt\/wp-json\/wp\/v2\/pages\/100750\/revisions\/100894"}],"up":[{"embeddable":true,"href":"https:\/\/preiser.com\/pt-pt\/wp-json\/wp\/v2\/pages\/100749"}],"wp:featuredmedia":[{"embeddable":true,"href":"https:\/\/preiser.com\/pt-pt\/wp-json\/wp\/v2\/media\/100893"}],"wp:attachment":[{"href":"https:\/\/preiser.com\/pt-pt\/wp-json\/wp\/v2\/media?parent=100750"}],"curies":[{"name":"wp","href":"https:\/\/api.w.org\/{rel}","templated":true}]}}