{"id":100757,"date":"2018-06-12T21:35:41","date_gmt":"2018-06-12T21:35:41","guid":{"rendered":"http:\/\/preiser.com\/?page_id=100757"},"modified":"2022-11-17T22:57:03","modified_gmt":"2022-11-17T22:57:03","slug":"trituradores-de-carvo","status":"publish","type":"page","link":"https:\/\/preiser.com\/pt-pt\/produtos\/preparao\/trituradores-de-carvo\/","title":{"rendered":"Trituradores de carv\u00e3o"},"content":{"rendered":"<h2>Triturador Holmes modelo 401XL<\/h2>\n<p>O triturador Holmes modelo 401XL tem uma capacidade de 4.000 lb. (1.815,37&nbsp;kg) por hora usando uma placa perfurada de 3\/8 pol. (0,95&nbsp;cm) de di\u00e2metro; 2.500 lb. (1.133,98&nbsp;kg) usando uma tela de 3\/16&nbsp;pol. (0,48&nbsp;cm) de di\u00e2metro. Recomendado para triturar materiais de 6 pol. (15,24&nbsp;cm) e menores at\u00e9 um tamanho de malha -4 (4.760&nbsp;\u03bc). Temos m\u00e1quinas para muitas especifica\u00e7\u00f5es el\u00e9tricas diferentes e para locais perigosos.<\/p>\n<ul>\n<li>A moega de alimenta\u00e7\u00e3o coberta com capacidade de 1,6 p\u00e9s c\u00fabicos (equivalente a 45,31 l) ou 70&nbsp;lb. (31,75&nbsp;kg) tem uma entrada de controle de alimenta\u00e7\u00e3o manual.<\/li>\n<li>Enfatizando a seguran\u00e7a na opera\u00e7\u00e3o, o sensor que detecta se a trava est\u00e1 aberta corta todo o abastecimento de energia e \u00e9 necess\u00e1rio acionar o bot\u00e3o de reset antes de reinicializar a m\u00e1quina.<\/li>\n<li>Os martelos de oscila\u00e7\u00e3o (martelos swing) do rotor e todas as placas de tela de 3\/16 pol. (0,48&nbsp;cm) de espessura s\u00e3o tratados termicamente e endurecidos.<\/li>\n<li>As perfura\u00e7\u00f5es das placas de tela s\u00e3o redondas. Os di\u00e2metros (em polegadas) dispon\u00edveis para as perfura\u00e7\u00f5es s\u00e3o 1\/8, 3\/16, 1\/4, 5\/16, 3\/8, 1\/2, 3\/4 e 1 (0,32, 0,48, 0,64, 0,79, 0,95, 1,27, 1,91, 2,54 cm). Duas placas de tela est\u00e3o inclu\u00eddas na compra, normalmente nos tamanhos 3\/16 (0,48 cm) e 3\/8 (0,95 cm), a menos que especificado em contr\u00e1rio separadamente no momento do pedido.<\/li>\n<li>A chave de partida magn\u00e9tica Nema-12 fornece um circuito de controle e prote\u00e7\u00e3o contra sobrecarga para o motor TEFC de 7,5&nbsp;HP (5,6 kW).<\/li>\n<li>A velocidade do rotor \u00e9 1.260&nbsp;rpm; com polias em \u201cV\u201d intercambi\u00e1veis, 2.360&nbsp;rpm.<\/li>\n<li>Dimens\u00f5es: 56 pol. (A) x 36 pol. (L) x 39,5 pol. (P) (142,24&nbsp;cm x 91,44&nbsp;cm x 100,33&nbsp;cm); peso para transporte: 1040&nbsp;lb. (471,74&nbsp;kg)<\/li>\n<\/ul>\n<table>\n<tbody>\n<tr>\n<th>N\u00ba cat.<\/th>\n<th>Descri\u00e7\u00e3o<\/th>\n<th>Tens\u00e3o\/fase\/Hz<\/th>\n<\/tr>\n<tr>\n<td>91-6830-01<\/td>\n<td>Triturador 401XL<\/td>\n<td>230&nbsp;V; trif\u00e1sico; 60&nbsp;Hz<\/td>\n<\/tr>\n<tr>\n<td>91-6830-02<\/td>\n<td>Triturador 401XL<\/td>\n<td>230&nbsp;V; monof\u00e1sico; 50&nbsp;Hz<\/td>\n<\/tr>\n<tr>\n<td>91-6830-05<\/td>\n<td>Triturador 401XL<\/td>\n<td>230&nbsp;V; monof\u00e1sico; 60&nbsp;Hz<\/td>\n<\/tr>\n<tr>\n<td>91-6830-07<\/td>\n<td>Triturador 401XL<\/td>\n<td>380&nbsp;V; trif\u00e1sico; 50&nbsp;Hz<\/td>\n<\/tr>\n<tr>\n<td>91-6830-15<\/td>\n<td>Triturador 401XL<\/td>\n<td>460&nbsp;V; trif\u00e1sico; 60&nbsp;Hz<\/td>\n<\/tr>\n<\/tbody>\n<\/table>\n<p class=\"footnote\"><strong>OBSERVA\u00c7\u00c3O:<\/strong> Dispon\u00edvel em outras tens\u00f5es<\/p>\n<p><strong>Placas de tela perfurada para o triturador 401XL<\/strong><\/p>\n<table>\n<tbody>\n<tr>\n<th>N\u00ba cat.<\/th>\n<th>Di\u00e2metro, polegadas<\/th>\n<\/tr>\n<tr>\n<td>91-6850-16<\/td>\n<td>Placa de tela de 1\/16&nbsp;pol. (0,16 cm)<\/td>\n<\/tr>\n<tr>\n<td>91-6850-19<\/td>\n<td>Placa de tela de 3\/32&nbsp;pol. (0,24 cm)<\/td>\n<\/tr>\n<tr>\n<td>91-6850-11<\/td>\n<td>Placa de tela de 1\/8&nbsp;pol. (0,32 cm)<\/td>\n<\/tr>\n<tr>\n<td>91-6850-12<\/td>\n<td>Placa de tela de 3\/16&nbsp;pol. (0,48 cm)<\/td>\n<\/tr>\n<tr>\n<td>91-6850-13<\/td>\n<td>Placa de tela de 1\/4&nbsp;pol. (0,64&nbsp;cm)<\/td>\n<\/tr>\n<tr>\n<td>91-6850-18<\/td>\n<td>Placa de tela de 5\/16&nbsp;pol. (0,80 cm)<\/td>\n<\/tr>\n<tr>\n<td>91-6850-14<\/td>\n<td>Placa de tela de 3\/8&nbsp;pol. (0,95 cm)<\/td>\n<\/tr>\n<tr>\n<td>91-6850-15<\/td>\n<td>Placa de tela de 1\/2&nbsp;pol. (1,27 cm)<\/td>\n<\/tr>\n<tr>\n<td>91-6850-17<\/td>\n<td>Placa de tela de 3\/4&nbsp;pol. (1,91 cm)<\/td>\n<\/tr>\n<tr>\n<td>91-6850-61<\/td>\n<td>Placa de tela de 1&nbsp;pol. (2,54 cm)<\/td>\n<\/tr>\n<\/tbody>\n<\/table>\n<div class=\"imagewrapper\">\n<div><img decoding=\"async\" loading=\"lazy\" src=\"https:\/\/preiser.com\/wp-content\/uploads\/crusher-201XL-600x600.jpg\" alt=\"\" width=\"600\" height=\"600\" class=\"alignnone size-medium wp-image-421\"><\/div>\n<p>91-6730-02 Triturador Holmes modelo 201XL<\/p>\n<\/div>\n<h2>Triturador Holmes modelo 201XL<\/h2>\n<p>O triturador Holmes modelo 201XL tem uma capacidade de 1.000 lb. (453,59&nbsp;kg) de carv\u00e3o por hora usando uma placa perfurada de 3\/16 pol. (0,48 cm) de di\u00e2metro; 500 lb. (226,80&nbsp;kg) usando uma tela de 1\/16&nbsp;pol. (0,16 cm) de di\u00e2metro. \u00c9 recomendado para triturar amostras de 2 pol. (5,08&nbsp;cm) e menores.<\/p>\n<ul>\n<li>A moega de alimenta\u00e7\u00e3o coberta com capacidade de 0,40 p\u00e9s c\u00fabicos (equivalente a 11,33 l) ou 20&nbsp;lb. (9,07&nbsp;kg) tem uma entrada de controle de alimenta\u00e7\u00e3o manual.<\/li>\n<li>Enfatizando a seguran\u00e7a na opera\u00e7\u00e3o, o sensor que detecta se a trava est\u00e1 aberta corta todo o abastecimento de energia e \u00e9 necess\u00e1rio acionar o bot\u00e3o de reset antes de reinicializar a m\u00e1quina.<\/li>\n<li>Os martelos de oscila\u00e7\u00e3o (martelos swing) do rotor e todas as placas de tela de 3\/16 pol. (0,48 cm) de espessura s\u00e3o tratados termicamente e endurecidos.<\/li>\n<li>Os conjuntos do rotor s\u00e3o revers\u00edveis (extremidade a extremidade) para m\u00e1xima vida \u00fatil do martelo.<\/li>\n<li>As perfura\u00e7\u00f5es das placas de tela s\u00e3o redondas. Os di\u00e2metros (em polegadas) dispon\u00edveis para as perfura\u00e7\u00f5es s\u00e3o 1\/16, 3\/32, 1\/8, 3\/16, 1\/4, 3\/8, 1\/2 e 3\/4  (0,16, 0,24, 0,32, 0,48, 0,64, 0,95, 1,27, 1,91 cm). Duas placas de tela est\u00e3o inclu\u00eddas na compra, normalmente nos tamanhos 1\/16 (0,16 cm) e 3\/16 (0,48 cm), a menos que especificado em contr\u00e1rio separadamente no momento do pedido.<\/li>\n<li>A chave de partida magn\u00e9tica Nema-12 fornece um circuito de controle e prote\u00e7\u00e3o contra sobrecarga de 120&nbsp;V para o motor TEFC de 2&nbsp;HP (1,5 kW).<\/li>\n<li>A velocidade do rotor \u00e9 3.450&nbsp;rpm; com polias em \u201cV\u201d intercambi\u00e1veis, 2.360&nbsp;rpm.<\/li>\n<li>Dimens\u00f5es: 43 pol. (A) x 25 pol. (L) x 28 pol. (P) (109,22&nbsp;cm x 63,50&nbsp;cm x 71,12&nbsp;cm); peso para transporte: 667&nbsp;lb. (302,55&nbsp;kg)<\/li>\n<\/ul>\n<table>\n<tbody>\n<tr>\n<th>N\u00ba cat.<\/th>\n<th>Descri\u00e7\u00e3o<\/th>\n<th>Tens\u00e3o\/fase\/Hz<\/th>\n<\/tr>\n<tr>\n<td>91-6730-01<\/td>\n<td>Triturador 201XL<\/td>\n<td>230&nbsp;V; trif\u00e1sico; 60&nbsp;Hz<\/td>\n<\/tr>\n<tr>\n<td>91-6730-02<\/td>\n<td>Triturador 201XL<\/td>\n<td>230&nbsp;V; monof\u00e1sico; 50&nbsp;Hz<\/td>\n<\/tr>\n<tr>\n<td>90-6730-03<\/td>\n<td>Triturador 201XL<\/td>\n<td>230&nbsp;V; monof\u00e1sico; 60&nbsp;Hz<\/td>\n<\/tr>\n<tr>\n<td>91-6730-09<\/td>\n<td>Triturador 201XL<\/td>\n<td>380&nbsp;V; trif\u00e1sico; 50&nbsp;Hz<\/td>\n<\/tr>\n<tr>\n<td>91-6730-10<\/td>\n<td>Triturador 201XL<\/td>\n<td>115&nbsp;V; monof\u00e1sico; 60&nbsp;Hz<\/td>\n<\/tr>\n<\/tbody>\n<\/table>\n<p class=\"footnote\"><strong>OBSERVA\u00c7\u00c3O:<\/strong> Dispon\u00edvel em outras tens\u00f5es<\/p>\n<p><strong>Placas de tela perfurada para o triturador 201XL<\/strong><\/p>\n<table>\n<tbody>\n<tr>\n<th>N\u00ba cat.<\/th>\n<th>Di\u00e2metro, polegadas<\/th>\n<\/tr>\n<tr>\n<td>91-6741-15<\/td>\n<td>Placa de tela de 1\/16&nbsp;pol. (0,16 cm)<\/td>\n<\/tr>\n<tr>\n<td>91-6741-20<\/td>\n<td>Placa de tela de 3\/32&nbsp;pol. (0,24 cm)<\/td>\n<\/tr>\n<tr>\n<td>91-6741-16<\/td>\n<td>Placa de tela de 1\/8&nbsp;pol. (0,32 cm)<\/td>\n<\/tr>\n<tr>\n<td>91-6741-17<\/td>\n<td>Placa de tela de 3\/16&nbsp;pol. (0,48 cm)<\/td>\n<\/tr>\n<tr>\n<td>91-6741-18<\/td>\n<td>Placa de tela de 1\/4&nbsp;pol. (0,64&nbsp;cm)<\/td>\n<\/tr>\n<tr>\n<td>91-6741-19<\/td>\n<td>Placa de tela de 3\/8&nbsp;pol. (0,95 cm)<\/td>\n<\/tr>\n<tr>\n<td>91-6741-21<\/td>\n<td>Placa de tela de 3\/64&nbsp;pol. (0,12 cm)<\/td>\n<\/tr>\n<tr>\n<td>91-6741-22<\/td>\n<td>Placa de tela de 1\/2&nbsp;pol. (1,27 cm)<\/td>\n<\/tr>\n<\/tbody>\n<\/table>\n","protected":false},"excerpt":{"rendered":"<p>Triturador Holmes modelo 401XL O triturador Holmes modelo 401XL tem uma capacidade de 4.000 lb. (1.815,37&nbsp;kg) por hora usando uma placa perfurada de 3\/8 pol. (0,95&nbsp;cm) de di\u00e2metro; 2.500 lb. (1.133,98&nbsp;kg) usando uma tela de 3\/16&nbsp;pol. (0,48&nbsp;cm) de di\u00e2metro. Recomendado para triturar materiais de 6 pol. (15,24&nbsp;cm) e menores at\u00e9 um tamanho de malha -4 [&hellip;]<\/p>\n","protected":false},"author":1,"featured_media":100895,"parent":100749,"menu_order":0,"comment_status":"closed","ping_status":"closed","template":"product.php","meta":{"_et_pb_use_builder":"","_et_pb_old_content":"","_et_gb_content_width":""},"acf":[],"_links":{"self":[{"href":"https:\/\/preiser.com\/pt-pt\/wp-json\/wp\/v2\/pages\/100757"}],"collection":[{"href":"https:\/\/preiser.com\/pt-pt\/wp-json\/wp\/v2\/pages"}],"about":[{"href":"https:\/\/preiser.com\/pt-pt\/wp-json\/wp\/v2\/types\/page"}],"author":[{"embeddable":true,"href":"https:\/\/preiser.com\/pt-pt\/wp-json\/wp\/v2\/users\/1"}],"replies":[{"embeddable":true,"href":"https:\/\/preiser.com\/pt-pt\/wp-json\/wp\/v2\/comments?post=100757"}],"version-history":[{"count":1,"href":"https:\/\/preiser.com\/pt-pt\/wp-json\/wp\/v2\/pages\/100757\/revisions"}],"predecessor-version":[{"id":100896,"href":"https:\/\/preiser.com\/pt-pt\/wp-json\/wp\/v2\/pages\/100757\/revisions\/100896"}],"up":[{"embeddable":true,"href":"https:\/\/preiser.com\/pt-pt\/wp-json\/wp\/v2\/pages\/100749"}],"wp:featuredmedia":[{"embeddable":true,"href":"https:\/\/preiser.com\/pt-pt\/wp-json\/wp\/v2\/media\/100895"}],"wp:attachment":[{"href":"https:\/\/preiser.com\/pt-pt\/wp-json\/wp\/v2\/media?parent=100757"}],"curies":[{"name":"wp","href":"https:\/\/api.w.org\/{rel}","templated":true}]}}