{"id":100761,"date":"2018-06-12T21:46:02","date_gmt":"2018-06-12T21:46:02","guid":{"rendered":"http:\/\/preiser.com\/?page_id=100761"},"modified":"2022-11-17T22:57:03","modified_gmt":"2022-11-17T22:57:03","slug":"pulverizadores-de-carvo","status":"publish","type":"page","link":"https:\/\/preiser.com\/pt-pt\/produtos\/preparao\/pulverizadores-de-carvo\/","title":{"rendered":"Pulverizadores de carv\u00e3o"},"content":{"rendered":"<h2>Pulverizador Holmes modelo 502XL<\/h2>\n<p>O pulverizador Holmes modelo 502XL tem capacidade de 400 gramas de carv\u00e3o por minuto usando uma tela com perfura\u00e7\u00f5es de 0,024&nbsp;pol. (0,06 cm) de di\u00e2metro e \u00e9 recomendado para pulverizar carv\u00e3o com malha -4 (4.760&nbsp;\u03bc) para malha -60 (250&nbsp;\u03bc). Este pulverizador est\u00e1 dispon\u00edvel com uma moega de alimenta\u00e7\u00e3o padr\u00e3o de 980 cent\u00edmetros c\u00fabicos (ilustrada) ou uma moega de alimenta\u00e7\u00e3o estendida de 2.950 cent\u00edmetros c\u00fabicos. O carv\u00e3o triturado \u00e9 coletado em um recipiente de amostra de 6.390 cent\u00edmetros c\u00fabicos. Motores e fia\u00e7\u00e3o para locais perigosos est\u00e3o dispon\u00edveis.<\/p>\n<ul>\n<li>O trinco de abertura r\u00e1pida proporciona f\u00e1cil acesso ao pulverizador e corta o fornecimento de energia para ambos os motores quando a porta \u00e9 aberta.<\/li>\n<li>O rotor de uma pe\u00e7a, com balanceamento din\u00e2mico, tem martelos duros e revestidos.<\/li>\n<li>Os di\u00e2metros (em polegadas) dispon\u00edveis para as perfura\u00e7\u00f5es das placas de tela s\u00e3o 0,020, 0,024, 0,033, 0,040, 0,0625 e 0,0937 (0,51, 0,61, 0,84, 1,02, 1,59, e 2,38 mm). Cinco placas inclusas na compra; os tamanhos devem ser especificados no momento do pedido. Elas podem ser selecionadas e sortidas conforme necess\u00e1rio.<\/li>\n<li>O trado de alimenta\u00e7\u00e3o \u00e9 acionado por correntes por um motor TENV de engrenagem fechado de 1\/8&nbsp;HP (93 W), 2,7&nbsp;A, 115&nbsp;V, monof\u00e1sico, CA. A velocidade do trado \u00e9 de aproximadamente 130&nbsp;rpm.<\/li>\n<li>O rotor \u00e9 acionado por correias por um motor de 1&nbsp;HP (746 W), TEFC. A velocidade \u00e9 de aproximadamente 8200&nbsp;rpm. A roda de 1,5 pol. (3,81 cm) da roldana poli-V aumenta a velocidade para aproximadamente 10.300&nbsp;rpm.<\/li>\n<li>Uma chave de partida Nema-12 fechada tem prote\u00e7\u00e3o contra sobrecarga para cada motor. O sensor de porta aberta corta todo o fornecimento de energia.<\/li>\n<li>O bot\u00e3o de seguran\u00e7a de parada r\u00e1pida manual pode cortar toda a energia a qualquer momento.<\/li>\n<li>Dimens\u00f5es: 23 pol. ou 26,5 pol. (A) x 19,5 pol. (L) x 27 pol. (P) (58,42&nbsp;cm ou 67,31&nbsp;cm x 49,53&nbsp;cm x 68,58 cm); peso para transporte: 295 lb. (133,81&nbsp;kg)<\/li>\n<\/ul>\n<table>\n<tbody>\n<tr>\n<th>N\u00ba cat.<\/th>\n<th>Descri\u00e7\u00e3o<\/th>\n<th>Moega<\/th>\n<th>Tens\u00e3o\/fase\/Hz<\/th>\n<\/tr>\n<tr>\n<td>91-7122-01<\/td>\n<td>Pulverizador 502XL<\/td>\n<td>Padr\u00e3o<\/td>\n<td>230&nbsp;V; monof\u00e1sico; 50&nbsp;Hz<\/td>\n<\/tr>\n<tr>\n<td>91-7122-02<\/td>\n<td>Pulverizador 502XL<\/td>\n<td>Padr\u00e3o<\/td>\n<td>230&nbsp;V; monof\u00e1sico; 60&nbsp;Hz<\/td>\n<\/tr>\n<tr>\n<td>91-7122-03<\/td>\n<td>Pulverizador 502XL<\/td>\n<td>Padr\u00e3o<\/td>\n<td>115&nbsp;V; monof\u00e1sico; 60&nbsp;Hz<\/td>\n<\/tr>\n<tr>\n<td>91-7122-05<\/td>\n<td>Pulverizador 502XL<\/td>\n<td>Estendido<\/td>\n<td>230&nbsp;V; monof\u00e1sico; 60&nbsp;Hz<\/td>\n<\/tr>\n<tr>\n<td>91-7122-04*<\/td>\n<td>Pulverizador 502XL-E<\/td>\n<td>Padr\u00e3o<\/td>\n<td>230&nbsp;V; monof\u00e1sico; 60&nbsp;Hz<\/td>\n<\/tr>\n<tr>\n<td>91-7122-08*<\/td>\n<td>Pulverizador 502XL-E<\/td>\n<td>Padr\u00e3o<\/td>\n<td>230&nbsp;V; monof\u00e1sico; 50&nbsp;Hz<\/td>\n<\/tr>\n<\/tbody>\n<\/table>\n<p class=\"footnote\">*Com motor <strong>\u00e0 prova de explos\u00e3o<\/strong><\/p>\n<p><strong>Sele\u00e7\u00e3o da placa de tela: Especifique os 5 tamanhos desejados no momento do pedido do pulverizador<\/strong><\/p>\n<table>\n<tbody>\n<tr>\n<th>N\u00ba cat.<\/th>\n<th>Descri\u00e7\u00e3o<\/th>\n<th>Malha<\/th>\n<\/tr>\n<tr>\n<td>91-7130-25<\/td>\n<td>Placa de tela<\/td>\n<td>0,024&nbsp;pol. (0,61 mm)\/malha 60 (250&nbsp;\u03bc)<\/td>\n<\/tr>\n<tr>\n<td>91-7130-26<\/td>\n<td>Placa de tela<\/td>\n<td>0,040&nbsp;pol. (1,02 mm)\/malha 30 (595&nbsp;\u03bc)<\/td>\n<\/tr>\n<tr>\n<td>91-7130-27<\/td>\n<td>Placa de tela<\/td>\n<td>0,033&nbsp;pol. (0,84 mm)\/malha 40 (400&nbsp;\u03bc)<\/td>\n<\/tr>\n<tr>\n<td>91-7130-28<\/td>\n<td>Placa de tela<\/td>\n<td>0,0625&nbsp;pol. (1,59 mm)\/malha 20 (841&nbsp;\u03bc)<\/td>\n<\/tr>\n<tr>\n<td>91-7130-30<\/td>\n<td>Placa de tela<\/td>\n<td>0,0937&nbsp;pol. (2,38 mm)\/malha 10 (2.000&nbsp;\u03bc)<\/td>\n<\/tr>\n<tr>\n<td>91-7130-31<\/td>\n<td>Placa de tela<\/td>\n<td>0,020&nbsp;pol. (0,51 mm)\/malha 80 (177&nbsp;\u03bc)<\/td>\n<\/tr>\n<\/tbody>\n<\/table>\n<div class=\"imagewrapper\">\n<div><img decoding=\"async\" loading=\"lazy\" src=\"https:\/\/preiser.com\/wp-content\/uploads\/pulverizer_500_DG-600x600.jpg\" alt=\"\" width=\"600\" height=\"600\" class=\"alignnone size-medium wp-image-444\"><\/div>\n<p>91-7120-01 Pulverizador Holmes modelo 500DG<\/p>\n<\/div>\n<h2>Pulverizador Holmes modelo 500DG<\/h2>\n<p>O pulverizador Holmes 500DG \u00e9 similar ao pulverizador Holmes modelo 502XL, mas o motor tem uma conex\u00e3o direta com o rotor, em vez de correia. As outras especifica\u00e7\u00f5es s\u00e3o as mesmas. Ele tem capacidade de 400 gramas de carv\u00e3o por minuto usando uma tela com perfura\u00e7\u00f5es de 0,024&nbsp;pol. (0,06 cm) de di\u00e2metro e \u00e9 recomendado para pulverizar carv\u00e3o com malha -4 (4.760&nbsp;\u03bc) para malha -60 (250&nbsp;\u03bc). Este pulverizador est\u00e1 dispon\u00edvel com uma moega de alimenta\u00e7\u00e3o padr\u00e3o de 980 cent\u00edmetros c\u00fabicos (ilustrada) ou uma moega de alimenta\u00e7\u00e3o estendida de 2.950 cent\u00edmetros c\u00fabicos por pedido especial. O carv\u00e3o triturado \u00e9 coletado em um recipiente de amostra de 6.390 cent\u00edmetros c\u00fabicos. Motores e fia\u00e7\u00e3o para locais perigosos est\u00e3o dispon\u00edveis.<\/p>\n<ul>\n<li>O trinco de abertura r\u00e1pida proporciona f\u00e1cil acesso ao pulverizador e corta o fornecimento de energia para ambos os motores quando a porta \u00e9 aberta.<\/li>\n<li>O rotor de uma pe\u00e7a, com balanceamento din\u00e2mico, tem martelos duros e revestidos.<\/li>\n<li>Os di\u00e2metros (em polegadas) dispon\u00edveis para as perfura\u00e7\u00f5es das placas de tela s\u00e3o 0,020, 0,024, 0,033, 0,040, 0,0625 e 0,0937 (0,51, 0,61, 0,84, 1,02, 1,59, e 2,38 mm). Cinco placas inclusas na compra; os tamanhos devem ser especificados no momento do pedido. Elas podem ser selecionadas e sortidas conforme necess\u00e1rio.<\/li>\n<li>O trado de alimenta\u00e7\u00e3o \u00e9 acionado por correntes por um motor TENV de engrenagem fechado de 1\/8&nbsp;HP (93 W), 2,7&nbsp;A, 115&nbsp;V, monof\u00e1sico, CA. A velocidade do trado \u00e9 de aproximadamente 130&nbsp;rpm.<\/li>\n<li>O rotor \u00e9 montado no eixo de um motor aberto de \u00edm\u00e3 permanente de 1&nbsp;HP (746 W), 115&nbsp;V, monof\u00e1sico, 60&nbsp;Hz, 12&nbsp;A. A velocidade \u00e9 de aproximadamente 10.000&nbsp;rpm.<\/li>\n<li>Uma chave de partida Nema-12 fechada tem prote\u00e7\u00e3o contra sobrecarga para cada motor. O sensor de porta aberta corta todo o fornecimento de energia at\u00e9 que o bot\u00e3o de reset (parada) seja acionado.<\/li>\n<li>O bot\u00e3o de seguran\u00e7a de parada r\u00e1pida manual pode cortar toda a energia a qualquer momento.<\/li>\n<li>Dimens\u00f5es: 25 pol. (A) x 19 pol. (L) x 20 pol. (P) (63,50&nbsp;cm x 48,26&nbsp;cm x 50,08&nbsp;cm); peso para transporte: 240 lb. (108,86&nbsp;kg)<\/li>\n<\/ul>\n<table>\n<tbody>\n<tr>\n<th>N\u00ba cat.<\/th>\n<th>Descri\u00e7\u00e3o<\/th>\n<th>Moega<\/th>\n<th>Tens\u00e3o\/fase\/Hz<\/th>\n<\/tr>\n<tr>\n<td>91-7120-01<\/td>\n<td>Pulverizador 500DG<\/td>\n<td>Padr\u00e3o<\/td>\n<td>115&nbsp;V; monof\u00e1sico; 56&nbsp;Hz<\/td>\n<\/tr>\n<tr>\n<td>91-7120-04<\/td>\n<td>Pulverizador 500DG-E<\/td>\n<td>Padr\u00e3o<\/td>\n<td>220&nbsp;V; monof\u00e1sico; 50&nbsp;Hz<\/td>\n<\/tr>\n<tr>\n<td>91-7120-08<\/td>\n<td>Pulverizador 500DG-E<\/td>\n<td>Padr\u00e3o<\/td>\n<td>230&nbsp;V; monof\u00e1sico; 60&nbsp;Hz<\/td>\n<\/tr>\n<\/tbody>\n<\/table>\n<p><strong>Sele\u00e7\u00e3o da placa de tela: Especifique os 5 tamanhos desejados no momento do pedido do pulverizador<\/strong><\/p>\n<table>\n<tbody>\n<tr>\n<th>N\u00ba cat.<\/th>\n<th>Descri\u00e7\u00e3o<\/th>\n<th>Malha<\/th>\n<\/tr>\n<tr>\n<td>91-7130-25<\/td>\n<td>Placa de tela<\/td>\n<td>0,024&nbsp;pol. (0,61 mm)\/malha 60 (250&nbsp;\u03bc)<\/td>\n<\/tr>\n<tr>\n<td>91-7130-26<\/td>\n<td>Placa de tela<\/td>\n<td>0,040&nbsp;pol. (1,02 mm)\/malha 30 (595&nbsp;\u03bc)<\/td>\n<\/tr>\n<tr>\n<td>91-7130-27<\/td>\n<td>Placa de tela<\/td>\n<td>0,033&nbsp;pol. (0,84 mm)\/malha 40 (400&nbsp;\u03bc)<\/td>\n<\/tr>\n<tr>\n<td>91-7130-28<\/td>\n<td>Placa de tela<\/td>\n<td>0,0625&nbsp;pol. (1,59 mm)\/malha 20 (841&nbsp;\u03bc)<\/td>\n<\/tr>\n<tr>\n<td>91-7130-30<\/td>\n<td>Placa de tela<\/td>\n<td>0,0937&nbsp;pol. (2,38 mm)\/malha 10 (2.000&nbsp;\u03bc)<\/td>\n<\/tr>\n<tr>\n<td>91-7130-31<\/td>\n<td>Placa de tela<\/td>\n<td>0,020&nbsp;pol. (0,51 mm)\/malha 80 (177&nbsp;\u03bc)<\/td>\n<\/tr>\n<\/tbody>\n<\/table>\n<h2>Pulverizador vibrat\u00f3rio<\/h2>\n<p>Incorpora uma cuba, an\u00e9is de cobertura e um disco, que proporcionam uma moagem eficiente de carv\u00e3o e outras amostras minerais. Este pulverizador vibrat\u00f3rio (moinho de an\u00e9is) usa 2 an\u00e9is e um disco dentro de uma cuba de moagem de 250&nbsp;ml e 8&nbsp;pol. (20,32&nbsp;cm) de di\u00e2metro. Um motor especialmente projetado, acoplado diretamente a um exc\u00eantrico rotativo, oscila a cuba e o conte\u00fado a uma velocidade e dist\u00e2ncia precisas para uma efici\u00eancia m\u00e1xima de moagem, reduzindo assim rapidamente amostras \u00famidas ou secas a uma malha final de 400+ (37+&nbsp;\u03bc). Todos os componentes est\u00e3o alojados em um gabinete de ch\u00e3o isolado com uma tampa de seguran\u00e7a para reduzir o ru\u00eddo operacional. Completo com interruptor de partida, motor de 1&nbsp;HP (746 W) e temporizador.<\/p>\n<p>Dimens\u00f5es para transporte: 39 pol. (C) x 36 pol. (L) x 50 pol. (A) (99,06&nbsp;cm x 91,44&nbsp;cm x 127,00&nbsp;cm). Peso para transporte 667 lb. (302,55&nbsp;kg)<\/p>\n<table>\n<tbody>\n<tr>\n<th>N\u00ba cat.<\/th>\n<th>Descri\u00e7\u00e3o<\/th>\n<th>Tens\u00e3o\/fase\/Hz<\/th>\n<\/tr>\n<tr>\n<td>91-6508-01<\/td>\n<td>Pulverizador vibrat\u00f3rio<\/td>\n<td>220&nbsp;V; trif\u00e1sico; 60&nbsp;Hz<\/td>\n<\/tr>\n<tr>\n<td>91-6508-02<\/td>\n<td>Pulverizador vibrat\u00f3rio<\/td>\n<td>220&nbsp;V; monof\u00e1sico; 60&nbsp;Hz<\/td>\n<\/tr>\n<tr>\n<td>91-6508-08<\/td>\n<td>Pulverizador vibrat\u00f3rio<\/td>\n<td>220&nbsp;V; trif\u00e1sico; 50&nbsp;Hz<\/td>\n<\/tr>\n<\/tbody>\n<\/table>\n<p><strong>Pe\u00e7as de reposi\u00e7\u00e3o<\/strong><\/p>\n<table>\n<tbody>\n<tr>\n<th>N\u00ba cat.<\/th>\n<th>Descri\u00e7\u00e3o<\/th>\n<\/tr>\n<tr>\n<td>91-6508-04<\/td>\n<td>Conjunto de moagem de liga de cromo \u2013 250&nbsp;ml<\/td>\n<\/tr>\n<tr>\n<td>91-6508-05<\/td>\n<td>Conjunto de moagem de carbeto de tungst\u00eanio \u2013 100&nbsp;g<\/td>\n<\/tr>\n<tr>\n<td>91-6508-06<\/td>\n<td>Cuba de moagem em liga de cromo c\/ tampa \u2013 250&nbsp;ml<\/td>\n<\/tr>\n<tr>\n<td>91-6508-07<\/td>\n<td>Conjunto de moagem de liga de cromo \u2013 100&nbsp;g<\/td>\n<\/tr>\n<tr>\n<td>91-6508-09<\/td>\n<td>Adaptador para cuba de 100&nbsp;g (necess\u00e1rio para uso com 91-6508-07)<\/td>\n<\/tr>\n<\/tbody>\n<\/table>\n","protected":false},"excerpt":{"rendered":"<p>Pulverizador Holmes modelo 502XL O pulverizador Holmes modelo 502XL tem capacidade de 400 gramas de carv\u00e3o por minuto usando uma tela com perfura\u00e7\u00f5es de 0,024&nbsp;pol. (0,06 cm) de di\u00e2metro e \u00e9 recomendado para pulverizar carv\u00e3o com malha -4 (4.760&nbsp;\u03bc) para malha -60 (250&nbsp;\u03bc). Este pulverizador est\u00e1 dispon\u00edvel com uma moega de alimenta\u00e7\u00e3o padr\u00e3o de 980 [&hellip;]<\/p>\n","protected":false},"author":1,"featured_media":100897,"parent":100749,"menu_order":0,"comment_status":"closed","ping_status":"closed","template":"product.php","meta":{"_et_pb_use_builder":"","_et_pb_old_content":"","_et_gb_content_width":""},"acf":[],"_links":{"self":[{"href":"https:\/\/preiser.com\/pt-pt\/wp-json\/wp\/v2\/pages\/100761"}],"collection":[{"href":"https:\/\/preiser.com\/pt-pt\/wp-json\/wp\/v2\/pages"}],"about":[{"href":"https:\/\/preiser.com\/pt-pt\/wp-json\/wp\/v2\/types\/page"}],"author":[{"embeddable":true,"href":"https:\/\/preiser.com\/pt-pt\/wp-json\/wp\/v2\/users\/1"}],"replies":[{"embeddable":true,"href":"https:\/\/preiser.com\/pt-pt\/wp-json\/wp\/v2\/comments?post=100761"}],"version-history":[{"count":1,"href":"https:\/\/preiser.com\/pt-pt\/wp-json\/wp\/v2\/pages\/100761\/revisions"}],"predecessor-version":[{"id":100898,"href":"https:\/\/preiser.com\/pt-pt\/wp-json\/wp\/v2\/pages\/100761\/revisions\/100898"}],"up":[{"embeddable":true,"href":"https:\/\/preiser.com\/pt-pt\/wp-json\/wp\/v2\/pages\/100749"}],"wp:featuredmedia":[{"embeddable":true,"href":"https:\/\/preiser.com\/pt-pt\/wp-json\/wp\/v2\/media\/100897"}],"wp:attachment":[{"href":"https:\/\/preiser.com\/pt-pt\/wp-json\/wp\/v2\/media?parent=100761"}],"curies":[{"name":"wp","href":"https:\/\/api.w.org\/{rel}","templated":true}]}}