{"id":100765,"date":"2018-06-12T21:48:05","date_gmt":"2018-06-12T21:48:05","guid":{"rendered":"http:\/\/preiser.com\/?page_id=100765"},"modified":"2022-11-17T22:57:03","modified_gmt":"2022-11-17T22:57:03","slug":"trituradores-de-mandbula","status":"publish","type":"page","link":"https:\/\/preiser.com\/pt-pt\/produtos\/preparao\/trituradores-de-mandbula\/","title":{"rendered":"Trituradores de mand\u00edbula"},"content":{"rendered":"<p>O triturador de mand\u00edbula Badger conta com uma moega de alimenta\u00e7\u00e3o de 5 x 7 pol. (12,70&nbsp;cm x 17,78&nbsp;cm), motor de 5&nbsp;HP (3,7 kW) e prote\u00e7\u00f5es de seguran\u00e7a; reduz com efici\u00eancia carv\u00e3o, calc\u00e1rio e rocha, ou qualquer material seco e fri\u00e1vel, a um tamanho de 1\/16&nbsp;pol. a 3\/4 pol. (0,16 cm a 1,91 cm). A excepcional capacidade de moagem de 1.300&nbsp;lb. (589,67&nbsp;kg) por hora com m\u00ednimo consumo de energia \u00e9 obtida pelo exclusivo movimento da mand\u00edbula m\u00f3vel, proporcionando m\u00e1xima produ\u00e7\u00e3o no laborat\u00f3rio.<\/p>\n<ul>\n<li>Design robusto para absorver os choques e impactos do uso constante.<\/li>\n<li>F\u00e1cil acesso a todas as pe\u00e7as para uma r\u00e1pida limpeza e manuten\u00e7\u00e3o.<\/li>\n<li>Novo design de montagem do motor economiza espa\u00e7o.<\/li>\n<li>Estrutura principal de a\u00e7o fabricada para trabalhos pesados.<\/li>\n<li>Placas de mand\u00edbula revers\u00edveis tratadas termicamente<\/li>\n<li>Dimens\u00f5es: 42 pol. (A) x 36 pol. (L) x 43 pol. (P) (106,68&nbsp;cm x 91,44&nbsp;cm x 109,22&nbsp;cm); peso para transporte: 782&nbsp;lb. (354,71&nbsp;kg)<\/li>\n<\/ul>\n<table>\n<tbody>\n<tr>\n<th>N\u00ba cat.<\/th>\n<th>Descri\u00e7\u00e3o<\/th>\n<th>Tens\u00e3o\/fase\/Hz<\/th>\n<\/tr>\n<tr>\n<td>91-6509-01<\/td>\n<td>Triturador de mand\u00edbula Badger<\/td>\n<td>110\/220&nbsp;V; monof\u00e1sico; 50\/60&nbsp;Hz<\/td>\n<\/tr>\n<tr>\n<td>91-6509-02<\/td>\n<td>Triturador de mand\u00edbula Badger<\/td>\n<td>220\/440&nbsp;V, trif\u00e1sico; 50\/60&nbsp;Hz<\/td>\n<\/tr>\n<\/tbody>\n<\/table>\n","protected":false},"excerpt":{"rendered":"<p>O triturador de mand\u00edbula Badger conta com uma moega de alimenta\u00e7\u00e3o de 5 x 7 pol. (12,70&nbsp;cm x 17,78&nbsp;cm), motor de 5&nbsp;HP (3,7 kW) e prote\u00e7\u00f5es de seguran\u00e7a; reduz com efici\u00eancia carv\u00e3o, calc\u00e1rio e rocha, ou qualquer material seco e fri\u00e1vel, a um tamanho de 1\/16&nbsp;pol. a 3\/4 pol. (0,16 cm a 1,91 cm). A [&hellip;]<\/p>\n","protected":false},"author":1,"featured_media":100899,"parent":100749,"menu_order":0,"comment_status":"closed","ping_status":"closed","template":"product.php","meta":{"_et_pb_use_builder":"","_et_pb_old_content":"","_et_gb_content_width":""},"acf":[],"_links":{"self":[{"href":"https:\/\/preiser.com\/pt-pt\/wp-json\/wp\/v2\/pages\/100765"}],"collection":[{"href":"https:\/\/preiser.com\/pt-pt\/wp-json\/wp\/v2\/pages"}],"about":[{"href":"https:\/\/preiser.com\/pt-pt\/wp-json\/wp\/v2\/types\/page"}],"author":[{"embeddable":true,"href":"https:\/\/preiser.com\/pt-pt\/wp-json\/wp\/v2\/users\/1"}],"replies":[{"embeddable":true,"href":"https:\/\/preiser.com\/pt-pt\/wp-json\/wp\/v2\/comments?post=100765"}],"version-history":[{"count":1,"href":"https:\/\/preiser.com\/pt-pt\/wp-json\/wp\/v2\/pages\/100765\/revisions"}],"predecessor-version":[{"id":100901,"href":"https:\/\/preiser.com\/pt-pt\/wp-json\/wp\/v2\/pages\/100765\/revisions\/100901"}],"up":[{"embeddable":true,"href":"https:\/\/preiser.com\/pt-pt\/wp-json\/wp\/v2\/pages\/100749"}],"wp:featuredmedia":[{"embeddable":true,"href":"https:\/\/preiser.com\/pt-pt\/wp-json\/wp\/v2\/media\/100899"}],"wp:attachment":[{"href":"https:\/\/preiser.com\/pt-pt\/wp-json\/wp\/v2\/media?parent=100765"}],"curies":[{"name":"wp","href":"https:\/\/api.w.org\/{rel}","templated":true}]}}