{"id":100776,"date":"2018-06-12T21:50:24","date_gmt":"2018-06-12T21:50:24","guid":{"rendered":"http:\/\/preiser.com\/?page_id=100776"},"modified":"2022-11-17T22:57:19","modified_gmt":"2022-11-17T22:57:19","slug":"divisores-rotativos-de-amostras","status":"publish","type":"page","link":"https:\/\/preiser.com\/pt-pt\/produtos\/separao\/divisores-rotativos-de-amostras\/","title":{"rendered":"Divisores rotativos de amostras"},"content":{"rendered":"<p>O divisor rotativo de amostras (RSD) Preiser proporciona uma subdivis\u00e3o r\u00e1pida e precisa de carv\u00e3o, minerais, cinzas e outras amostras granulares. O RSD pode ser configurado para taxa de transfer\u00eancia, tamanho m\u00e1ximo da amostra e coeficiente de divis\u00e3o. Pode ser usado para homogeneizar amostras antes da subdivis\u00e3o mediante o processamento da amostra v\u00e1rias vezes no RSD.<\/p>\n<ul>\n<li>Todas as pe\u00e7as em contato com a amostra, como a moega, a bandeja vibrat\u00f3ria de alimenta\u00e7\u00e3o, as tampas em \u201cU\u201d, os segmentos divisores e as bandejas de transbordamento s\u00e3o fabricadas em a\u00e7o inoxid\u00e1vel.<\/li>\n<li>Pode ser usado para produzir de 1 a 16 divis\u00f5es da amostra em v\u00e1rias combina\u00e7\u00f5es. *Selecione os segmentos de divis\u00e3o com base no tamanho m\u00e1ximo nominal, na capacidade e no coeficiente de divis\u00e3o da amostra. Os segmentos podem produzir divis\u00f5es de 1\/16, 1\/8 e 1\/4.<\/li>\n<li>A moega tem 1,8 p\u00e9s c\u00fabicos (51 litros) com uma entrada de 4 pol. x 6 pol. (10,16&nbsp;cm x 15,24&nbsp;cm) para permitir divis\u00f5es precisas das amostras at\u00e9 um tamanho m\u00e1ximo de 1-1\/3 pol. (3,39&nbsp;cm).<\/li>\n<li>A taxa de alimenta\u00e7\u00e3o \u00e9 ajust\u00e1vel para permitir maior n\u00edvel de precis\u00e3o de amostragem.<\/li>\n<li>A se\u00e7\u00e3o de alimenta\u00e7\u00e3o da moega pode ser usada separadamente para alimentar pequenos trituradores de mand\u00edbula e pulverizadores.<\/li>\n<li>As tampas em \u201cU\u201d funcionam como cortadores do fluxo da amostra e evitam perda de amostra. O n\u00famero de tampas deve ser igual ao n\u00famero de segmentos divisores.<\/li>\n<li>Dimens\u00f5es: 55 pol. (A) x 52 pol. (L) x 50 pol. (P) (139,70&nbsp;cm x 132,08&nbsp;cm x 127,00&nbsp;cm); peso para transporte: 650 lb. (294,84&nbsp;kg)<\/li>\n<\/ul>\n<table>\n<tbody>\n<tr>\n<th>N\u00ba cat.<\/th>\n<th>Descri\u00e7\u00e3o<\/th>\n<th>Tens\u00e3o\/fase\/Hz<\/th>\n<\/tr>\n<tr>\n<td>FRS-440748A-01<\/td>\n<td>Divisor rotativo de amostras<\/td>\n<td>230&nbsp;V; monof\u00e1sico; 60&nbsp;Hz<\/td>\n<\/tr>\n<tr>\n<td>FRS-440749A<\/td>\n<td>Divisor rotativo de amostras<\/td>\n<td>230&nbsp;V; monof\u00e1sico; 50&nbsp;Hz<\/td>\n<\/tr>\n<tr>\n<td>FRS-440750A<\/td>\n<td>Divisor rotativo de amostras<\/td>\n<td>115&nbsp;V; monof\u00e1sico; 60&nbsp;Hz<\/td>\n<\/tr>\n<\/tbody>\n<\/table>\n<p><strong>*Selecione segmentos divisores e tampas desejados ao fazer o pedido<\/strong><\/p>\n<table>\n<tbody>\n<tr>\n<th>N\u00ba cat.<\/th>\n<th>Descri\u00e7\u00e3o<\/th>\n<\/tr>\n<tr>\n<td>FRS-440761B<\/td>\n<td>Segmento divisor, tamanho 1\/4 (12 litros)<\/td>\n<\/tr>\n<tr>\n<td>FRS-440762B<\/td>\n<td>Segmento divisor, tamanho 1\/8 (6 litros)<\/td>\n<\/tr>\n<tr>\n<td>FRS-440763B<\/td>\n<td>Segmento divisor, tamanho 1\/16 (3 litros)<\/td>\n<\/tr>\n<tr>\n<td>FRS-440765B<\/td>\n<td>Clipe de conex\u00e3o para tampa em U<\/td>\n<\/tr>\n<tr>\n<td>FRS-440769B<\/td>\n<td>Bandeja de transbordamento, 25 pol. x 18 pol. x 7 pol. (63,50&nbsp;cm x 45,72&nbsp;cm x 17,78&nbsp;cm); 25 litros<\/td>\n<\/tr>\n<\/tbody>\n<\/table>\n","protected":false},"excerpt":{"rendered":"<p>O divisor rotativo de amostras (RSD) Preiser proporciona uma subdivis\u00e3o r\u00e1pida e precisa de carv\u00e3o, minerais, cinzas e outras amostras granulares. O RSD pode ser configurado para taxa de transfer\u00eancia, tamanho m\u00e1ximo da amostra e coeficiente de divis\u00e3o. Pode ser usado para homogeneizar amostras antes da subdivis\u00e3o mediante o processamento da amostra v\u00e1rias vezes no [&hellip;]<\/p>\n","protected":false},"author":1,"featured_media":100904,"parent":100769,"menu_order":0,"comment_status":"closed","ping_status":"closed","template":"product.php","meta":{"_et_pb_use_builder":"","_et_pb_old_content":"","_et_gb_content_width":""},"acf":[],"_links":{"self":[{"href":"https:\/\/preiser.com\/pt-pt\/wp-json\/wp\/v2\/pages\/100776"}],"collection":[{"href":"https:\/\/preiser.com\/pt-pt\/wp-json\/wp\/v2\/pages"}],"about":[{"href":"https:\/\/preiser.com\/pt-pt\/wp-json\/wp\/v2\/types\/page"}],"author":[{"embeddable":true,"href":"https:\/\/preiser.com\/pt-pt\/wp-json\/wp\/v2\/users\/1"}],"replies":[{"embeddable":true,"href":"https:\/\/preiser.com\/pt-pt\/wp-json\/wp\/v2\/comments?post=100776"}],"version-history":[{"count":1,"href":"https:\/\/preiser.com\/pt-pt\/wp-json\/wp\/v2\/pages\/100776\/revisions"}],"predecessor-version":[{"id":100905,"href":"https:\/\/preiser.com\/pt-pt\/wp-json\/wp\/v2\/pages\/100776\/revisions\/100905"}],"up":[{"embeddable":true,"href":"https:\/\/preiser.com\/pt-pt\/wp-json\/wp\/v2\/pages\/100769"}],"wp:featuredmedia":[{"embeddable":true,"href":"https:\/\/preiser.com\/pt-pt\/wp-json\/wp\/v2\/media\/100904"}],"wp:attachment":[{"href":"https:\/\/preiser.com\/pt-pt\/wp-json\/wp\/v2\/media?parent=100776"}],"curies":[{"name":"wp","href":"https:\/\/api.w.org\/{rel}","templated":true}]}}