{"id":100781,"date":"2018-06-12T21:52:41","date_gmt":"2018-06-12T21:52:41","guid":{"rendered":"http:\/\/preiser.com\/?page_id=100781"},"modified":"2022-11-17T22:57:20","modified_gmt":"2022-11-17T22:57:20","slug":"mquinas-de-corte-de-amostras","status":"publish","type":"page","link":"https:\/\/preiser.com\/pt-pt\/produtos\/separao\/mquinas-de-corte-de-amostras\/","title":{"rendered":"M\u00e1quinas de corte de amostras"},"content":{"rendered":"<p>A m\u00e1quina de corte de amostras Holmes modelo 1400 recebe a amostra triturada de um triturador Holmes modelo 401XL. A correia transportadora descarrega a amostra ao longo de um cortador oscilante de a\u00e7o inoxid\u00e1vel. A largura do cortador \u00e9 de 1-1\/4 pol. (3,18&nbsp;cm) ou pode ser ajustada para atender aos requisitos do cliente. A velocidade do cortador \u00e9 de 12 pol. (30,48&nbsp;cm) por segundo, com opcional de 6&nbsp;pol. (15,24&nbsp;cm) por segundo. A velocidade da correia \u00e9 de 100 p\u00e9s (30,48&nbsp;m) por segundo. O ciclo cont\u00ednuo ou intermitente temporizado do cortador \u00e9 selecionado no painel de controle.<\/p>\n<ul>\n<li>Projetado para se conectar ao triturador 401XL<\/li>\n<li>Fabricado em a\u00e7o pintado<\/li>\n<li>Inclui dois recipientes para amostra com capacidade de 1.375 polegadas c\u00fabicas (22,53 l) cada<\/li>\n<li>A capacidade \u00e9 de 4.000&nbsp;lb. (1.814,37&nbsp;kg) por hora<\/li>\n<li>A opera\u00e7\u00e3o de separa\u00e7\u00e3o \u00e9 cont\u00ednua ou intermitente, controlada atrav\u00e9s de um seletor de 0\u2013150 segundos.<\/li>\n<li>Oferece sele\u00e7\u00e3o de amostra indiscriminada do triturador para testes adicionais<\/li>\n<li>Dimens\u00f5es: 62 pol. (A) x 35 pol. (L) x 86 pol. (P) (157,48&nbsp;cm x 88,90&nbsp;cm x 218,44&nbsp;cm); peso para transporte: 2.500&nbsp;lb. (1.133,98&nbsp;kg)<\/li>\n<\/ul>\n<table>\n<tbody>\n<tr>\n<th>N\u00ba cat.<\/th>\n<th>Descri\u00e7\u00e3o<\/th>\n<th>Tens\u00e3o\/fase\/Hz<\/th>\n<\/tr>\n<tr>\n<td>91-8400-01<\/td>\n<td>M\u00e1quina de corte de amostras<\/td>\n<td>230&nbsp;V; trif\u00e1sico; 60&nbsp;Hz<\/td>\n<\/tr>\n<tr>\n<td>91-8400-03<\/td>\n<td>M\u00e1quina de corte de amostras<\/td>\n<td>380&nbsp;V; trif\u00e1sico; 50&nbsp;Hz<\/td>\n<\/tr>\n<tr>\n<td>91-8400-05<\/td>\n<td>M\u00e1quina de corte de amostras<\/td>\n<td>460&nbsp;V; trif\u00e1sico; 60&nbsp;Hz<\/td>\n<\/tr>\n<\/tbody>\n<\/table>\n","protected":false},"excerpt":{"rendered":"<p>A m\u00e1quina de corte de amostras Holmes modelo 1400 recebe a amostra triturada de um triturador Holmes modelo 401XL. A correia transportadora descarrega a amostra ao longo de um cortador oscilante de a\u00e7o inoxid\u00e1vel. A largura do cortador \u00e9 de 1-1\/4 pol. (3,18&nbsp;cm) ou pode ser ajustada para atender aos requisitos do cliente. A velocidade [&hellip;]<\/p>\n","protected":false},"author":1,"featured_media":100906,"parent":100769,"menu_order":0,"comment_status":"closed","ping_status":"closed","template":"product.php","meta":{"_et_pb_use_builder":"","_et_pb_old_content":"","_et_gb_content_width":""},"acf":[],"_links":{"self":[{"href":"https:\/\/preiser.com\/pt-pt\/wp-json\/wp\/v2\/pages\/100781"}],"collection":[{"href":"https:\/\/preiser.com\/pt-pt\/wp-json\/wp\/v2\/pages"}],"about":[{"href":"https:\/\/preiser.com\/pt-pt\/wp-json\/wp\/v2\/types\/page"}],"author":[{"embeddable":true,"href":"https:\/\/preiser.com\/pt-pt\/wp-json\/wp\/v2\/users\/1"}],"replies":[{"embeddable":true,"href":"https:\/\/preiser.com\/pt-pt\/wp-json\/wp\/v2\/comments?post=100781"}],"version-history":[{"count":1,"href":"https:\/\/preiser.com\/pt-pt\/wp-json\/wp\/v2\/pages\/100781\/revisions"}],"predecessor-version":[{"id":100907,"href":"https:\/\/preiser.com\/pt-pt\/wp-json\/wp\/v2\/pages\/100781\/revisions\/100907"}],"up":[{"embeddable":true,"href":"https:\/\/preiser.com\/pt-pt\/wp-json\/wp\/v2\/pages\/100769"}],"wp:featuredmedia":[{"embeddable":true,"href":"https:\/\/preiser.com\/pt-pt\/wp-json\/wp\/v2\/media\/100906"}],"wp:attachment":[{"href":"https:\/\/preiser.com\/pt-pt\/wp-json\/wp\/v2\/media?parent=100781"}],"curies":[{"name":"wp","href":"https:\/\/api.w.org\/{rel}","templated":true}]}}