{"id":100785,"date":"2018-06-12T21:57:30","date_gmt":"2018-06-12T21:57:30","guid":{"rendered":"http:\/\/preiser.com\/?page_id=100785"},"modified":"2022-11-17T22:57:20","modified_gmt":"2022-11-17T22:57:20","slug":"misturadores-rotativos-de-amostras","status":"publish","type":"page","link":"https:\/\/preiser.com\/pt-pt\/produtos\/separao\/misturadores-rotativos-de-amostras\/","title":{"rendered":"Misturadores rotativos de amostras"},"content":{"rendered":"<h2>Maxi-misturador rotativo Preiser<\/h2>\n<p>O maxi-misturador rotativo Preiser comporta at\u00e9 14 amostras. Simplesmente coloque o carv\u00e3o pulverizado nos frascos para amostras de carv\u00e3o, insira os frascos nos suportes do misturador e inicie a rota\u00e7\u00e3o at\u00e9 que a amostra esteja completamente homogeneizada.<\/p>\n<ul>\n<li>O misturador rotativo tem um motor de acionamento direto de \u00bc&nbsp;HP (186 W) a 30&nbsp;rpm<\/li>\n<li>14 frascos de vidro para amostras de carv\u00e3o de 8 oz (236,59 ml) 90-2587-01 inclusos<\/li>\n<li>O acess\u00f3rio 91-8515-02 Estrelas (\u201cjack rocks\u201d) proporciona uma homogeneiza\u00e7\u00e3o r\u00e1pida e eficiente de amostras de carv\u00e3o<\/li>\n<li>O acess\u00f3rio de revestimento dos copos do misturador rotativo protege os frascos e impede riscos<\/li>\n<li>Acess\u00f3rios funil de enchimento de a\u00e7o inoxid\u00e1vel e suporte para uso com frascos de amostra de carv\u00e3o<\/li>\n<li>Suporte para parede<\/li>\n<li>Dimens\u00f5es: 32 pol. (A) x 32 pol. (L) x 32 pol. (P) (81,28&nbsp;cm x 81,28&nbsp;cm x 81,28&nbsp;cm); peso: 150&nbsp;lb. (68,04&nbsp;kg)<\/li>\n<\/ul>\n<table>\n<tbody>\n<tr>\n<th>N\u00ba cat.<\/th>\n<th>Descri\u00e7\u00e3o<\/th>\n<th>Tens\u00e3o\/fase\/Hz<\/th>\n<\/tr>\n<tr>\n<td>Z91-8500-01<\/td>\n<td>Misturador rotativo de amostras<\/td>\n<td>115&nbsp;V; monof\u00e1sico; 60&nbsp;Hz<\/td>\n<\/tr>\n<tr>\n<td>Z91-8500-03<\/td>\n<td>Misturador rotativo de amostras<\/td>\n<td>230&nbsp;V; monof\u00e1sico; 50&nbsp;Hz<\/td>\n<\/tr>\n<tr>\n<td>Z91-8500-07<\/td>\n<td>Misturador rotativo de amostras<\/td>\n<td>230&nbsp;V; monof\u00e1sico; 60&nbsp;Hz<\/td>\n<\/tr>\n<\/tbody>\n<\/table>\n<p><strong>Acess\u00f3rios e pe\u00e7as opcionais<\/strong><\/p>\n<table>\n<tbody>\n<tr>\n<th>N\u00ba cat.<\/th>\n<th>Descri\u00e7\u00e3o<\/th>\n<\/tr>\n<tr>\n<td>90-2587-01<\/td>\n<td>Frasco de vidro para amostras de carv\u00e3o \u2013 8&nbsp;oz (236,59 ml)<\/td>\n<\/tr>\n<tr>\n<td>90-2587-01P<\/td>\n<td>Frasco de pl\u00e1stico para amostras de carv\u00e3o \u2013 8&nbsp;oz (236,59 ml)<\/td>\n<\/tr>\n<tr>\n<td>Z91-8500-12<\/td>\n<td>Revestimento para copos do misturador rotativo<\/td>\n<\/tr>\n<tr>\n<td>91-8515-02<\/td>\n<td>Estrelas (\u201cjack rocks\u201d), 500\/pct.<\/td>\n<\/tr>\n<tr>\n<td>91-6310-01<\/td>\n<td>Funil de enchimento para frascos de amostras de carv\u00e3o<\/td>\n<\/tr>\n<tr>\n<td>91-6320-01<\/td>\n<td>Suporte de a\u00e7o do funil de enchimento<\/td>\n<\/tr>\n<\/tbody>\n<\/table>\n<div class=\"imagewrapper\">\n<div><img decoding=\"async\" loading=\"lazy\" src=\"https:\/\/preiser.com\/wp-content\/uploads\/Mini-Mixing-Wheel.jpg\" alt=\"\" width=\"300\" height=\"243\" class=\"alignnone size-full wp-image-401\"><\/div>\n<p>Z95-8501-01 Mini-misturador rotativo<\/p>\n<\/div>\n<h2>Mini-misturador rotativo Preiser<\/h2>\n<p>Excelente para preparar amostras homog\u00eaneas de carv\u00e3o. O mini-misturador rotativo girar\u00e1 continuamente at\u00e9 seis frascos de vidro ou pl\u00e1stico de 8&nbsp;oz (236,59 ml) com amostras de carv\u00e3o pulverizado e estrelas (\u201cjack rocks\u201d). Presilhas grandes de 3 pontas com parafusos de aperto travam os frascos de amostra.<\/p>\n<ul>\n<li>O controle remoto de velocidade permite uma opera\u00e7\u00e3o segura<\/li>\n<li>Fornecido com motor de servi\u00e7o cont\u00ednuo de velocidade vari\u00e1vel, 10\u201360&nbsp;rpm<\/li>\n<li>Velocidades e \u00e2ngulo de opera\u00e7\u00e3o s\u00e3o ajust\u00e1veis \u200b\u200b\u00e0s especifica\u00e7\u00f5es da ASTM<\/li>\n<li>O acess\u00f3rio 91-8515-02 Estrelas (\u201cjack rocks\u201d) proporciona uma homogeneiza\u00e7\u00e3o r\u00e1pida e eficiente de amostras de carv\u00e3o<\/li>\n<li>A homogeneiza\u00e7\u00e3o das amostras nos frascos de vidro pode ser visualizada continuamente durante a opera\u00e7\u00e3o<\/li>\n<li>Frascos para amostras de carv\u00e3o e estrelas (\u201cjack rocks\u201d) devem ser pedidos separadamente<\/li>\n<\/ul>\n<table>\n<tbody>\n<tr>\n<th>N\u00ba cat.<\/th>\n<th>Descri\u00e7\u00e3o<\/th>\n<th>Tens\u00e3o\/fase\/Hz<\/th>\n<\/tr>\n<tr>\n<td>Z95-8501-01<\/td>\n<td>Mini-misturador rotativo<\/td>\n<td>120&nbsp;V; monof\u00e1sico; 60&nbsp;Hz<\/td>\n<\/tr>\n<tr>\n<td>Z95-8501-10<\/td>\n<td>Mini-misturador rotativo<\/td>\n<td>240&nbsp;V; monof\u00e1sico; 50&nbsp;Hz<\/td>\n<\/tr>\n<tr>\n<td>Z95-8501-20<\/td>\n<td>Mini-misturador rotativo<\/td>\n<td>240&nbsp;V; monof\u00e1sico; 60&nbsp;Hz<\/td>\n<\/tr>\n<\/tbody>\n<\/table>\n<table>\n<tbody>\n<tr>\n<th>N\u00ba cat.<\/th>\n<th>Descri\u00e7\u00e3o<\/th>\n<\/tr>\n<tr>\n<td>90-2587-01<\/td>\n<td>Frasco de vidro para amostras de carv\u00e3o \u2013 8&nbsp;oz (236,59 ml)<\/td>\n<\/tr>\n<tr>\n<td>90-2587-01P<\/td>\n<td>Frasco de pl\u00e1stico para amostras de carv\u00e3o \u2013 8&nbsp;oz (236,59 ml)<\/td>\n<\/tr>\n<tr>\n<td>91-8515-02<\/td>\n<td>Estrelas (\u201cjack rocks\u201d), 500\/pct.<\/td>\n<\/tr>\n<tr>\n<td>91-6310-01<\/td>\n<td>Funil de enchimento para frascos de amostras de carv\u00e3o<\/td>\n<\/tr>\n<tr>\n<td>91-6320-01<\/td>\n<td>Suporte de a\u00e7o do funil de enchimento<\/td>\n<\/tr>\n<\/tbody>\n<\/table>\n","protected":false},"excerpt":{"rendered":"<p>Maxi-misturador rotativo Preiser O maxi-misturador rotativo Preiser comporta at\u00e9 14 amostras. Simplesmente coloque o carv\u00e3o pulverizado nos frascos para amostras de carv\u00e3o, insira os frascos nos suportes do misturador e inicie a rota\u00e7\u00e3o at\u00e9 que a amostra esteja completamente homogeneizada. O misturador rotativo tem um motor de acionamento direto de \u00bc&nbsp;HP (186 W) a 30&nbsp;rpm [&hellip;]<\/p>\n","protected":false},"author":1,"featured_media":100908,"parent":100769,"menu_order":0,"comment_status":"closed","ping_status":"closed","template":"product.php","meta":{"_et_pb_use_builder":"","_et_pb_old_content":"","_et_gb_content_width":""},"acf":[],"_links":{"self":[{"href":"https:\/\/preiser.com\/pt-pt\/wp-json\/wp\/v2\/pages\/100785"}],"collection":[{"href":"https:\/\/preiser.com\/pt-pt\/wp-json\/wp\/v2\/pages"}],"about":[{"href":"https:\/\/preiser.com\/pt-pt\/wp-json\/wp\/v2\/types\/page"}],"author":[{"embeddable":true,"href":"https:\/\/preiser.com\/pt-pt\/wp-json\/wp\/v2\/users\/1"}],"replies":[{"embeddable":true,"href":"https:\/\/preiser.com\/pt-pt\/wp-json\/wp\/v2\/comments?post=100785"}],"version-history":[{"count":1,"href":"https:\/\/preiser.com\/pt-pt\/wp-json\/wp\/v2\/pages\/100785\/revisions"}],"predecessor-version":[{"id":100909,"href":"https:\/\/preiser.com\/pt-pt\/wp-json\/wp\/v2\/pages\/100785\/revisions\/100909"}],"up":[{"embeddable":true,"href":"https:\/\/preiser.com\/pt-pt\/wp-json\/wp\/v2\/pages\/100769"}],"wp:featuredmedia":[{"embeddable":true,"href":"https:\/\/preiser.com\/pt-pt\/wp-json\/wp\/v2\/media\/100908"}],"wp:attachment":[{"href":"https:\/\/preiser.com\/pt-pt\/wp-json\/wp\/v2\/media?parent=100785"}],"curies":[{"name":"wp","href":"https:\/\/api.w.org\/{rel}","templated":true}]}}