{"id":100789,"date":"2018-06-12T21:59:59","date_gmt":"2018-06-12T21:59:59","guid":{"rendered":"http:\/\/preiser.com\/?page_id=100789"},"modified":"2022-11-17T22:57:20","modified_gmt":"2022-11-17T22:57:20","slug":"peneiras-vibratrias","status":"publish","type":"page","link":"https:\/\/preiser.com\/pt-pt\/produtos\/separao\/peneiras-vibratrias\/","title":{"rendered":"Peneiras vibrat\u00f3rias"},"content":{"rendered":"<p>O padr\u00e3o em peneiras vibrat\u00f3rias para testes do setor de minera\u00e7\u00e3o de carv\u00e3o. A peneira vibrat\u00f3ria RO-TAP<sup>\u00ae<\/sup> utiliza uma opera\u00e7\u00e3o bidimensional \u00fanica \u2013 um movimento circular e um movimento de batidas verticais \u2013 permitindo que part\u00edculas de material estratifiquem e \u201cbusquem\u201d aberturas cr\u00edticas nas peneiras de teste. O resultado \u00e9 o teste de an\u00e1lise de part\u00edculas mais preciso e uniforme. Projetado para uso pesado; requer manuten\u00e7\u00e3o nominal. Conta com temporizador digital de 99 minutos.<\/p>\n<ul>\n<li>O modelo RX-29 foi projetado para testes com peneiras de teste altura completa e di\u00e2metro 8&nbsp;pol. (20,32&nbsp;cm) com diferentes aberturas. Uma amostra pode ser testada em uma s\u00e9rie de 6 peneiras com uma opera\u00e7\u00e3o do RO-TAP<sup>\u00ae<\/sup>.<\/li>\n<li>O modelo RX-30 \u00e9 recomendado para testes com peneiras de teste de altura completa e di\u00e2metro de 12&nbsp;pol. (30,48&nbsp;cm); uma amostra pode ser testada em uma s\u00e9rie de 4 peneiras de diferentes aberturas.<\/li>\n<li>O RX-94 Ro-Tap\u2122 usa o mesmo design tradicional do RX-29, mas traz 2 \u201cpilhas\u201d de peneiras vibrat\u00f3rias, cada uma projetada para comportar apenas peneiras de teste de 8&nbsp;pol. (20,32&nbsp;cm) de di\u00e2metro. Isso permite o dobro da capacidade de processamento, e normalmente o mesmo tempo para concluir um teste.<\/li>\n<li>Normalmente, s\u00e3o recomendadas peneiras de lat\u00e3o de altura completa com malha de a\u00e7o inoxid\u00e1vel, mas tamb\u00e9m est\u00e3o dispon\u00edveis peneiras de lat\u00e3o com malha de lat\u00e3o. Para todas as peneiras vibrat\u00f3rias. Da mesma forma, podem ser encomendadas peneiras especiais de meia altura.<\/li>\n<li>Dimens\u00f5es para RX-29 e RX-30: 36 pol. (L) x 27 pol. (P) x 34 pol. (A) (91,44&nbsp;cm x 68,58&nbsp;cm x 86,36&nbsp;cm); peso para transporte 255&nbsp;lb. (115,67&nbsp;kg)<\/li>\n<li>Dimens\u00f5es para o RX-94: 30 pol. (L) x 27 pol. (P) x 26 pol. (A) (76,20&nbsp;cm x 68,58&nbsp;cm x 66,04&nbsp;cm); peso para transporte 242&nbsp;lb. (109,77&nbsp;kg)<\/li>\n<\/ul>\n<table>\n<tbody>\n<tr>\n<th>N\u00ba cat.<\/th>\n<th>Descri\u00e7\u00e3o<\/th>\n<th>Tens\u00e3o\/fase\/Hz<\/th>\n<\/tr>\n<tr>\n<td>91-9184-01<\/td>\n<td>Peneira vibrat\u00f3ria RX-29<\/td>\n<td>115&nbsp;V; monof\u00e1sico; 60&nbsp;Hz<\/td>\n<\/tr>\n<tr>\n<td>91-9184-02<\/td>\n<td>Peneira vibrat\u00f3ria RX-29<\/td>\n<td>230&nbsp;V; monof\u00e1sico; 50&nbsp;Hz<\/td>\n<\/tr>\n<tr>\n<td>91-9184-03<\/td>\n<td>Peneira vibrat\u00f3ria RX-29<\/td>\n<td>230&nbsp;V; monof\u00e1sico; 60&nbsp;Hz<\/td>\n<\/tr>\n<tr>\n<td>91-9184-12<\/td>\n<td>Peneira vibrat\u00f3ria RX-30<\/td>\n<td>115&nbsp;V; monof\u00e1sico; 60&nbsp;Hz<\/td>\n<\/tr>\n<tr>\n<td>91-9184-13<\/td>\n<td>Peneira vibrat\u00f3ria RX-30<\/td>\n<td>230&nbsp;V; monof\u00e1sico; 50&nbsp;Hz<\/td>\n<\/tr>\n<tr>\n<td>91-9184-14<\/td>\n<td>Peneira vibrat\u00f3ria RX-30<\/td>\n<td>230&nbsp;V; monof\u00e1sico; 60&nbsp;Hz<\/td>\n<\/tr>\n<\/tbody>\n<\/table>\n<p><strong>S\u00e9rie de peneiras para os EUA<\/strong><\/p>\n<p><a href=\"https:\/\/preiser.com\/pt\/contato\/\">Entre em contato conosco<\/a> para op\u00e7\u00f5es de tamanho de peneira; todas as configura\u00e7\u00f5es padr\u00e3o est\u00e3o dispon\u00edveis.<\/p>\n<p><strong>Itens de acess\u00f3rios para peneiras<\/strong><\/p>\n<table>\n<tbody>\n<tr>\n<th>N\u00ba cat.<\/th>\n<th>Descri\u00e7\u00e3o<\/th>\n<\/tr>\n<tr>\n<td>91-9158-01<\/td>\n<td>Forma inferior de a\u00e7o inoxid\u00e1vel, 8&nbsp;pol. (20,32&nbsp;cm) de di\u00e2metro<\/td>\n<\/tr>\n<tr>\n<td>91-9158-02<\/td>\n<td>Forma inferior de lat\u00e3o, 8&nbsp;pol. (20,32&nbsp;cm) de di\u00e2metro<\/td>\n<\/tr>\n<tr>\n<td>91-9158-03<\/td>\n<td>Forma inferior de a\u00e7o inoxid\u00e1vel, 12&nbsp;pol. (30,48&nbsp;cm) de di\u00e2metro<\/td>\n<\/tr>\n<tr>\n<td>91-9158-04<\/td>\n<td>Forma inferior de lat\u00e3o, 12&nbsp;pol. (30,48&nbsp;cm) de di\u00e2metro<\/td>\n<\/tr>\n<tr>\n<td>91-9159-02<\/td>\n<td>Tampa de peneira, lat\u00e3o, 8&nbsp;pol. (20,32&nbsp;cm)<\/td>\n<\/tr>\n<tr>\n<td>91-9159-04<\/td>\n<td>Tampa de peneira, lat\u00e3o, 12&nbsp;pol. (30,48&nbsp;cm)<\/td>\n<\/tr>\n<tr>\n<td>90-3190-01<\/td>\n<td>Escova de limpeza para peneira, 8&nbsp;pol. (20,32&nbsp;cm)<\/td>\n<\/tr>\n<tr>\n<td>90-3200-01<\/td>\n<td>Escova de limpeza para peneira, 12&nbsp;pol. (30,48&nbsp;cm)<\/td>\n<\/tr>\n<tr>\n<td>91-9186-01<\/td>\n<td>Compartimento de som para peneiras vibrat\u00f3rias RX29 e RX30<br \/>\nReduz o n\u00edvel de ru\u00eddo de aproximadamente 85&nbsp;dB para 60&nbsp;dB<br \/>\nCom 2 portas e abertura no painel superior, revestimento interno de espuma ac\u00fastica<br \/>\nDimens\u00f5es: 35 pol. (L) x 24 pol. (P) x 29 pol. (A) (88,90&nbsp;cm x 60,96&nbsp;cm x 73,66&nbsp;cm); peso unit\u00e1rio: 90&nbsp;lb. (40,82&nbsp;kg)<\/td>\n<\/tr>\n<tr>\n<td>91-9186-03<\/td>\n<td>Suporte de teste para RX-29 e RX-30<br \/>\nPode ser usado com ou sem o gabinete do compartimento de som<\/td>\n<\/tr>\n<\/tbody>\n<\/table>\n","protected":false},"excerpt":{"rendered":"<p>O padr\u00e3o em peneiras vibrat\u00f3rias para testes do setor de minera\u00e7\u00e3o de carv\u00e3o. A peneira vibrat\u00f3ria RO-TAP\u00ae utiliza uma opera\u00e7\u00e3o bidimensional \u00fanica \u2013 um movimento circular e um movimento de batidas verticais \u2013 permitindo que part\u00edculas de material estratifiquem e \u201cbusquem\u201d aberturas cr\u00edticas nas peneiras de teste. O resultado \u00e9 o teste de an\u00e1lise de [&hellip;]<\/p>\n","protected":false},"author":1,"featured_media":100910,"parent":100769,"menu_order":0,"comment_status":"closed","ping_status":"closed","template":"product.php","meta":{"_et_pb_use_builder":"","_et_pb_old_content":"","_et_gb_content_width":""},"acf":[],"_links":{"self":[{"href":"https:\/\/preiser.com\/pt-pt\/wp-json\/wp\/v2\/pages\/100789"}],"collection":[{"href":"https:\/\/preiser.com\/pt-pt\/wp-json\/wp\/v2\/pages"}],"about":[{"href":"https:\/\/preiser.com\/pt-pt\/wp-json\/wp\/v2\/types\/page"}],"author":[{"embeddable":true,"href":"https:\/\/preiser.com\/pt-pt\/wp-json\/wp\/v2\/users\/1"}],"replies":[{"embeddable":true,"href":"https:\/\/preiser.com\/pt-pt\/wp-json\/wp\/v2\/comments?post=100789"}],"version-history":[{"count":1,"href":"https:\/\/preiser.com\/pt-pt\/wp-json\/wp\/v2\/pages\/100789\/revisions"}],"predecessor-version":[{"id":100912,"href":"https:\/\/preiser.com\/pt-pt\/wp-json\/wp\/v2\/pages\/100789\/revisions\/100912"}],"up":[{"embeddable":true,"href":"https:\/\/preiser.com\/pt-pt\/wp-json\/wp\/v2\/pages\/100769"}],"wp:featuredmedia":[{"embeddable":true,"href":"https:\/\/preiser.com\/pt-pt\/wp-json\/wp\/v2\/media\/100910"}],"wp:attachment":[{"href":"https:\/\/preiser.com\/pt-pt\/wp-json\/wp\/v2\/media?parent=100789"}],"curies":[{"name":"wp","href":"https:\/\/api.w.org\/{rel}","templated":true}]}}