{"id":100796,"date":"2018-06-13T22:36:09","date_gmt":"2018-06-13T22:36:09","guid":{"rendered":"http:\/\/preiser.com\/?page_id=100796"},"modified":"2022-11-17T22:57:02","modified_gmt":"2022-11-17T22:57:02","slug":"sistemas-de-fuso-de-cinzas","status":"publish","type":"page","link":"https:\/\/preiser.com\/pt-pt\/produtos\/anlise\/sistemas-de-fuso-de-cinzas\/","title":{"rendered":"Sistemas de fus\u00e3o de cinzas"},"content":{"rendered":"<p>Os sistemas de fus\u00e3o de cinzas da Preiser Scientific foram projetados para determinar as temperaturas de deforma\u00e7\u00e3o de cone de cinza conforme a norma ASTM D-1857 e a norma ISO 540 (op\u00e7\u00e3o de atmosfera redutora de CO\/CO2).<\/p>\n<p>O sistema de fus\u00e3o de cinzas de forno duplo modelo PAF 2014 \u00e9 composto por dois fornos e torre de controle, mais um computador com interface do usu\u00e1rio. Um computador \u201call in one\u201d com sistema operacional Windows\u00ae acomoda coleta de imagens e an\u00e1lise simultaneamente. O sistema de fus\u00e3o de cinzas de forno \u00fanico consiste em um forno \u00fanico e torre de controle, e \u00e9 fornecido com os mesmos itens adicionais e recursos fornecidos com a unidade dupla.<\/p>\n<p>A torre de controle consiste no controlador de temperatura do forno, prote\u00e7\u00e3o contra excesso de temperatura e captura em v\u00eddeo. As comunica\u00e7\u00f5es de v\u00eddeo e do forno com o computador do usu\u00e1rio s\u00e3o feitas por meio de uma \u00fanica interface USB, que transfere comandos para o forno e solicita\u00e7\u00f5es de consulta juntamente com transmiss\u00e3o ao vivo de v\u00eddeo das c\u00e2meras do forno.<\/p>\n<p>O software de an\u00e1lise permite ao usu\u00e1rio manualmente revisar e gerar relat\u00f3rios de testes conclu\u00eddos. Um algoritmo de autossugest\u00e3o est\u00e1 dispon\u00edvel para pr\u00e9-preencher an\u00e1lises para revis\u00e3o e refinamento dos dados finais pelos t\u00e9cnicos do laborat\u00f3rio. Resultados dos testes, arquivos de registro e configura\u00e7\u00f5es do instrumento podem ser visualizados no programa. Esses arquivos podem ser direcionados para uma impressora, encaminhados pelo e-mail integrado, visualizados em uma unidade compartilhada ou acessados \u200b\u200bpor meio de um sistema LIMS. O armazenamento de dados de instrumentos permite o ac\u00famulo de aproximadamente 5 anos de dados e imagens de testes.<\/p>\n<p><strong>Caracter\u00edsticas<\/strong><\/p>\n<ul>\n<li>S\u00e3o permitidas at\u00e9 16 amostras por corrida na configura\u00e7\u00e3o de forno duplo e 8 amostras por corrida para forno \u00fanico<\/li>\n<li>Permite an\u00e1lise manual ou com autossugest\u00e3o<\/li>\n<li>Faixa de teste geralmente de 750&nbsp;\u00b0F a 2800&nbsp;\u00b0F (398,89&nbsp;\u00b0C a 1537,78&nbsp;\u00b0C); temperatura m\u00e1xima 2825&nbsp;\u00b0F (1551,67&nbsp;\u00b0C)<\/li>\n<li>A taxa de varia\u00e7\u00e3o de temperatura pode ser ajustada de 1&nbsp;\u00b0F a 20&nbsp;\u00b0F\/minuto (1&nbsp;\u00b0C a 12&nbsp;\u00b0C\/minuto); predefinido para normas ASTM e ISO<\/li>\n<li>Posicionamento externo com bra\u00e7o \u00fanico do sistema de visualiza\u00e7\u00e3o direta da c\u00e2mera com filtragem IR<\/li>\n<li>Consumo de g\u00e1s muito baixo (0,8\u20131,0&nbsp;lpm); n\u00e3o requer g\u00e1s de purga<\/li>\n<li>Requer mistura de g\u00e1s CO\/CO2 para opera\u00e7\u00e3o do procedimento de teste<\/li>\n<li>Fornecido com monitor de CO e tr\u00eas n\u00edveis de prote\u00e7\u00e3o contra excesso de temperatura (controlador de temperatura, controlador de excesso de temperatura, monitoramento pelo computador do usu\u00e1rio)<\/li>\n<li>C\u00e2mera de v\u00eddeo com sensor CCD de \u00bd pol. (1,27 cm), tecnologia de processamento de imagens e XF-Dynamic; lente com \u00edris autom\u00e1tica, filtros UV e de calor<\/li>\n<li>O kit completo para forno de fus\u00e3o de cinzas*, composto por um molde b\u00e1sico para amostras, fio de ouro, fio de n\u00edquel e produtos qu\u00edmicos para manuten\u00e7\u00e3o, \u00e9 necess\u00e1rio para uso com cada unidade ou no pedido inicial<\/li>\n<\/ul>\n<p><strong>Dimens\u00f5es<\/strong><\/p>\n<p>Forno \u00fanico: 25 pol. (C) x 17 pol. (L) x 19 pol. (A) (63,50&nbsp;cm x 43,18&nbsp;cm x 48,26&nbsp;cm)<br \/>\nForno duplo: 50 pol. (C) x 17 pol. (L) x 19 pol. (A) (127,00&nbsp;cm x 43,18&nbsp;cm x 48,26&nbsp;cm)<br \/>\nControlador: 23 pol. (C) x 11 pol. (L) x 20 pol. (A) (58,42&nbsp;cm x 27,94&nbsp;cm x 50,80&nbsp;cm)<\/p>\n<p><strong>Peso para transporte<\/strong><\/p>\n<p>Forno \u00fanico: 457 lb. (207,29&nbsp;kg)<br \/>\nForno duplo: 700 lb. (317,52&nbsp;kg)<\/p>\n<table>\n<tbody>\n<tr>\n<th>N\u00ba cat.<\/th>\n<th>Descri\u00e7\u00e3o<\/th>\n<th>Tens\u00e3o\/fase\/Hz<\/th>\n<\/tr>\n<tr>\n<td>Z90-8252-01<\/td>\n<td>Sistema de fus\u00e3o de cinzas de forno \u00fanico<\/td>\n<td>240&nbsp;V; monof\u00e1sico; 50\u201360&nbsp;Hz<\/td>\n<\/tr>\n<tr>\n<td>Z90-8252-02<\/td>\n<td>Sistema de fus\u00e3o de cinzas de forno duplo<\/td>\n<td>240&nbsp;V; monof\u00e1sico; 50\u201360&nbsp;Hz<\/td>\n<\/tr>\n<tr>\n<td>Z90-8249-01<\/td>\n<td>Kit completo do sistema de fus\u00e3o de cinzas*<\/td>\n<td><\/td>\n<\/tr>\n<\/tbody>\n<\/table>\n<p class=\"footnote\">*Necess\u00e1rio no pedido inicial do sistema de fus\u00e3o de cinzas<\/p>\n","protected":false},"excerpt":{"rendered":"<p>Os sistemas de fus\u00e3o de cinzas da Preiser Scientific foram projetados para determinar as temperaturas de deforma\u00e7\u00e3o de cone de cinza conforme a norma ASTM D-1857 e a norma ISO 540 (op\u00e7\u00e3o de atmosfera redutora de CO\/CO2). O sistema de fus\u00e3o de cinzas de forno duplo modelo PAF 2014 \u00e9 composto por dois fornos e [&hellip;]<\/p>\n","protected":false},"author":1,"featured_media":100871,"parent":100793,"menu_order":0,"comment_status":"closed","ping_status":"closed","template":"product.php","meta":{"_et_pb_use_builder":"","_et_pb_old_content":"","_et_gb_content_width":""},"acf":[],"_links":{"self":[{"href":"https:\/\/preiser.com\/pt-pt\/wp-json\/wp\/v2\/pages\/100796"}],"collection":[{"href":"https:\/\/preiser.com\/pt-pt\/wp-json\/wp\/v2\/pages"}],"about":[{"href":"https:\/\/preiser.com\/pt-pt\/wp-json\/wp\/v2\/types\/page"}],"author":[{"embeddable":true,"href":"https:\/\/preiser.com\/pt-pt\/wp-json\/wp\/v2\/users\/1"}],"replies":[{"embeddable":true,"href":"https:\/\/preiser.com\/pt-pt\/wp-json\/wp\/v2\/comments?post=100796"}],"version-history":[{"count":1,"href":"https:\/\/preiser.com\/pt-pt\/wp-json\/wp\/v2\/pages\/100796\/revisions"}],"predecessor-version":[{"id":100872,"href":"https:\/\/preiser.com\/pt-pt\/wp-json\/wp\/v2\/pages\/100796\/revisions\/100872"}],"up":[{"embeddable":true,"href":"https:\/\/preiser.com\/pt-pt\/wp-json\/wp\/v2\/pages\/100793"}],"wp:featuredmedia":[{"embeddable":true,"href":"https:\/\/preiser.com\/pt-pt\/wp-json\/wp\/v2\/media\/100871"}],"wp:attachment":[{"href":"https:\/\/preiser.com\/pt-pt\/wp-json\/wp\/v2\/media?parent=100796"}],"curies":[{"name":"wp","href":"https:\/\/api.w.org\/{rel}","templated":true}]}}