{"id":100800,"date":"2018-06-14T17:12:31","date_gmt":"2018-06-14T17:12:31","guid":{"rendered":"http:\/\/preiser.com\/?page_id=100800"},"modified":"2022-11-17T22:57:00","modified_gmt":"2022-11-17T22:57:00","slug":"calormetros","status":"publish","type":"page","link":"https:\/\/preiser.com\/pt-pt\/produtos\/anlise\/calormetros\/","title":{"rendered":"Calor\u00edmetros"},"content":{"rendered":"<h2>Calor\u00edmetro Parr 6400<\/h2>\n<p>O sistema de calor\u00edmetro isoperibol expandido autom\u00e1tico Parr 6400 incorpora um calor\u00edmetro altamente autom\u00e1tico projetado para liberar o usu\u00e1rio das opera\u00e7\u00f5es manuais necess\u00e1rias nos calor\u00edmetros tradicionais, minimizando o tempo do operador necess\u00e1rio por teste, j\u00e1 que um operador pode trabalhar com at\u00e9 quatro calor\u00edmetros 6400 simultaneamente. \u00c9 uma unidade aut\u00f4noma que requer espa\u00e7o m\u00ednimo de bancada, com capacidade para realizar 6\u20138 testes em uma hora com alto n\u00edvel de precis\u00e3o numa faixa de amostras de 5000\u20138000 calorias. Seu projeto com bomba fixa e cubeta permite opera\u00e7\u00e3o automatizada. O cabe\u00e7ote da bomba \u00e9 remov\u00edvel, facilitando um carregamento r\u00e1pido. Um sistema de resfriamento de ciclo fechado, com um conjunto de resfriador termoel\u00e9trico conectado a um tanque de 1 litro, fornece \u00e1gua de resfriamento ao calor\u00edmetro. A lavagem da bomba ap\u00f3s o teste \u00e9 autom\u00e1tica. Conta com portas de comunica\u00e7\u00e3o RS232C para balan\u00e7a e impressora, al\u00e9m de uma conex\u00e3o de rede Ethernet. Fornecido com um tanque de lavagem, impressora, um conjunto extra de cabe\u00e7ote de bomba, kit de manuten\u00e7\u00e3o da bomba e um kit de servi\u00e7o de 1 ano. Requer uma fonte de oxig\u00eanio a 99,9%, uma fonte de nitrog\u00eanio ou ar dom\u00e9stico a 80&nbsp;psi (5,5 bar) e \u00e1gua deionizada para instala\u00e7\u00e3o e uso.<\/p>\n<p>Um sistema de calor\u00edmetro expandido modelo 6420 tamb\u00e9m est\u00e1 dispon\u00edvel para permitir a opera\u00e7\u00e3o em um sistema de ciclo fechado e o manuseio de muitos outros testes com esfor\u00e7o m\u00ednimo do operador e precis\u00e3o aprimorada. Inclui um calor\u00edmetro modelo 6400, impressora, um conjunto adicional de cabe\u00e7ote de bomba e um kit de pe\u00e7as de reposi\u00e7\u00e3o.<\/p>\n<p>Dimens\u00f5es (apenas para o calor\u00edmetro): 20 pol. (A) x 17 pol. (L) x 16 pol. (P) (50,80&nbsp;cm x 43,18&nbsp;cm x 40,64&nbsp;cm); peso: 70 lb. (31,75&nbsp;kg)<\/p>\n<table>\n<tbody>\n<tr>\n<th>N\u00ba cat.<\/th>\n<th>Descri\u00e7\u00e3o<\/th>\n<th>Tens\u00e3o\/fase\/Hz<\/th>\n<\/tr>\n<tr>\n<td>*90-4060-01<\/td>\n<td>Calor\u00edmetro Parr 6400<\/td>\n<td>110&nbsp;V; monof\u00e1sico; 50\u201360&nbsp;Hz<\/td>\n<\/tr>\n<tr>\n<td>*90-4060-06<\/td>\n<td>Calor\u00edmetro Parr 6400<\/td>\n<td>230&nbsp;V; monof\u00e1sico; 50\u201360&nbsp;Hz<\/td>\n<\/tr>\n<\/tbody>\n<\/table>\n<p><strong>Sistemas expandidos Parr 6420<\/strong><\/p>\n<table>\n<tbody>\n<tr>\n<th>N\u00ba cat.<\/th>\n<th>Descri\u00e7\u00e3o<\/th>\n<th>Tens\u00e3o\/fase\/Hz<\/th>\n<\/tr>\n<tr>\n<td>*90-4060-03<\/td>\n<td>Calor\u00edmetro Parr modelo 6420<\/td>\n<td>115&nbsp;V; monof\u00e1sico; 50\u201360&nbsp;Hz<\/td>\n<\/tr>\n<tr>\n<td>*90-4060-04<\/td>\n<td>Calor\u00edmetro Parr modelo 6420<\/td>\n<td>230&nbsp;V; monof\u00e1sico; 50\u201360&nbsp;Hz<\/td>\n<\/tr>\n<\/tbody>\n<\/table>\n<p class=\"footnote\">*Pode n\u00e3o estar dispon\u00edvel para venda em todos os pa\u00edses. Solicite or\u00e7amento antes de encomendar.<\/p>\n<div class=\"imagewrapper\">\n<div><img decoding=\"async\" loading=\"lazy\" src=\"https:\/\/preiser.com\/wp-content\/uploads\/6200-parr-calorimeter.jpg\" alt=\"\" width=\"600\" height=\"600\" class=\"alignnone size-full wp-image-165\"><\/div>\n<p>90-4062-01 Calor\u00edmetro Parr modelo 6200<\/p>\n<\/div>\n<h2>Calor\u00edmetro Parr 6200<\/h2>\n<p>O sistema de calor\u00edmetro isoperibol Parr 6200 \u00e9 uma unidade aut\u00f4noma de alta precis\u00e3o e alta velocidade capaz de realizar at\u00e9 8 testes por hora. \u00c9 recomendado para a maioria dos laborat\u00f3rios que realizem rotineiramente testes calor\u00edficos em carv\u00e3o ou outros combust\u00edveis s\u00f3lidos ou l\u00edquidos. Destina-se ao uso com amostras que variam de 0,6&nbsp;g a 1,2&nbsp;g com uma libera\u00e7\u00e3o m\u00e1xima de energia de 8.000 calorias por carga. Incorpora vaso de bomba de combust\u00e3o de oxig\u00eanio remov\u00edvel e calor\u00edmetro de cubeta, jaqueta de \u00e1gua com temperatura controlada com sistema de circula\u00e7\u00e3o integrado, aquecedor de \u00e1gua e term\u00f4metro eletr\u00f4nico de precis\u00e3o integrado. Utiliza opera\u00e7\u00e3o semiautom\u00e1tica de enchimento de oxig\u00eanio. Tem uma interface gr\u00e1fica de usu\u00e1rio em cores vivas com tela sens\u00edvel ao toque para entrada de dados e controles de opera\u00e7\u00e3o. Com portas USB para impressora, computador e conex\u00f5es de rede. Entrada para cart\u00e3o SD compacto remov\u00edvel permite atualiza\u00e7\u00f5es no programa e arquivamento de relat\u00f3rios de testes. Pode ser configurado para fornecer op\u00e7\u00f5es, menus e mensagens em ingl\u00eas, franc\u00eas ou alem\u00e3o. Executa 6 a 8 testes por hora. Requer uma fonte de oxig\u00eanio a 99,9% e \u00e1gua deionizada para instala\u00e7\u00e3o e uso.<\/p>\n<p>Um sistema de calor\u00edmetro expandido modelo 6220 tamb\u00e9m est\u00e1 dispon\u00edvel para permitir a opera\u00e7\u00e3o em um sistema de ciclo fechado e o manuseio de muitos outros testes com esfor\u00e7o m\u00ednimo do operador e precis\u00e3o aprimorada. Fornecido com calor\u00edmetro modelo 6200, impressora, sistema de manuseio de \u00e1gua, um vaso de bomba adicional, cubeta oval e um kit de pe\u00e7as de reposi\u00e7\u00e3o.<\/p>\n<p>Dimens\u00f5es (apenas para o calor\u00edmetro): 17 pol. (A) x 23 pol. (L) x 17 pol. (P) (43,18&nbsp;cm x 58,42&nbsp;cm x 43,18&nbsp;cm); peso: 70 lb. (31,75&nbsp;kg)<\/p>\n<table>\n<tbody>\n<tr>\n<th>N\u00ba cat.<\/th>\n<th>Descri\u00e7\u00e3o<\/th>\n<th>Tens\u00e3o\/fase\/Hz<\/th>\n<\/tr>\n<tr>\n<td>*90-4062-01<\/td>\n<td>Calor\u00edmetro Parr 6200<\/td>\n<td>115&nbsp;V; monof\u00e1sico; 50\u201360&nbsp;Hz<\/td>\n<\/tr>\n<tr>\n<td>*90-4062-02<\/td>\n<td>Calor\u00edmetro Parr 6200<\/td>\n<td>220&nbsp;V; monof\u00e1sico; 50\u201360&nbsp;Hz<\/td>\n<\/tr>\n<\/tbody>\n<\/table>\n<p><strong>Sistemas expandidos Parr 6220<\/strong><\/p>\n<table>\n<tbody>\n<tr>\n<th>N\u00ba cat.<\/th>\n<th>Descri\u00e7\u00e3o<\/th>\n<th>Tens\u00e3o\/fase\/Hz<\/th>\n<\/tr>\n<tr>\n<td>*90-4062-03<\/td>\n<td>Calor\u00edmetro Parr modelo 6220<\/td>\n<td>115&nbsp;V; monof\u00e1sico; 50\u201360&nbsp;Hz<\/td>\n<\/tr>\n<tr>\n<td>*90-4062-04<\/td>\n<td>Calor\u00edmetro Parr modelo 6220<\/td>\n<td>230&nbsp;V; monof\u00e1sico; 50\u201360&nbsp;Hz<\/td>\n<\/tr>\n<\/tbody>\n<\/table>\n<p class=\"footnote\">*Pode n\u00e3o estar dispon\u00edvel para venda em todos os pa\u00edses. Solicite or\u00e7amento antes de encomendar.<\/p>\n<div class=\"imagewrapper\">\n<div><img decoding=\"async\" loading=\"lazy\" src=\"https:\/\/preiser.com\/wp-content\/uploads\/6100-parr-calorimeter.jpg\" alt=\"\" width=\"600\" height=\"600\" class=\"alignnone size-full wp-image-169\"><\/div>\n<p>90-4061-01 Calor\u00edmetro Parr modelo 6100<\/p>\n<\/div>\n<h2>Calor\u00edmetro Parr 6100<\/h2>\n<p>O calor\u00edmetro Parr 6100 foi projetado para fornecer um calor\u00edmetro de pre\u00e7o moderado aos usu\u00e1rios que desejam os recursos autom\u00e1ticos do modelo 6200, mas n\u00e3o exigem a mais alta precis\u00e3o poss\u00edvel. Conta com cubeta e bomba de oxig\u00eanio remov\u00edvel. Utiliza uma interface gr\u00e1fica do usu\u00e1rio com software para hardware digital e recursos de comunica\u00e7\u00e3o. Tem jaqueta isolante antiest\u00e1tica ao redor da cubeta. Opera aproximadamente \u00e0 temperatura ambiente, aproveitando ao m\u00e1ximo os recursos do moderno microprocessador para monitorar a temperatura da jaqueta e aplicar corre\u00e7\u00f5es em tempo real. Tem um sistema semiautom\u00e1tico para carregar a bomba com oxig\u00eanio. Requer uma fonte de oxig\u00eanio a 99,9% e \u00e1gua deionizada para instala\u00e7\u00e3o e uso.<\/p>\n<p>Um sistema de calor\u00edmetro expandido modelo 6100 tamb\u00e9m est\u00e1 dispon\u00edvel para permitir a opera\u00e7\u00e3o e o manuseio de muitos outros testes com esfor\u00e7o m\u00ednimo do operador. Inclui um calor\u00edmetro modelo 6100, impressora, vaso de bomba adicional, cubeta oval e um kit de pe\u00e7as de reposi\u00e7\u00e3o.<\/p>\n<p>Dimens\u00f5es (apenas para o calor\u00edmetro): 17 pol. (A) x 23 pol. (L) x 17 pol. (P) (50,80&nbsp;cm x 43,18&nbsp;cm x 40,64&nbsp;cm); peso: 70 lb. (31,75&nbsp;kg)<\/p>\n<table>\n<tbody>\n<tr>\n<th>N\u00ba cat.<\/th>\n<th>Descri\u00e7\u00e3o<\/th>\n<th>Tens\u00e3o\/fase\/Hz<\/th>\n<\/tr>\n<tr>\n<td>*90-4061-01<\/td>\n<td>Calor\u00edmetro Parr 6100<\/td>\n<td>110&nbsp;V; monof\u00e1sico; 50\u201360&nbsp;Hz<\/td>\n<\/tr>\n<tr>\n<td>*90-4061-02<\/td>\n<td>Calor\u00edmetro Parr 6100<\/td>\n<td>220&nbsp;V; monof\u00e1sico; 50\u201360&nbsp;Hz<\/td>\n<\/tr>\n<\/tbody>\n<\/table>\n<p><strong>Sistemas expandidos Parr 6100<\/strong><\/p>\n<table>\n<tbody>\n<tr>\n<th>N\u00ba cat.<\/th>\n<th>Descri\u00e7\u00e3o<\/th>\n<th>Tens\u00e3o\/fase\/Hz<\/th>\n<\/tr>\n<tr>\n<td>*90-4061-03<\/td>\n<td>Calor\u00edmetro Parr modelo 6100E<\/td>\n<td>115&nbsp;V; monof\u00e1sico; 50\u201360&nbsp;Hz<\/td>\n<\/tr>\n<tr>\n<td>*90-4061-04<\/td>\n<td>Calor\u00edmetro Parr modelo 6100E<\/td>\n<td>230&nbsp;V; monof\u00e1sico; 50\u201360&nbsp;Hz<\/td>\n<\/tr>\n<\/tbody>\n<\/table>\n<p class=\"footnote\">*Pode n\u00e3o estar dispon\u00edvel para venda em todos os pa\u00edses. Solicite or\u00e7amento antes de encomendar.<\/p>\n<table class=\"shaded\">\n<tbody>\n<tr>\n<th class=\"subhead\" colspan=\"3\">Compara\u00e7\u00e3o do modelo de calor\u00edmetro por recurso<\/th>\n<\/tr>\n<tr>\n<th>6400<\/th>\n<th>6200<\/th>\n<th>6100<\/th>\n<\/tr>\n<tr class=\"grey\">\n<td colspan=\"3\">Testes por hora<\/td>\n<\/tr>\n<tr>\n<td>6\u20138 conforme equipado<\/td>\n<td>4\u20138 conforme equipado<\/td>\n<td>4\u20138 conforme equipado<\/td>\n<\/tr>\n<tr class=\"grey\">\n<td colspan=\"3\">Tempo do operador por teste<\/td>\n<\/tr>\n<tr>\n<td>1 minuto<\/td>\n<td>6 minutos<\/td>\n<td>6 minutos<\/td>\n<\/tr>\n<tr class=\"grey\">\n<td colspan=\"3\">Repetibilidade<\/td>\n<\/tr>\n<tr>\n<td>0,10%<\/td>\n<td>0,10%<\/td>\n<td>0,20%<\/td>\n<\/tr>\n<tr class=\"grey\">\n<td colspan=\"3\">Tipo de calor\u00edmetro<\/td>\n<\/tr>\n<tr>\n<td>Isoperibol<\/td>\n<td>Isoperibol<\/td>\n<td>Compensado<\/td>\n<\/tr>\n<tr class=\"grey\">\n<td colspan=\"3\">Tipo de bomba<\/td>\n<\/tr>\n<tr>\n<td>Cilindro semifixo<\/td>\n<td>Bomba remov\u00edvel<\/td>\n<td>Bomba remov\u00edvel<\/td>\n<\/tr>\n<tr class=\"grey\">\n<td colspan=\"3\">Tipo de fechamento<\/td>\n<\/tr>\n<tr>\n<td>\u201cQuick-Lock\u201d<\/td>\n<td>Tampa de rosca<\/td>\n<td>Tampa de rosca<\/td>\n<\/tr>\n<tr class=\"grey\">\n<td colspan=\"3\">Tipo de cubeta<\/td>\n<\/tr>\n<tr>\n<td>Fixa<\/td>\n<td>Remov\u00edvel<\/td>\n<td>Remov\u00edvel<\/td>\n<\/tr>\n<tr class=\"grey\">\n<td colspan=\"3\">Enchimento da cubeta<\/td>\n<\/tr>\n<tr>\n<td>Autom\u00e1tico<\/td>\n<td>Manual<\/td>\n<td>Manual<\/td>\n<\/tr>\n<tr class=\"grey\">\n<td colspan=\"3\">Enchimento de oxig\u00eanio<\/td>\n<\/tr>\n<tr>\n<td>Autom\u00e1tico<\/td>\n<td>Semiautom\u00e1tico<\/td>\n<td>Semiautom\u00e1tico<\/td>\n<\/tr>\n<tr class=\"grey\">\n<td colspan=\"3\">Lavagem da bomba<\/td>\n<\/tr>\n<tr>\n<td>Autom\u00e1tica pressurizada<\/td>\n<td>Manual<\/td>\n<td>Manual<\/td>\n<\/tr>\n<tr class=\"grey\">\n<td colspan=\"3\">Tipo de opera\u00e7\u00e3o<\/td>\n<\/tr>\n<tr>\n<td>Monitor \u201ctouch screen\u201d<\/td>\n<td>Monitor \u201ctouch screen\u201d<\/td>\n<td>Monitor \u201ctouch screen\u201d<\/td>\n<\/tr>\n<tr class=\"grey\">\n<td colspan=\"3\">Mem\u00f3ria<\/td>\n<\/tr>\n<tr>\n<td>1000 testes<\/td>\n<td>1000 testes<\/td>\n<td>1000 testes<\/td>\n<\/tr>\n<tr class=\"grey\">\n<td colspan=\"3\">Conex\u00e3o com balan\u00e7a<\/td>\n<\/tr>\n<tr>\n<td>Ethernet ou USB<\/td>\n<td>Ethernet ou USB<\/td>\n<td>Ethernet ou USB<\/td>\n<\/tr>\n<tr class=\"grey\">\n<td colspan=\"3\">Resolu\u00e7\u00e3o de temperatura<\/td>\n<\/tr>\n<tr>\n<td>0,0001&nbsp;\u00b0C<\/td>\n<td>0,0001&nbsp;\u00b0C<\/td>\n<td>0,0001&nbsp;\u00b0C<\/td>\n<\/tr>\n<tr class=\"grey\">\n<td colspan=\"3\">Conex\u00e3o com computador<\/td>\n<\/tr>\n<tr>\n<td>Ethernet<\/td>\n<td>Ethernet<\/td>\n<td>Ethernet<\/td>\n<\/tr>\n<tr class=\"grey\">\n<td colspan=\"3\">Conex\u00e3o com impressora<\/td>\n<\/tr>\n<tr>\n<td>Ethernet ou USB<\/td>\n<td>Ethernet ou USB<\/td>\n<td>Ethernet ou USB<\/td>\n<\/tr>\n<\/tbody>\n<\/table>\n","protected":false},"excerpt":{"rendered":"<p>Calor\u00edmetro Parr 6400 O sistema de calor\u00edmetro isoperibol expandido autom\u00e1tico Parr 6400 incorpora um calor\u00edmetro altamente autom\u00e1tico projetado para liberar o usu\u00e1rio das opera\u00e7\u00f5es manuais necess\u00e1rias nos calor\u00edmetros tradicionais, minimizando o tempo do operador necess\u00e1rio por teste, j\u00e1 que um operador pode trabalhar com at\u00e9 quatro calor\u00edmetros 6400 simultaneamente. \u00c9 uma unidade aut\u00f4noma que requer [&hellip;]<\/p>\n","protected":false},"author":1,"featured_media":100873,"parent":100793,"menu_order":0,"comment_status":"closed","ping_status":"closed","template":"product.php","meta":{"_et_pb_use_builder":"","_et_pb_old_content":"","_et_gb_content_width":""},"acf":[],"_links":{"self":[{"href":"https:\/\/preiser.com\/pt-pt\/wp-json\/wp\/v2\/pages\/100800"}],"collection":[{"href":"https:\/\/preiser.com\/pt-pt\/wp-json\/wp\/v2\/pages"}],"about":[{"href":"https:\/\/preiser.com\/pt-pt\/wp-json\/wp\/v2\/types\/page"}],"author":[{"embeddable":true,"href":"https:\/\/preiser.com\/pt-pt\/wp-json\/wp\/v2\/users\/1"}],"replies":[{"embeddable":true,"href":"https:\/\/preiser.com\/pt-pt\/wp-json\/wp\/v2\/comments?post=100800"}],"version-history":[{"count":1,"href":"https:\/\/preiser.com\/pt-pt\/wp-json\/wp\/v2\/pages\/100800\/revisions"}],"predecessor-version":[{"id":100874,"href":"https:\/\/preiser.com\/pt-pt\/wp-json\/wp\/v2\/pages\/100800\/revisions\/100874"}],"up":[{"embeddable":true,"href":"https:\/\/preiser.com\/pt-pt\/wp-json\/wp\/v2\/pages\/100793"}],"wp:featuredmedia":[{"embeddable":true,"href":"https:\/\/preiser.com\/pt-pt\/wp-json\/wp\/v2\/media\/100873"}],"wp:attachment":[{"href":"https:\/\/preiser.com\/pt-pt\/wp-json\/wp\/v2\/media?parent=100800"}],"curies":[{"name":"wp","href":"https:\/\/api.w.org\/{rel}","templated":true}]}}