{"id":100804,"date":"2018-06-26T18:01:20","date_gmt":"2018-06-26T18:01:20","guid":{"rendered":"http:\/\/preiser.com\/?page_id=100804"},"modified":"2022-11-17T22:57:00","modified_gmt":"2022-11-17T22:57:00","slug":"ensaio-para-coque-em-tambor","status":"publish","type":"page","link":"https:\/\/preiser.com\/pt-pt\/produtos\/anlise\/ensaio-para-coque-em-tambor\/","title":{"rendered":"Ensaio para coque em tambor"},"content":{"rendered":"<p>O equipamento de ensaios para coque de tambor duplo Preiser modelo 500 foi projetado e fabricado em conformidade com o m\u00e9todo de teste da norma ASTM D-3402, Ensaio para coque em tambor, e com o m\u00e9todo de teste da norma ASTM E-279, M\u00e9todo de teste padr\u00e3o para determina\u00e7\u00e3o de resist\u00eancia \u00e0 abras\u00e3o de sinter e pellets de min\u00e9rio de ferro pelo ensaio de tambor. O tambor duplo permite corridas com 2 amostras iguais ou 2 amostras diferentes ao mesmo tempo.<\/p>\n<p>O tambor \u00e9 feito de chapa de a\u00e7o A-36 de \u00bc pol. (0,64 cm) de espessura com costuras soldadas. Tem DI de 36 pol. (91,44&nbsp;cm), 41,5 pol. (105,41&nbsp;cm) de comprimento e duas cantoneiras de a\u00e7o inoxid\u00e1vel no interior. As portas de acesso, uma de cada lado do tambor para acessar as c\u00e2maras separadas, deslizam em um trilho para evitar que o operador precise levantar a porta para abrir o tambor. Essas portas de acesso s\u00e3o travadas usando cames de bloqueio r\u00e1pido.<\/p>\n<p>O tambor \u00e9 controlado com um controlador l\u00f3gico program\u00e1vel (CLP) e uma tela sens\u00edvel ao toque monocrom\u00e1tica de 3 pol. (7,62&nbsp;cm), al\u00e9m de bot\u00f5es de in\u00edcio, parada, avan\u00e7o e parada de emerg\u00eancia. O bloqueio\/sinaliza\u00e7\u00e3o (\u201clock-out\/tag-out\u201d) \u00e9 realizado por meio de uma chave e disjuntores individuais no motor.<\/p>\n<ul>\n<li>O tambor gira a 24&nbsp;\u00b1&nbsp;1 rota\u00e7\u00f5es por minuto com carga<\/li>\n<li>Duas corridas de teste por amostra, de acordo com a metodologia ASTM, que podem ser simult\u00e2neas<\/li>\n<li>O coque pode ter tamanho de 3 pol. x 2 pol. (7,62&nbsp;cm x 5,08&nbsp;cm) por procedimento padr\u00e3o, ou 50% de 2 \u00bd pol. x 2 pol. (6,35&nbsp;cm x 5,08&nbsp;cm) e 50% de 2 pol. x 1 \u00bd pol. (5,08&nbsp;cm x 3,81&nbsp;cm) como procedimento alternativo<\/li>\n<li>Dimens\u00f5es: 65 pol. (C) x 43 pol. (L) x 70 pol. (A) (165,10&nbsp;cm x 109,22&nbsp;cm x 177,80&nbsp;cm); peso para transporte: 1.500&nbsp;lb. (680,39&nbsp;kg)<\/li>\n<\/ul>\n<table>\n<tbody>\n<tr>\n<th>N\u00ba cat.<\/th>\n<th>Descri\u00e7\u00e3o<\/th>\n<th>Tens\u00e3o\/fase\/Hz<\/th>\n<\/tr>\n<tr>\n<td>94-8542-01<\/td>\n<td>Equipamento para ensaio para coque em tambor<\/td>\n<td>120&nbsp;V; monof\u00e1sico; 50\u201360&nbsp;Hz<\/td>\n<\/tr>\n<tr>\n<td>94-8542-02<\/td>\n<td>Equipamento para ensaio para coque em tambor<\/td>\n<td>220&nbsp;V; monof\u00e1sico; 50\u201360&nbsp;Hz<\/td>\n<\/tr>\n<\/tbody>\n<\/table>\n<p><strong>Pe\u00e7as adicionais<\/strong><\/p>\n<table>\n<tbody>\n<tr>\n<th>N\u00ba cat.<\/th>\n<th>Descri\u00e7\u00e3o<\/th>\n<\/tr>\n<tr>\n<td>94-8542-10<\/td>\n<td>Carrinho de amostras<\/td>\n<\/tr>\n<tr>\n<td>94-8542-11<\/td>\n<td>Bandeja de amostras de a\u00e7o inoxid\u00e1vel<\/td>\n<\/tr>\n<tr>\n<td>94-8542-12<\/td>\n<td>Bandeja de amostras de a\u00e7o leve<\/td>\n<\/tr>\n<\/tbody>\n<\/table>\n","protected":false},"excerpt":{"rendered":"<p>O equipamento de ensaios para coque de tambor duplo Preiser modelo 500 foi projetado e fabricado em conformidade com o m\u00e9todo de teste da norma ASTM D-3402, Ensaio para coque em tambor, e com o m\u00e9todo de teste da norma ASTM E-279, M\u00e9todo de teste padr\u00e3o para determina\u00e7\u00e3o de resist\u00eancia \u00e0 abras\u00e3o de sinter e [&hellip;]<\/p>\n","protected":false},"author":1,"featured_media":100875,"parent":100793,"menu_order":0,"comment_status":"closed","ping_status":"closed","template":"product.php","meta":{"_et_pb_use_builder":"","_et_pb_old_content":"","_et_gb_content_width":""},"acf":[],"_links":{"self":[{"href":"https:\/\/preiser.com\/pt-pt\/wp-json\/wp\/v2\/pages\/100804"}],"collection":[{"href":"https:\/\/preiser.com\/pt-pt\/wp-json\/wp\/v2\/pages"}],"about":[{"href":"https:\/\/preiser.com\/pt-pt\/wp-json\/wp\/v2\/types\/page"}],"author":[{"embeddable":true,"href":"https:\/\/preiser.com\/pt-pt\/wp-json\/wp\/v2\/users\/1"}],"replies":[{"embeddable":true,"href":"https:\/\/preiser.com\/pt-pt\/wp-json\/wp\/v2\/comments?post=100804"}],"version-history":[{"count":1,"href":"https:\/\/preiser.com\/pt-pt\/wp-json\/wp\/v2\/pages\/100804\/revisions"}],"predecessor-version":[{"id":100876,"href":"https:\/\/preiser.com\/pt-pt\/wp-json\/wp\/v2\/pages\/100804\/revisions\/100876"}],"up":[{"embeddable":true,"href":"https:\/\/preiser.com\/pt-pt\/wp-json\/wp\/v2\/pages\/100793"}],"wp:featuredmedia":[{"embeddable":true,"href":"https:\/\/preiser.com\/pt-pt\/wp-json\/wp\/v2\/media\/100875"}],"wp:attachment":[{"href":"https:\/\/preiser.com\/pt-pt\/wp-json\/wp\/v2\/media?parent=100804"}],"curies":[{"name":"wp","href":"https:\/\/api.w.org\/{rel}","templated":true}]}}