{"id":100808,"date":"2018-06-26T18:04:23","date_gmt":"2018-06-26T18:04:23","guid":{"rendered":"http:\/\/preiser.com\/?page_id=100808"},"modified":"2022-11-17T22:57:02","modified_gmt":"2022-11-17T22:57:02","slug":"sistemas-de-reatividade-para-coque","status":"publish","type":"page","link":"https:\/\/preiser.com\/pt-pt\/produtos\/anlise\/sistemas-de-reatividade-para-coque\/","title":{"rendered":"Sistemas de reatividade para coque"},"content":{"rendered":"<p>O sistema de teste aplicado para reatividade de coque Z94-8544-01, de design avan\u00e7ado, em conjunto com o procedimento de teste para resist\u00eancia do coque Z94-8544-05, oferece um sistema de precis\u00e3o e alta qualidade para determinar o \u00edndice de reatividade do coque (CRI) e a resist\u00eancia do coque ap\u00f3s rea\u00e7\u00e3o (CSR) de acordo com a norma ASTM D5341. A norma ASTM foi desenvolvida para simular os processos de enfraquecimento \u2013 rea\u00e7\u00e3o qu\u00edmica com g\u00e1s carb\u00f4nico e abras\u00e3o f\u00edsica \u2013 encontrados por aglomerados de carv\u00e3o \u00e0 medida que descem por um alto-forno. De acordo com o m\u00e9todo ASTM, o sistema produz a rea\u00e7\u00e3o de coque\/di\u00f3xido de carbono em um vaso de rea\u00e7\u00e3o com atmosfera controlada dentro de um forno a alta temperatura.<\/p>\n<p>A amostra de coque, preparada e pesada de acordo com o procedimento ASTM, \u00e9 carregada no vaso de teste. O sistema de eleva\u00e7\u00e3o motorizado suspenso, com cabos de eleva\u00e7\u00e3o conectados \u00e0 parte superior dos recipientes, transfere o vaso de rea\u00e7\u00e3o para o forno. As linhas de g\u00e1s NO2 e CO2 do vaso de rea\u00e7\u00e3o t\u00eam desconex\u00e3o r\u00e1pida para facilitar a conex\u00e3o e desconex\u00e3o. O cabo do termopar tipo S \u00e9 suspenso para evitar manuseio incorreto e quebra pelo operador e pode ser calibrado a 1.000&nbsp;\u00b0C, 1.100&nbsp;\u00b0C e 1.200&nbsp;\u00b0C. O coque resfriado ap\u00f3s a rea\u00e7\u00e3o \u00e9 ent\u00e3o transferido para o tambor teste de resist\u00eancia ap\u00f3s rea\u00e7\u00e3o, onde \u00e9 submetido a um n\u00famero espec\u00edfico de rota\u00e7\u00f5es.<\/p>\n<p><strong>Forno e resfriador<\/strong><\/p>\n<ul>\n<li>Unidades de console integradas com gaiola protetora contra calor para forno e vaso; Dimens\u00f5es: 60 pol. (L) x 36 pol. (P) x 122 pol. (A) (152,40&nbsp;cm x 91,44&nbsp;cm x 309,88&nbsp;cm); peso: 2.000 lb. (907,18&nbsp;kg)<\/li>\n<li>Sistema de eleva\u00e7\u00e3o motorizado; especifique a tens\u00e3o<\/li>\n<li>Canal com corredi\u00e7as para o vaso de rea\u00e7\u00e3o, para facilitar a opera\u00e7\u00e3o<\/li>\n<li>Guia para o vaso dentro do forno<\/li>\n<li>Dimens\u00f5es do vaso de rea\u00e7\u00e3o: 6 pol. (DI) x 24 pol. (DE) x 32 pol. (C) (15,24&nbsp;cm x 60,96&nbsp;cm x 81,28&nbsp;cm)<\/li>\n<li>O comprimento do vaso aquecido \u00e9 de 18 pol. (45,72&nbsp;cm)<\/li>\n<li>Forno estilo tubo com controle de temperatura aprimorado<\/li>\n<li>Executa o teste CRI a 1.100&nbsp;\u00b0C<\/li>\n<li>Elementos de aquecimento: 6 elementos de carbeto de sil\u00edcio<\/li>\n<li>Pot\u00eancia: 15.000 watts; informar requisitos de tens\u00e3o<\/li>\n<li>C\u00e2mara de resfriamento: Ventiladores de resfriamento localizados dentro da gaiola para resfriamento r\u00e1pido<\/li>\n<li>Luz de seguran\u00e7a de sistema ligado\/desligado<\/li>\n<li>Especifique a tens\u00e3o no pedido<\/li>\n<\/ul>\n<p><strong>Sistema de controle<\/strong><\/p>\n<ul>\n<li>Dimens\u00f5es do gabinete: 24 pol. (L) x 19 pol. (P) x 70 pol. (A) (60,96&nbsp;cm x 48,26&nbsp;cm x 177,80&nbsp;cm); peso 620&nbsp;lb. (281,23&nbsp;kg)<\/li>\n<li>Controle de temperatura: Program\u00e1vel, com sa\u00eddas para controle de solenoide; comuta\u00e7\u00e3o autom\u00e1tica do termopar do forno para o vaso de rea\u00e7\u00e3o<\/li>\n<li>Controle de sobretemperatura: Controlador independente, rel\u00e9 de desligamento, reset manual<\/li>\n<li>Sistema de controle program\u00e1vel de ciclo duplo<\/li>\n<li>Fonte de alimenta\u00e7\u00e3o: SCR com \u00e2ngulo de pot\u00eancia, limita\u00e7\u00e3o de corrente, indicador de pot\u00eancia percentual, disjuntor e indicador de ativa\u00e7\u00e3o<\/li>\n<li>Controle de g\u00e1s: N2 e CO2: flux\u00f4metros digitais calibrados, reguladores de fluxo de massa; controladores de fluxo digital com certifica\u00e7\u00e3o A2LA, v\u00e1lvulas de controle de fluxo, v\u00e1lvula de agulha; medidores de press\u00e3o, conjunto de filtro, acess\u00f3rios de antepara de entrada e sa\u00edda, v\u00e1lvulas solenoides para sele\u00e7\u00e3o de g\u00e1s<\/li>\n<li>Bot\u00f5es de parada de seguran\u00e7a de emerg\u00eancia para o gabinete de controle e a opera\u00e7\u00e3o do mecanismo de eleva\u00e7\u00e3o<\/li>\n<li>Instale em \u00e1rea bem ventilada para evitar a corros\u00e3o dos componentes el\u00e9tricos pela poeira fina de carv\u00e3o<\/li>\n<\/ul>\n<p><strong>Vaso de rea\u00e7\u00e3o<\/strong><\/p>\n<ul>\n<li>Material: Parede \u00fanica de Inconel 600<\/li>\n<li>O design longo do vaso de rea\u00e7\u00e3o minimiza o ac\u00famulo de escamas do coque<\/li>\n<li>Dimens\u00f5es internas: 3 pol. x 8 pol. (7,62&nbsp;cm x 20,32&nbsp;cm) (\u00e1rea de amostra de coque)<\/li>\n<li>Componentes internos: Difusor de g\u00e1s, se\u00e7\u00e3o do pr\u00e9-aquecedor, bolas de pr\u00e9-aquecimento Al203, conjunto de prote\u00e7\u00e3o do termopar<\/li>\n<li>Componentes externos: Conjunto de tampa remov\u00edvel ajustada com parafuso, al\u00e7a de eleva\u00e7\u00e3o, veda\u00e7\u00e3o com tubo de sa\u00edda de g\u00e1s de 3\/8 pol. (0,95 cm), tubo-guia de termopar, tubo de entrada de g\u00e1s de 3\/8 pol. (0,95 cm)<\/li>\n<\/ul>\n<p><strong> Tambor ap\u00f3s rea\u00e7\u00e3o<\/strong><\/p>\n<p>Tambor totalmente motorizado com redutor de velocidade direta, temporizador e contador de rota\u00e7\u00f5es<\/p>\n<ul>\n<li>Tambor \u00fanico<\/li>\n<li>Executa o teste a 600 rota\u00e7\u00f5es em 30 minutos<\/li>\n<li>Desligamento autom\u00e1tico por temporizador<\/li>\n<li>Parada de emerg\u00eancia<\/li>\n<li>Dimens\u00f5es: 69 pol. (A) x 49 pol. (L) x 49 pol. (P) (175,26&nbsp;cm x 124,46&nbsp;cm x 124,46&nbsp;cm); peso 893&nbsp;lb. (405,06&nbsp;kg)<\/li>\n<\/ul>\n<table>\n<tbody>\n<tr>\n<th>N\u00ba cat.<\/th>\n<th>Descri\u00e7\u00e3o<\/th>\n<th>Tens\u00e3o\/fase\/Hz<\/th>\n<\/tr>\n<tr>\n<td>Z94-8543-53<\/td>\n<td>Sistema de teste de reatividade de coque CRI<\/td>\n<td>230&nbsp;V; trif\u00e1sico; 60&nbsp;Hz<\/td>\n<\/tr>\n<tr>\n<td>Z94-8543-87<\/td>\n<td>Sistema de teste de reatividade de coque CRI<\/td>\n<td>230&nbsp;V; trif\u00e1sico; 50&nbsp;Hz<\/td>\n<\/tr>\n<tr>\n<td>Z94-8543-88<\/td>\n<td>Sistema de teste de reatividade de coque CRI<\/td>\n<td>230&nbsp;V; monof\u00e1sico; 60&nbsp;Hz<\/td>\n<\/tr>\n<tr>\n<td>Z94-8543-89<\/td>\n<td>Sistema de teste de reatividade de coque CRI<\/td>\n<td>230&nbsp;V; monof\u00e1sico; 50&nbsp;Hz<\/td>\n<\/tr>\n<tr>\n<td>Z94-8543-90<\/td>\n<td>Sistema de teste de reatividade de coque CRI<\/td>\n<td>480&nbsp;V; monof\u00e1sico; 60&nbsp;Hz<\/td>\n<\/tr>\n<tr>\n<td>Z94-8543-91<\/td>\n<td>Sistema de teste de reatividade de coque CRI<\/td>\n<td>480&nbsp;V; trif\u00e1sico; 50&nbsp;Hz<\/td>\n<\/tr>\n<\/tbody>\n<\/table>\n<table>\n<tbody>\n<tr>\n<th>N\u00ba cat.<\/th>\n<th>Descri\u00e7\u00e3o<\/th>\n<th>Tens\u00e3o\/fase\/Hz<\/th>\n<\/tr>\n<tr>\n<td>Z94-8543-03<\/td>\n<td>Sistema de teste em tambor de coque ap\u00f3s rea\u00e7\u00e3o CSR<\/td>\n<td>480&nbsp;V; monof\u00e1sico; 60&nbsp;Hz<\/td>\n<\/tr>\n<tr>\n<td>Z94-8543-92<\/td>\n<td>Sistema de teste em tambor de coque ap\u00f3s rea\u00e7\u00e3o CSR<\/td>\n<td>480&nbsp;V; monof\u00e1sico; 50&nbsp;Hz<\/td>\n<\/tr>\n<tr>\n<td>Z94-8543-93<\/td>\n<td>Sistema de teste em tambor de coque ap\u00f3s rea\u00e7\u00e3o CSR<\/td>\n<td>480&nbsp;V; trif\u00e1sico; 60&nbsp;Hz<\/td>\n<\/tr>\n<tr>\n<td>Z94-8543-94<\/td>\n<td>Sistema de teste em tambor de coque ap\u00f3s rea\u00e7\u00e3o CSR<\/td>\n<td>480&nbsp;V; trif\u00e1sico; 50&nbsp;Hz<\/td>\n<\/tr>\n<tr>\n<td>Z94-8543-95<\/td>\n<td>Sistema de teste em tambor de coque ap\u00f3s rea\u00e7\u00e3o CSR<\/td>\n<td>230&nbsp;V; monof\u00e1sico; 60&nbsp;Hz<\/td>\n<\/tr>\n<tr>\n<td>Z94-8543-96<\/td>\n<td>Sistema de teste em tambor de coque ap\u00f3s rea\u00e7\u00e3o CSR<\/td>\n<td>230&nbsp;V; monof\u00e1sico; 50&nbsp;Hz<\/td>\n<\/tr>\n<tr>\n<td>Z94-8543-97<\/td>\n<td>Sistema de teste em tambor de coque ap\u00f3s rea\u00e7\u00e3o CSR<\/td>\n<td>115&nbsp;V; monof\u00e1sico; 60&nbsp;Hz<\/td>\n<\/tr>\n<tr>\n<td>Z94-8543-98<\/td>\n<td>Sistema de teste em tambor de coque ap\u00f3s rea\u00e7\u00e3o CSR<\/td>\n<td>115&nbsp;V; monof\u00e1sico; 50&nbsp;Hz<\/td>\n<\/tr>\n<\/tbody>\n<\/table>\n","protected":false},"excerpt":{"rendered":"<p>O sistema de teste aplicado para reatividade de coque Z94-8544-01, de design avan\u00e7ado, em conjunto com o procedimento de teste para resist\u00eancia do coque Z94-8544-05, oferece um sistema de precis\u00e3o e alta qualidade para determinar o \u00edndice de reatividade do coque (CRI) e a resist\u00eancia do coque ap\u00f3s rea\u00e7\u00e3o (CSR) de acordo com a norma [&hellip;]<\/p>\n","protected":false},"author":1,"featured_media":100877,"parent":100793,"menu_order":0,"comment_status":"closed","ping_status":"closed","template":"product.php","meta":{"_et_pb_use_builder":"","_et_pb_old_content":"","_et_gb_content_width":""},"acf":[],"_links":{"self":[{"href":"https:\/\/preiser.com\/pt-pt\/wp-json\/wp\/v2\/pages\/100808"}],"collection":[{"href":"https:\/\/preiser.com\/pt-pt\/wp-json\/wp\/v2\/pages"}],"about":[{"href":"https:\/\/preiser.com\/pt-pt\/wp-json\/wp\/v2\/types\/page"}],"author":[{"embeddable":true,"href":"https:\/\/preiser.com\/pt-pt\/wp-json\/wp\/v2\/users\/1"}],"replies":[{"embeddable":true,"href":"https:\/\/preiser.com\/pt-pt\/wp-json\/wp\/v2\/comments?post=100808"}],"version-history":[{"count":1,"href":"https:\/\/preiser.com\/pt-pt\/wp-json\/wp\/v2\/pages\/100808\/revisions"}],"predecessor-version":[{"id":100878,"href":"https:\/\/preiser.com\/pt-pt\/wp-json\/wp\/v2\/pages\/100808\/revisions\/100878"}],"up":[{"embeddable":true,"href":"https:\/\/preiser.com\/pt-pt\/wp-json\/wp\/v2\/pages\/100793"}],"wp:featuredmedia":[{"embeddable":true,"href":"https:\/\/preiser.com\/pt-pt\/wp-json\/wp\/v2\/media\/100877"}],"wp:attachment":[{"href":"https:\/\/preiser.com\/pt-pt\/wp-json\/wp\/v2\/media?parent=100808"}],"curies":[{"name":"wp","href":"https:\/\/api.w.org\/{rel}","templated":true}]}}